{"id":2116,"date":"2026-02-16T08:54:16","date_gmt":"2026-02-16T08:54:16","guid":{"rendered":"https:\/\/test.fitnessworldgym27.com\/?post_type=product&#038;p=2116"},"modified":"2026-03-30T19:27:10","modified_gmt":"2026-03-30T19:27:10","slug":"lovina-huile-d-avocat","status":"publish","type":"product","link":"https:\/\/cosmeticstoredz.com\/ar\/product\/lovina-huile-d-avocat\/","title":{"rendered":"LOVINA HUILE D AVOCAT"},"content":{"rendered":"<div class=\"kb0PBd cvP2Ce jGGQ5e ieodic ToJJHb\" data-snf=\"x5WNvb\" data-snhf=\"0\">\n<div class=\"P8ujBc v5yQqb jqWpsc\">\n<div class=\"y0NFKc\">\n<div class=\"oewGkc LeUQr Va3FIb EE3Upf\" role=\"heading\">\n<div class=\"v7jaNc ynAwRc MBeuO q8U8x oewGkc LeUQr htnRc\" role=\"link\">LOVINA Huile\u00a0 D AVOCAT<\/div>\n<\/div>\n<\/div>\n<div class=\"ZD9zO\">\n<div>\n<div>\n<div data-id=\"zephyr-w-https:\/\/healthy-cos.com\/product\/lovina-huile-de-ricin-60ml\/64069\">\n<div>\n<div role=\"button\" data-viewer-entrypoint=\"1\" data-ved=\"2ahUKEwiS4d2D0oWEAxUUUaQEHUAeAFUQu5wMegQIFRAH\">\n<div>\n<div class=\"iTPLzd cB4NFc Aajd3 lUn2nc\" aria-label=\"\u00c0 propos de ce r\u00e9sultat\"><\/div>\n<\/div>\n<\/div>\n<\/div>\n<\/div>\n<\/div>\n<\/div>\n<\/div>\n<\/div>\n<\/div>\n<div class=\"kb0PBd cvP2Ce ieodic\" data-sncf=\"1\" data-snf=\"nke7rc\">\n<div class=\"VwiC3b r025kc hJNv6b Hdw6tb\">Huile v\u00e9g\u00e9tale non toxique, poss\u00e8de de nombreuses vertus bienfaisantes pour la peau, les cheveux, les cils et les ongles<\/div>\n<\/div>","protected":false},"excerpt":{"rendered":"<p>Huile v\u00e9g\u00e9tale non toxique, poss\u00e8de de nombreuses vertus bienfaisantes pour la peau, les cheveux, les cils et les ongles<\/p>","protected":false},"featured_media":2170,"comment_status":"open","ping_status":"closed","template":"","meta":[],"product_brand":[],"product_cat":[96,95,81],"product_tag":[90],"class_list":{"0":"post-2116","1":"product","2":"type-product","3":"status-publish","4":"has-post-thumbnail","6":"product_cat-huile","7":"product_cat-soin-cheveux-f","8":"product_cat-soin-corps-f","9":"product_tag-made-in-algeria","11":"first","12":"instock","13":"shipping-taxable","14":"purchasable","15":"product-type-simple"},"_links":{"self":[{"href":"https:\/\/cosmeticstoredz.com\/ar\/wp-json\/wp\/v2\/product\/2116","targetHints":{"allow":["GET"]}}],"collection":[{"href":"https:\/\/cosmeticstoredz.com\/ar\/wp-json\/wp\/v2\/product"}],"about":[{"href":"https:\/\/cosmeticstoredz.com\/ar\/wp-json\/wp\/v2\/types\/product"}],"replies":[{"embeddable":true,"href":"https:\/\/cosmeticstoredz.com\/ar\/wp-json\/wp\/v2\/comments?post=2116"}],"version-history":[{"count":1,"href":"https:\/\/cosmeticstoredz.com\/ar\/wp-json\/wp\/v2\/product\/2116\/revisions"}],"predecessor-version":[{"id":2171,"href":"https:\/\/cosmeticstoredz.com\/ar\/wp-json\/wp\/v2\/product\/2116\/revisions\/2171"}],"wp:featuredmedia":[{"embeddable":true,"href":"https:\/\/cosmeticstoredz.com\/ar\/wp-json\/wp\/v2\/media\/2170"}],"wp:attachment":[{"href":"https:\/\/cosmeticstoredz.com\/ar\/wp-json\/wp\/v2\/media?parent=2116"}],"wp:term":[{"taxonomy":"product_brand","embeddable":true,"href":"https:\/\/cosmeticstoredz.com\/ar\/wp-json\/wp\/v2\/product_brand?post=2116"},{"taxonomy":"product_cat","embeddable":true,"href":"https:\/\/cosmeticstoredz.com\/ar\/wp-json\/wp\/v2\/product_cat?post=2116"},{"taxonomy":"product_tag","embeddable":true,"href":"https:\/\/cosmeticstoredz.com\/ar\/wp-json\/wp\/v2\/product_tag?post=2116"}],"curies":[{"name":"wp","href":"https:\/\/api.w.org\/{rel}","templated":true}]}}