{"id":2038,"date":"2026-02-16T08:53:33","date_gmt":"2026-02-16T08:53:33","guid":{"rendered":"https:\/\/test.fitnessworldgym27.com\/?post_type=product&#038;p=2038"},"modified":"2026-04-18T19:23:12","modified_gmt":"2026-04-18T19:23:12","slug":"loreal-revitalift-laser-x3-jour","status":"publish","type":"product","link":"https:\/\/cosmeticstoredz.com\/ar\/product\/loreal-revitalift-laser-x3-jour\/","title":{"rendered":"LOREAL REVITALIFT LASER X3 JOUR"},"content":{"rendered":"<div class=\"product-content__title\">\n<p class=\"c-text c-text--size-m c-text--style-p c-text--bold\" data-v-66cc25a1=\"\"><strong>Description<\/strong><\/p>\n<\/div>\n<p class=\"c-text c-text--size-m c-text--style-p\" data-v-66cc25a1=\"\"><strong>La Cr\u00e8me de Jour Revitalift Laser X3<\/strong> revient avec une formule renforc\u00e9e associant 3 actifs anti-\u00e2ge de r\u00e9f\u00e9rence. Le Pro-r\u00e9tinol aide \u00e0 lisser les rides et \u00e0 renouveler la texture de la peau. L\u2019Acide Hyaluronique hydrate intens\u00e9ment et repulpe la peau. La Vitamine C<sup>1<\/sup>\u00a0aide \u00e0 booster l\u2019\u00e9clat de la peau et \u00e0 unifier visiblement le teint. Sa formule permet en un seul geste de corriger les rides, redensifier la peau et unifier le teint. Les r\u00e9sultats sont visibles : d\u00e8s 1 semaine, les rides et ridules sont visiblement r\u00e9duites (rides du lion -18,5%<sup>2<\/sup>, rides du dessous de l\u2019\u0153il -16,8%<sup>3<\/sup>, rides de la patte d\u2019oie -16,3%<sup>4<\/sup>).<\/p>\n<div class=\"product-content__title\"><\/div>","protected":false},"excerpt":{"rendered":"<p><strong>La Cr\u00e8me de Jour Revitalift Laser X3<\/strong> revient avec une formule renforc\u00e9e associant 3 actifs anti-\u00e2ge de r\u00e9f\u00e9rence. Le Pro-r\u00e9tinol aide \u00e0 lisser les rides et \u00e0 renouveler la texture de la peau. L\u2019Acide Hyaluronique hydrate intens\u00e9ment et repulpe la peau. La Vitamine C<sup>1<\/sup>\u00a0aide \u00e0 booster l\u2019\u00e9clat de la peau et \u00e0 unifier visiblement le teint. Sa formule permet en un seul geste de corriger les rides, redensifier la peau et unifier le teint. Les r\u00e9sultats sont visibles : d\u00e8s 1 semaine, les rides et ridules sont visiblement r\u00e9duites (rides du lion -18,5%<sup>2<\/sup>, rides du dessous de l\u2019\u0153il -16,8%<sup>3<\/sup>, rides de la patte d\u2019oie -16,3%<sup>4<\/sup>).<\/p>","protected":false},"featured_media":2126,"comment_status":"open","ping_status":"closed","template":"","meta":[],"product_brand":[409],"product_cat":[171,75,76],"product_tag":[125],"class_list":{"0":"post-2038","1":"product","2":"type-product","3":"status-publish","4":"has-post-thumbnail","6":"product_brand-loreal","7":"product_cat-creme-anti-age","8":"product_cat-femme","9":"product_cat-soin-visage-f","10":"product_tag-made-in-france","12":"first","13":"outofstock","14":"shipping-taxable","15":"purchasable","16":"product-type-simple"},"yoast_head":"<!-- This site is optimized with the Yoast SEO plugin v27.3 - https:\/\/yoast.com\/product\/yoast-seo-wordpress\/ -->\n<title>LOREAL REVITALIFT LASER X3 JOUR - Cosmetic Store<\/title>\n<meta name=\"robots\" content=\"index, follow, max-snippet:-1, max-image-preview:large, max-video-preview:-1\" \/>\n<link rel=\"canonical\" href=\"https:\/\/cosmeticstoredz.com\/ar\/product\/loreal-revitalift-laser-x3-jour\/\" \/>\n<meta property=\"og:locale\" content=\"ar_AR\" \/>\n<meta property=\"og:type\" content=\"article\" \/>\n<meta property=\"og:title\" content=\"LOREAL REVITALIFT LASER X3 JOUR - Cosmetic Store\" \/>\n<meta property=\"og:description\" content=\"La Cr\u00e8me de Jour Revitalift Laser X3 revient avec une formule renforc\u00e9e associant 3 actifs anti-\u00e2ge de r\u00e9f\u00e9rence. Le Pro-r\u00e9tinol aide \u00e0 lisser les rides et \u00e0 renouveler la texture de la peau. L\u2019Acide Hyaluronique hydrate intens\u00e9ment et repulpe la peau. La Vitamine C1\u00a0aide \u00e0 booster l\u2019\u00e9clat de la peau et \u00e0 unifier visiblement le teint. Sa formule permet en un seul geste de corriger les rides, redensifier la peau et unifier le teint. Les r\u00e9sultats sont visibles : d\u00e8s 1 semaine, les rides et ridules sont visiblement r\u00e9duites (rides du lion -18,5%2, rides du dessous de l\u2019\u0153il -16,8%3, rides de la patte d\u2019oie -16,3%4).\" \/>\n<meta property=\"og:url\" content=\"https:\/\/cosmeticstoredz.com\/ar\/product\/loreal-revitalift-laser-x3-jour\/\" \/>\n<meta property=\"og:site_name\" content=\"Cosmetic Store\" \/>\n<meta property=\"article:publisher\" content=\"https:\/\/www.facebook.com\/profile.php?id=61564954260683\" \/>\n<meta property=\"article:modified_time\" content=\"2026-04-18T19:23:12+00:00\" \/>\n<meta property=\"og:image\" content=\"https:\/\/cosmeticstoredz.com\/wp-content\/uploads\/2026\/02\/CC-81.png\" \/>\n\t<meta property=\"og:image:width\" content=\"500\" \/>\n\t<meta property=\"og:image:height\" content=\"500\" \/>\n\t<meta property=\"og:image:type\" content=\"image\/png\" \/>\n<meta name=\"twitter:card\" content=\"summary_large_image\" \/>\n<meta name=\"twitter:label1\" content=\"\u0648\u0642\u062a \u0627\u0644\u0642\u0631\u0627\u0621\u0629 \u0627\u0644\u0645\u064f\u0642\u062f\u0651\u0631\" \/>\n\t<meta name=\"twitter:data1\" content=\"\u062f\u0642\u064a\u0642\u0629 \u0648\u0627\u062d\u062f\u0629\" \/>\n<script type=\"application\/ld+json\" class=\"yoast-schema-graph\">{\"@context\":\"https:\\\/\\\/schema.org\",\"@graph\":[{\"@type\":\"WebPage\",\"@id\":\"https:\\\/\\\/cosmeticstoredz.com\\\/produit\\\/loreal-revitalift-laser-x3-jour\\\/\",\"url\":\"https:\\\/\\\/cosmeticstoredz.com\\\/produit\\\/loreal-revitalift-laser-x3-jour\\\/\",\"name\":\"LOREAL REVITALIFT LASER X3 JOUR - Cosmetic Store\",\"isPartOf\":{\"@id\":\"https:\\\/\\\/cosmeticstoredz.com\\\/#website\"},\"primaryImageOfPage\":{\"@id\":\"https:\\\/\\\/cosmeticstoredz.com\\\/produit\\\/loreal-revitalift-laser-x3-jour\\\/#primaryimage\"},\"image\":{\"@id\":\"https:\\\/\\\/cosmeticstoredz.com\\\/produit\\\/loreal-revitalift-laser-x3-jour\\\/#primaryimage\"},\"thumbnailUrl\":\"https:\\\/\\\/cosmeticstoredz.com\\\/wp-content\\\/uploads\\\/2026\\\/02\\\/CC-81.png\",\"datePublished\":\"2026-02-16T08:53:33+00:00\",\"dateModified\":\"2026-04-18T19:23:12+00:00\",\"breadcrumb\":{\"@id\":\"https:\\\/\\\/cosmeticstoredz.com\\\/produit\\\/loreal-revitalift-laser-x3-jour\\\/#breadcrumb\"},\"inLanguage\":\"ar\",\"potentialAction\":[{\"@type\":\"ReadAction\",\"target\":[\"https:\\\/\\\/cosmeticstoredz.com\\\/produit\\\/loreal-revitalift-laser-x3-jour\\\/\"]}]},{\"@type\":\"ImageObject\",\"inLanguage\":\"ar\",\"@id\":\"https:\\\/\\\/cosmeticstoredz.com\\\/produit\\\/loreal-revitalift-laser-x3-jour\\\/#primaryimage\",\"url\":\"https:\\\/\\\/cosmeticstoredz.com\\\/wp-content\\\/uploads\\\/2026\\\/02\\\/CC-81.png\",\"contentUrl\":\"https:\\\/\\\/cosmeticstoredz.com\\\/wp-content\\\/uploads\\\/2026\\\/02\\\/CC-81.png\",\"width\":500,\"height\":500},{\"@type\":\"BreadcrumbList\",\"@id\":\"https:\\\/\\\/cosmeticstoredz.com\\\/produit\\\/loreal-revitalift-laser-x3-jour\\\/#breadcrumb\",\"itemListElement\":[{\"@type\":\"ListItem\",\"position\":1,\"name\":\"Accueil\",\"item\":\"https:\\\/\\\/cosmeticstoredz.com\\\/\"},{\"@type\":\"ListItem\",\"position\":2,\"name\":\"Boutique\",\"item\":\"https:\\\/\\\/cosmeticstoredz.com\\\/boutique\\\/\"},{\"@type\":\"ListItem\",\"position\":3,\"name\":\"LOREAL REVITALIFT LASER X3 JOUR\"}]},{\"@type\":\"WebSite\",\"@id\":\"https:\\\/\\\/cosmeticstoredz.com\\\/#website\",\"url\":\"https:\\\/\\\/cosmeticstoredz.com\\\/\",\"name\":\"Cosmetic Store\",\"description\":\"\",\"publisher\":{\"@id\":\"https:\\\/\\\/cosmeticstoredz.com\\\/#organization\"},\"potentialAction\":[{\"@type\":\"SearchAction\",\"target\":{\"@type\":\"EntryPoint\",\"urlTemplate\":\"https:\\\/\\\/cosmeticstoredz.com\\\/?s={search_term_string}\"},\"query-input\":{\"@type\":\"PropertyValueSpecification\",\"valueRequired\":true,\"valueName\":\"search_term_string\"}}],\"inLanguage\":\"ar\"},{\"@type\":\"Organization\",\"@id\":\"https:\\\/\\\/cosmeticstoredz.com\\\/#organization\",\"name\":\"Cosmetic Store\",\"url\":\"https:\\\/\\\/cosmeticstoredz.com\\\/\",\"logo\":{\"@type\":\"ImageObject\",\"inLanguage\":\"ar\",\"@id\":\"https:\\\/\\\/cosmeticstoredz.com\\\/#\\\/schema\\\/logo\\\/image\\\/\",\"url\":\"https:\\\/\\\/cosmeticstoredz.com\\\/wp-content\\\/uploads\\\/2026\\\/02\\\/cropped-LOGO_CS-512x512-1-1-e1771275285345.webp\",\"contentUrl\":\"https:\\\/\\\/cosmeticstoredz.com\\\/wp-content\\\/uploads\\\/2026\\\/02\\\/cropped-LOGO_CS-512x512-1-1-e1771275285345.webp\",\"width\":265,\"height\":319,\"caption\":\"Cosmetic Store\"},\"image\":{\"@id\":\"https:\\\/\\\/cosmeticstoredz.com\\\/#\\\/schema\\\/logo\\\/image\\\/\"},\"sameAs\":[\"https:\\\/\\\/www.facebook.com\\\/profile.php?id=61564954260683\",\"https:\\\/\\\/www.instagram.com\\\/cosmetic.storedz\\\/\"]}]}<\/script>\n<!-- \/ Yoast SEO plugin. -->","yoast_head_json":{"title":"LOREAL REVITALIFT LASER X3 JOUR - Cosmetic Store","robots":{"index":"index","follow":"follow","max-snippet":"max-snippet:-1","max-image-preview":"max-image-preview:large","max-video-preview":"max-video-preview:-1"},"canonical":"https:\/\/cosmeticstoredz.com\/ar\/product\/loreal-revitalift-laser-x3-jour\/","og_locale":"ar_AR","og_type":"article","og_title":"LOREAL REVITALIFT LASER X3 JOUR - Cosmetic Store","og_description":"La Cr\u00e8me de Jour Revitalift Laser X3 revient avec une formule renforc\u00e9e associant 3 actifs anti-\u00e2ge de r\u00e9f\u00e9rence. Le Pro-r\u00e9tinol aide \u00e0 lisser les rides et \u00e0 renouveler la texture de la peau. L\u2019Acide Hyaluronique hydrate intens\u00e9ment et repulpe la peau. La Vitamine C1\u00a0aide \u00e0 booster l\u2019\u00e9clat de la peau et \u00e0 unifier visiblement le teint. Sa formule permet en un seul geste de corriger les rides, redensifier la peau et unifier le teint. Les r\u00e9sultats sont visibles : d\u00e8s 1 semaine, les rides et ridules sont visiblement r\u00e9duites (rides du lion -18,5%2, rides du dessous de l\u2019\u0153il -16,8%3, rides de la patte d\u2019oie -16,3%4).","og_url":"https:\/\/cosmeticstoredz.com\/ar\/product\/loreal-revitalift-laser-x3-jour\/","og_site_name":"Cosmetic Store","article_publisher":"https:\/\/www.facebook.com\/profile.php?id=61564954260683","article_modified_time":"2026-04-18T19:23:12+00:00","og_image":[{"width":500,"height":500,"url":"https:\/\/cosmeticstoredz.com\/wp-content\/uploads\/2026\/02\/CC-81.png","type":"image\/png"}],"twitter_card":"summary_large_image","twitter_misc":{"\u0648\u0642\u062a \u0627\u0644\u0642\u0631\u0627\u0621\u0629 \u0627\u0644\u0645\u064f\u0642\u062f\u0651\u0631":"\u062f\u0642\u064a\u0642\u0629 \u0648\u0627\u062d\u062f\u0629"},"schema":{"@context":"https:\/\/schema.org","@graph":[{"@type":"WebPage","@id":"https:\/\/cosmeticstoredz.com\/produit\/loreal-revitalift-laser-x3-jour\/","url":"https:\/\/cosmeticstoredz.com\/produit\/loreal-revitalift-laser-x3-jour\/","name":"LOREAL REVITALIFT LASER X3 JOUR - Cosmetic Store","isPartOf":{"@id":"https:\/\/cosmeticstoredz.com\/#website"},"primaryImageOfPage":{"@id":"https:\/\/cosmeticstoredz.com\/produit\/loreal-revitalift-laser-x3-jour\/#primaryimage"},"image":{"@id":"https:\/\/cosmeticstoredz.com\/produit\/loreal-revitalift-laser-x3-jour\/#primaryimage"},"thumbnailUrl":"https:\/\/cosmeticstoredz.com\/wp-content\/uploads\/2026\/02\/CC-81.png","datePublished":"2026-02-16T08:53:33+00:00","dateModified":"2026-04-18T19:23:12+00:00","breadcrumb":{"@id":"https:\/\/cosmeticstoredz.com\/produit\/loreal-revitalift-laser-x3-jour\/#breadcrumb"},"inLanguage":"ar","potentialAction":[{"@type":"ReadAction","target":["https:\/\/cosmeticstoredz.com\/produit\/loreal-revitalift-laser-x3-jour\/"]}]},{"@type":"ImageObject","inLanguage":"ar","@id":"https:\/\/cosmeticstoredz.com\/produit\/loreal-revitalift-laser-x3-jour\/#primaryimage","url":"https:\/\/cosmeticstoredz.com\/wp-content\/uploads\/2026\/02\/CC-81.png","contentUrl":"https:\/\/cosmeticstoredz.com\/wp-content\/uploads\/2026\/02\/CC-81.png","width":500,"height":500},{"@type":"BreadcrumbList","@id":"https:\/\/cosmeticstoredz.com\/produit\/loreal-revitalift-laser-x3-jour\/#breadcrumb","itemListElement":[{"@type":"ListItem","position":1,"name":"Accueil","item":"https:\/\/cosmeticstoredz.com\/"},{"@type":"ListItem","position":2,"name":"Boutique","item":"https:\/\/cosmeticstoredz.com\/boutique\/"},{"@type":"ListItem","position":3,"name":"LOREAL REVITALIFT LASER X3 JOUR"}]},{"@type":"WebSite","@id":"https:\/\/cosmeticstoredz.com\/#website","url":"https:\/\/cosmeticstoredz.com\/","name":"Cosmetic Store","description":"","publisher":{"@id":"https:\/\/cosmeticstoredz.com\/#organization"},"potentialAction":[{"@type":"SearchAction","target":{"@type":"EntryPoint","urlTemplate":"https:\/\/cosmeticstoredz.com\/?s={search_term_string}"},"query-input":{"@type":"PropertyValueSpecification","valueRequired":true,"valueName":"search_term_string"}}],"inLanguage":"ar"},{"@type":"Organization","@id":"https:\/\/cosmeticstoredz.com\/#organization","name":"Cosmetic Store","url":"https:\/\/cosmeticstoredz.com\/","logo":{"@type":"ImageObject","inLanguage":"ar","@id":"https:\/\/cosmeticstoredz.com\/#\/schema\/logo\/image\/","url":"https:\/\/cosmeticstoredz.com\/wp-content\/uploads\/2026\/02\/cropped-LOGO_CS-512x512-1-1-e1771275285345.webp","contentUrl":"https:\/\/cosmeticstoredz.com\/wp-content\/uploads\/2026\/02\/cropped-LOGO_CS-512x512-1-1-e1771275285345.webp","width":265,"height":319,"caption":"Cosmetic Store"},"image":{"@id":"https:\/\/cosmeticstoredz.com\/#\/schema\/logo\/image\/"},"sameAs":["https:\/\/www.facebook.com\/profile.php?id=61564954260683","https:\/\/www.instagram.com\/cosmetic.storedz\/"]}]}},"_links":{"self":[{"href":"https:\/\/cosmeticstoredz.com\/ar\/wp-json\/wp\/v2\/product\/2038","targetHints":{"allow":["GET"]}}],"collection":[{"href":"https:\/\/cosmeticstoredz.com\/ar\/wp-json\/wp\/v2\/product"}],"about":[{"href":"https:\/\/cosmeticstoredz.com\/ar\/wp-json\/wp\/v2\/types\/product"}],"replies":[{"embeddable":true,"href":"https:\/\/cosmeticstoredz.com\/ar\/wp-json\/wp\/v2\/comments?post=2038"}],"version-history":[{"count":1,"href":"https:\/\/cosmeticstoredz.com\/ar\/wp-json\/wp\/v2\/product\/2038\/revisions"}],"predecessor-version":[{"id":2127,"href":"https:\/\/cosmeticstoredz.com\/ar\/wp-json\/wp\/v2\/product\/2038\/revisions\/2127"}],"wp:featuredmedia":[{"embeddable":true,"href":"https:\/\/cosmeticstoredz.com\/ar\/wp-json\/wp\/v2\/media\/2126"}],"wp:attachment":[{"href":"https:\/\/cosmeticstoredz.com\/ar\/wp-json\/wp\/v2\/media?parent=2038"}],"wp:term":[{"taxonomy":"product_brand","embeddable":true,"href":"https:\/\/cosmeticstoredz.com\/ar\/wp-json\/wp\/v2\/product_brand?post=2038"},{"taxonomy":"product_cat","embeddable":true,"href":"https:\/\/cosmeticstoredz.com\/ar\/wp-json\/wp\/v2\/product_cat?post=2038"},{"taxonomy":"product_tag","embeddable":true,"href":"https:\/\/cosmeticstoredz.com\/ar\/wp-json\/wp\/v2\/product_tag?post=2038"}],"curies":[{"name":"wp","href":"https:\/\/api.w.org\/{rel}","templated":true}]}}