{"id":2036,"date":"2026-02-16T08:53:33","date_gmt":"2026-02-16T08:53:33","guid":{"rendered":"https:\/\/test.fitnessworldgym27.com\/?post_type=product&#038;p=2036"},"modified":"2026-04-18T19:20:12","modified_gmt":"2026-04-18T19:20:12","slug":"loreal-revitalift-serum","status":"publish","type":"product","link":"https:\/\/cosmeticstoredz.com\/ar\/product\/loreal-revitalift-serum\/","title":{"rendered":"LOREAL REVITALIFT  SERUM"},"content":{"rendered":"<p>Avec le temps, la peau devient moins ferme et moins \u00e9lastique.\u00a0Deux types de rides peuvent tapisser votre visage : les rides horizontales et les rides verticales.\u00a0Ils durcissent votre expression, vous donnant un air triste ou fatigu\u00e9.\u00a0Depuis 20 ans, les laboratoires L&rsquo;Or\u00e9al d\u00e9veloppent des formules \u00e0 l&rsquo;efficacit\u00e9 anti-rides et raffermissante au sein de la gamme Revitalift.\u00a0D\u00e9couvrez sa formule s\u00e9rum ultra-concentr\u00e9e en actifs anti-\u00e2ge pour une action imm\u00e9diate et intense.\u00a0La formule est enrichie en : Ad\u00e9nosine : Un puissant actif anti-rides pour lutter contre les signes de l&rsquo;\u00e2ge.\u00a0Fibrelastyl : Un complexe raffermissant qui aide \u00e0 renforcer pour une peau extra-ferme.\u00a0R\u00e9sultats visibles\u00a0: Imm\u00e9diatement, la peau est hydrat\u00e9e et para\u00eet plus lisse.\u00a0D\u00e8s 4 heures, la peau para\u00eet plus tonique (+38%) et plus ferme (+16%)*.\u00a0Jour apr\u00e8s jour, tous les types de rides semblent att\u00e9nu\u00e9s.<\/p>\n<ul>\n<li>Anti-rides<\/li>\n<li>Extra raffermissant<\/li>\n<li>Hydratant<\/li>\n<li>Lissage<\/li>\n<\/ul>\n<p><strong>Utilisation<\/strong> : Utiliser matin et soir, seul ou avant vos cr\u00e8mes de jour et de nuit Revitalift. &#8211; Appliquez quelques gouttes sur le bout des doigts et massez d\u00e9licatement sur le visage.<\/p>","protected":false},"excerpt":{"rendered":"<p><b>Description<\/b><strong> :<\/strong><\/p>\n<ul>\n<li>Un s\u00e9rum pour combattre et resserrer les rides verticales et horizontales de votre peau.<\/li>\n<li>Il \u00e9limine les rides qui rendent votre visage triste ou fatigu\u00e9.<\/li>\n<li>Sa formule concentr\u00e9e combat imm\u00e9diatement et intens\u00e9ment les signes de l&rsquo;\u00e2ge.<\/li>\n<li>Hydrate la peau et la rend plus lisse<\/li>\n<\/ul>","protected":false},"featured_media":2122,"comment_status":"open","ping_status":"closed","template":"","meta":[],"product_brand":[409],"product_cat":[75,77,76],"product_tag":[125],"class_list":{"0":"post-2036","1":"product","2":"type-product","3":"status-publish","4":"has-post-thumbnail","6":"product_brand-loreal","7":"product_cat-femme","8":"product_cat-serum-fv","9":"product_cat-soin-visage-f","10":"product_tag-made-in-france","12":"first","13":"outofstock","14":"shipping-taxable","15":"purchasable","16":"product-type-simple"},"yoast_head":"<!-- This site is optimized with the Yoast SEO plugin v27.3 - https:\/\/yoast.com\/product\/yoast-seo-wordpress\/ -->\n<title>LOREAL REVITALIFT SERUM - Cosmetic Store<\/title>\n<meta name=\"robots\" content=\"index, follow, max-snippet:-1, max-image-preview:large, max-video-preview:-1\" \/>\n<link rel=\"canonical\" href=\"https:\/\/cosmeticstoredz.com\/ar\/product\/loreal-revitalift-serum\/\" \/>\n<meta property=\"og:locale\" content=\"ar_AR\" \/>\n<meta property=\"og:type\" content=\"article\" \/>\n<meta property=\"og:title\" content=\"LOREAL REVITALIFT SERUM - Cosmetic Store\" \/>\n<meta property=\"og:description\" content=\"Description :   Un s\u00e9rum pour combattre et resserrer les rides verticales et horizontales de votre peau.  Il \u00e9limine les rides qui rendent votre visage triste ou fatigu\u00e9.  Sa formule concentr\u00e9e combat imm\u00e9diatement et intens\u00e9ment les signes de l&#039;\u00e2ge.  Hydrate la peau et la rend plus lisse\" \/>\n<meta property=\"og:url\" content=\"https:\/\/cosmeticstoredz.com\/ar\/product\/loreal-revitalift-serum\/\" \/>\n<meta property=\"og:site_name\" content=\"Cosmetic Store\" \/>\n<meta property=\"article:publisher\" content=\"https:\/\/www.facebook.com\/profile.php?id=61564954260683\" \/>\n<meta property=\"article:modified_time\" content=\"2026-04-18T19:20:12+00:00\" \/>\n<meta property=\"og:image\" content=\"https:\/\/cosmeticstoredz.com\/wp-content\/uploads\/2026\/02\/CC-76.png\" \/>\n\t<meta property=\"og:image:width\" content=\"500\" \/>\n\t<meta property=\"og:image:height\" content=\"500\" \/>\n\t<meta property=\"og:image:type\" content=\"image\/png\" \/>\n<meta name=\"twitter:card\" content=\"summary_large_image\" \/>\n<meta name=\"twitter:label1\" content=\"\u0648\u0642\u062a \u0627\u0644\u0642\u0631\u0627\u0621\u0629 \u0627\u0644\u0645\u064f\u0642\u062f\u0651\u0631\" \/>\n\t<meta name=\"twitter:data1\" content=\"\u062f\u0642\u064a\u0642\u0629 \u0648\u0627\u062d\u062f\u0629\" \/>\n<script type=\"application\/ld+json\" class=\"yoast-schema-graph\">{\"@context\":\"https:\\\/\\\/schema.org\",\"@graph\":[{\"@type\":\"WebPage\",\"@id\":\"https:\\\/\\\/cosmeticstoredz.com\\\/produit\\\/loreal-revitalift-serum\\\/\",\"url\":\"https:\\\/\\\/cosmeticstoredz.com\\\/produit\\\/loreal-revitalift-serum\\\/\",\"name\":\"LOREAL REVITALIFT SERUM - Cosmetic Store\",\"isPartOf\":{\"@id\":\"https:\\\/\\\/cosmeticstoredz.com\\\/#website\"},\"primaryImageOfPage\":{\"@id\":\"https:\\\/\\\/cosmeticstoredz.com\\\/produit\\\/loreal-revitalift-serum\\\/#primaryimage\"},\"image\":{\"@id\":\"https:\\\/\\\/cosmeticstoredz.com\\\/produit\\\/loreal-revitalift-serum\\\/#primaryimage\"},\"thumbnailUrl\":\"https:\\\/\\\/cosmeticstoredz.com\\\/wp-content\\\/uploads\\\/2026\\\/02\\\/CC-76.png\",\"datePublished\":\"2026-02-16T08:53:33+00:00\",\"dateModified\":\"2026-04-18T19:20:12+00:00\",\"breadcrumb\":{\"@id\":\"https:\\\/\\\/cosmeticstoredz.com\\\/produit\\\/loreal-revitalift-serum\\\/#breadcrumb\"},\"inLanguage\":\"ar\",\"potentialAction\":[{\"@type\":\"ReadAction\",\"target\":[\"https:\\\/\\\/cosmeticstoredz.com\\\/produit\\\/loreal-revitalift-serum\\\/\"]}]},{\"@type\":\"ImageObject\",\"inLanguage\":\"ar\",\"@id\":\"https:\\\/\\\/cosmeticstoredz.com\\\/produit\\\/loreal-revitalift-serum\\\/#primaryimage\",\"url\":\"https:\\\/\\\/cosmeticstoredz.com\\\/wp-content\\\/uploads\\\/2026\\\/02\\\/CC-76.png\",\"contentUrl\":\"https:\\\/\\\/cosmeticstoredz.com\\\/wp-content\\\/uploads\\\/2026\\\/02\\\/CC-76.png\",\"width\":500,\"height\":500},{\"@type\":\"BreadcrumbList\",\"@id\":\"https:\\\/\\\/cosmeticstoredz.com\\\/produit\\\/loreal-revitalift-serum\\\/#breadcrumb\",\"itemListElement\":[{\"@type\":\"ListItem\",\"position\":1,\"name\":\"Accueil\",\"item\":\"https:\\\/\\\/cosmeticstoredz.com\\\/\"},{\"@type\":\"ListItem\",\"position\":2,\"name\":\"Boutique\",\"item\":\"https:\\\/\\\/cosmeticstoredz.com\\\/boutique\\\/\"},{\"@type\":\"ListItem\",\"position\":3,\"name\":\"LOREAL REVITALIFT SERUM\"}]},{\"@type\":\"WebSite\",\"@id\":\"https:\\\/\\\/cosmeticstoredz.com\\\/#website\",\"url\":\"https:\\\/\\\/cosmeticstoredz.com\\\/\",\"name\":\"Cosmetic Store\",\"description\":\"\",\"publisher\":{\"@id\":\"https:\\\/\\\/cosmeticstoredz.com\\\/#organization\"},\"potentialAction\":[{\"@type\":\"SearchAction\",\"target\":{\"@type\":\"EntryPoint\",\"urlTemplate\":\"https:\\\/\\\/cosmeticstoredz.com\\\/?s={search_term_string}\"},\"query-input\":{\"@type\":\"PropertyValueSpecification\",\"valueRequired\":true,\"valueName\":\"search_term_string\"}}],\"inLanguage\":\"ar\"},{\"@type\":\"Organization\",\"@id\":\"https:\\\/\\\/cosmeticstoredz.com\\\/#organization\",\"name\":\"Cosmetic Store\",\"url\":\"https:\\\/\\\/cosmeticstoredz.com\\\/\",\"logo\":{\"@type\":\"ImageObject\",\"inLanguage\":\"ar\",\"@id\":\"https:\\\/\\\/cosmeticstoredz.com\\\/#\\\/schema\\\/logo\\\/image\\\/\",\"url\":\"https:\\\/\\\/cosmeticstoredz.com\\\/wp-content\\\/uploads\\\/2026\\\/02\\\/cropped-LOGO_CS-512x512-1-1-e1771275285345.webp\",\"contentUrl\":\"https:\\\/\\\/cosmeticstoredz.com\\\/wp-content\\\/uploads\\\/2026\\\/02\\\/cropped-LOGO_CS-512x512-1-1-e1771275285345.webp\",\"width\":265,\"height\":319,\"caption\":\"Cosmetic Store\"},\"image\":{\"@id\":\"https:\\\/\\\/cosmeticstoredz.com\\\/#\\\/schema\\\/logo\\\/image\\\/\"},\"sameAs\":[\"https:\\\/\\\/www.facebook.com\\\/profile.php?id=61564954260683\",\"https:\\\/\\\/www.instagram.com\\\/cosmetic.storedz\\\/\"]}]}<\/script>\n<!-- \/ Yoast SEO plugin. -->","yoast_head_json":{"title":"LOREAL REVITALIFT SERUM - Cosmetic Store","robots":{"index":"index","follow":"follow","max-snippet":"max-snippet:-1","max-image-preview":"max-image-preview:large","max-video-preview":"max-video-preview:-1"},"canonical":"https:\/\/cosmeticstoredz.com\/ar\/product\/loreal-revitalift-serum\/","og_locale":"ar_AR","og_type":"article","og_title":"LOREAL REVITALIFT SERUM - Cosmetic Store","og_description":"Description :   Un s\u00e9rum pour combattre et resserrer les rides verticales et horizontales de votre peau.  Il \u00e9limine les rides qui rendent votre visage triste ou fatigu\u00e9.  Sa formule concentr\u00e9e combat imm\u00e9diatement et intens\u00e9ment les signes de l'\u00e2ge.  Hydrate la peau et la rend plus lisse","og_url":"https:\/\/cosmeticstoredz.com\/ar\/product\/loreal-revitalift-serum\/","og_site_name":"Cosmetic Store","article_publisher":"https:\/\/www.facebook.com\/profile.php?id=61564954260683","article_modified_time":"2026-04-18T19:20:12+00:00","og_image":[{"width":500,"height":500,"url":"https:\/\/cosmeticstoredz.com\/wp-content\/uploads\/2026\/02\/CC-76.png","type":"image\/png"}],"twitter_card":"summary_large_image","twitter_misc":{"\u0648\u0642\u062a \u0627\u0644\u0642\u0631\u0627\u0621\u0629 \u0627\u0644\u0645\u064f\u0642\u062f\u0651\u0631":"\u062f\u0642\u064a\u0642\u0629 \u0648\u0627\u062d\u062f\u0629"},"schema":{"@context":"https:\/\/schema.org","@graph":[{"@type":"WebPage","@id":"https:\/\/cosmeticstoredz.com\/produit\/loreal-revitalift-serum\/","url":"https:\/\/cosmeticstoredz.com\/produit\/loreal-revitalift-serum\/","name":"LOREAL REVITALIFT SERUM - Cosmetic Store","isPartOf":{"@id":"https:\/\/cosmeticstoredz.com\/#website"},"primaryImageOfPage":{"@id":"https:\/\/cosmeticstoredz.com\/produit\/loreal-revitalift-serum\/#primaryimage"},"image":{"@id":"https:\/\/cosmeticstoredz.com\/produit\/loreal-revitalift-serum\/#primaryimage"},"thumbnailUrl":"https:\/\/cosmeticstoredz.com\/wp-content\/uploads\/2026\/02\/CC-76.png","datePublished":"2026-02-16T08:53:33+00:00","dateModified":"2026-04-18T19:20:12+00:00","breadcrumb":{"@id":"https:\/\/cosmeticstoredz.com\/produit\/loreal-revitalift-serum\/#breadcrumb"},"inLanguage":"ar","potentialAction":[{"@type":"ReadAction","target":["https:\/\/cosmeticstoredz.com\/produit\/loreal-revitalift-serum\/"]}]},{"@type":"ImageObject","inLanguage":"ar","@id":"https:\/\/cosmeticstoredz.com\/produit\/loreal-revitalift-serum\/#primaryimage","url":"https:\/\/cosmeticstoredz.com\/wp-content\/uploads\/2026\/02\/CC-76.png","contentUrl":"https:\/\/cosmeticstoredz.com\/wp-content\/uploads\/2026\/02\/CC-76.png","width":500,"height":500},{"@type":"BreadcrumbList","@id":"https:\/\/cosmeticstoredz.com\/produit\/loreal-revitalift-serum\/#breadcrumb","itemListElement":[{"@type":"ListItem","position":1,"name":"Accueil","item":"https:\/\/cosmeticstoredz.com\/"},{"@type":"ListItem","position":2,"name":"Boutique","item":"https:\/\/cosmeticstoredz.com\/boutique\/"},{"@type":"ListItem","position":3,"name":"LOREAL REVITALIFT SERUM"}]},{"@type":"WebSite","@id":"https:\/\/cosmeticstoredz.com\/#website","url":"https:\/\/cosmeticstoredz.com\/","name":"Cosmetic Store","description":"","publisher":{"@id":"https:\/\/cosmeticstoredz.com\/#organization"},"potentialAction":[{"@type":"SearchAction","target":{"@type":"EntryPoint","urlTemplate":"https:\/\/cosmeticstoredz.com\/?s={search_term_string}"},"query-input":{"@type":"PropertyValueSpecification","valueRequired":true,"valueName":"search_term_string"}}],"inLanguage":"ar"},{"@type":"Organization","@id":"https:\/\/cosmeticstoredz.com\/#organization","name":"Cosmetic Store","url":"https:\/\/cosmeticstoredz.com\/","logo":{"@type":"ImageObject","inLanguage":"ar","@id":"https:\/\/cosmeticstoredz.com\/#\/schema\/logo\/image\/","url":"https:\/\/cosmeticstoredz.com\/wp-content\/uploads\/2026\/02\/cropped-LOGO_CS-512x512-1-1-e1771275285345.webp","contentUrl":"https:\/\/cosmeticstoredz.com\/wp-content\/uploads\/2026\/02\/cropped-LOGO_CS-512x512-1-1-e1771275285345.webp","width":265,"height":319,"caption":"Cosmetic Store"},"image":{"@id":"https:\/\/cosmeticstoredz.com\/#\/schema\/logo\/image\/"},"sameAs":["https:\/\/www.facebook.com\/profile.php?id=61564954260683","https:\/\/www.instagram.com\/cosmetic.storedz\/"]}]}},"_links":{"self":[{"href":"https:\/\/cosmeticstoredz.com\/ar\/wp-json\/wp\/v2\/product\/2036","targetHints":{"allow":["GET"]}}],"collection":[{"href":"https:\/\/cosmeticstoredz.com\/ar\/wp-json\/wp\/v2\/product"}],"about":[{"href":"https:\/\/cosmeticstoredz.com\/ar\/wp-json\/wp\/v2\/types\/product"}],"replies":[{"embeddable":true,"href":"https:\/\/cosmeticstoredz.com\/ar\/wp-json\/wp\/v2\/comments?post=2036"}],"version-history":[{"count":1,"href":"https:\/\/cosmeticstoredz.com\/ar\/wp-json\/wp\/v2\/product\/2036\/revisions"}],"predecessor-version":[{"id":2123,"href":"https:\/\/cosmeticstoredz.com\/ar\/wp-json\/wp\/v2\/product\/2036\/revisions\/2123"}],"wp:featuredmedia":[{"embeddable":true,"href":"https:\/\/cosmeticstoredz.com\/ar\/wp-json\/wp\/v2\/media\/2122"}],"wp:attachment":[{"href":"https:\/\/cosmeticstoredz.com\/ar\/wp-json\/wp\/v2\/media?parent=2036"}],"wp:term":[{"taxonomy":"product_brand","embeddable":true,"href":"https:\/\/cosmeticstoredz.com\/ar\/wp-json\/wp\/v2\/product_brand?post=2036"},{"taxonomy":"product_cat","embeddable":true,"href":"https:\/\/cosmeticstoredz.com\/ar\/wp-json\/wp\/v2\/product_cat?post=2036"},{"taxonomy":"product_tag","embeddable":true,"href":"https:\/\/cosmeticstoredz.com\/ar\/wp-json\/wp\/v2\/product_tag?post=2036"}],"curies":[{"name":"wp","href":"https:\/\/api.w.org\/{rel}","templated":true}]}}