{"id":2030,"date":"2026-02-16T08:53:33","date_gmt":"2026-02-16T08:53:33","guid":{"rendered":"https:\/\/test.fitnessworldgym27.com\/?post_type=product&#038;p=2030"},"modified":"2026-02-16T21:33:37","modified_gmt":"2026-02-16T21:33:37","slug":"loreal-men-expert-gel-douche","status":"publish","type":"product","link":"https:\/\/cosmeticstoredz.com\/ar\/product\/loreal-men-expert-gel-douche\/","title":{"rendered":"LOREAL MEN EXPERT GEL DOUCHE"},"content":{"rendered":"<p class=\"a-size-base-plus a-text-bold\"><strong>L&rsquo;OREAL Men Expert Hydra Sensitive Gel Douche 0%<\/strong><\/p>\n<ul class=\"a-unordered-list a-vertical a-spacing-mini\">\n<li class=\"a-spacing-mini\"><span class=\"a-list-item\">Gel Douche Homme Hydra Sensitive. Test\u00e9 sous contr\u00f4le ophtalmologique et dermatologique<\/span><\/li>\n<li class=\"a-spacing-mini\"><span class=\"a-list-item\">Enrichie \u00e0 la S\u00e8ve de Bouleau, sa formule nettoie, apaise et hydrate instantan\u00e9ment la peau<\/span><\/li>\n<li class=\"a-spacing-mini\"><span class=\"a-list-item\">R\u00e9sultats: Facile ! Nettoie corps, visage et cheveux en un seul geste<\/span><\/li>\n<li class=\"a-spacing-mini\"><span class=\"a-list-item\">En cas de contact avec les yeux, rincez abondamment. Parfum frais et bois\u00e9<\/span><\/li>\n<li class=\"a-spacing-mini\"><span class=\"a-list-item\">Conditionnement: 300 ml. Dur\u00e9e d&rsquo;utilisation de 12 mois. Fabriqu\u00e9 en France<\/span><\/li>\n<\/ul>","protected":false},"excerpt":{"rendered":"<p><strong>L&rsquo;OREAL Men Expert Hydra Sensitive Gel Douche 0%<\/strong><\/p>\n<p>\u2022 Enrichie \u00e0 la S\u00e8ve de Bouleau, sa formule nettoie, apaise et hydrate instantan\u00e9ment la peau<br \/>\n\u2022 Facile ! Ce gel douche permet de nettoyer le corps, le visage et les cheveux en un seul geste<br \/>\n\u2022 Parfum frais et bois\u00e9<br \/>\n\u2022 Une formule respectueuse, sans paraben et sans colorant, sp\u00e9cialemet con\u00e7ue pour les hommes ayant une peau sensible<\/p>","protected":false},"featured_media":2097,"comment_status":"open","ping_status":"closed","template":"","meta":[],"product_brand":[409],"product_cat":[74,72,73],"product_tag":[125],"class_list":{"0":"post-2030","1":"product","2":"type-product","3":"status-publish","4":"has-post-thumbnail","6":"product_brand-loreal","7":"product_cat-gel-douche-h","8":"product_cat-homme","9":"product_cat-soin-corps-h","10":"product_tag-made-in-france","12":"first","13":"outofstock","14":"shipping-taxable","15":"purchasable","16":"product-type-simple"},"yoast_head":"<!-- This site is optimized with the Yoast SEO plugin v27.3 - https:\/\/yoast.com\/product\/yoast-seo-wordpress\/ -->\n<title>LOREAL MEN EXPERT GEL DOUCHE - Cosmetic Store<\/title>\n<meta name=\"robots\" content=\"index, follow, max-snippet:-1, max-image-preview:large, max-video-preview:-1\" \/>\n<link rel=\"canonical\" href=\"https:\/\/cosmeticstoredz.com\/ar\/product\/loreal-men-expert-gel-douche\/\" \/>\n<meta property=\"og:locale\" content=\"ar_AR\" \/>\n<meta property=\"og:type\" content=\"article\" \/>\n<meta property=\"og:title\" content=\"LOREAL MEN EXPERT GEL DOUCHE - Cosmetic Store\" \/>\n<meta property=\"og:description\" content=\"L&#039;OREAL Men Expert Hydra Sensitive Gel Douche 0%  \u2022 Enrichie \u00e0 la S\u00e8ve de Bouleau, sa formule nettoie, apaise et hydrate instantan\u00e9ment la peau \u2022 Facile ! Ce gel douche permet de nettoyer le corps, le visage et les cheveux en un seul geste \u2022 Parfum frais et bois\u00e9 \u2022 Une formule respectueuse, sans paraben et sans colorant, sp\u00e9cialemet con\u00e7ue pour les hommes ayant une peau sensible\" \/>\n<meta property=\"og:url\" content=\"https:\/\/cosmeticstoredz.com\/ar\/product\/loreal-men-expert-gel-douche\/\" \/>\n<meta property=\"og:site_name\" content=\"Cosmetic Store\" \/>\n<meta property=\"article:publisher\" content=\"https:\/\/www.facebook.com\/profile.php?id=61564954260683\" \/>\n<meta property=\"article:modified_time\" content=\"2026-02-16T21:33:37+00:00\" \/>\n<meta property=\"og:image\" content=\"https:\/\/cosmeticstoredz.com\/wp-content\/uploads\/2026\/02\/CC-70.png\" \/>\n\t<meta property=\"og:image:width\" content=\"1563\" \/>\n\t<meta property=\"og:image:height\" content=\"1563\" \/>\n\t<meta property=\"og:image:type\" content=\"image\/png\" \/>\n<meta name=\"twitter:card\" content=\"summary_large_image\" \/>\n<script type=\"application\/ld+json\" class=\"yoast-schema-graph\">{\"@context\":\"https:\\\/\\\/schema.org\",\"@graph\":[{\"@type\":\"WebPage\",\"@id\":\"https:\\\/\\\/cosmeticstoredz.com\\\/produit\\\/loreal-men-expert-gel-douche\\\/\",\"url\":\"https:\\\/\\\/cosmeticstoredz.com\\\/produit\\\/loreal-men-expert-gel-douche\\\/\",\"name\":\"LOREAL MEN EXPERT GEL DOUCHE - Cosmetic Store\",\"isPartOf\":{\"@id\":\"https:\\\/\\\/cosmeticstoredz.com\\\/#website\"},\"primaryImageOfPage\":{\"@id\":\"https:\\\/\\\/cosmeticstoredz.com\\\/produit\\\/loreal-men-expert-gel-douche\\\/#primaryimage\"},\"image\":{\"@id\":\"https:\\\/\\\/cosmeticstoredz.com\\\/produit\\\/loreal-men-expert-gel-douche\\\/#primaryimage\"},\"thumbnailUrl\":\"https:\\\/\\\/cosmeticstoredz.com\\\/wp-content\\\/uploads\\\/2026\\\/02\\\/CC-70.png\",\"datePublished\":\"2026-02-16T08:53:33+00:00\",\"dateModified\":\"2026-02-16T21:33:37+00:00\",\"breadcrumb\":{\"@id\":\"https:\\\/\\\/cosmeticstoredz.com\\\/produit\\\/loreal-men-expert-gel-douche\\\/#breadcrumb\"},\"inLanguage\":\"ar\",\"potentialAction\":[{\"@type\":\"ReadAction\",\"target\":[\"https:\\\/\\\/cosmeticstoredz.com\\\/produit\\\/loreal-men-expert-gel-douche\\\/\"]}]},{\"@type\":\"ImageObject\",\"inLanguage\":\"ar\",\"@id\":\"https:\\\/\\\/cosmeticstoredz.com\\\/produit\\\/loreal-men-expert-gel-douche\\\/#primaryimage\",\"url\":\"https:\\\/\\\/cosmeticstoredz.com\\\/wp-content\\\/uploads\\\/2026\\\/02\\\/CC-70.png\",\"contentUrl\":\"https:\\\/\\\/cosmeticstoredz.com\\\/wp-content\\\/uploads\\\/2026\\\/02\\\/CC-70.png\",\"width\":1563,\"height\":1563},{\"@type\":\"BreadcrumbList\",\"@id\":\"https:\\\/\\\/cosmeticstoredz.com\\\/produit\\\/loreal-men-expert-gel-douche\\\/#breadcrumb\",\"itemListElement\":[{\"@type\":\"ListItem\",\"position\":1,\"name\":\"Accueil\",\"item\":\"https:\\\/\\\/cosmeticstoredz.com\\\/\"},{\"@type\":\"ListItem\",\"position\":2,\"name\":\"Boutique\",\"item\":\"https:\\\/\\\/cosmeticstoredz.com\\\/boutique\\\/\"},{\"@type\":\"ListItem\",\"position\":3,\"name\":\"LOREAL MEN EXPERT GEL DOUCHE\"}]},{\"@type\":\"WebSite\",\"@id\":\"https:\\\/\\\/cosmeticstoredz.com\\\/#website\",\"url\":\"https:\\\/\\\/cosmeticstoredz.com\\\/\",\"name\":\"Cosmetic Store\",\"description\":\"\",\"publisher\":{\"@id\":\"https:\\\/\\\/cosmeticstoredz.com\\\/#organization\"},\"potentialAction\":[{\"@type\":\"SearchAction\",\"target\":{\"@type\":\"EntryPoint\",\"urlTemplate\":\"https:\\\/\\\/cosmeticstoredz.com\\\/?s={search_term_string}\"},\"query-input\":{\"@type\":\"PropertyValueSpecification\",\"valueRequired\":true,\"valueName\":\"search_term_string\"}}],\"inLanguage\":\"ar\"},{\"@type\":\"Organization\",\"@id\":\"https:\\\/\\\/cosmeticstoredz.com\\\/#organization\",\"name\":\"Cosmetic Store\",\"url\":\"https:\\\/\\\/cosmeticstoredz.com\\\/\",\"logo\":{\"@type\":\"ImageObject\",\"inLanguage\":\"ar\",\"@id\":\"https:\\\/\\\/cosmeticstoredz.com\\\/#\\\/schema\\\/logo\\\/image\\\/\",\"url\":\"https:\\\/\\\/cosmeticstoredz.com\\\/wp-content\\\/uploads\\\/2026\\\/02\\\/cropped-LOGO_CS-512x512-1-1-e1771275285345.webp\",\"contentUrl\":\"https:\\\/\\\/cosmeticstoredz.com\\\/wp-content\\\/uploads\\\/2026\\\/02\\\/cropped-LOGO_CS-512x512-1-1-e1771275285345.webp\",\"width\":265,\"height\":319,\"caption\":\"Cosmetic Store\"},\"image\":{\"@id\":\"https:\\\/\\\/cosmeticstoredz.com\\\/#\\\/schema\\\/logo\\\/image\\\/\"},\"sameAs\":[\"https:\\\/\\\/www.facebook.com\\\/profile.php?id=61564954260683\",\"https:\\\/\\\/www.instagram.com\\\/cosmetic.storedz\\\/\"]}]}<\/script>\n<!-- \/ Yoast SEO plugin. -->","yoast_head_json":{"title":"LOREAL MEN EXPERT GEL DOUCHE - Cosmetic Store","robots":{"index":"index","follow":"follow","max-snippet":"max-snippet:-1","max-image-preview":"max-image-preview:large","max-video-preview":"max-video-preview:-1"},"canonical":"https:\/\/cosmeticstoredz.com\/ar\/product\/loreal-men-expert-gel-douche\/","og_locale":"ar_AR","og_type":"article","og_title":"LOREAL MEN EXPERT GEL DOUCHE - Cosmetic Store","og_description":"L'OREAL Men Expert Hydra Sensitive Gel Douche 0%  \u2022 Enrichie \u00e0 la S\u00e8ve de Bouleau, sa formule nettoie, apaise et hydrate instantan\u00e9ment la peau \u2022 Facile ! Ce gel douche permet de nettoyer le corps, le visage et les cheveux en un seul geste \u2022 Parfum frais et bois\u00e9 \u2022 Une formule respectueuse, sans paraben et sans colorant, sp\u00e9cialemet con\u00e7ue pour les hommes ayant une peau sensible","og_url":"https:\/\/cosmeticstoredz.com\/ar\/product\/loreal-men-expert-gel-douche\/","og_site_name":"Cosmetic Store","article_publisher":"https:\/\/www.facebook.com\/profile.php?id=61564954260683","article_modified_time":"2026-02-16T21:33:37+00:00","og_image":[{"width":1563,"height":1563,"url":"https:\/\/cosmeticstoredz.com\/wp-content\/uploads\/2026\/02\/CC-70.png","type":"image\/png"}],"twitter_card":"summary_large_image","schema":{"@context":"https:\/\/schema.org","@graph":[{"@type":"WebPage","@id":"https:\/\/cosmeticstoredz.com\/produit\/loreal-men-expert-gel-douche\/","url":"https:\/\/cosmeticstoredz.com\/produit\/loreal-men-expert-gel-douche\/","name":"LOREAL MEN EXPERT GEL DOUCHE - Cosmetic Store","isPartOf":{"@id":"https:\/\/cosmeticstoredz.com\/#website"},"primaryImageOfPage":{"@id":"https:\/\/cosmeticstoredz.com\/produit\/loreal-men-expert-gel-douche\/#primaryimage"},"image":{"@id":"https:\/\/cosmeticstoredz.com\/produit\/loreal-men-expert-gel-douche\/#primaryimage"},"thumbnailUrl":"https:\/\/cosmeticstoredz.com\/wp-content\/uploads\/2026\/02\/CC-70.png","datePublished":"2026-02-16T08:53:33+00:00","dateModified":"2026-02-16T21:33:37+00:00","breadcrumb":{"@id":"https:\/\/cosmeticstoredz.com\/produit\/loreal-men-expert-gel-douche\/#breadcrumb"},"inLanguage":"ar","potentialAction":[{"@type":"ReadAction","target":["https:\/\/cosmeticstoredz.com\/produit\/loreal-men-expert-gel-douche\/"]}]},{"@type":"ImageObject","inLanguage":"ar","@id":"https:\/\/cosmeticstoredz.com\/produit\/loreal-men-expert-gel-douche\/#primaryimage","url":"https:\/\/cosmeticstoredz.com\/wp-content\/uploads\/2026\/02\/CC-70.png","contentUrl":"https:\/\/cosmeticstoredz.com\/wp-content\/uploads\/2026\/02\/CC-70.png","width":1563,"height":1563},{"@type":"BreadcrumbList","@id":"https:\/\/cosmeticstoredz.com\/produit\/loreal-men-expert-gel-douche\/#breadcrumb","itemListElement":[{"@type":"ListItem","position":1,"name":"Accueil","item":"https:\/\/cosmeticstoredz.com\/"},{"@type":"ListItem","position":2,"name":"Boutique","item":"https:\/\/cosmeticstoredz.com\/boutique\/"},{"@type":"ListItem","position":3,"name":"LOREAL MEN EXPERT GEL DOUCHE"}]},{"@type":"WebSite","@id":"https:\/\/cosmeticstoredz.com\/#website","url":"https:\/\/cosmeticstoredz.com\/","name":"Cosmetic Store","description":"","publisher":{"@id":"https:\/\/cosmeticstoredz.com\/#organization"},"potentialAction":[{"@type":"SearchAction","target":{"@type":"EntryPoint","urlTemplate":"https:\/\/cosmeticstoredz.com\/?s={search_term_string}"},"query-input":{"@type":"PropertyValueSpecification","valueRequired":true,"valueName":"search_term_string"}}],"inLanguage":"ar"},{"@type":"Organization","@id":"https:\/\/cosmeticstoredz.com\/#organization","name":"Cosmetic Store","url":"https:\/\/cosmeticstoredz.com\/","logo":{"@type":"ImageObject","inLanguage":"ar","@id":"https:\/\/cosmeticstoredz.com\/#\/schema\/logo\/image\/","url":"https:\/\/cosmeticstoredz.com\/wp-content\/uploads\/2026\/02\/cropped-LOGO_CS-512x512-1-1-e1771275285345.webp","contentUrl":"https:\/\/cosmeticstoredz.com\/wp-content\/uploads\/2026\/02\/cropped-LOGO_CS-512x512-1-1-e1771275285345.webp","width":265,"height":319,"caption":"Cosmetic Store"},"image":{"@id":"https:\/\/cosmeticstoredz.com\/#\/schema\/logo\/image\/"},"sameAs":["https:\/\/www.facebook.com\/profile.php?id=61564954260683","https:\/\/www.instagram.com\/cosmetic.storedz\/"]}]}},"_links":{"self":[{"href":"https:\/\/cosmeticstoredz.com\/ar\/wp-json\/wp\/v2\/product\/2030","targetHints":{"allow":["GET"]}}],"collection":[{"href":"https:\/\/cosmeticstoredz.com\/ar\/wp-json\/wp\/v2\/product"}],"about":[{"href":"https:\/\/cosmeticstoredz.com\/ar\/wp-json\/wp\/v2\/types\/product"}],"replies":[{"embeddable":true,"href":"https:\/\/cosmeticstoredz.com\/ar\/wp-json\/wp\/v2\/comments?post=2030"}],"version-history":[{"count":1,"href":"https:\/\/cosmeticstoredz.com\/ar\/wp-json\/wp\/v2\/product\/2030\/revisions"}],"predecessor-version":[{"id":2098,"href":"https:\/\/cosmeticstoredz.com\/ar\/wp-json\/wp\/v2\/product\/2030\/revisions\/2098"}],"wp:featuredmedia":[{"embeddable":true,"href":"https:\/\/cosmeticstoredz.com\/ar\/wp-json\/wp\/v2\/media\/2097"}],"wp:attachment":[{"href":"https:\/\/cosmeticstoredz.com\/ar\/wp-json\/wp\/v2\/media?parent=2030"}],"wp:term":[{"taxonomy":"product_brand","embeddable":true,"href":"https:\/\/cosmeticstoredz.com\/ar\/wp-json\/wp\/v2\/product_brand?post=2030"},{"taxonomy":"product_cat","embeddable":true,"href":"https:\/\/cosmeticstoredz.com\/ar\/wp-json\/wp\/v2\/product_cat?post=2030"},{"taxonomy":"product_tag","embeddable":true,"href":"https:\/\/cosmeticstoredz.com\/ar\/wp-json\/wp\/v2\/product_tag?post=2030"}],"curies":[{"name":"wp","href":"https:\/\/api.w.org\/{rel}","templated":true}]}}