{"id":2027,"date":"2026-02-16T08:53:33","date_gmt":"2026-02-16T08:53:33","guid":{"rendered":"https:\/\/test.fitnessworldgym27.com\/?post_type=product&#038;p=2027"},"modified":"2026-04-27T15:57:42","modified_gmt":"2026-04-27T15:57:42","slug":"loreal-creme-visage-hyaluron-expert-jour","status":"publish","type":"product","link":"https:\/\/cosmeticstoredz.com\/ar\/product\/loreal-creme-visage-hyaluron-expert-jour\/","title":{"rendered":"LOREAL CREME VISAGE HYALURON EXPERT JOUR"},"content":{"rendered":"<p class=\"-fs20 -pts -pbxs\"><strong>L&rsquo;Oreal Hyluron Expert Soin Repulpant Hydratant de jour SPF20\u00a0<\/strong><\/p>\n<p>Un masque cr\u00e8me de nuit hydratant repulpant pour lisser et nourrir la peau et une cr\u00e8me hydratante repulpante anti-ridules pour le contour des yeux.<\/p>\n<p>Texture: l\u00e9ger et non gras hyaluron expert, aliment\u00e9 par une forte concentration de 2 types d\u2019acides hyaluroniques:<\/p>\n<ul>\n<li>1) acide hyaluronique de haut poids mol\u00e9culaire pour aider \u00e0 hydrater et lisser la surface de la peau<\/li>\n<li>2) Le micro acide hyaluronique aide \u00e0 repulper la peau en l\u2019hydratant<\/li>\n<\/ul>\n<p>La peau est repulp\u00e9e et hydrat\u00e9e, les ridules liss\u00e9es, peau fra\u00eeche et \u00e9clat retrouv\u00e9s.<br \/>\nTest\u00e9 sous contr\u00f4le dermatologique adapt\u00e9 \u00e0 tous types de peaux, m\u00eame sensibles<\/p>","protected":false},"excerpt":{"rendered":"<p class=\"-fs20 -pts -pbxs\"><strong>L&rsquo;Oreal Hyluron Expert Soin Repulpant Hydratant de jour SPF20\u00a0<\/strong><\/p>\n<p>Un masque cr\u00e8me de nuit hydratant repulpant pour lisser et nourrir la peau et une cr\u00e8me hydratante repulpante anti-ridules pour le contour des yeux.<\/p>\n<p>Texture: l\u00e9ger et non gras hyaluron expert, aliment\u00e9 par une forte concentration de 2 types d\u2019acides hyaluroniques:<\/p>\n<ul>\n<li>1) acide hyaluronique de haut poids mol\u00e9culaire pour aider \u00e0 hydrater et lisser la surface de la peau<\/li>\n<li>2) Le micro acide hyaluronique aide \u00e0 repulper la peau en l\u2019hydratant<\/li>\n<\/ul>\n<p>La peau est repulp\u00e9e et hydrat\u00e9e, les ridules liss\u00e9es, peau fra\u00eeche et \u00e9clat retrouv\u00e9s.<br \/>\nTest\u00e9 sous contr\u00f4le dermatologique adapt\u00e9 \u00e0 tous types de peaux, m\u00eame sensibles<\/p>","protected":false},"featured_media":2091,"comment_status":"closed","ping_status":"closed","template":"","meta":[],"product_brand":[409],"product_cat":[75,151,202,76],"product_tag":[125],"class_list":{"0":"post-2027","1":"product","2":"type-product","3":"status-publish","4":"has-post-thumbnail","6":"product_brand-loreal","7":"product_cat-femme","8":"product_cat-masque-femmes","9":"product_cat-masque-h","10":"product_cat-soin-visage-f","11":"product_tag-made-in-france","13":"first","14":"outofstock","15":"shipping-taxable","16":"purchasable","17":"product-type-simple"},"yoast_head":"<!-- This site is optimized with the Yoast SEO plugin v27.3 - https:\/\/yoast.com\/product\/yoast-seo-wordpress\/ -->\n<title>LOREAL CREME VISAGE HYALURON EXPERT JOUR - Cosmetic Store<\/title>\n<meta name=\"robots\" content=\"index, follow, max-snippet:-1, max-image-preview:large, max-video-preview:-1\" \/>\n<link rel=\"canonical\" href=\"https:\/\/cosmeticstoredz.com\/ar\/product\/loreal-creme-visage-hyaluron-expert-jour\/\" \/>\n<meta property=\"og:locale\" content=\"ar_AR\" \/>\n<meta property=\"og:type\" content=\"article\" \/>\n<meta property=\"og:title\" content=\"LOREAL CREME VISAGE HYALURON EXPERT JOUR - Cosmetic Store\" \/>\n<meta property=\"og:description\" content=\"L&#039;Oreal Hyluron Expert Soin Repulpant Hydratant de jour SPF20\u00a0 Un masque cr\u00e8me de nuit hydratant repulpant pour lisser et nourrir la peau et une cr\u00e8me hydratante repulpante anti-ridules pour le contour des yeux.  Texture: l\u00e9ger et non gras hyaluron expert, aliment\u00e9 par une forte concentration de 2 types d\u2019acides hyaluroniques:   1) acide hyaluronique de haut poids mol\u00e9culaire pour aider \u00e0 hydrater et lisser la surface de la peau  2) Le micro acide hyaluronique aide \u00e0 repulper la peau en l\u2019hydratant  La peau est repulp\u00e9e et hydrat\u00e9e, les ridules liss\u00e9es, peau fra\u00eeche et \u00e9clat retrouv\u00e9s. Test\u00e9 sous contr\u00f4le dermatologique adapt\u00e9 \u00e0 tous types de peaux, m\u00eame sensibles\" \/>\n<meta property=\"og:url\" content=\"https:\/\/cosmeticstoredz.com\/ar\/product\/loreal-creme-visage-hyaluron-expert-jour\/\" \/>\n<meta property=\"og:site_name\" content=\"Cosmetic Store\" \/>\n<meta property=\"article:publisher\" content=\"https:\/\/www.facebook.com\/profile.php?id=61564954260683\" \/>\n<meta property=\"article:modified_time\" content=\"2026-04-27T15:57:42+00:00\" \/>\n<meta property=\"og:image\" content=\"https:\/\/cosmeticstoredz.com\/wp-content\/uploads\/2026\/02\/Design-sans-titre-22-2.png\" \/>\n\t<meta property=\"og:image:width\" content=\"1563\" \/>\n\t<meta property=\"og:image:height\" content=\"1563\" \/>\n\t<meta property=\"og:image:type\" content=\"image\/png\" \/>\n<meta name=\"twitter:card\" content=\"summary_large_image\" \/>\n<meta name=\"twitter:label1\" content=\"\u0648\u0642\u062a \u0627\u0644\u0642\u0631\u0627\u0621\u0629 \u0627\u0644\u0645\u064f\u0642\u062f\u0651\u0631\" \/>\n\t<meta name=\"twitter:data1\" content=\"\u062f\u0642\u064a\u0642\u0629 \u0648\u0627\u062d\u062f\u0629\" \/>\n<script type=\"application\/ld+json\" class=\"yoast-schema-graph\">{\"@context\":\"https:\\\/\\\/schema.org\",\"@graph\":[{\"@type\":\"WebPage\",\"@id\":\"https:\\\/\\\/cosmeticstoredz.com\\\/produit\\\/loreal-creme-visage-hyaluron-expert-jour\\\/\",\"url\":\"https:\\\/\\\/cosmeticstoredz.com\\\/produit\\\/loreal-creme-visage-hyaluron-expert-jour\\\/\",\"name\":\"LOREAL CREME VISAGE HYALURON EXPERT JOUR - Cosmetic Store\",\"isPartOf\":{\"@id\":\"https:\\\/\\\/cosmeticstoredz.com\\\/#website\"},\"primaryImageOfPage\":{\"@id\":\"https:\\\/\\\/cosmeticstoredz.com\\\/produit\\\/loreal-creme-visage-hyaluron-expert-jour\\\/#primaryimage\"},\"image\":{\"@id\":\"https:\\\/\\\/cosmeticstoredz.com\\\/produit\\\/loreal-creme-visage-hyaluron-expert-jour\\\/#primaryimage\"},\"thumbnailUrl\":\"https:\\\/\\\/cosmeticstoredz.com\\\/wp-content\\\/uploads\\\/2026\\\/02\\\/Design-sans-titre-22-2.png\",\"datePublished\":\"2026-02-16T08:53:33+00:00\",\"dateModified\":\"2026-04-27T15:57:42+00:00\",\"breadcrumb\":{\"@id\":\"https:\\\/\\\/cosmeticstoredz.com\\\/produit\\\/loreal-creme-visage-hyaluron-expert-jour\\\/#breadcrumb\"},\"inLanguage\":\"ar\",\"potentialAction\":[{\"@type\":\"ReadAction\",\"target\":[\"https:\\\/\\\/cosmeticstoredz.com\\\/produit\\\/loreal-creme-visage-hyaluron-expert-jour\\\/\"]}]},{\"@type\":\"ImageObject\",\"inLanguage\":\"ar\",\"@id\":\"https:\\\/\\\/cosmeticstoredz.com\\\/produit\\\/loreal-creme-visage-hyaluron-expert-jour\\\/#primaryimage\",\"url\":\"https:\\\/\\\/cosmeticstoredz.com\\\/wp-content\\\/uploads\\\/2026\\\/02\\\/Design-sans-titre-22-2.png\",\"contentUrl\":\"https:\\\/\\\/cosmeticstoredz.com\\\/wp-content\\\/uploads\\\/2026\\\/02\\\/Design-sans-titre-22-2.png\",\"width\":1563,\"height\":1563},{\"@type\":\"BreadcrumbList\",\"@id\":\"https:\\\/\\\/cosmeticstoredz.com\\\/produit\\\/loreal-creme-visage-hyaluron-expert-jour\\\/#breadcrumb\",\"itemListElement\":[{\"@type\":\"ListItem\",\"position\":1,\"name\":\"Accueil\",\"item\":\"https:\\\/\\\/cosmeticstoredz.com\\\/\"},{\"@type\":\"ListItem\",\"position\":2,\"name\":\"Boutique\",\"item\":\"https:\\\/\\\/cosmeticstoredz.com\\\/boutique\\\/\"},{\"@type\":\"ListItem\",\"position\":3,\"name\":\"LOREAL CREME VISAGE HYALURON EXPERT JOUR\"}]},{\"@type\":\"WebSite\",\"@id\":\"https:\\\/\\\/cosmeticstoredz.com\\\/#website\",\"url\":\"https:\\\/\\\/cosmeticstoredz.com\\\/\",\"name\":\"Cosmetic Store\",\"description\":\"\",\"publisher\":{\"@id\":\"https:\\\/\\\/cosmeticstoredz.com\\\/#organization\"},\"potentialAction\":[{\"@type\":\"SearchAction\",\"target\":{\"@type\":\"EntryPoint\",\"urlTemplate\":\"https:\\\/\\\/cosmeticstoredz.com\\\/?s={search_term_string}\"},\"query-input\":{\"@type\":\"PropertyValueSpecification\",\"valueRequired\":true,\"valueName\":\"search_term_string\"}}],\"inLanguage\":\"ar\"},{\"@type\":\"Organization\",\"@id\":\"https:\\\/\\\/cosmeticstoredz.com\\\/#organization\",\"name\":\"Cosmetic Store\",\"url\":\"https:\\\/\\\/cosmeticstoredz.com\\\/\",\"logo\":{\"@type\":\"ImageObject\",\"inLanguage\":\"ar\",\"@id\":\"https:\\\/\\\/cosmeticstoredz.com\\\/#\\\/schema\\\/logo\\\/image\\\/\",\"url\":\"https:\\\/\\\/cosmeticstoredz.com\\\/wp-content\\\/uploads\\\/2026\\\/02\\\/cropped-LOGO_CS-512x512-1-1-e1771275285345.webp\",\"contentUrl\":\"https:\\\/\\\/cosmeticstoredz.com\\\/wp-content\\\/uploads\\\/2026\\\/02\\\/cropped-LOGO_CS-512x512-1-1-e1771275285345.webp\",\"width\":265,\"height\":319,\"caption\":\"Cosmetic Store\"},\"image\":{\"@id\":\"https:\\\/\\\/cosmeticstoredz.com\\\/#\\\/schema\\\/logo\\\/image\\\/\"},\"sameAs\":[\"https:\\\/\\\/www.facebook.com\\\/profile.php?id=61564954260683\",\"https:\\\/\\\/www.instagram.com\\\/cosmetic.storedz\\\/\"]}]}<\/script>\n<!-- \/ Yoast SEO plugin. -->","yoast_head_json":{"title":"LOREAL CREME VISAGE HYALURON EXPERT JOUR - Cosmetic Store","robots":{"index":"index","follow":"follow","max-snippet":"max-snippet:-1","max-image-preview":"max-image-preview:large","max-video-preview":"max-video-preview:-1"},"canonical":"https:\/\/cosmeticstoredz.com\/ar\/product\/loreal-creme-visage-hyaluron-expert-jour\/","og_locale":"ar_AR","og_type":"article","og_title":"LOREAL CREME VISAGE HYALURON EXPERT JOUR - Cosmetic Store","og_description":"L'Oreal Hyluron Expert Soin Repulpant Hydratant de jour SPF20\u00a0 Un masque cr\u00e8me de nuit hydratant repulpant pour lisser et nourrir la peau et une cr\u00e8me hydratante repulpante anti-ridules pour le contour des yeux.  Texture: l\u00e9ger et non gras hyaluron expert, aliment\u00e9 par une forte concentration de 2 types d\u2019acides hyaluroniques:   1) acide hyaluronique de haut poids mol\u00e9culaire pour aider \u00e0 hydrater et lisser la surface de la peau  2) Le micro acide hyaluronique aide \u00e0 repulper la peau en l\u2019hydratant  La peau est repulp\u00e9e et hydrat\u00e9e, les ridules liss\u00e9es, peau fra\u00eeche et \u00e9clat retrouv\u00e9s. Test\u00e9 sous contr\u00f4le dermatologique adapt\u00e9 \u00e0 tous types de peaux, m\u00eame sensibles","og_url":"https:\/\/cosmeticstoredz.com\/ar\/product\/loreal-creme-visage-hyaluron-expert-jour\/","og_site_name":"Cosmetic Store","article_publisher":"https:\/\/www.facebook.com\/profile.php?id=61564954260683","article_modified_time":"2026-04-27T15:57:42+00:00","og_image":[{"width":1563,"height":1563,"url":"https:\/\/cosmeticstoredz.com\/wp-content\/uploads\/2026\/02\/Design-sans-titre-22-2.png","type":"image\/png"}],"twitter_card":"summary_large_image","twitter_misc":{"\u0648\u0642\u062a \u0627\u0644\u0642\u0631\u0627\u0621\u0629 \u0627\u0644\u0645\u064f\u0642\u062f\u0651\u0631":"\u062f\u0642\u064a\u0642\u0629 \u0648\u0627\u062d\u062f\u0629"},"schema":{"@context":"https:\/\/schema.org","@graph":[{"@type":"WebPage","@id":"https:\/\/cosmeticstoredz.com\/produit\/loreal-creme-visage-hyaluron-expert-jour\/","url":"https:\/\/cosmeticstoredz.com\/produit\/loreal-creme-visage-hyaluron-expert-jour\/","name":"LOREAL CREME VISAGE HYALURON EXPERT JOUR - Cosmetic Store","isPartOf":{"@id":"https:\/\/cosmeticstoredz.com\/#website"},"primaryImageOfPage":{"@id":"https:\/\/cosmeticstoredz.com\/produit\/loreal-creme-visage-hyaluron-expert-jour\/#primaryimage"},"image":{"@id":"https:\/\/cosmeticstoredz.com\/produit\/loreal-creme-visage-hyaluron-expert-jour\/#primaryimage"},"thumbnailUrl":"https:\/\/cosmeticstoredz.com\/wp-content\/uploads\/2026\/02\/Design-sans-titre-22-2.png","datePublished":"2026-02-16T08:53:33+00:00","dateModified":"2026-04-27T15:57:42+00:00","breadcrumb":{"@id":"https:\/\/cosmeticstoredz.com\/produit\/loreal-creme-visage-hyaluron-expert-jour\/#breadcrumb"},"inLanguage":"ar","potentialAction":[{"@type":"ReadAction","target":["https:\/\/cosmeticstoredz.com\/produit\/loreal-creme-visage-hyaluron-expert-jour\/"]}]},{"@type":"ImageObject","inLanguage":"ar","@id":"https:\/\/cosmeticstoredz.com\/produit\/loreal-creme-visage-hyaluron-expert-jour\/#primaryimage","url":"https:\/\/cosmeticstoredz.com\/wp-content\/uploads\/2026\/02\/Design-sans-titre-22-2.png","contentUrl":"https:\/\/cosmeticstoredz.com\/wp-content\/uploads\/2026\/02\/Design-sans-titre-22-2.png","width":1563,"height":1563},{"@type":"BreadcrumbList","@id":"https:\/\/cosmeticstoredz.com\/produit\/loreal-creme-visage-hyaluron-expert-jour\/#breadcrumb","itemListElement":[{"@type":"ListItem","position":1,"name":"Accueil","item":"https:\/\/cosmeticstoredz.com\/"},{"@type":"ListItem","position":2,"name":"Boutique","item":"https:\/\/cosmeticstoredz.com\/boutique\/"},{"@type":"ListItem","position":3,"name":"LOREAL CREME VISAGE HYALURON EXPERT JOUR"}]},{"@type":"WebSite","@id":"https:\/\/cosmeticstoredz.com\/#website","url":"https:\/\/cosmeticstoredz.com\/","name":"Cosmetic Store","description":"","publisher":{"@id":"https:\/\/cosmeticstoredz.com\/#organization"},"potentialAction":[{"@type":"SearchAction","target":{"@type":"EntryPoint","urlTemplate":"https:\/\/cosmeticstoredz.com\/?s={search_term_string}"},"query-input":{"@type":"PropertyValueSpecification","valueRequired":true,"valueName":"search_term_string"}}],"inLanguage":"ar"},{"@type":"Organization","@id":"https:\/\/cosmeticstoredz.com\/#organization","name":"Cosmetic Store","url":"https:\/\/cosmeticstoredz.com\/","logo":{"@type":"ImageObject","inLanguage":"ar","@id":"https:\/\/cosmeticstoredz.com\/#\/schema\/logo\/image\/","url":"https:\/\/cosmeticstoredz.com\/wp-content\/uploads\/2026\/02\/cropped-LOGO_CS-512x512-1-1-e1771275285345.webp","contentUrl":"https:\/\/cosmeticstoredz.com\/wp-content\/uploads\/2026\/02\/cropped-LOGO_CS-512x512-1-1-e1771275285345.webp","width":265,"height":319,"caption":"Cosmetic Store"},"image":{"@id":"https:\/\/cosmeticstoredz.com\/#\/schema\/logo\/image\/"},"sameAs":["https:\/\/www.facebook.com\/profile.php?id=61564954260683","https:\/\/www.instagram.com\/cosmetic.storedz\/"]}]}},"_links":{"self":[{"href":"https:\/\/cosmeticstoredz.com\/ar\/wp-json\/wp\/v2\/product\/2027","targetHints":{"allow":["GET"]}}],"collection":[{"href":"https:\/\/cosmeticstoredz.com\/ar\/wp-json\/wp\/v2\/product"}],"about":[{"href":"https:\/\/cosmeticstoredz.com\/ar\/wp-json\/wp\/v2\/types\/product"}],"replies":[{"embeddable":true,"href":"https:\/\/cosmeticstoredz.com\/ar\/wp-json\/wp\/v2\/comments?post=2027"}],"version-history":[{"count":1,"href":"https:\/\/cosmeticstoredz.com\/ar\/wp-json\/wp\/v2\/product\/2027\/revisions"}],"predecessor-version":[{"id":2092,"href":"https:\/\/cosmeticstoredz.com\/ar\/wp-json\/wp\/v2\/product\/2027\/revisions\/2092"}],"wp:featuredmedia":[{"embeddable":true,"href":"https:\/\/cosmeticstoredz.com\/ar\/wp-json\/wp\/v2\/media\/2091"}],"wp:attachment":[{"href":"https:\/\/cosmeticstoredz.com\/ar\/wp-json\/wp\/v2\/media?parent=2027"}],"wp:term":[{"taxonomy":"product_brand","embeddable":true,"href":"https:\/\/cosmeticstoredz.com\/ar\/wp-json\/wp\/v2\/product_brand?post=2027"},{"taxonomy":"product_cat","embeddable":true,"href":"https:\/\/cosmeticstoredz.com\/ar\/wp-json\/wp\/v2\/product_cat?post=2027"},{"taxonomy":"product_tag","embeddable":true,"href":"https:\/\/cosmeticstoredz.com\/ar\/wp-json\/wp\/v2\/product_tag?post=2027"}],"curies":[{"name":"wp","href":"https:\/\/api.w.org\/{rel}","templated":true}]}}