{"id":2024,"date":"2026-02-16T08:53:32","date_gmt":"2026-02-16T08:53:32","guid":{"rendered":"https:\/\/test.fitnessworldgym27.com\/?post_type=product&#038;p=2024"},"modified":"2026-03-30T19:25:22","modified_gmt":"2026-03-30T19:25:22","slug":"loreal-fdt-infallible-can","status":"publish","type":"product","link":"https:\/\/cosmeticstoredz.com\/ar\/product\/loreal-fdt-infallible-can\/","title":{"rendered":"LOREAL FDT INFALLIBLE CAN"},"content":{"rendered":"<p id=\"title\" class=\"a-size-large a-spacing-none\"><strong><span id=\"productTitle\" class=\"a-size-large product-title-word-break\">L&rsquo;Or\u00e9al Paris Maquillage Infaillible jusqu&rsquo;\u00e0 24 heures<\/span><\/strong><\/p>\n<p>Pr\u00e9sentation de notre fond de teint longue tenue r\u00e9volutionnaire.\u00a0Le fond de teint Fresh Wear jusqu&rsquo;\u00e0 24 heures offre une couverture modulable moyenne \u00e0 compl\u00e8te qui dure toute la journ\u00e9e et permet \u00e0 la peau de respirer.\u00a0Les trois absorbeurs d&rsquo;huile de la formule r\u00e9sistent \u00e0 la sueur, \u00e0 l&rsquo;eau et au transfert.\u00a0Le liquide ultra-fin s&rsquo;applique en douceur pour donner un teint frais et sain qui dure.\u00a0La couleur reste fid\u00e8le et se fond uniform\u00e9ment, pour que votre maquillage soit frais toute la journ\u00e9e.<\/p>\n<ul class=\"a-unordered-list a-vertical a-spacing-mini\">\n<li class=\"a-spacing-mini\"><span class=\"a-list-item\">L\u00e9g\u00e8re et respirante longue tenue : le fond de teint v\u00e9g\u00e9talien offre une couverture modulable moyenne \u00e0 compl\u00e8te et un fini naturel disponible en 40 teintes ;\u00a0Le liquide ultra fin s&rsquo;applique en douceur pour un teint d&rsquo;apparence saine ;\u00a0La couleur reste vraie et se fond uniform\u00e9ment<\/span><\/li>\n<li class=\"a-spacing-mini\"><span class=\"a-list-item\">Formule avanc\u00e9e\u00a0: les trois absorbeurs d&rsquo;huile de la formule r\u00e9sistent \u00e0 la sueur, \u00e0 l&rsquo;eau et au transfert\u00a0;\u00a0SPF 25 pour prot\u00e9ger, maquillage vegan non com\u00e9dog\u00e8ne qui convient \u00e0 tous les types de peau<\/span><\/li>\n<li class=\"a-spacing-mini\"><span class=\"a-list-item\">Des fonds de teint pour chaque type de peau\u00a0: fond de teint mat id\u00e9al pour les peaux grasses, fond de teint hydratant id\u00e9al pour les peaux s\u00e8ches et tout le reste\u00a0;\u00a0Faites correspondre votre teint et identifiez la formule qui vous convient le mieux<\/span><\/li>\n<li class=\"a-spacing-mini\"><span class=\"a-list-item\">Parce que vous le valez bien\u00a0: L&rsquo;Or\u00e9al Paris Makeup vous aide \u00e0 cr\u00e9er le look que vous souhaitez gr\u00e2ce \u00e0 notre gamme compl\u00e8te de maquillage comprenant des fonds de teint, des correcteurs, des surligneurs, des crayons \u00e0 sourcils, des palettes de fards \u00e0 paupi\u00e8res, des rouges \u00e0 l\u00e8vres et bien plus encore.<\/span><\/li>\n<li class=\"a-spacing-mini\"><span class=\"a-list-item\">L&rsquo;Or\u00e9al Paris Beaut\u00e9 : Entreprise leader dans le domaine des soins de beaut\u00e9 complets bas\u00e9e \u00e0 Paris, nous proposons des produits innovants et une expertise unique d&rsquo;experts en beaut\u00e9 en maquillage, soins de la peau, soins capillaires, coiffage et coloration.<\/span><\/li>\n<\/ul>","protected":false},"excerpt":{"rendered":"<p id=\"title\" class=\"a-size-large a-spacing-none\"><strong><span id=\"productTitle\" class=\"a-size-large product-title-word-break\">L&rsquo;Or\u00e9al Paris Maquillage Infaillible jusqu&rsquo;\u00e0 24 heures<\/span><\/strong><\/p>\n<p>Pr\u00e9sentation de notre fond de teint longue tenue r\u00e9volutionnaire.\u00a0Le fond de teint Fresh Wear jusqu&rsquo;\u00e0 24 heures offre une couverture modulable moyenne \u00e0 compl\u00e8te qui dure toute la journ\u00e9e et permet \u00e0 la peau de respirer.\u00a0Les trois absorbeurs d&rsquo;huile de la formule r\u00e9sistent \u00e0 la sueur, \u00e0 l&rsquo;eau et au transfert.\u00a0Le liquide ultra-fin s&rsquo;applique en douceur pour donner un teint frais et sain qui dure.\u00a0La couleur reste fid\u00e8le et se fond uniform\u00e9ment, pour que votre maquillage soit frais toute la journ\u00e9e.<\/p>","protected":false},"featured_media":2084,"comment_status":"closed","ping_status":"closed","template":"","meta":[],"product_brand":[409],"product_cat":[75,187,122,123],"product_tag":[125],"class_list":{"0":"post-2024","1":"product","2":"type-product","3":"status-publish","4":"has-post-thumbnail","6":"product_brand-loreal","7":"product_cat-femme","8":"product_cat-fond-de-teint","9":"product_cat-make-up","10":"product_cat-teint","11":"product_tag-made-in-france","13":"first","14":"instock","15":"shipping-taxable","16":"purchasable","17":"product-type-simple"},"_links":{"self":[{"href":"https:\/\/cosmeticstoredz.com\/ar\/wp-json\/wp\/v2\/product\/2024","targetHints":{"allow":["GET"]}}],"collection":[{"href":"https:\/\/cosmeticstoredz.com\/ar\/wp-json\/wp\/v2\/product"}],"about":[{"href":"https:\/\/cosmeticstoredz.com\/ar\/wp-json\/wp\/v2\/types\/product"}],"replies":[{"embeddable":true,"href":"https:\/\/cosmeticstoredz.com\/ar\/wp-json\/wp\/v2\/comments?post=2024"}],"version-history":[{"count":1,"href":"https:\/\/cosmeticstoredz.com\/ar\/wp-json\/wp\/v2\/product\/2024\/revisions"}],"predecessor-version":[{"id":2085,"href":"https:\/\/cosmeticstoredz.com\/ar\/wp-json\/wp\/v2\/product\/2024\/revisions\/2085"}],"wp:featuredmedia":[{"embeddable":true,"href":"https:\/\/cosmeticstoredz.com\/ar\/wp-json\/wp\/v2\/media\/2084"}],"wp:attachment":[{"href":"https:\/\/cosmeticstoredz.com\/ar\/wp-json\/wp\/v2\/media?parent=2024"}],"wp:term":[{"taxonomy":"product_brand","embeddable":true,"href":"https:\/\/cosmeticstoredz.com\/ar\/wp-json\/wp\/v2\/product_brand?post=2024"},{"taxonomy":"product_cat","embeddable":true,"href":"https:\/\/cosmeticstoredz.com\/ar\/wp-json\/wp\/v2\/product_cat?post=2024"},{"taxonomy":"product_tag","embeddable":true,"href":"https:\/\/cosmeticstoredz.com\/ar\/wp-json\/wp\/v2\/product_tag?post=2024"}],"curies":[{"name":"wp","href":"https:\/\/api.w.org\/{rel}","templated":true}]}}