{"id":1973,"date":"2026-02-16T08:53:12","date_gmt":"2026-02-16T08:53:12","guid":{"rendered":"https:\/\/test.fitnessworldgym27.com\/?post_type=product&#038;p=1973"},"modified":"2026-04-18T19:23:01","modified_gmt":"2026-04-18T19:23:01","slug":"listerine-bain-de-bouche-500ml-total-care","status":"publish","type":"product","link":"https:\/\/cosmeticstoredz.com\/ar\/product\/listerine-bain-de-bouche-500ml-total-care\/","title":{"rendered":"LISTERINE BAIN DE BOUCHE 500ML TOTAL CARE"},"content":{"rendered":"<p class=\"product-title__title c-text c-text--size-m c-text--style-h3\"><strong>Bain de bouche antitartre total care LISTERINE<\/strong><\/p>\n<p>POUR UN SOURIRE PLUS CONFIANT, UTILISEZ LISTERINE\u00ae ANTI-TARTRE 2 FOIS PAR JOUR EN COMPL\u00c9MENT DU BROSSAGE. C&rsquo;EST CLINIQUEMENT PROUV\u00c9*, LISTERINE\u00ae ANTI-TARTRE:<\/p>\n<ul>\n<li>\u25a0 R\u00e9duit la plaque, une cause majeure des probl\u00e8mes de gencives.<\/li>\n<li>\u25a0 Prot\u00e8ge contre la formation de tartre pour garder les dents plus blanches.<\/li>\n<li>\u25a0 Rafra\u00eechit l&rsquo;haleine jusqu&rsquo;\u00e0 24 heures.<\/li>\n<\/ul>\n<p>Pour une protection compl\u00e8te, l&rsquo;UFSBD recommande l&rsquo;utilisation de ce bain de bouche quotidien, en compl\u00e9ment du brossage, matin et soir. *\u00c9tude sur la r\u00e9duction de la plaque. Bouteille 100% recyclable*. Contient 50% de plastique recycl\u00e9. Jeter la bouteille avec le bouchon ferm\u00e9. *sans le sceau de s\u00e9curit\u00e9<\/p>","protected":false},"excerpt":{"rendered":"<p class=\"product-title__title c-text c-text--size-m c-text--style-h3\"><strong>Bain de bouche antitartre total care LISTERINE<\/strong><\/p>\n<p>POUR UN SOURIRE PLUS CONFIANT, UTILISEZ LISTERINE\u00ae ANTI-TARTRE 2 FOIS PAR JOUR EN COMPL\u00c9MENT DU BROSSAGE. C&rsquo;EST CLINIQUEMENT PROUV\u00c9*, LISTERINE\u00ae ANTI-TARTRE:<\/p>\n<ul>\n<li>\u25a0 R\u00e9duit la plaque, une cause majeure des probl\u00e8mes de gencives.<\/li>\n<li>\u25a0 Prot\u00e8ge contre la formation de tartre pour garder les dents plus blanches.<\/li>\n<li>\u25a0 Rafra\u00eechit l&rsquo;haleine jusqu&rsquo;\u00e0 24 heures.<\/li>\n<\/ul>","protected":false},"featured_media":2047,"comment_status":"open","ping_status":"closed","template":"","meta":[],"product_brand":[],"product_cat":[216,217,163,165],"product_tag":[125],"class_list":{"0":"post-1973","1":"product","2":"type-product","3":"status-publish","4":"has-post-thumbnail","6":"product_cat-bain-de-bouche","7":"product_cat-bain-de-bouche-soin-dentaire-h","8":"product_cat-soin-dentaire","9":"product_cat-soin-dentaire-h","10":"product_tag-made-in-france","12":"first","13":"outofstock","14":"shipping-taxable","15":"purchasable","16":"product-type-simple"},"yoast_head":"<!-- This site is optimized with the Yoast SEO plugin v27.3 - https:\/\/yoast.com\/product\/yoast-seo-wordpress\/ -->\n<title>LISTERINE BAIN DE BOUCHE 500ML TOTAL CARE - Cosmetic Store<\/title>\n<meta name=\"robots\" content=\"index, follow, max-snippet:-1, max-image-preview:large, max-video-preview:-1\" \/>\n<link rel=\"canonical\" href=\"https:\/\/cosmeticstoredz.com\/ar\/product\/listerine-bain-de-bouche-500ml-total-care\/\" \/>\n<meta property=\"og:locale\" content=\"ar_AR\" \/>\n<meta property=\"og:type\" content=\"article\" \/>\n<meta property=\"og:title\" content=\"LISTERINE BAIN DE BOUCHE 500ML TOTAL CARE - Cosmetic Store\" \/>\n<meta property=\"og:description\" content=\"Bain de bouche antitartre total care LISTERINE POUR UN SOURIRE PLUS CONFIANT, UTILISEZ LISTERINE\u00ae ANTI-TARTRE 2 FOIS PAR JOUR EN COMPL\u00c9MENT DU BROSSAGE. C&#039;EST CLINIQUEMENT PROUV\u00c9*, LISTERINE\u00ae ANTI-TARTRE:   \u25a0 R\u00e9duit la plaque, une cause majeure des probl\u00e8mes de gencives.  \u25a0 Prot\u00e8ge contre la formation de tartre pour garder les dents plus blanches.  \u25a0 Rafra\u00eechit l&#039;haleine jusqu&#039;\u00e0 24 heures.\" \/>\n<meta property=\"og:url\" content=\"https:\/\/cosmeticstoredz.com\/ar\/product\/listerine-bain-de-bouche-500ml-total-care\/\" \/>\n<meta property=\"og:site_name\" content=\"Cosmetic Store\" \/>\n<meta property=\"article:publisher\" content=\"https:\/\/www.facebook.com\/profile.php?id=61564954260683\" \/>\n<meta property=\"article:modified_time\" content=\"2026-04-18T19:23:01+00:00\" \/>\n<meta property=\"og:image\" content=\"https:\/\/cosmeticstoredz.com\/wp-content\/uploads\/2026\/02\/CC-88.png\" \/>\n\t<meta property=\"og:image:width\" content=\"500\" \/>\n\t<meta property=\"og:image:height\" content=\"500\" \/>\n\t<meta property=\"og:image:type\" content=\"image\/png\" \/>\n<meta name=\"twitter:card\" content=\"summary_large_image\" \/>\n<meta name=\"twitter:label1\" content=\"\u0648\u0642\u062a \u0627\u0644\u0642\u0631\u0627\u0621\u0629 \u0627\u0644\u0645\u064f\u0642\u062f\u0651\u0631\" \/>\n\t<meta name=\"twitter:data1\" content=\"\u062f\u0642\u064a\u0642\u0629 \u0648\u0627\u062d\u062f\u0629\" \/>\n<script type=\"application\/ld+json\" class=\"yoast-schema-graph\">{\"@context\":\"https:\\\/\\\/schema.org\",\"@graph\":[{\"@type\":\"WebPage\",\"@id\":\"https:\\\/\\\/cosmeticstoredz.com\\\/produit\\\/listerine-bain-de-bouche-500ml-total-care\\\/\",\"url\":\"https:\\\/\\\/cosmeticstoredz.com\\\/produit\\\/listerine-bain-de-bouche-500ml-total-care\\\/\",\"name\":\"LISTERINE BAIN DE BOUCHE 500ML TOTAL CARE - Cosmetic Store\",\"isPartOf\":{\"@id\":\"https:\\\/\\\/cosmeticstoredz.com\\\/#website\"},\"primaryImageOfPage\":{\"@id\":\"https:\\\/\\\/cosmeticstoredz.com\\\/produit\\\/listerine-bain-de-bouche-500ml-total-care\\\/#primaryimage\"},\"image\":{\"@id\":\"https:\\\/\\\/cosmeticstoredz.com\\\/produit\\\/listerine-bain-de-bouche-500ml-total-care\\\/#primaryimage\"},\"thumbnailUrl\":\"https:\\\/\\\/cosmeticstoredz.com\\\/wp-content\\\/uploads\\\/2026\\\/02\\\/CC-88.png\",\"datePublished\":\"2026-02-16T08:53:12+00:00\",\"dateModified\":\"2026-04-18T19:23:01+00:00\",\"breadcrumb\":{\"@id\":\"https:\\\/\\\/cosmeticstoredz.com\\\/produit\\\/listerine-bain-de-bouche-500ml-total-care\\\/#breadcrumb\"},\"inLanguage\":\"ar\",\"potentialAction\":[{\"@type\":\"ReadAction\",\"target\":[\"https:\\\/\\\/cosmeticstoredz.com\\\/produit\\\/listerine-bain-de-bouche-500ml-total-care\\\/\"]}]},{\"@type\":\"ImageObject\",\"inLanguage\":\"ar\",\"@id\":\"https:\\\/\\\/cosmeticstoredz.com\\\/produit\\\/listerine-bain-de-bouche-500ml-total-care\\\/#primaryimage\",\"url\":\"https:\\\/\\\/cosmeticstoredz.com\\\/wp-content\\\/uploads\\\/2026\\\/02\\\/CC-88.png\",\"contentUrl\":\"https:\\\/\\\/cosmeticstoredz.com\\\/wp-content\\\/uploads\\\/2026\\\/02\\\/CC-88.png\",\"width\":500,\"height\":500},{\"@type\":\"BreadcrumbList\",\"@id\":\"https:\\\/\\\/cosmeticstoredz.com\\\/produit\\\/listerine-bain-de-bouche-500ml-total-care\\\/#breadcrumb\",\"itemListElement\":[{\"@type\":\"ListItem\",\"position\":1,\"name\":\"Accueil\",\"item\":\"https:\\\/\\\/cosmeticstoredz.com\\\/\"},{\"@type\":\"ListItem\",\"position\":2,\"name\":\"Boutique\",\"item\":\"https:\\\/\\\/cosmeticstoredz.com\\\/boutique\\\/\"},{\"@type\":\"ListItem\",\"position\":3,\"name\":\"LISTERINE BAIN DE BOUCHE 500ML TOTAL CARE\"}]},{\"@type\":\"WebSite\",\"@id\":\"https:\\\/\\\/cosmeticstoredz.com\\\/#website\",\"url\":\"https:\\\/\\\/cosmeticstoredz.com\\\/\",\"name\":\"Cosmetic Store\",\"description\":\"\",\"publisher\":{\"@id\":\"https:\\\/\\\/cosmeticstoredz.com\\\/#organization\"},\"potentialAction\":[{\"@type\":\"SearchAction\",\"target\":{\"@type\":\"EntryPoint\",\"urlTemplate\":\"https:\\\/\\\/cosmeticstoredz.com\\\/?s={search_term_string}\"},\"query-input\":{\"@type\":\"PropertyValueSpecification\",\"valueRequired\":true,\"valueName\":\"search_term_string\"}}],\"inLanguage\":\"ar\"},{\"@type\":\"Organization\",\"@id\":\"https:\\\/\\\/cosmeticstoredz.com\\\/#organization\",\"name\":\"Cosmetic Store\",\"url\":\"https:\\\/\\\/cosmeticstoredz.com\\\/\",\"logo\":{\"@type\":\"ImageObject\",\"inLanguage\":\"ar\",\"@id\":\"https:\\\/\\\/cosmeticstoredz.com\\\/#\\\/schema\\\/logo\\\/image\\\/\",\"url\":\"https:\\\/\\\/cosmeticstoredz.com\\\/wp-content\\\/uploads\\\/2026\\\/02\\\/cropped-LOGO_CS-512x512-1-1-e1771275285345.webp\",\"contentUrl\":\"https:\\\/\\\/cosmeticstoredz.com\\\/wp-content\\\/uploads\\\/2026\\\/02\\\/cropped-LOGO_CS-512x512-1-1-e1771275285345.webp\",\"width\":265,\"height\":319,\"caption\":\"Cosmetic Store\"},\"image\":{\"@id\":\"https:\\\/\\\/cosmeticstoredz.com\\\/#\\\/schema\\\/logo\\\/image\\\/\"},\"sameAs\":[\"https:\\\/\\\/www.facebook.com\\\/profile.php?id=61564954260683\",\"https:\\\/\\\/www.instagram.com\\\/cosmetic.storedz\\\/\"]}]}<\/script>\n<!-- \/ Yoast SEO plugin. -->","yoast_head_json":{"title":"LISTERINE BAIN DE BOUCHE 500ML TOTAL CARE - Cosmetic Store","robots":{"index":"index","follow":"follow","max-snippet":"max-snippet:-1","max-image-preview":"max-image-preview:large","max-video-preview":"max-video-preview:-1"},"canonical":"https:\/\/cosmeticstoredz.com\/ar\/product\/listerine-bain-de-bouche-500ml-total-care\/","og_locale":"ar_AR","og_type":"article","og_title":"LISTERINE BAIN DE BOUCHE 500ML TOTAL CARE - Cosmetic Store","og_description":"Bain de bouche antitartre total care LISTERINE POUR UN SOURIRE PLUS CONFIANT, UTILISEZ LISTERINE\u00ae ANTI-TARTRE 2 FOIS PAR JOUR EN COMPL\u00c9MENT DU BROSSAGE. C'EST CLINIQUEMENT PROUV\u00c9*, LISTERINE\u00ae ANTI-TARTRE:   \u25a0 R\u00e9duit la plaque, une cause majeure des probl\u00e8mes de gencives.  \u25a0 Prot\u00e8ge contre la formation de tartre pour garder les dents plus blanches.  \u25a0 Rafra\u00eechit l'haleine jusqu'\u00e0 24 heures.","og_url":"https:\/\/cosmeticstoredz.com\/ar\/product\/listerine-bain-de-bouche-500ml-total-care\/","og_site_name":"Cosmetic Store","article_publisher":"https:\/\/www.facebook.com\/profile.php?id=61564954260683","article_modified_time":"2026-04-18T19:23:01+00:00","og_image":[{"width":500,"height":500,"url":"https:\/\/cosmeticstoredz.com\/wp-content\/uploads\/2026\/02\/CC-88.png","type":"image\/png"}],"twitter_card":"summary_large_image","twitter_misc":{"\u0648\u0642\u062a \u0627\u0644\u0642\u0631\u0627\u0621\u0629 \u0627\u0644\u0645\u064f\u0642\u062f\u0651\u0631":"\u062f\u0642\u064a\u0642\u0629 \u0648\u0627\u062d\u062f\u0629"},"schema":{"@context":"https:\/\/schema.org","@graph":[{"@type":"WebPage","@id":"https:\/\/cosmeticstoredz.com\/produit\/listerine-bain-de-bouche-500ml-total-care\/","url":"https:\/\/cosmeticstoredz.com\/produit\/listerine-bain-de-bouche-500ml-total-care\/","name":"LISTERINE BAIN DE BOUCHE 500ML TOTAL CARE - Cosmetic Store","isPartOf":{"@id":"https:\/\/cosmeticstoredz.com\/#website"},"primaryImageOfPage":{"@id":"https:\/\/cosmeticstoredz.com\/produit\/listerine-bain-de-bouche-500ml-total-care\/#primaryimage"},"image":{"@id":"https:\/\/cosmeticstoredz.com\/produit\/listerine-bain-de-bouche-500ml-total-care\/#primaryimage"},"thumbnailUrl":"https:\/\/cosmeticstoredz.com\/wp-content\/uploads\/2026\/02\/CC-88.png","datePublished":"2026-02-16T08:53:12+00:00","dateModified":"2026-04-18T19:23:01+00:00","breadcrumb":{"@id":"https:\/\/cosmeticstoredz.com\/produit\/listerine-bain-de-bouche-500ml-total-care\/#breadcrumb"},"inLanguage":"ar","potentialAction":[{"@type":"ReadAction","target":["https:\/\/cosmeticstoredz.com\/produit\/listerine-bain-de-bouche-500ml-total-care\/"]}]},{"@type":"ImageObject","inLanguage":"ar","@id":"https:\/\/cosmeticstoredz.com\/produit\/listerine-bain-de-bouche-500ml-total-care\/#primaryimage","url":"https:\/\/cosmeticstoredz.com\/wp-content\/uploads\/2026\/02\/CC-88.png","contentUrl":"https:\/\/cosmeticstoredz.com\/wp-content\/uploads\/2026\/02\/CC-88.png","width":500,"height":500},{"@type":"BreadcrumbList","@id":"https:\/\/cosmeticstoredz.com\/produit\/listerine-bain-de-bouche-500ml-total-care\/#breadcrumb","itemListElement":[{"@type":"ListItem","position":1,"name":"Accueil","item":"https:\/\/cosmeticstoredz.com\/"},{"@type":"ListItem","position":2,"name":"Boutique","item":"https:\/\/cosmeticstoredz.com\/boutique\/"},{"@type":"ListItem","position":3,"name":"LISTERINE BAIN DE BOUCHE 500ML TOTAL CARE"}]},{"@type":"WebSite","@id":"https:\/\/cosmeticstoredz.com\/#website","url":"https:\/\/cosmeticstoredz.com\/","name":"Cosmetic Store","description":"","publisher":{"@id":"https:\/\/cosmeticstoredz.com\/#organization"},"potentialAction":[{"@type":"SearchAction","target":{"@type":"EntryPoint","urlTemplate":"https:\/\/cosmeticstoredz.com\/?s={search_term_string}"},"query-input":{"@type":"PropertyValueSpecification","valueRequired":true,"valueName":"search_term_string"}}],"inLanguage":"ar"},{"@type":"Organization","@id":"https:\/\/cosmeticstoredz.com\/#organization","name":"Cosmetic Store","url":"https:\/\/cosmeticstoredz.com\/","logo":{"@type":"ImageObject","inLanguage":"ar","@id":"https:\/\/cosmeticstoredz.com\/#\/schema\/logo\/image\/","url":"https:\/\/cosmeticstoredz.com\/wp-content\/uploads\/2026\/02\/cropped-LOGO_CS-512x512-1-1-e1771275285345.webp","contentUrl":"https:\/\/cosmeticstoredz.com\/wp-content\/uploads\/2026\/02\/cropped-LOGO_CS-512x512-1-1-e1771275285345.webp","width":265,"height":319,"caption":"Cosmetic Store"},"image":{"@id":"https:\/\/cosmeticstoredz.com\/#\/schema\/logo\/image\/"},"sameAs":["https:\/\/www.facebook.com\/profile.php?id=61564954260683","https:\/\/www.instagram.com\/cosmetic.storedz\/"]}]}},"_links":{"self":[{"href":"https:\/\/cosmeticstoredz.com\/ar\/wp-json\/wp\/v2\/product\/1973","targetHints":{"allow":["GET"]}}],"collection":[{"href":"https:\/\/cosmeticstoredz.com\/ar\/wp-json\/wp\/v2\/product"}],"about":[{"href":"https:\/\/cosmeticstoredz.com\/ar\/wp-json\/wp\/v2\/types\/product"}],"replies":[{"embeddable":true,"href":"https:\/\/cosmeticstoredz.com\/ar\/wp-json\/wp\/v2\/comments?post=1973"}],"version-history":[{"count":1,"href":"https:\/\/cosmeticstoredz.com\/ar\/wp-json\/wp\/v2\/product\/1973\/revisions"}],"predecessor-version":[{"id":2048,"href":"https:\/\/cosmeticstoredz.com\/ar\/wp-json\/wp\/v2\/product\/1973\/revisions\/2048"}],"wp:featuredmedia":[{"embeddable":true,"href":"https:\/\/cosmeticstoredz.com\/ar\/wp-json\/wp\/v2\/media\/2047"}],"wp:attachment":[{"href":"https:\/\/cosmeticstoredz.com\/ar\/wp-json\/wp\/v2\/media?parent=1973"}],"wp:term":[{"taxonomy":"product_brand","embeddable":true,"href":"https:\/\/cosmeticstoredz.com\/ar\/wp-json\/wp\/v2\/product_brand?post=1973"},{"taxonomy":"product_cat","embeddable":true,"href":"https:\/\/cosmeticstoredz.com\/ar\/wp-json\/wp\/v2\/product_cat?post=1973"},{"taxonomy":"product_tag","embeddable":true,"href":"https:\/\/cosmeticstoredz.com\/ar\/wp-json\/wp\/v2\/product_tag?post=1973"}],"curies":[{"name":"wp","href":"https:\/\/api.w.org\/{rel}","templated":true}]}}