{"id":1970,"date":"2026-02-16T08:53:11","date_gmt":"2026-02-16T08:53:11","guid":{"rendered":"https:\/\/test.fitnessworldgym27.com\/?post_type=product&#038;p=1970"},"modified":"2026-03-30T19:24:30","modified_gmt":"2026-03-30T19:24:30","slug":"la-roche-posay-effaclar-gel-moussant-purifiant-400ml","status":"publish","type":"product","link":"https:\/\/cosmeticstoredz.com\/ar\/product\/la-roche-posay-effaclar-gel-moussant-purifiant-400ml\/","title":{"rendered":"LA ROCHE POSAY EFFACLAR GEL MOUSSANT PURIFIANT 400ML"},"content":{"rendered":"<div class=\"ctn_entete clearfix\">\n<p><strong>Effaclar<\/strong><\/p>\n<p><strong>Gel Moussant Purifiant Peaux Grasses et Sensibles<\/strong><\/p>\n<\/div>\n<div class=\"par\">\n<div class=\"par_content\">\n<p>Le Gel EFFACLAR purifie la peau en douceur gr\u00e2ce \u00e0 des agents nettoyants s\u00e9lectionn\u00e9s pour respecter les peaux sensibles. Il \u00e9limine les impuret\u00e9s et l&rsquo;exc\u00e8s de s\u00e9bum en laissant la peau nette et fra\u00eeche.<\/p>\n<\/div>\n<\/div>\n<div class=\"par\">\n<div class=\"par_content\">\n<p>Avec de\u00a0l&rsquo;eau thermale de La Roche-Posay apaisante et anti-irritante &#8211; pH 5.5 &#8211; Sans savon &#8211; Sans alcool &#8211; Sans colorant &#8211; Sans paraben.<\/p>\n<\/div>\n<\/div>\n<div class=\"par\">\n<div class=\"par_content\"><strong style=\"color: #1b1919\">Instructions<\/strong><\/div>\n<\/div>\n<div class=\"block_instructions\">\n<p>Faire mousser dans la main avec un peu d\u2019eau et appliquer sur le visage en massant doucement. Rincer abondamment.<\/p>\n<\/div>","protected":false},"excerpt":{"rendered":"<div class=\"ctn_entete clearfix\">\n<p><strong>EFFACLAR Gel Moussant Purifiant Peaux Grasses et Sensibles<\/strong><\/p>\n<\/div>\n<div class=\"par\">\n<div class=\"par_content\">\n<p>Le Gel EFFACLAR purifie la peau en douceur gr\u00e2ce \u00e0 des agents nettoyants s\u00e9lectionn\u00e9s pour respecter les peaux sensibles. Il \u00e9limine les impuret\u00e9s et l&rsquo;exc\u00e8s de s\u00e9bum en laissant la peau nette et fra\u00eeche.<\/p>\n<\/div>\n<\/div>","protected":false},"featured_media":2041,"comment_status":"closed","ping_status":"closed","template":"","meta":[],"product_brand":[],"product_cat":[75,89,212,76],"product_tag":[125],"class_list":{"0":"post-1970","1":"product","2":"type-product","3":"status-publish","4":"has-post-thumbnail","6":"product_cat-femme","7":"product_cat-gel-nettoyant-f-gel-nettoyant-f","8":"product_cat-la-roche-posey","9":"product_cat-soin-visage-f","10":"product_tag-made-in-france","12":"first","13":"instock","14":"shipping-taxable","15":"purchasable","16":"product-type-simple"},"yoast_head":"<!-- This site is optimized with the Yoast SEO plugin v27.3 - https:\/\/yoast.com\/product\/yoast-seo-wordpress\/ -->\n<title>LA ROCHE POSAY EFFACLAR GEL MOUSSANT PURIFIANT 400ML - Cosmetic Store<\/title>\n<meta name=\"robots\" content=\"index, follow, max-snippet:-1, max-image-preview:large, max-video-preview:-1\" \/>\n<link rel=\"canonical\" href=\"https:\/\/cosmeticstoredz.com\/ar\/product\/la-roche-posay-effaclar-gel-moussant-purifiant-400ml\/\" \/>\n<meta property=\"og:locale\" content=\"ar_AR\" \/>\n<meta property=\"og:type\" content=\"article\" \/>\n<meta property=\"og:title\" content=\"LA ROCHE POSAY EFFACLAR GEL MOUSSANT PURIFIANT 400ML - Cosmetic Store\" \/>\n<meta property=\"og:description\" content=\"EFFACLAR Gel Moussant Purifiant Peaux Grasses et Sensibles      Le Gel EFFACLAR purifie la peau en douceur gr\u00e2ce \u00e0 des agents nettoyants s\u00e9lectionn\u00e9s pour respecter les peaux sensibles. Il \u00e9limine les impuret\u00e9s et l&#039;exc\u00e8s de s\u00e9bum en laissant la peau nette et fra\u00eeche.\" \/>\n<meta property=\"og:url\" content=\"https:\/\/cosmeticstoredz.com\/ar\/product\/la-roche-posay-effaclar-gel-moussant-purifiant-400ml\/\" \/>\n<meta property=\"og:site_name\" content=\"Cosmetic Store\" \/>\n<meta property=\"article:publisher\" content=\"https:\/\/www.facebook.com\/profile.php?id=61564954260683\" \/>\n<meta property=\"article:modified_time\" content=\"2026-03-30T19:24:30+00:00\" \/>\n<meta property=\"og:image\" content=\"https:\/\/cosmeticstoredz.com\/wp-content\/uploads\/2026\/02\/Design-sans-titre-19-2.png\" \/>\n\t<meta property=\"og:image:width\" content=\"1563\" \/>\n\t<meta property=\"og:image:height\" content=\"1563\" \/>\n\t<meta property=\"og:image:type\" content=\"image\/png\" \/>\n<meta name=\"twitter:card\" content=\"summary_large_image\" \/>\n<script type=\"application\/ld+json\" class=\"yoast-schema-graph\">{\"@context\":\"https:\\\/\\\/schema.org\",\"@graph\":[{\"@type\":\"WebPage\",\"@id\":\"https:\\\/\\\/cosmeticstoredz.com\\\/produit\\\/la-roche-posay-effaclar-gel-moussant-purifiant-400ml\\\/\",\"url\":\"https:\\\/\\\/cosmeticstoredz.com\\\/produit\\\/la-roche-posay-effaclar-gel-moussant-purifiant-400ml\\\/\",\"name\":\"LA ROCHE POSAY EFFACLAR GEL MOUSSANT PURIFIANT 400ML - Cosmetic Store\",\"isPartOf\":{\"@id\":\"https:\\\/\\\/cosmeticstoredz.com\\\/#website\"},\"primaryImageOfPage\":{\"@id\":\"https:\\\/\\\/cosmeticstoredz.com\\\/produit\\\/la-roche-posay-effaclar-gel-moussant-purifiant-400ml\\\/#primaryimage\"},\"image\":{\"@id\":\"https:\\\/\\\/cosmeticstoredz.com\\\/produit\\\/la-roche-posay-effaclar-gel-moussant-purifiant-400ml\\\/#primaryimage\"},\"thumbnailUrl\":\"https:\\\/\\\/cosmeticstoredz.com\\\/wp-content\\\/uploads\\\/2026\\\/02\\\/Design-sans-titre-19-2.png\",\"datePublished\":\"2026-02-16T08:53:11+00:00\",\"dateModified\":\"2026-03-30T19:24:30+00:00\",\"breadcrumb\":{\"@id\":\"https:\\\/\\\/cosmeticstoredz.com\\\/produit\\\/la-roche-posay-effaclar-gel-moussant-purifiant-400ml\\\/#breadcrumb\"},\"inLanguage\":\"ar\",\"potentialAction\":[{\"@type\":\"ReadAction\",\"target\":[\"https:\\\/\\\/cosmeticstoredz.com\\\/produit\\\/la-roche-posay-effaclar-gel-moussant-purifiant-400ml\\\/\"]}]},{\"@type\":\"ImageObject\",\"inLanguage\":\"ar\",\"@id\":\"https:\\\/\\\/cosmeticstoredz.com\\\/produit\\\/la-roche-posay-effaclar-gel-moussant-purifiant-400ml\\\/#primaryimage\",\"url\":\"https:\\\/\\\/cosmeticstoredz.com\\\/wp-content\\\/uploads\\\/2026\\\/02\\\/Design-sans-titre-19-2.png\",\"contentUrl\":\"https:\\\/\\\/cosmeticstoredz.com\\\/wp-content\\\/uploads\\\/2026\\\/02\\\/Design-sans-titre-19-2.png\",\"width\":1563,\"height\":1563},{\"@type\":\"BreadcrumbList\",\"@id\":\"https:\\\/\\\/cosmeticstoredz.com\\\/produit\\\/la-roche-posay-effaclar-gel-moussant-purifiant-400ml\\\/#breadcrumb\",\"itemListElement\":[{\"@type\":\"ListItem\",\"position\":1,\"name\":\"Accueil\",\"item\":\"https:\\\/\\\/cosmeticstoredz.com\\\/\"},{\"@type\":\"ListItem\",\"position\":2,\"name\":\"Boutique\",\"item\":\"https:\\\/\\\/cosmeticstoredz.com\\\/boutique\\\/\"},{\"@type\":\"ListItem\",\"position\":3,\"name\":\"LA ROCHE POSAY EFFACLAR GEL MOUSSANT PURIFIANT 400ML\"}]},{\"@type\":\"WebSite\",\"@id\":\"https:\\\/\\\/cosmeticstoredz.com\\\/#website\",\"url\":\"https:\\\/\\\/cosmeticstoredz.com\\\/\",\"name\":\"Cosmetic Store\",\"description\":\"\",\"publisher\":{\"@id\":\"https:\\\/\\\/cosmeticstoredz.com\\\/#organization\"},\"potentialAction\":[{\"@type\":\"SearchAction\",\"target\":{\"@type\":\"EntryPoint\",\"urlTemplate\":\"https:\\\/\\\/cosmeticstoredz.com\\\/?s={search_term_string}\"},\"query-input\":{\"@type\":\"PropertyValueSpecification\",\"valueRequired\":true,\"valueName\":\"search_term_string\"}}],\"inLanguage\":\"ar\"},{\"@type\":\"Organization\",\"@id\":\"https:\\\/\\\/cosmeticstoredz.com\\\/#organization\",\"name\":\"Cosmetic Store\",\"url\":\"https:\\\/\\\/cosmeticstoredz.com\\\/\",\"logo\":{\"@type\":\"ImageObject\",\"inLanguage\":\"ar\",\"@id\":\"https:\\\/\\\/cosmeticstoredz.com\\\/#\\\/schema\\\/logo\\\/image\\\/\",\"url\":\"https:\\\/\\\/cosmeticstoredz.com\\\/wp-content\\\/uploads\\\/2026\\\/02\\\/cropped-LOGO_CS-512x512-1-1-e1771275285345.webp\",\"contentUrl\":\"https:\\\/\\\/cosmeticstoredz.com\\\/wp-content\\\/uploads\\\/2026\\\/02\\\/cropped-LOGO_CS-512x512-1-1-e1771275285345.webp\",\"width\":265,\"height\":319,\"caption\":\"Cosmetic Store\"},\"image\":{\"@id\":\"https:\\\/\\\/cosmeticstoredz.com\\\/#\\\/schema\\\/logo\\\/image\\\/\"},\"sameAs\":[\"https:\\\/\\\/www.facebook.com\\\/profile.php?id=61564954260683\",\"https:\\\/\\\/www.instagram.com\\\/cosmetic.storedz\\\/\"]}]}<\/script>\n<!-- \/ Yoast SEO plugin. -->","yoast_head_json":{"title":"LA ROCHE POSAY EFFACLAR GEL MOUSSANT PURIFIANT 400ML - Cosmetic Store","robots":{"index":"index","follow":"follow","max-snippet":"max-snippet:-1","max-image-preview":"max-image-preview:large","max-video-preview":"max-video-preview:-1"},"canonical":"https:\/\/cosmeticstoredz.com\/ar\/product\/la-roche-posay-effaclar-gel-moussant-purifiant-400ml\/","og_locale":"ar_AR","og_type":"article","og_title":"LA ROCHE POSAY EFFACLAR GEL MOUSSANT PURIFIANT 400ML - Cosmetic Store","og_description":"EFFACLAR Gel Moussant Purifiant Peaux Grasses et Sensibles      Le Gel EFFACLAR purifie la peau en douceur gr\u00e2ce \u00e0 des agents nettoyants s\u00e9lectionn\u00e9s pour respecter les peaux sensibles. Il \u00e9limine les impuret\u00e9s et l'exc\u00e8s de s\u00e9bum en laissant la peau nette et fra\u00eeche.","og_url":"https:\/\/cosmeticstoredz.com\/ar\/product\/la-roche-posay-effaclar-gel-moussant-purifiant-400ml\/","og_site_name":"Cosmetic Store","article_publisher":"https:\/\/www.facebook.com\/profile.php?id=61564954260683","article_modified_time":"2026-03-30T19:24:30+00:00","og_image":[{"width":1563,"height":1563,"url":"https:\/\/cosmeticstoredz.com\/wp-content\/uploads\/2026\/02\/Design-sans-titre-19-2.png","type":"image\/png"}],"twitter_card":"summary_large_image","schema":{"@context":"https:\/\/schema.org","@graph":[{"@type":"WebPage","@id":"https:\/\/cosmeticstoredz.com\/produit\/la-roche-posay-effaclar-gel-moussant-purifiant-400ml\/","url":"https:\/\/cosmeticstoredz.com\/produit\/la-roche-posay-effaclar-gel-moussant-purifiant-400ml\/","name":"LA ROCHE POSAY EFFACLAR GEL MOUSSANT PURIFIANT 400ML - Cosmetic Store","isPartOf":{"@id":"https:\/\/cosmeticstoredz.com\/#website"},"primaryImageOfPage":{"@id":"https:\/\/cosmeticstoredz.com\/produit\/la-roche-posay-effaclar-gel-moussant-purifiant-400ml\/#primaryimage"},"image":{"@id":"https:\/\/cosmeticstoredz.com\/produit\/la-roche-posay-effaclar-gel-moussant-purifiant-400ml\/#primaryimage"},"thumbnailUrl":"https:\/\/cosmeticstoredz.com\/wp-content\/uploads\/2026\/02\/Design-sans-titre-19-2.png","datePublished":"2026-02-16T08:53:11+00:00","dateModified":"2026-03-30T19:24:30+00:00","breadcrumb":{"@id":"https:\/\/cosmeticstoredz.com\/produit\/la-roche-posay-effaclar-gel-moussant-purifiant-400ml\/#breadcrumb"},"inLanguage":"ar","potentialAction":[{"@type":"ReadAction","target":["https:\/\/cosmeticstoredz.com\/produit\/la-roche-posay-effaclar-gel-moussant-purifiant-400ml\/"]}]},{"@type":"ImageObject","inLanguage":"ar","@id":"https:\/\/cosmeticstoredz.com\/produit\/la-roche-posay-effaclar-gel-moussant-purifiant-400ml\/#primaryimage","url":"https:\/\/cosmeticstoredz.com\/wp-content\/uploads\/2026\/02\/Design-sans-titre-19-2.png","contentUrl":"https:\/\/cosmeticstoredz.com\/wp-content\/uploads\/2026\/02\/Design-sans-titre-19-2.png","width":1563,"height":1563},{"@type":"BreadcrumbList","@id":"https:\/\/cosmeticstoredz.com\/produit\/la-roche-posay-effaclar-gel-moussant-purifiant-400ml\/#breadcrumb","itemListElement":[{"@type":"ListItem","position":1,"name":"Accueil","item":"https:\/\/cosmeticstoredz.com\/"},{"@type":"ListItem","position":2,"name":"Boutique","item":"https:\/\/cosmeticstoredz.com\/boutique\/"},{"@type":"ListItem","position":3,"name":"LA ROCHE POSAY EFFACLAR GEL MOUSSANT PURIFIANT 400ML"}]},{"@type":"WebSite","@id":"https:\/\/cosmeticstoredz.com\/#website","url":"https:\/\/cosmeticstoredz.com\/","name":"Cosmetic Store","description":"","publisher":{"@id":"https:\/\/cosmeticstoredz.com\/#organization"},"potentialAction":[{"@type":"SearchAction","target":{"@type":"EntryPoint","urlTemplate":"https:\/\/cosmeticstoredz.com\/?s={search_term_string}"},"query-input":{"@type":"PropertyValueSpecification","valueRequired":true,"valueName":"search_term_string"}}],"inLanguage":"ar"},{"@type":"Organization","@id":"https:\/\/cosmeticstoredz.com\/#organization","name":"Cosmetic Store","url":"https:\/\/cosmeticstoredz.com\/","logo":{"@type":"ImageObject","inLanguage":"ar","@id":"https:\/\/cosmeticstoredz.com\/#\/schema\/logo\/image\/","url":"https:\/\/cosmeticstoredz.com\/wp-content\/uploads\/2026\/02\/cropped-LOGO_CS-512x512-1-1-e1771275285345.webp","contentUrl":"https:\/\/cosmeticstoredz.com\/wp-content\/uploads\/2026\/02\/cropped-LOGO_CS-512x512-1-1-e1771275285345.webp","width":265,"height":319,"caption":"Cosmetic Store"},"image":{"@id":"https:\/\/cosmeticstoredz.com\/#\/schema\/logo\/image\/"},"sameAs":["https:\/\/www.facebook.com\/profile.php?id=61564954260683","https:\/\/www.instagram.com\/cosmetic.storedz\/"]}]}},"_links":{"self":[{"href":"https:\/\/cosmeticstoredz.com\/ar\/wp-json\/wp\/v2\/product\/1970","targetHints":{"allow":["GET"]}}],"collection":[{"href":"https:\/\/cosmeticstoredz.com\/ar\/wp-json\/wp\/v2\/product"}],"about":[{"href":"https:\/\/cosmeticstoredz.com\/ar\/wp-json\/wp\/v2\/types\/product"}],"replies":[{"embeddable":true,"href":"https:\/\/cosmeticstoredz.com\/ar\/wp-json\/wp\/v2\/comments?post=1970"}],"version-history":[{"count":1,"href":"https:\/\/cosmeticstoredz.com\/ar\/wp-json\/wp\/v2\/product\/1970\/revisions"}],"predecessor-version":[{"id":2042,"href":"https:\/\/cosmeticstoredz.com\/ar\/wp-json\/wp\/v2\/product\/1970\/revisions\/2042"}],"wp:featuredmedia":[{"embeddable":true,"href":"https:\/\/cosmeticstoredz.com\/ar\/wp-json\/wp\/v2\/media\/2041"}],"wp:attachment":[{"href":"https:\/\/cosmeticstoredz.com\/ar\/wp-json\/wp\/v2\/media?parent=1970"}],"wp:term":[{"taxonomy":"product_brand","embeddable":true,"href":"https:\/\/cosmeticstoredz.com\/ar\/wp-json\/wp\/v2\/product_brand?post=1970"},{"taxonomy":"product_cat","embeddable":true,"href":"https:\/\/cosmeticstoredz.com\/ar\/wp-json\/wp\/v2\/product_cat?post=1970"},{"taxonomy":"product_tag","embeddable":true,"href":"https:\/\/cosmeticstoredz.com\/ar\/wp-json\/wp\/v2\/product_tag?post=1970"}],"curies":[{"name":"wp","href":"https:\/\/api.w.org\/{rel}","templated":true}]}}