{"id":1969,"date":"2026-02-16T08:53:11","date_gmt":"2026-02-16T08:53:11","guid":{"rendered":"https:\/\/test.fitnessworldgym27.com\/?post_type=product&#038;p=1969"},"modified":"2026-03-30T19:25:21","modified_gmt":"2026-03-30T19:25:21","slug":"le-petit-marseillais-shampoing-figue-de-barbarie","status":"publish","type":"product","link":"https:\/\/cosmeticstoredz.com\/ar\/product\/le-petit-marseillais-shampoing-figue-de-barbarie\/","title":{"rendered":"LE PETIT MARSEILLAIS SHAMPOING  FIGUE DE BARBARIE"},"content":{"rendered":"<p class=\"product-title__title c-text c-text--size-m c-text--style-h3\"><strong>Shampoing Infusion Calendula &amp; Figue De Barbarie LE PETIT MARSEILLAIS<\/strong><\/p>\n<p>NOTRE SECRET Un cuir chevelu sain est la base pour des cheveux en pleine sant\u00e9. D\u00e9couvrez notre gamme INFUSION. Notre recette authentique R\u00c9PARATION prend soin de votre cuir chevelu et de vos cheveux. \u00c0 l&rsquo;Infusion de Calendula et \u00e0 l&rsquo;Huile de Figue de Barbarie BIO.<\/p>","protected":false},"excerpt":{"rendered":"<p class=\"product-title__title c-text c-text--size-m c-text--style-h3\"><strong>Shampoing Infusion Calendula &amp; Figue De Barbarie LE PETIT MARSEILLAIS<\/strong><\/p>\n<p>NOTRE SECRET Un cuir chevelu sain est la base pour des cheveux en pleine sant\u00e9. D\u00e9couvrez notre gamme INFUSION. Notre recette authentique R\u00c9PARATION prend soin de votre cuir chevelu et de vos cheveux. \u00c0 l&rsquo;Infusion de Calendula et \u00e0 l&rsquo;Huile de Figue de Barbarie BIO.<\/p>","protected":false},"featured_media":2039,"comment_status":"open","ping_status":"closed","template":"","meta":[],"product_brand":[],"product_cat":[111,159,95,92],"product_tag":[125],"class_list":{"0":"post-1969","1":"product","2":"type-product","3":"status-publish","4":"has-post-thumbnail","6":"product_cat-shampoing-f","7":"product_cat-shampoing-h","8":"product_cat-soin-cheveux-f","9":"product_cat-soin-cheveux-h","10":"product_tag-made-in-france","12":"first","13":"outofstock","14":"shipping-taxable","15":"purchasable","16":"product-type-simple"},"_links":{"self":[{"href":"https:\/\/cosmeticstoredz.com\/ar\/wp-json\/wp\/v2\/product\/1969","targetHints":{"allow":["GET"]}}],"collection":[{"href":"https:\/\/cosmeticstoredz.com\/ar\/wp-json\/wp\/v2\/product"}],"about":[{"href":"https:\/\/cosmeticstoredz.com\/ar\/wp-json\/wp\/v2\/types\/product"}],"replies":[{"embeddable":true,"href":"https:\/\/cosmeticstoredz.com\/ar\/wp-json\/wp\/v2\/comments?post=1969"}],"version-history":[{"count":1,"href":"https:\/\/cosmeticstoredz.com\/ar\/wp-json\/wp\/v2\/product\/1969\/revisions"}],"predecessor-version":[{"id":2040,"href":"https:\/\/cosmeticstoredz.com\/ar\/wp-json\/wp\/v2\/product\/1969\/revisions\/2040"}],"wp:featuredmedia":[{"embeddable":true,"href":"https:\/\/cosmeticstoredz.com\/ar\/wp-json\/wp\/v2\/media\/2039"}],"wp:attachment":[{"href":"https:\/\/cosmeticstoredz.com\/ar\/wp-json\/wp\/v2\/media?parent=1969"}],"wp:term":[{"taxonomy":"product_brand","embeddable":true,"href":"https:\/\/cosmeticstoredz.com\/ar\/wp-json\/wp\/v2\/product_brand?post=1969"},{"taxonomy":"product_cat","embeddable":true,"href":"https:\/\/cosmeticstoredz.com\/ar\/wp-json\/wp\/v2\/product_cat?post=1969"},{"taxonomy":"product_tag","embeddable":true,"href":"https:\/\/cosmeticstoredz.com\/ar\/wp-json\/wp\/v2\/product_tag?post=1969"}],"curies":[{"name":"wp","href":"https:\/\/api.w.org\/{rel}","templated":true}]}}