{"id":1945,"date":"2026-02-16T08:52:50","date_gmt":"2026-02-16T08:52:50","guid":{"rendered":"https:\/\/test.fitnessworldgym27.com\/?post_type=product&#038;p=1945"},"modified":"2026-04-18T19:22:56","modified_gmt":"2026-04-18T19:22:56","slug":"le-petit-marseillais-shampoing-cedrat-bio","status":"publish","type":"product","link":"https:\/\/cosmeticstoredz.com\/ar\/product\/le-petit-marseillais-shampoing-cedrat-bio\/","title":{"rendered":"LE PETIT MARSEILLAIS SHAMPOING 250ML CEDRAT BIO"},"content":{"rendered":"<p class=\"product-title__title c-text c-text--size-m c-text--style-h3\"><strong>Shampoing Antipelliculaire C\u00e9drat LE PETIT MARSEILLAIS<\/strong><\/p>\n<p>Un cuir chevelu \u00e0 pellicules est avant tout un cuir chevelu agress\u00e9 qui a besoin de beaucoup de douceur. D\u00e9couvrez la v\u00e9ritable recette Infusion Anti-Pelliculaire du Petit Marseillais. Une recette rafra\u00eechissante et tonifiante aux huiles essentielles et au C\u00e9drat BIO, qui \u00e9limine les pellicules imm\u00e9diatement et pour longtemps. D\u00e8s la 1\u00e8re utilisation, les pellicules visibles sont \u00e9limin\u00e9es et vos racines sont purifi\u00e9es, tout en respectant l&rsquo;\u00e9quilibre naturel du cuir chevelu. Notre recette de soin \u00ab d\u00e9tox \u00bb La recette authentique Infusion Anti-pelliculaire du Petit Marseillais est sp\u00e9cialement pens\u00e9e pour r\u00e9\u00e9quilibrer et apaiser votre cuir chevelu, pour purifier vos cheveux d\u00e8s la racine et \u00e9liminer les pellicules durablement ! Ce m\u00e9lange contient des Huiles Essentielles de thym et de romarin, reconnues pour leurs propri\u00e9t\u00e9s anti-pelliculaires, et de camomille, pour ses propri\u00e9t\u00e9s apaisantes. Ces Huiles essentielles sont coupl\u00e9es avec du C\u00e9drat BIO, agrume r\u00e9put\u00e9 pour ses propri\u00e9t\u00e9s tonifiantes. Notre formule de soin UN GESTE NATURE POUR MES CHEVEUX 97% d&rsquo;ingr\u00e9dients d&rsquo;origine naturelle SANS SILICONE pour un toucher naturel 93% d&rsquo;ingr\u00e9dients biod\u00e9gradables Test\u00e9 sous contr\u00f4le dermatologique Respecte et lave les cheveux en douceur.<\/p>\n<div class=\"product-content__title\"><\/div>\n<p>&nbsp;<\/p>","protected":false},"excerpt":{"rendered":"<p class=\"product-title__title c-text c-text--size-m c-text--style-h3\"><strong>Shampoing Antipelliculaire C\u00e9drat LE PETIT MARSEILLAIS<\/strong><\/p>\n<p>Un cuir chevelu \u00e0 pellicules est avant tout un cuir chevelu agress\u00e9 qui a besoin de beaucoup de douceur. D\u00e9couvrez la v\u00e9ritable recette Infusion Anti-Pelliculaire du Petit Marseillais. Une recette rafra\u00eechissante et tonifiante aux huiles essentielles et au C\u00e9drat BIO, qui \u00e9limine les pellicules imm\u00e9diatement et pour longtemps. D\u00e8s la 1\u00e8re utilisation, les pellicules visibles sont \u00e9limin\u00e9es et vos racines sont purifi\u00e9es, tout en respectant l&rsquo;\u00e9quilibre naturel du cuir chevelu.<\/p>","protected":false},"featured_media":2015,"comment_status":"open","ping_status":"closed","template":"","meta":[],"product_brand":[],"product_cat":[111,159,95,92],"product_tag":[125],"class_list":{"0":"post-1945","1":"product","2":"type-product","3":"status-publish","4":"has-post-thumbnail","6":"product_cat-shampoing-f","7":"product_cat-shampoing-h","8":"product_cat-soin-cheveux-f","9":"product_cat-soin-cheveux-h","10":"product_tag-made-in-france","12":"first","13":"instock","14":"shipping-taxable","15":"purchasable","16":"product-type-simple"},"yoast_head":"<!-- This site is optimized with the Yoast SEO plugin v27.3 - https:\/\/yoast.com\/product\/yoast-seo-wordpress\/ -->\n<title>LE PETIT MARSEILLAIS SHAMPOING 250ML CEDRAT BIO - Cosmetic Store<\/title>\n<meta name=\"robots\" content=\"index, follow, max-snippet:-1, max-image-preview:large, max-video-preview:-1\" \/>\n<link rel=\"canonical\" href=\"https:\/\/cosmeticstoredz.com\/ar\/product\/le-petit-marseillais-shampoing-cedrat-bio\/\" \/>\n<meta property=\"og:locale\" content=\"ar_AR\" \/>\n<meta property=\"og:type\" content=\"article\" \/>\n<meta property=\"og:title\" content=\"LE PETIT MARSEILLAIS SHAMPOING 250ML CEDRAT BIO - Cosmetic Store\" \/>\n<meta property=\"og:description\" content=\"Shampoing Antipelliculaire C\u00e9drat LE PETIT MARSEILLAIS Un cuir chevelu \u00e0 pellicules est avant tout un cuir chevelu agress\u00e9 qui a besoin de beaucoup de douceur. D\u00e9couvrez la v\u00e9ritable recette Infusion Anti-Pelliculaire du Petit Marseillais. Une recette rafra\u00eechissante et tonifiante aux huiles essentielles et au C\u00e9drat BIO, qui \u00e9limine les pellicules imm\u00e9diatement et pour longtemps. D\u00e8s la 1\u00e8re utilisation, les pellicules visibles sont \u00e9limin\u00e9es et vos racines sont purifi\u00e9es, tout en respectant l&#039;\u00e9quilibre naturel du cuir chevelu.\" \/>\n<meta property=\"og:url\" content=\"https:\/\/cosmeticstoredz.com\/ar\/product\/le-petit-marseillais-shampoing-cedrat-bio\/\" \/>\n<meta property=\"og:site_name\" content=\"Cosmetic Store\" \/>\n<meta property=\"article:publisher\" content=\"https:\/\/www.facebook.com\/profile.php?id=61564954260683\" \/>\n<meta property=\"article:modified_time\" content=\"2026-04-18T19:22:56+00:00\" \/>\n<meta property=\"og:image\" content=\"https:\/\/cosmeticstoredz.com\/wp-content\/uploads\/2026\/02\/CC-120.png\" \/>\n\t<meta property=\"og:image:width\" content=\"500\" \/>\n\t<meta property=\"og:image:height\" content=\"500\" \/>\n\t<meta property=\"og:image:type\" content=\"image\/png\" \/>\n<meta name=\"twitter:card\" content=\"summary_large_image\" \/>\n<meta name=\"twitter:label1\" content=\"\u0648\u0642\u062a \u0627\u0644\u0642\u0631\u0627\u0621\u0629 \u0627\u0644\u0645\u064f\u0642\u062f\u0651\u0631\" \/>\n\t<meta name=\"twitter:data1\" content=\"\u062f\u0642\u064a\u0642\u0629 \u0648\u0627\u062d\u062f\u0629\" \/>\n<script type=\"application\/ld+json\" class=\"yoast-schema-graph\">{\"@context\":\"https:\\\/\\\/schema.org\",\"@graph\":[{\"@type\":\"WebPage\",\"@id\":\"https:\\\/\\\/cosmeticstoredz.com\\\/produit\\\/le-petit-marseillais-shampoing-cedrat-bio\\\/\",\"url\":\"https:\\\/\\\/cosmeticstoredz.com\\\/produit\\\/le-petit-marseillais-shampoing-cedrat-bio\\\/\",\"name\":\"LE PETIT MARSEILLAIS SHAMPOING 250ML CEDRAT BIO - Cosmetic Store\",\"isPartOf\":{\"@id\":\"https:\\\/\\\/cosmeticstoredz.com\\\/#website\"},\"primaryImageOfPage\":{\"@id\":\"https:\\\/\\\/cosmeticstoredz.com\\\/produit\\\/le-petit-marseillais-shampoing-cedrat-bio\\\/#primaryimage\"},\"image\":{\"@id\":\"https:\\\/\\\/cosmeticstoredz.com\\\/produit\\\/le-petit-marseillais-shampoing-cedrat-bio\\\/#primaryimage\"},\"thumbnailUrl\":\"https:\\\/\\\/cosmeticstoredz.com\\\/wp-content\\\/uploads\\\/2026\\\/02\\\/CC-120.png\",\"datePublished\":\"2026-02-16T08:52:50+00:00\",\"dateModified\":\"2026-04-18T19:22:56+00:00\",\"breadcrumb\":{\"@id\":\"https:\\\/\\\/cosmeticstoredz.com\\\/produit\\\/le-petit-marseillais-shampoing-cedrat-bio\\\/#breadcrumb\"},\"inLanguage\":\"ar\",\"potentialAction\":[{\"@type\":\"ReadAction\",\"target\":[\"https:\\\/\\\/cosmeticstoredz.com\\\/produit\\\/le-petit-marseillais-shampoing-cedrat-bio\\\/\"]}]},{\"@type\":\"ImageObject\",\"inLanguage\":\"ar\",\"@id\":\"https:\\\/\\\/cosmeticstoredz.com\\\/produit\\\/le-petit-marseillais-shampoing-cedrat-bio\\\/#primaryimage\",\"url\":\"https:\\\/\\\/cosmeticstoredz.com\\\/wp-content\\\/uploads\\\/2026\\\/02\\\/CC-120.png\",\"contentUrl\":\"https:\\\/\\\/cosmeticstoredz.com\\\/wp-content\\\/uploads\\\/2026\\\/02\\\/CC-120.png\",\"width\":500,\"height\":500},{\"@type\":\"BreadcrumbList\",\"@id\":\"https:\\\/\\\/cosmeticstoredz.com\\\/produit\\\/le-petit-marseillais-shampoing-cedrat-bio\\\/#breadcrumb\",\"itemListElement\":[{\"@type\":\"ListItem\",\"position\":1,\"name\":\"Accueil\",\"item\":\"https:\\\/\\\/cosmeticstoredz.com\\\/\"},{\"@type\":\"ListItem\",\"position\":2,\"name\":\"Boutique\",\"item\":\"https:\\\/\\\/cosmeticstoredz.com\\\/boutique\\\/\"},{\"@type\":\"ListItem\",\"position\":3,\"name\":\"LE PETIT MARSEILLAIS SHAMPOING 250ML CEDRAT BIO\"}]},{\"@type\":\"WebSite\",\"@id\":\"https:\\\/\\\/cosmeticstoredz.com\\\/#website\",\"url\":\"https:\\\/\\\/cosmeticstoredz.com\\\/\",\"name\":\"Cosmetic Store\",\"description\":\"\",\"publisher\":{\"@id\":\"https:\\\/\\\/cosmeticstoredz.com\\\/#organization\"},\"potentialAction\":[{\"@type\":\"SearchAction\",\"target\":{\"@type\":\"EntryPoint\",\"urlTemplate\":\"https:\\\/\\\/cosmeticstoredz.com\\\/?s={search_term_string}\"},\"query-input\":{\"@type\":\"PropertyValueSpecification\",\"valueRequired\":true,\"valueName\":\"search_term_string\"}}],\"inLanguage\":\"ar\"},{\"@type\":\"Organization\",\"@id\":\"https:\\\/\\\/cosmeticstoredz.com\\\/#organization\",\"name\":\"Cosmetic Store\",\"url\":\"https:\\\/\\\/cosmeticstoredz.com\\\/\",\"logo\":{\"@type\":\"ImageObject\",\"inLanguage\":\"ar\",\"@id\":\"https:\\\/\\\/cosmeticstoredz.com\\\/#\\\/schema\\\/logo\\\/image\\\/\",\"url\":\"https:\\\/\\\/cosmeticstoredz.com\\\/wp-content\\\/uploads\\\/2026\\\/02\\\/cropped-LOGO_CS-512x512-1-1-e1771275285345.webp\",\"contentUrl\":\"https:\\\/\\\/cosmeticstoredz.com\\\/wp-content\\\/uploads\\\/2026\\\/02\\\/cropped-LOGO_CS-512x512-1-1-e1771275285345.webp\",\"width\":265,\"height\":319,\"caption\":\"Cosmetic Store\"},\"image\":{\"@id\":\"https:\\\/\\\/cosmeticstoredz.com\\\/#\\\/schema\\\/logo\\\/image\\\/\"},\"sameAs\":[\"https:\\\/\\\/www.facebook.com\\\/profile.php?id=61564954260683\",\"https:\\\/\\\/www.instagram.com\\\/cosmetic.storedz\\\/\"]}]}<\/script>\n<!-- \/ Yoast SEO plugin. -->","yoast_head_json":{"title":"LE PETIT MARSEILLAIS SHAMPOING 250ML CEDRAT BIO - Cosmetic Store","robots":{"index":"index","follow":"follow","max-snippet":"max-snippet:-1","max-image-preview":"max-image-preview:large","max-video-preview":"max-video-preview:-1"},"canonical":"https:\/\/cosmeticstoredz.com\/ar\/product\/le-petit-marseillais-shampoing-cedrat-bio\/","og_locale":"ar_AR","og_type":"article","og_title":"LE PETIT MARSEILLAIS SHAMPOING 250ML CEDRAT BIO - Cosmetic Store","og_description":"Shampoing Antipelliculaire C\u00e9drat LE PETIT MARSEILLAIS Un cuir chevelu \u00e0 pellicules est avant tout un cuir chevelu agress\u00e9 qui a besoin de beaucoup de douceur. D\u00e9couvrez la v\u00e9ritable recette Infusion Anti-Pelliculaire du Petit Marseillais. Une recette rafra\u00eechissante et tonifiante aux huiles essentielles et au C\u00e9drat BIO, qui \u00e9limine les pellicules imm\u00e9diatement et pour longtemps. D\u00e8s la 1\u00e8re utilisation, les pellicules visibles sont \u00e9limin\u00e9es et vos racines sont purifi\u00e9es, tout en respectant l'\u00e9quilibre naturel du cuir chevelu.","og_url":"https:\/\/cosmeticstoredz.com\/ar\/product\/le-petit-marseillais-shampoing-cedrat-bio\/","og_site_name":"Cosmetic Store","article_publisher":"https:\/\/www.facebook.com\/profile.php?id=61564954260683","article_modified_time":"2026-04-18T19:22:56+00:00","og_image":[{"width":500,"height":500,"url":"https:\/\/cosmeticstoredz.com\/wp-content\/uploads\/2026\/02\/CC-120.png","type":"image\/png"}],"twitter_card":"summary_large_image","twitter_misc":{"\u0648\u0642\u062a \u0627\u0644\u0642\u0631\u0627\u0621\u0629 \u0627\u0644\u0645\u064f\u0642\u062f\u0651\u0631":"\u062f\u0642\u064a\u0642\u0629 \u0648\u0627\u062d\u062f\u0629"},"schema":{"@context":"https:\/\/schema.org","@graph":[{"@type":"WebPage","@id":"https:\/\/cosmeticstoredz.com\/produit\/le-petit-marseillais-shampoing-cedrat-bio\/","url":"https:\/\/cosmeticstoredz.com\/produit\/le-petit-marseillais-shampoing-cedrat-bio\/","name":"LE PETIT MARSEILLAIS SHAMPOING 250ML CEDRAT BIO - Cosmetic Store","isPartOf":{"@id":"https:\/\/cosmeticstoredz.com\/#website"},"primaryImageOfPage":{"@id":"https:\/\/cosmeticstoredz.com\/produit\/le-petit-marseillais-shampoing-cedrat-bio\/#primaryimage"},"image":{"@id":"https:\/\/cosmeticstoredz.com\/produit\/le-petit-marseillais-shampoing-cedrat-bio\/#primaryimage"},"thumbnailUrl":"https:\/\/cosmeticstoredz.com\/wp-content\/uploads\/2026\/02\/CC-120.png","datePublished":"2026-02-16T08:52:50+00:00","dateModified":"2026-04-18T19:22:56+00:00","breadcrumb":{"@id":"https:\/\/cosmeticstoredz.com\/produit\/le-petit-marseillais-shampoing-cedrat-bio\/#breadcrumb"},"inLanguage":"ar","potentialAction":[{"@type":"ReadAction","target":["https:\/\/cosmeticstoredz.com\/produit\/le-petit-marseillais-shampoing-cedrat-bio\/"]}]},{"@type":"ImageObject","inLanguage":"ar","@id":"https:\/\/cosmeticstoredz.com\/produit\/le-petit-marseillais-shampoing-cedrat-bio\/#primaryimage","url":"https:\/\/cosmeticstoredz.com\/wp-content\/uploads\/2026\/02\/CC-120.png","contentUrl":"https:\/\/cosmeticstoredz.com\/wp-content\/uploads\/2026\/02\/CC-120.png","width":500,"height":500},{"@type":"BreadcrumbList","@id":"https:\/\/cosmeticstoredz.com\/produit\/le-petit-marseillais-shampoing-cedrat-bio\/#breadcrumb","itemListElement":[{"@type":"ListItem","position":1,"name":"Accueil","item":"https:\/\/cosmeticstoredz.com\/"},{"@type":"ListItem","position":2,"name":"Boutique","item":"https:\/\/cosmeticstoredz.com\/boutique\/"},{"@type":"ListItem","position":3,"name":"LE PETIT MARSEILLAIS SHAMPOING 250ML CEDRAT BIO"}]},{"@type":"WebSite","@id":"https:\/\/cosmeticstoredz.com\/#website","url":"https:\/\/cosmeticstoredz.com\/","name":"Cosmetic Store","description":"","publisher":{"@id":"https:\/\/cosmeticstoredz.com\/#organization"},"potentialAction":[{"@type":"SearchAction","target":{"@type":"EntryPoint","urlTemplate":"https:\/\/cosmeticstoredz.com\/?s={search_term_string}"},"query-input":{"@type":"PropertyValueSpecification","valueRequired":true,"valueName":"search_term_string"}}],"inLanguage":"ar"},{"@type":"Organization","@id":"https:\/\/cosmeticstoredz.com\/#organization","name":"Cosmetic Store","url":"https:\/\/cosmeticstoredz.com\/","logo":{"@type":"ImageObject","inLanguage":"ar","@id":"https:\/\/cosmeticstoredz.com\/#\/schema\/logo\/image\/","url":"https:\/\/cosmeticstoredz.com\/wp-content\/uploads\/2026\/02\/cropped-LOGO_CS-512x512-1-1-e1771275285345.webp","contentUrl":"https:\/\/cosmeticstoredz.com\/wp-content\/uploads\/2026\/02\/cropped-LOGO_CS-512x512-1-1-e1771275285345.webp","width":265,"height":319,"caption":"Cosmetic Store"},"image":{"@id":"https:\/\/cosmeticstoredz.com\/#\/schema\/logo\/image\/"},"sameAs":["https:\/\/www.facebook.com\/profile.php?id=61564954260683","https:\/\/www.instagram.com\/cosmetic.storedz\/"]}]}},"_links":{"self":[{"href":"https:\/\/cosmeticstoredz.com\/ar\/wp-json\/wp\/v2\/product\/1945","targetHints":{"allow":["GET"]}}],"collection":[{"href":"https:\/\/cosmeticstoredz.com\/ar\/wp-json\/wp\/v2\/product"}],"about":[{"href":"https:\/\/cosmeticstoredz.com\/ar\/wp-json\/wp\/v2\/types\/product"}],"replies":[{"embeddable":true,"href":"https:\/\/cosmeticstoredz.com\/ar\/wp-json\/wp\/v2\/comments?post=1945"}],"version-history":[{"count":2,"href":"https:\/\/cosmeticstoredz.com\/ar\/wp-json\/wp\/v2\/product\/1945\/revisions"}],"predecessor-version":[{"id":26281,"href":"https:\/\/cosmeticstoredz.com\/ar\/wp-json\/wp\/v2\/product\/1945\/revisions\/26281"}],"wp:featuredmedia":[{"embeddable":true,"href":"https:\/\/cosmeticstoredz.com\/ar\/wp-json\/wp\/v2\/media\/2015"}],"wp:attachment":[{"href":"https:\/\/cosmeticstoredz.com\/ar\/wp-json\/wp\/v2\/media?parent=1945"}],"wp:term":[{"taxonomy":"product_brand","embeddable":true,"href":"https:\/\/cosmeticstoredz.com\/ar\/wp-json\/wp\/v2\/product_brand?post=1945"},{"taxonomy":"product_cat","embeddable":true,"href":"https:\/\/cosmeticstoredz.com\/ar\/wp-json\/wp\/v2\/product_cat?post=1945"},{"taxonomy":"product_tag","embeddable":true,"href":"https:\/\/cosmeticstoredz.com\/ar\/wp-json\/wp\/v2\/product_tag?post=1945"}],"curies":[{"name":"wp","href":"https:\/\/api.w.org\/{rel}","templated":true}]}}