{"id":1944,"date":"2026-02-16T08:52:50","date_gmt":"2026-02-16T08:52:50","guid":{"rendered":"https:\/\/test.fitnessworldgym27.com\/?post_type=product&#038;p=1944"},"modified":"2026-03-30T19:25:21","modified_gmt":"2026-03-30T19:25:21","slug":"le-petit-marseillais-shampoing-eau-de-coco","status":"publish","type":"product","link":"https:\/\/cosmeticstoredz.com\/ar\/product\/le-petit-marseillais-shampoing-eau-de-coco\/","title":{"rendered":"LE PETIT MARSEILLAIS SHAMPOING EAU DE COCO"},"content":{"rendered":"<p class=\"product-title__title c-text c-text--size-m c-text--style-h3\"><strong>Shampoing Infusion Calendula Et Eau De Coco LE PETIT MARSEILLAIS<\/strong><!--more--><\/p>\n<p>NOTRE SECRET Un cuir chevelu sain est la base pour des cheveux en pleine sant\u00e9. D\u00e9couvrez notre gamme INFUSION. Notre recette authentique HYDRATATION prend soin de votre cuir chevelu et de vos cheveux. &#8211; Infusion de Calendula BIO : fleur mythique reconnue pour ses propri\u00e9t\u00e9s protectrices et nourrissantes. &#8211; Eau de Coco BIO : r\u00e9put\u00e9e pour son pouvoir hydratant. RESULTATS Votre cuir chevelu est r\u00e9confort\u00e9 et hydrat\u00e9*. Vos cheveux sont hydrat\u00e9s et assouplis sans \u00eatre alourdis. Ils retrouvent douceur, brillance et l\u00e9g\u00e8ret\u00e9, de la racine jusqu&rsquo;aux pointes. UNE ROUTINE SOIN PLAISIR Appliquez sur l&rsquo;ensemble des cheveux, massez soigneusement le cuir chevelu, puis rincez. PSST ! ON VOUS DIT TOUT SUR NOS INGR\u00c9DIENTS ! Dans notre formule, 97% d&rsquo;ingr\u00e9dients d&rsquo;origine naturelle. Les 3% restants ont pour mission de garantir la sensorialit\u00e9 et la bonne conservation de la formule. *Test instrumental sur shampooing + apr\u00e8s-shampooing<\/p>\n<div class=\"product-content__title\"><\/div>\n<p>&nbsp;<\/p>","protected":false},"excerpt":{"rendered":"<p class=\"product-title__title c-text c-text--size-m c-text--style-h3\"><strong>Shampoing Infusion Calendula Et Eau De Coco LE PETIT MARSEILLAIS<\/strong><\/p>\n<p>NOTRE SECRET Un cuir chevelu sain est la base pour des cheveux en pleine sant\u00e9. D\u00e9couvrez notre gamme INFUSION. Notre recette authentique HYDRATATION prend soin de votre cuir chevelu et de vos cheveux. &#8211; Infusion de Calendula BIO : fleur mythique reconnue pour ses propri\u00e9t\u00e9s protectrices et nourrissantes. &#8211; Eau de Coco BIO : r\u00e9put\u00e9e pour son pouvoir hydratant. RESULTATS Votre cuir chevelu est r\u00e9confort\u00e9 et hydrat\u00e9*. Vos cheveux sont hydrat\u00e9s et assouplis sans \u00eatre alourdis.<\/p>","protected":false},"featured_media":2013,"comment_status":"closed","ping_status":"closed","template":"","meta":[],"product_brand":[],"product_cat":[219,111,159,95,92],"product_tag":[125],"class_list":{"0":"post-1944","1":"product","2":"type-product","3":"status-publish","4":"has-post-thumbnail","6":"product_cat-le-petit-marseillais","7":"product_cat-shampoing-f","8":"product_cat-shampoing-h","9":"product_cat-soin-cheveux-f","10":"product_cat-soin-cheveux-h","11":"product_tag-made-in-france","13":"first","14":"outofstock","15":"shipping-taxable","16":"purchasable","17":"product-type-simple"},"_links":{"self":[{"href":"https:\/\/cosmeticstoredz.com\/ar\/wp-json\/wp\/v2\/product\/1944","targetHints":{"allow":["GET"]}}],"collection":[{"href":"https:\/\/cosmeticstoredz.com\/ar\/wp-json\/wp\/v2\/product"}],"about":[{"href":"https:\/\/cosmeticstoredz.com\/ar\/wp-json\/wp\/v2\/types\/product"}],"replies":[{"embeddable":true,"href":"https:\/\/cosmeticstoredz.com\/ar\/wp-json\/wp\/v2\/comments?post=1944"}],"version-history":[{"count":2,"href":"https:\/\/cosmeticstoredz.com\/ar\/wp-json\/wp\/v2\/product\/1944\/revisions"}],"predecessor-version":[{"id":25532,"href":"https:\/\/cosmeticstoredz.com\/ar\/wp-json\/wp\/v2\/product\/1944\/revisions\/25532"}],"wp:featuredmedia":[{"embeddable":true,"href":"https:\/\/cosmeticstoredz.com\/ar\/wp-json\/wp\/v2\/media\/2013"}],"wp:attachment":[{"href":"https:\/\/cosmeticstoredz.com\/ar\/wp-json\/wp\/v2\/media?parent=1944"}],"wp:term":[{"taxonomy":"product_brand","embeddable":true,"href":"https:\/\/cosmeticstoredz.com\/ar\/wp-json\/wp\/v2\/product_brand?post=1944"},{"taxonomy":"product_cat","embeddable":true,"href":"https:\/\/cosmeticstoredz.com\/ar\/wp-json\/wp\/v2\/product_cat?post=1944"},{"taxonomy":"product_tag","embeddable":true,"href":"https:\/\/cosmeticstoredz.com\/ar\/wp-json\/wp\/v2\/product_tag?post=1944"}],"curies":[{"name":"wp","href":"https:\/\/api.w.org\/{rel}","templated":true}]}}