{"id":1943,"date":"2026-02-16T08:52:50","date_gmt":"2026-02-16T08:52:50","guid":{"rendered":"https:\/\/test.fitnessworldgym27.com\/?post_type=product&#038;p=1943"},"modified":"2026-03-30T19:25:21","modified_gmt":"2026-03-30T19:25:21","slug":"le-petit-marseillais-shampoing-pulpe-de-grenade","status":"publish","type":"product","link":"https:\/\/cosmeticstoredz.com\/ar\/product\/le-petit-marseillais-shampoing-pulpe-de-grenade\/","title":{"rendered":"LE PETIT MARSEILLAIS SHAMPOING PULPE DE GRENADE"},"content":{"rendered":"<p class=\"product-title__title c-text c-text--size-m c-text--style-h3\"><strong>Shampoing Coquelicot Grenadine LE PETIT MARSEILLAIS<\/strong><\/p>\n<p>Notre secret Un cuir chevelu sain est la base pour des cheveux en pleine sant\u00e9. Le Petit Marseillais prend soin de votre cuir chevelu ET de vos cheveux. D\u00e9couvrez notre recette authentique Sublime Couleur pour prendre soin de votre cuir chevelu et pour raviver l&rsquo;\u00e9clat de votre couleur. &#8211; Infusion de Coquelicot : fleur embl\u00e9matique reconnue pour ses propri\u00e9t\u00e9s protectrices. &#8211; Grenade BIO : fruit color\u00e9 r\u00e9put\u00e9 pour ses vertus hydratantes contribuant \u00e0 r\u00e9v\u00e9ler l&rsquo;\u00e9clat. R\u00e9sultats : Nourris et prot\u00e9g\u00e9s, vos cheveux retrouvent luminosit\u00e9, brillance et l&rsquo;\u00e9clat de leur couleur. Infiniment doux et soyeux, ils resplendissent de beaut\u00e9 de la racine aux pointes. Une routine soin plaisir : Appliquez sur l&rsquo;ensemble des cheveux et massez le cuir chevelu. Sa texture huile merveilleuse, lib\u00e8re une mousse onctueuse. Laissez-vous enivrer par son parfum ensoleill\u00e9 et fruit\u00e9. Un geste nature pour mes cheveux \u2022 96% d&rsquo;ingr\u00e9dients d&rsquo;origine naturelle \u2022 Sans silicone pour un toucher naturel \u2022 94% d&rsquo;ingr\u00e9dients biod\u00e9gradables \u2022 Respecte et lave les cheveux en douceur .<\/p>\n<div class=\"product-content__title\"><\/div>","protected":false},"excerpt":{"rendered":"<p class=\"product-title__title c-text c-text--size-m c-text--style-h3\"><strong>Shampoing Coquelicot Grenadine LE PETIT MARSEILLAIS<\/strong><\/p>\n<p>Notre secret Un cuir chevelu sain est la base pour des cheveux en pleine sant\u00e9. Le Petit Marseillais prend soin de votre cuir chevelu ET de vos cheveux. D\u00e9couvrez notre recette authentique Sublime Couleur pour prendre soin de votre cuir chevelu et pour raviver l&rsquo;\u00e9clat de votre couleur. &#8211; Infusion de Coquelicot : fleur embl\u00e9matique reconnue pour ses propri\u00e9t\u00e9s protectrices. &#8211; Grenade BIO : fruit color\u00e9 r\u00e9put\u00e9 pour ses vertus hydratantes contribuant \u00e0 r\u00e9v\u00e9ler l&rsquo;\u00e9clat.<\/p>","protected":false},"featured_media":2011,"comment_status":"open","ping_status":"closed","template":"","meta":[],"product_brand":[],"product_cat":[111,159,95,92],"product_tag":[125],"class_list":{"0":"post-1943","1":"product","2":"type-product","3":"status-publish","4":"has-post-thumbnail","6":"product_cat-shampoing-f","7":"product_cat-shampoing-h","8":"product_cat-soin-cheveux-f","9":"product_cat-soin-cheveux-h","10":"product_tag-made-in-france","12":"first","13":"outofstock","14":"shipping-taxable","15":"purchasable","16":"product-type-simple"},"yoast_head":"<!-- This site is optimized with the Yoast SEO plugin v27.3 - https:\/\/yoast.com\/product\/yoast-seo-wordpress\/ -->\n<title>LE PETIT MARSEILLAIS SHAMPOING PULPE DE GRENADE - Cosmetic Store<\/title>\n<meta name=\"robots\" content=\"index, follow, max-snippet:-1, max-image-preview:large, max-video-preview:-1\" \/>\n<link rel=\"canonical\" href=\"https:\/\/cosmeticstoredz.com\/ar\/product\/le-petit-marseillais-shampoing-pulpe-de-grenade\/\" \/>\n<meta property=\"og:locale\" content=\"ar_AR\" \/>\n<meta property=\"og:type\" content=\"article\" \/>\n<meta property=\"og:title\" content=\"LE PETIT MARSEILLAIS SHAMPOING PULPE DE GRENADE - Cosmetic Store\" \/>\n<meta property=\"og:description\" content=\"Shampoing Coquelicot Grenadine LE PETIT MARSEILLAIS Notre secret Un cuir chevelu sain est la base pour des cheveux en pleine sant\u00e9. Le Petit Marseillais prend soin de votre cuir chevelu ET de vos cheveux. D\u00e9couvrez notre recette authentique Sublime Couleur pour prendre soin de votre cuir chevelu et pour raviver l&#039;\u00e9clat de votre couleur. - Infusion de Coquelicot : fleur embl\u00e9matique reconnue pour ses propri\u00e9t\u00e9s protectrices. - Grenade BIO : fruit color\u00e9 r\u00e9put\u00e9 pour ses vertus hydratantes contribuant \u00e0 r\u00e9v\u00e9ler l&#039;\u00e9clat.\" \/>\n<meta property=\"og:url\" content=\"https:\/\/cosmeticstoredz.com\/ar\/product\/le-petit-marseillais-shampoing-pulpe-de-grenade\/\" \/>\n<meta property=\"og:site_name\" content=\"Cosmetic Store\" \/>\n<meta property=\"article:publisher\" content=\"https:\/\/www.facebook.com\/profile.php?id=61564954260683\" \/>\n<meta property=\"article:modified_time\" content=\"2026-03-30T19:25:21+00:00\" \/>\n<meta property=\"og:image\" content=\"https:\/\/cosmeticstoredz.com\/wp-content\/uploads\/2026\/02\/CC-118.png\" \/>\n\t<meta property=\"og:image:width\" content=\"500\" \/>\n\t<meta property=\"og:image:height\" content=\"500\" \/>\n\t<meta property=\"og:image:type\" content=\"image\/png\" \/>\n<meta name=\"twitter:card\" content=\"summary_large_image\" \/>\n<meta name=\"twitter:label1\" content=\"\u0648\u0642\u062a \u0627\u0644\u0642\u0631\u0627\u0621\u0629 \u0627\u0644\u0645\u064f\u0642\u062f\u0651\u0631\" \/>\n\t<meta name=\"twitter:data1\" content=\"\u062f\u0642\u064a\u0642\u0629 \u0648\u0627\u062d\u062f\u0629\" \/>\n<script type=\"application\/ld+json\" class=\"yoast-schema-graph\">{\"@context\":\"https:\\\/\\\/schema.org\",\"@graph\":[{\"@type\":\"WebPage\",\"@id\":\"https:\\\/\\\/cosmeticstoredz.com\\\/produit\\\/le-petit-marseillais-shampoing-pulpe-de-grenade\\\/\",\"url\":\"https:\\\/\\\/cosmeticstoredz.com\\\/produit\\\/le-petit-marseillais-shampoing-pulpe-de-grenade\\\/\",\"name\":\"LE PETIT MARSEILLAIS SHAMPOING PULPE DE GRENADE - Cosmetic Store\",\"isPartOf\":{\"@id\":\"https:\\\/\\\/cosmeticstoredz.com\\\/#website\"},\"primaryImageOfPage\":{\"@id\":\"https:\\\/\\\/cosmeticstoredz.com\\\/produit\\\/le-petit-marseillais-shampoing-pulpe-de-grenade\\\/#primaryimage\"},\"image\":{\"@id\":\"https:\\\/\\\/cosmeticstoredz.com\\\/produit\\\/le-petit-marseillais-shampoing-pulpe-de-grenade\\\/#primaryimage\"},\"thumbnailUrl\":\"https:\\\/\\\/cosmeticstoredz.com\\\/wp-content\\\/uploads\\\/2026\\\/02\\\/CC-118.png\",\"datePublished\":\"2026-02-16T08:52:50+00:00\",\"dateModified\":\"2026-03-30T19:25:21+00:00\",\"breadcrumb\":{\"@id\":\"https:\\\/\\\/cosmeticstoredz.com\\\/produit\\\/le-petit-marseillais-shampoing-pulpe-de-grenade\\\/#breadcrumb\"},\"inLanguage\":\"ar\",\"potentialAction\":[{\"@type\":\"ReadAction\",\"target\":[\"https:\\\/\\\/cosmeticstoredz.com\\\/produit\\\/le-petit-marseillais-shampoing-pulpe-de-grenade\\\/\"]}]},{\"@type\":\"ImageObject\",\"inLanguage\":\"ar\",\"@id\":\"https:\\\/\\\/cosmeticstoredz.com\\\/produit\\\/le-petit-marseillais-shampoing-pulpe-de-grenade\\\/#primaryimage\",\"url\":\"https:\\\/\\\/cosmeticstoredz.com\\\/wp-content\\\/uploads\\\/2026\\\/02\\\/CC-118.png\",\"contentUrl\":\"https:\\\/\\\/cosmeticstoredz.com\\\/wp-content\\\/uploads\\\/2026\\\/02\\\/CC-118.png\",\"width\":500,\"height\":500},{\"@type\":\"BreadcrumbList\",\"@id\":\"https:\\\/\\\/cosmeticstoredz.com\\\/produit\\\/le-petit-marseillais-shampoing-pulpe-de-grenade\\\/#breadcrumb\",\"itemListElement\":[{\"@type\":\"ListItem\",\"position\":1,\"name\":\"Accueil\",\"item\":\"https:\\\/\\\/cosmeticstoredz.com\\\/\"},{\"@type\":\"ListItem\",\"position\":2,\"name\":\"Boutique\",\"item\":\"https:\\\/\\\/cosmeticstoredz.com\\\/boutique\\\/\"},{\"@type\":\"ListItem\",\"position\":3,\"name\":\"LE PETIT MARSEILLAIS SHAMPOING PULPE DE GRENADE\"}]},{\"@type\":\"WebSite\",\"@id\":\"https:\\\/\\\/cosmeticstoredz.com\\\/#website\",\"url\":\"https:\\\/\\\/cosmeticstoredz.com\\\/\",\"name\":\"Cosmetic Store\",\"description\":\"\",\"publisher\":{\"@id\":\"https:\\\/\\\/cosmeticstoredz.com\\\/#organization\"},\"potentialAction\":[{\"@type\":\"SearchAction\",\"target\":{\"@type\":\"EntryPoint\",\"urlTemplate\":\"https:\\\/\\\/cosmeticstoredz.com\\\/?s={search_term_string}\"},\"query-input\":{\"@type\":\"PropertyValueSpecification\",\"valueRequired\":true,\"valueName\":\"search_term_string\"}}],\"inLanguage\":\"ar\"},{\"@type\":\"Organization\",\"@id\":\"https:\\\/\\\/cosmeticstoredz.com\\\/#organization\",\"name\":\"Cosmetic Store\",\"url\":\"https:\\\/\\\/cosmeticstoredz.com\\\/\",\"logo\":{\"@type\":\"ImageObject\",\"inLanguage\":\"ar\",\"@id\":\"https:\\\/\\\/cosmeticstoredz.com\\\/#\\\/schema\\\/logo\\\/image\\\/\",\"url\":\"https:\\\/\\\/cosmeticstoredz.com\\\/wp-content\\\/uploads\\\/2026\\\/02\\\/cropped-LOGO_CS-512x512-1-1-e1771275285345.webp\",\"contentUrl\":\"https:\\\/\\\/cosmeticstoredz.com\\\/wp-content\\\/uploads\\\/2026\\\/02\\\/cropped-LOGO_CS-512x512-1-1-e1771275285345.webp\",\"width\":265,\"height\":319,\"caption\":\"Cosmetic Store\"},\"image\":{\"@id\":\"https:\\\/\\\/cosmeticstoredz.com\\\/#\\\/schema\\\/logo\\\/image\\\/\"},\"sameAs\":[\"https:\\\/\\\/www.facebook.com\\\/profile.php?id=61564954260683\",\"https:\\\/\\\/www.instagram.com\\\/cosmetic.storedz\\\/\"]}]}<\/script>\n<!-- \/ Yoast SEO plugin. -->","yoast_head_json":{"title":"LE PETIT MARSEILLAIS SHAMPOING PULPE DE GRENADE - Cosmetic Store","robots":{"index":"index","follow":"follow","max-snippet":"max-snippet:-1","max-image-preview":"max-image-preview:large","max-video-preview":"max-video-preview:-1"},"canonical":"https:\/\/cosmeticstoredz.com\/ar\/product\/le-petit-marseillais-shampoing-pulpe-de-grenade\/","og_locale":"ar_AR","og_type":"article","og_title":"LE PETIT MARSEILLAIS SHAMPOING PULPE DE GRENADE - Cosmetic Store","og_description":"Shampoing Coquelicot Grenadine LE PETIT MARSEILLAIS Notre secret Un cuir chevelu sain est la base pour des cheveux en pleine sant\u00e9. Le Petit Marseillais prend soin de votre cuir chevelu ET de vos cheveux. D\u00e9couvrez notre recette authentique Sublime Couleur pour prendre soin de votre cuir chevelu et pour raviver l'\u00e9clat de votre couleur. - Infusion de Coquelicot : fleur embl\u00e9matique reconnue pour ses propri\u00e9t\u00e9s protectrices. - Grenade BIO : fruit color\u00e9 r\u00e9put\u00e9 pour ses vertus hydratantes contribuant \u00e0 r\u00e9v\u00e9ler l'\u00e9clat.","og_url":"https:\/\/cosmeticstoredz.com\/ar\/product\/le-petit-marseillais-shampoing-pulpe-de-grenade\/","og_site_name":"Cosmetic Store","article_publisher":"https:\/\/www.facebook.com\/profile.php?id=61564954260683","article_modified_time":"2026-03-30T19:25:21+00:00","og_image":[{"width":500,"height":500,"url":"https:\/\/cosmeticstoredz.com\/wp-content\/uploads\/2026\/02\/CC-118.png","type":"image\/png"}],"twitter_card":"summary_large_image","twitter_misc":{"\u0648\u0642\u062a \u0627\u0644\u0642\u0631\u0627\u0621\u0629 \u0627\u0644\u0645\u064f\u0642\u062f\u0651\u0631":"\u062f\u0642\u064a\u0642\u0629 \u0648\u0627\u062d\u062f\u0629"},"schema":{"@context":"https:\/\/schema.org","@graph":[{"@type":"WebPage","@id":"https:\/\/cosmeticstoredz.com\/produit\/le-petit-marseillais-shampoing-pulpe-de-grenade\/","url":"https:\/\/cosmeticstoredz.com\/produit\/le-petit-marseillais-shampoing-pulpe-de-grenade\/","name":"LE PETIT MARSEILLAIS SHAMPOING PULPE DE GRENADE - Cosmetic Store","isPartOf":{"@id":"https:\/\/cosmeticstoredz.com\/#website"},"primaryImageOfPage":{"@id":"https:\/\/cosmeticstoredz.com\/produit\/le-petit-marseillais-shampoing-pulpe-de-grenade\/#primaryimage"},"image":{"@id":"https:\/\/cosmeticstoredz.com\/produit\/le-petit-marseillais-shampoing-pulpe-de-grenade\/#primaryimage"},"thumbnailUrl":"https:\/\/cosmeticstoredz.com\/wp-content\/uploads\/2026\/02\/CC-118.png","datePublished":"2026-02-16T08:52:50+00:00","dateModified":"2026-03-30T19:25:21+00:00","breadcrumb":{"@id":"https:\/\/cosmeticstoredz.com\/produit\/le-petit-marseillais-shampoing-pulpe-de-grenade\/#breadcrumb"},"inLanguage":"ar","potentialAction":[{"@type":"ReadAction","target":["https:\/\/cosmeticstoredz.com\/produit\/le-petit-marseillais-shampoing-pulpe-de-grenade\/"]}]},{"@type":"ImageObject","inLanguage":"ar","@id":"https:\/\/cosmeticstoredz.com\/produit\/le-petit-marseillais-shampoing-pulpe-de-grenade\/#primaryimage","url":"https:\/\/cosmeticstoredz.com\/wp-content\/uploads\/2026\/02\/CC-118.png","contentUrl":"https:\/\/cosmeticstoredz.com\/wp-content\/uploads\/2026\/02\/CC-118.png","width":500,"height":500},{"@type":"BreadcrumbList","@id":"https:\/\/cosmeticstoredz.com\/produit\/le-petit-marseillais-shampoing-pulpe-de-grenade\/#breadcrumb","itemListElement":[{"@type":"ListItem","position":1,"name":"Accueil","item":"https:\/\/cosmeticstoredz.com\/"},{"@type":"ListItem","position":2,"name":"Boutique","item":"https:\/\/cosmeticstoredz.com\/boutique\/"},{"@type":"ListItem","position":3,"name":"LE PETIT MARSEILLAIS SHAMPOING PULPE DE GRENADE"}]},{"@type":"WebSite","@id":"https:\/\/cosmeticstoredz.com\/#website","url":"https:\/\/cosmeticstoredz.com\/","name":"Cosmetic Store","description":"","publisher":{"@id":"https:\/\/cosmeticstoredz.com\/#organization"},"potentialAction":[{"@type":"SearchAction","target":{"@type":"EntryPoint","urlTemplate":"https:\/\/cosmeticstoredz.com\/?s={search_term_string}"},"query-input":{"@type":"PropertyValueSpecification","valueRequired":true,"valueName":"search_term_string"}}],"inLanguage":"ar"},{"@type":"Organization","@id":"https:\/\/cosmeticstoredz.com\/#organization","name":"Cosmetic Store","url":"https:\/\/cosmeticstoredz.com\/","logo":{"@type":"ImageObject","inLanguage":"ar","@id":"https:\/\/cosmeticstoredz.com\/#\/schema\/logo\/image\/","url":"https:\/\/cosmeticstoredz.com\/wp-content\/uploads\/2026\/02\/cropped-LOGO_CS-512x512-1-1-e1771275285345.webp","contentUrl":"https:\/\/cosmeticstoredz.com\/wp-content\/uploads\/2026\/02\/cropped-LOGO_CS-512x512-1-1-e1771275285345.webp","width":265,"height":319,"caption":"Cosmetic Store"},"image":{"@id":"https:\/\/cosmeticstoredz.com\/#\/schema\/logo\/image\/"},"sameAs":["https:\/\/www.facebook.com\/profile.php?id=61564954260683","https:\/\/www.instagram.com\/cosmetic.storedz\/"]}]}},"_links":{"self":[{"href":"https:\/\/cosmeticstoredz.com\/ar\/wp-json\/wp\/v2\/product\/1943","targetHints":{"allow":["GET"]}}],"collection":[{"href":"https:\/\/cosmeticstoredz.com\/ar\/wp-json\/wp\/v2\/product"}],"about":[{"href":"https:\/\/cosmeticstoredz.com\/ar\/wp-json\/wp\/v2\/types\/product"}],"replies":[{"embeddable":true,"href":"https:\/\/cosmeticstoredz.com\/ar\/wp-json\/wp\/v2\/comments?post=1943"}],"version-history":[{"count":1,"href":"https:\/\/cosmeticstoredz.com\/ar\/wp-json\/wp\/v2\/product\/1943\/revisions"}],"predecessor-version":[{"id":2012,"href":"https:\/\/cosmeticstoredz.com\/ar\/wp-json\/wp\/v2\/product\/1943\/revisions\/2012"}],"wp:featuredmedia":[{"embeddable":true,"href":"https:\/\/cosmeticstoredz.com\/ar\/wp-json\/wp\/v2\/media\/2011"}],"wp:attachment":[{"href":"https:\/\/cosmeticstoredz.com\/ar\/wp-json\/wp\/v2\/media?parent=1943"}],"wp:term":[{"taxonomy":"product_brand","embeddable":true,"href":"https:\/\/cosmeticstoredz.com\/ar\/wp-json\/wp\/v2\/product_brand?post=1943"},{"taxonomy":"product_cat","embeddable":true,"href":"https:\/\/cosmeticstoredz.com\/ar\/wp-json\/wp\/v2\/product_cat?post=1943"},{"taxonomy":"product_tag","embeddable":true,"href":"https:\/\/cosmeticstoredz.com\/ar\/wp-json\/wp\/v2\/product_tag?post=1943"}],"curies":[{"name":"wp","href":"https:\/\/api.w.org\/{rel}","templated":true}]}}