{"id":1941,"date":"2026-02-16T08:52:50","date_gmt":"2026-02-16T08:52:50","guid":{"rendered":"https:\/\/test.fitnessworldgym27.com\/?post_type=product&#038;p=1941"},"modified":"2026-03-30T19:25:21","modified_gmt":"2026-03-30T19:25:21","slug":"le-petit-marseillais-shampoing-huile-d-argan","status":"publish","type":"product","link":"https:\/\/cosmeticstoredz.com\/ar\/product\/le-petit-marseillais-shampoing-huile-d-argan\/","title":{"rendered":"LE PETIT MARSEILLAIS SHAMPOING HUILE D ARGAN"},"content":{"rendered":"<p class=\"product-title__title c-text c-text--size-m c-text--style-h3\"><strong>Shampoing Calendula Et Argan LE PETIT MARSEILLAIS<\/strong><\/p>\n<p>Notre secret Un cuir chevelu sain est la base pour des cheveux en pleine sant\u00e9. Le Petit Marseillais prend soin de votre cuir chevelu ET de vos cheveux. D\u00e9couvrez notre recette authentique Nutrition Richesse pour prendre soin de votre cuir chevelu et pour nourrir intens\u00e9ment vos cheveux. &#8211; Infusion de Calendula : fleur mythique reconnue pour ses propri\u00e9t\u00e9s protectrices et nourrissantes. &#8211; Huile d&rsquo;Argan : r\u00e9put\u00e9e pour son pouvoir hautement nutritif. R\u00e9sultats : Intens\u00e9ment nourris, vos cheveux retrouvent une infinie douceur et souplesse. Brillants et soyeux, ils resplendissent de beaut\u00e9 de la racine aux pointes. Une routine soin plaisir : Appliquez sur l&rsquo;ensemble des cheveux et massez le cuir chevelu. Sa texture huile extraordinaire, au parfum chaud et gourmand, lib\u00e8re une mousse riche et onctueuse. Un geste nature pour mes cheveux \u2022 96% d&rsquo;ingr\u00e9dients d&rsquo;origine naturelle \u2022 Sans silicone pour un toucher naturel \u2022 93% d&rsquo;ingr\u00e9dients biod\u00e9gradables \u2022 Respecte et lave les cheveux en douceur<\/p>\n<div class=\"product-content__title\"><\/div>\n<p class=\"c-text c-text--size-m c-text--style-p\" data-v-66cc25a1=\"\">","protected":false},"excerpt":{"rendered":"<p class=\"product-title__title c-text c-text--size-m c-text--style-h3\"><strong>Shampoing Calendula Et Argan LE PETIT MARSEILLAIS<\/strong><\/p>\n<p>Notre secret Un cuir chevelu sain est la base pour des cheveux en pleine sant\u00e9. Le Petit Marseillais prend soin de votre cuir chevelu ET de vos cheveux. D\u00e9couvrez notre recette authentique Nutrition Richesse pour prendre soin de votre cuir chevelu et pour nourrir intens\u00e9ment vos cheveux. &#8211; Infusion de Calendula : fleur mythique reconnue pour ses propri\u00e9t\u00e9s protectrices et nourrissantes. &#8211; Huile d&rsquo;Argan : r\u00e9put\u00e9e pour son pouvoir hautement nutritif. R\u00e9sultats : Intens\u00e9ment nourris, vos cheveux retrouvent une infinie douceur et souplesse.<\/p>","protected":false},"featured_media":2007,"comment_status":"open","ping_status":"closed","template":"","meta":[],"product_brand":[],"product_cat":[111,159,95,92],"product_tag":[125],"class_list":{"0":"post-1941","1":"product","2":"type-product","3":"status-publish","4":"has-post-thumbnail","6":"product_cat-shampoing-f","7":"product_cat-shampoing-h","8":"product_cat-soin-cheveux-f","9":"product_cat-soin-cheveux-h","10":"product_tag-made-in-france","12":"first","13":"outofstock","14":"shipping-taxable","15":"purchasable","16":"product-type-simple"},"_links":{"self":[{"href":"https:\/\/cosmeticstoredz.com\/ar\/wp-json\/wp\/v2\/product\/1941","targetHints":{"allow":["GET"]}}],"collection":[{"href":"https:\/\/cosmeticstoredz.com\/ar\/wp-json\/wp\/v2\/product"}],"about":[{"href":"https:\/\/cosmeticstoredz.com\/ar\/wp-json\/wp\/v2\/types\/product"}],"replies":[{"embeddable":true,"href":"https:\/\/cosmeticstoredz.com\/ar\/wp-json\/wp\/v2\/comments?post=1941"}],"version-history":[{"count":1,"href":"https:\/\/cosmeticstoredz.com\/ar\/wp-json\/wp\/v2\/product\/1941\/revisions"}],"predecessor-version":[{"id":2008,"href":"https:\/\/cosmeticstoredz.com\/ar\/wp-json\/wp\/v2\/product\/1941\/revisions\/2008"}],"wp:featuredmedia":[{"embeddable":true,"href":"https:\/\/cosmeticstoredz.com\/ar\/wp-json\/wp\/v2\/media\/2007"}],"wp:attachment":[{"href":"https:\/\/cosmeticstoredz.com\/ar\/wp-json\/wp\/v2\/media?parent=1941"}],"wp:term":[{"taxonomy":"product_brand","embeddable":true,"href":"https:\/\/cosmeticstoredz.com\/ar\/wp-json\/wp\/v2\/product_brand?post=1941"},{"taxonomy":"product_cat","embeddable":true,"href":"https:\/\/cosmeticstoredz.com\/ar\/wp-json\/wp\/v2\/product_cat?post=1941"},{"taxonomy":"product_tag","embeddable":true,"href":"https:\/\/cosmeticstoredz.com\/ar\/wp-json\/wp\/v2\/product_tag?post=1941"}],"curies":[{"name":"wp","href":"https:\/\/api.w.org\/{rel}","templated":true}]}}