{"id":1937,"date":"2026-02-16T08:52:49","date_gmt":"2026-02-16T08:52:49","guid":{"rendered":"https:\/\/test.fitnessworldgym27.com\/?post_type=product&#038;p=1937"},"modified":"2026-03-30T19:25:21","modified_gmt":"2026-03-30T19:25:21","slug":"le-petit-marseillais-shampoing-camomille","status":"publish","type":"product","link":"https:\/\/cosmeticstoredz.com\/ar\/product\/le-petit-marseillais-shampoing-camomille\/","title":{"rendered":"LE PETIT MARSEILLAIS SHAMPOING CAMOMILLE"},"content":{"rendered":"<p><strong>Le Petit Marseillais Shampoing Doux Blond Ensoleill\u00e9 250 ml<\/strong> est un shampoing doux qui permet de sublimer les reflets de vos cheveux blonds, tout en les renfor\u00e7ant.<\/p>\n<p>Il se compose :<\/p>\n<ul>\n<li>de camomille bio : petite fleur r\u00e9colt\u00e9e en France, r\u00e9put\u00e9e pour rehausser et prot\u00e9ger l&rsquo;\u00e9clat des cheveux blonds.<\/li>\n<li>de miel de fleurs bio : ingr\u00e9dient embl\u00e9matique de la Provence, reconnu pour ses vertus adoucissantes.<\/li>\n<\/ul>\n<p>R\u00e9sultats : Faciles \u00e0 d\u00e9m\u00ealer, vos cheveux sont doux et leur brillance est durablement raviv\u00e9e. Illumin\u00e9s comme en \u00e9t\u00e9, ils se parent de beaux reflets naturels.<\/p>\n<p>94% d&rsquo;ingr\u00e9dients biod\u00e9gradables. Test\u00e9 sous contr\u00f4le dermatologique. Sans silicone pour un toucher naturel.<\/p>\n<div id=\"type_info_prio_6_1\">\n<p><strong>Conseils :<\/strong> Appliquez sur l&rsquo;ensemble des cheveux, massez d\u00e9licatement le cuir chevelu puis rincez.<\/p>\n<p><strong><span class=\"bold\">Indication<\/span><\/strong>\u00a0:\u00a0<span id=\"type_info_prio_6_2_1\">Shampoing doux \u00e0 la Camomille et au Miel de Fleur bio pour illuminer et raviver les reflets des cheveux blonds \u00e0 ch\u00e2tain clair.<\/span><\/p>\n<\/div>","protected":false},"excerpt":{"rendered":"<p><strong>Le Petit Marseillais Shampoing Doux Blond Ensoleill\u00e9 250 ml<\/strong> est un shampoing doux qui permet de sublimer les reflets de vos cheveux blonds, tout en les renfor\u00e7ant.<\/p>\n<p>Il se compose :<\/p>\n<ul>\n<li>de camomille bio : petite fleur r\u00e9colt\u00e9e en France, r\u00e9put\u00e9e pour rehausser et prot\u00e9ger l&rsquo;\u00e9clat des cheveux blonds.<\/li>\n<li>de miel de fleurs bio : ingr\u00e9dient embl\u00e9matique de la Provence, reconnu pour ses vertus adoucissantes.<\/li>\n<\/ul>","protected":false},"featured_media":1999,"comment_status":"open","ping_status":"closed","template":"","meta":[],"product_brand":[],"product_cat":[111,159,95,92],"product_tag":[125],"class_list":{"0":"post-1937","1":"product","2":"type-product","3":"status-publish","4":"has-post-thumbnail","6":"product_cat-shampoing-f","7":"product_cat-shampoing-h","8":"product_cat-soin-cheveux-f","9":"product_cat-soin-cheveux-h","10":"product_tag-made-in-france","12":"first","13":"outofstock","14":"shipping-taxable","15":"purchasable","16":"product-type-simple"},"_links":{"self":[{"href":"https:\/\/cosmeticstoredz.com\/ar\/wp-json\/wp\/v2\/product\/1937","targetHints":{"allow":["GET"]}}],"collection":[{"href":"https:\/\/cosmeticstoredz.com\/ar\/wp-json\/wp\/v2\/product"}],"about":[{"href":"https:\/\/cosmeticstoredz.com\/ar\/wp-json\/wp\/v2\/types\/product"}],"replies":[{"embeddable":true,"href":"https:\/\/cosmeticstoredz.com\/ar\/wp-json\/wp\/v2\/comments?post=1937"}],"version-history":[{"count":1,"href":"https:\/\/cosmeticstoredz.com\/ar\/wp-json\/wp\/v2\/product\/1937\/revisions"}],"predecessor-version":[{"id":2000,"href":"https:\/\/cosmeticstoredz.com\/ar\/wp-json\/wp\/v2\/product\/1937\/revisions\/2000"}],"wp:featuredmedia":[{"embeddable":true,"href":"https:\/\/cosmeticstoredz.com\/ar\/wp-json\/wp\/v2\/media\/1999"}],"wp:attachment":[{"href":"https:\/\/cosmeticstoredz.com\/ar\/wp-json\/wp\/v2\/media?parent=1937"}],"wp:term":[{"taxonomy":"product_brand","embeddable":true,"href":"https:\/\/cosmeticstoredz.com\/ar\/wp-json\/wp\/v2\/product_brand?post=1937"},{"taxonomy":"product_cat","embeddable":true,"href":"https:\/\/cosmeticstoredz.com\/ar\/wp-json\/wp\/v2\/product_cat?post=1937"},{"taxonomy":"product_tag","embeddable":true,"href":"https:\/\/cosmeticstoredz.com\/ar\/wp-json\/wp\/v2\/product_tag?post=1937"}],"curies":[{"name":"wp","href":"https:\/\/api.w.org\/{rel}","templated":true}]}}