{"id":1932,"date":"2026-02-16T08:52:49","date_gmt":"2026-02-16T08:52:49","guid":{"rendered":"https:\/\/test.fitnessworldgym27.com\/?post_type=product&#038;p=1932"},"modified":"2026-03-30T19:27:03","modified_gmt":"2026-03-30T19:27:03","slug":"le-petit-marseillais-apres-shampoing-eau-de-coco","status":"publish","type":"product","link":"https:\/\/cosmeticstoredz.com\/ar\/product\/le-petit-marseillais-apres-shampoing-eau-de-coco\/","title":{"rendered":"LE PETIT MARSEILLAIS APRES SHAMPOING EAU DE COCO"},"content":{"rendered":"<p class=\"product-title__title c-text c-text--size-m c-text--style-h3\"><strong>Apr\u00e8s-shampoing Infusion De Calendula &amp; Eau De Coco LE PETIT MARSEILLAIS<\/strong><\/p>\n<p>D\u00e9couvrez notre gamme INFUSION. Notre recette authentique HYDRATATION prend soin de votre cuir chevelu et de vos cheveux. &#8211; Infusion de Calendula BIO : fleur mythique reconnue pour ses propri\u00e9t\u00e9s protectrices et nourrissantes. &#8211; Eau de Coco BIO : r\u00e9put\u00e9e pour son pouvoir hydratant. Parfaitement d\u00e9m\u00eal\u00e9s, vos cheveux sont hydrat\u00e9s et assouplis sans \u00eatre alourdis. Ils retrouvent douceur, brillance et l\u00e9g\u00e8ret\u00e9, de la racine jusqu&rsquo;aux pointes.<\/p>\n<div class=\"product-content__title\"><\/div>\n<p>&nbsp;<\/p>","protected":false},"excerpt":{"rendered":"<p class=\"product-title__title c-text c-text--size-m c-text--style-h3\"><strong>Apr\u00e8s-shampoing Infusion De Calendula &amp; Eau De Coco LE PETIT MARSEILLAIS<\/strong><\/p>\n<p>D\u00e9couvrez notre gamme INFUSION. Notre recette authentique HYDRATATION prend soin de votre cuir chevelu et de vos cheveux. &#8211; Infusion de Calendula BIO : fleur mythique reconnue pour ses propri\u00e9t\u00e9s protectrices et nourrissantes. &#8211; Eau de Coco BIO : r\u00e9put\u00e9e pour son pouvoir hydratant. Parfaitement d\u00e9m\u00eal\u00e9s, vos cheveux sont hydrat\u00e9s et assouplis sans \u00eatre alourdis. Ils retrouvent douceur, brillance et l\u00e9g\u00e8ret\u00e9, de la racine jusqu&rsquo;aux pointes.<\/p>","protected":false},"featured_media":1989,"comment_status":"open","ping_status":"closed","template":"","meta":[],"product_brand":[],"product_cat":[160,192,95,92],"product_tag":[125],"class_list":{"0":"post-1932","1":"product","2":"type-product","3":"status-publish","4":"has-post-thumbnail","6":"product_cat-apres-shampoing-f","7":"product_cat-apres-shampoing-h","8":"product_cat-soin-cheveux-f","9":"product_cat-soin-cheveux-h","10":"product_tag-made-in-france","12":"first","13":"outofstock","14":"shipping-taxable","15":"purchasable","16":"product-type-simple"},"_links":{"self":[{"href":"https:\/\/cosmeticstoredz.com\/ar\/wp-json\/wp\/v2\/product\/1932","targetHints":{"allow":["GET"]}}],"collection":[{"href":"https:\/\/cosmeticstoredz.com\/ar\/wp-json\/wp\/v2\/product"}],"about":[{"href":"https:\/\/cosmeticstoredz.com\/ar\/wp-json\/wp\/v2\/types\/product"}],"replies":[{"embeddable":true,"href":"https:\/\/cosmeticstoredz.com\/ar\/wp-json\/wp\/v2\/comments?post=1932"}],"version-history":[{"count":1,"href":"https:\/\/cosmeticstoredz.com\/ar\/wp-json\/wp\/v2\/product\/1932\/revisions"}],"predecessor-version":[{"id":1990,"href":"https:\/\/cosmeticstoredz.com\/ar\/wp-json\/wp\/v2\/product\/1932\/revisions\/1990"}],"wp:featuredmedia":[{"embeddable":true,"href":"https:\/\/cosmeticstoredz.com\/ar\/wp-json\/wp\/v2\/media\/1989"}],"wp:attachment":[{"href":"https:\/\/cosmeticstoredz.com\/ar\/wp-json\/wp\/v2\/media?parent=1932"}],"wp:term":[{"taxonomy":"product_brand","embeddable":true,"href":"https:\/\/cosmeticstoredz.com\/ar\/wp-json\/wp\/v2\/product_brand?post=1932"},{"taxonomy":"product_cat","embeddable":true,"href":"https:\/\/cosmeticstoredz.com\/ar\/wp-json\/wp\/v2\/product_cat?post=1932"},{"taxonomy":"product_tag","embeddable":true,"href":"https:\/\/cosmeticstoredz.com\/ar\/wp-json\/wp\/v2\/product_tag?post=1932"}],"curies":[{"name":"wp","href":"https:\/\/api.w.org\/{rel}","templated":true}]}}