{"id":1899,"date":"2026-02-16T08:52:28","date_gmt":"2026-02-16T08:52:28","guid":{"rendered":"https:\/\/test.fitnessworldgym27.com\/?post_type=product&#038;p=1899"},"modified":"2026-03-30T19:25:21","modified_gmt":"2026-03-30T19:25:21","slug":"laque-morfose-hair-shining","status":"publish","type":"product","link":"https:\/\/cosmeticstoredz.com\/ar\/product\/laque-morfose-hair-shining\/","title":{"rendered":"LAQUE MORFOSE HAIR SHINING"},"content":{"rendered":"<p>Laque brillantine shining 400ml<\/p>\n<p>Marque : Morfose<\/p>\n<p>Morfose Laque Brillantine, Spray adapt\u00e9 \u00e0 tous types de cheveux qui assure une brillance longue dur\u00e9e sans alourdir le cheveu<\/p>","protected":false},"excerpt":{"rendered":"<p>Laque Brillantine, Spray adapt\u00e9 \u00e0 tous types de cheveux qui assure une brillance longue dur\u00e9e sans alourdir le cheveu<\/p>","protected":false},"featured_media":1983,"comment_status":"open","ping_status":"closed","template":"","meta":[],"product_brand":[],"product_cat":[218,95],"product_tag":[149],"class_list":{"0":"post-1899","1":"product","2":"type-product","3":"status-publish","4":"has-post-thumbnail","6":"product_cat-la-laque","7":"product_cat-soin-cheveux-f","8":"product_tag-made-in-turquie","10":"first","11":"outofstock","12":"shipping-taxable","13":"purchasable","14":"product-type-simple"},"_links":{"self":[{"href":"https:\/\/cosmeticstoredz.com\/ar\/wp-json\/wp\/v2\/product\/1899","targetHints":{"allow":["GET"]}}],"collection":[{"href":"https:\/\/cosmeticstoredz.com\/ar\/wp-json\/wp\/v2\/product"}],"about":[{"href":"https:\/\/cosmeticstoredz.com\/ar\/wp-json\/wp\/v2\/types\/product"}],"replies":[{"embeddable":true,"href":"https:\/\/cosmeticstoredz.com\/ar\/wp-json\/wp\/v2\/comments?post=1899"}],"version-history":[{"count":1,"href":"https:\/\/cosmeticstoredz.com\/ar\/wp-json\/wp\/v2\/product\/1899\/revisions"}],"predecessor-version":[{"id":1984,"href":"https:\/\/cosmeticstoredz.com\/ar\/wp-json\/wp\/v2\/product\/1899\/revisions\/1984"}],"wp:featuredmedia":[{"embeddable":true,"href":"https:\/\/cosmeticstoredz.com\/ar\/wp-json\/wp\/v2\/media\/1983"}],"wp:attachment":[{"href":"https:\/\/cosmeticstoredz.com\/ar\/wp-json\/wp\/v2\/media?parent=1899"}],"wp:term":[{"taxonomy":"product_brand","embeddable":true,"href":"https:\/\/cosmeticstoredz.com\/ar\/wp-json\/wp\/v2\/product_brand?post=1899"},{"taxonomy":"product_cat","embeddable":true,"href":"https:\/\/cosmeticstoredz.com\/ar\/wp-json\/wp\/v2\/product_cat?post=1899"},{"taxonomy":"product_tag","embeddable":true,"href":"https:\/\/cosmeticstoredz.com\/ar\/wp-json\/wp\/v2\/product_tag?post=1899"}],"curies":[{"name":"wp","href":"https:\/\/api.w.org\/{rel}","templated":true}]}}