{"id":1897,"date":"2026-02-16T08:52:28","date_gmt":"2026-02-16T08:52:28","guid":{"rendered":"https:\/\/test.fitnessworldgym27.com\/?post_type=product&#038;p=1897"},"modified":"2026-03-30T19:27:02","modified_gmt":"2026-03-30T19:27:02","slug":"lactovit-creme-main","status":"publish","type":"product","link":"https:\/\/cosmeticstoredz.com\/ar\/product\/lactovit-creme-main\/","title":{"rendered":"LACTOVIT CREME MAIN"},"content":{"rendered":"<p><strong>La cr\u00e8me mains Lactovit<\/strong> est enrichie en prot\u00e9ines de lait pour apporter \u00e0 vos mains beaucoup de soin et de douceur gr\u00e2ce \u00e0 ses prot\u00e9ines hautement hydratantes.\u00a0De plus, sa formule contient un \u00e9cran solaire qui aide \u00e0 pr\u00e9venir les taches solaires.<\/p>","protected":false},"excerpt":{"rendered":"<p><strong>La cr\u00e8me mains Lactovit<\/strong> est enrichie en prot\u00e9ines de lait pour apporter \u00e0 vos mains beaucoup de soin et de douceur gr\u00e2ce \u00e0 ses prot\u00e9ines hautement hydratantes.\u00a0De plus, sa formule contient un \u00e9cran solaire qui aide \u00e0 pr\u00e9venir les taches solaires.<\/p>","protected":false},"featured_media":1979,"comment_status":"closed","ping_status":"closed","template":"","meta":[],"product_brand":[],"product_cat":[82,214,81,73],"product_tag":[215],"class_list":{"0":"post-1897","1":"product","2":"type-product","3":"status-publish","4":"has-post-thumbnail","6":"product_cat-creme-hydratante-fc","7":"product_cat-lactovit","8":"product_cat-soin-corps-f","9":"product_cat-soin-corps-h","10":"product_tag-made-in-espagne","12":"first","13":"instock","14":"shipping-taxable","15":"purchasable","16":"product-type-simple"},"_links":{"self":[{"href":"https:\/\/cosmeticstoredz.com\/ar\/wp-json\/wp\/v2\/product\/1897","targetHints":{"allow":["GET"]}}],"collection":[{"href":"https:\/\/cosmeticstoredz.com\/ar\/wp-json\/wp\/v2\/product"}],"about":[{"href":"https:\/\/cosmeticstoredz.com\/ar\/wp-json\/wp\/v2\/types\/product"}],"replies":[{"embeddable":true,"href":"https:\/\/cosmeticstoredz.com\/ar\/wp-json\/wp\/v2\/comments?post=1897"}],"version-history":[{"count":1,"href":"https:\/\/cosmeticstoredz.com\/ar\/wp-json\/wp\/v2\/product\/1897\/revisions"}],"predecessor-version":[{"id":1980,"href":"https:\/\/cosmeticstoredz.com\/ar\/wp-json\/wp\/v2\/product\/1897\/revisions\/1980"}],"wp:featuredmedia":[{"embeddable":true,"href":"https:\/\/cosmeticstoredz.com\/ar\/wp-json\/wp\/v2\/media\/1979"}],"wp:attachment":[{"href":"https:\/\/cosmeticstoredz.com\/ar\/wp-json\/wp\/v2\/media?parent=1897"}],"wp:term":[{"taxonomy":"product_brand","embeddable":true,"href":"https:\/\/cosmeticstoredz.com\/ar\/wp-json\/wp\/v2\/product_brand?post=1897"},{"taxonomy":"product_cat","embeddable":true,"href":"https:\/\/cosmeticstoredz.com\/ar\/wp-json\/wp\/v2\/product_cat?post=1897"},{"taxonomy":"product_tag","embeddable":true,"href":"https:\/\/cosmeticstoredz.com\/ar\/wp-json\/wp\/v2\/product_tag?post=1897"}],"curies":[{"name":"wp","href":"https:\/\/api.w.org\/{rel}","templated":true}]}}