{"id":1894,"date":"2026-02-16T08:52:28","date_gmt":"2026-02-16T08:52:28","guid":{"rendered":"https:\/\/test.fitnessworldgym27.com\/?post_type=product&#038;p=1894"},"modified":"2026-04-18T19:18:43","modified_gmt":"2026-04-18T19:18:43","slug":"la-roche-posey-anthelios-50","status":"publish","type":"product","link":"https:\/\/cosmeticstoredz.com\/ar\/product\/la-roche-posey-anthelios-50\/","title":{"rendered":"LA ROCHE POSEY ANTHELIOS 50+"},"content":{"rendered":"<p><strong>ANTHELIOS Gel-Cr\u00e8me Toucher Sec anti-brillance SPF 50+<\/strong> &#8211; Tr\u00e8s haute protection solaire visage.<\/p>\n<p>Peau sensible mixte \u00e0 grasse \u00e0 tendance acn\u00e9ique, peau sujette aux intol\u00e9rances solaires, commun\u00e9ment appel\u00e9es allergies solaires.<\/p>\n<p>Pr\u00e9vention des taches pigmentaires dues au soleil (grossesses, photosensibilisations,\u2026) et des dommages cellulaires li\u00e9s aux UV.<\/p>\n<ul>\n<li>Protection solaire avec parfum.<\/li>\n<li>Tr\u00e8s r\u00e9sistant \u00e0 l&rsquo; eau.<\/li>\n<li>Non com\u00e9dog\u00e8ne.<\/li>\n<li>Test\u00e9 sous contr\u00f4le dermatologique.<\/li>\n<li>Sans traces blanches.<\/li>\n<li>R\u00e9sistant \u00e0 l&rsquo; eau.<\/li>\n<li>Non-gras.<\/li>\n<li>Non-collant.<\/li>\n<li>Protection UVA 21<\/li>\n<li>UV = Facteur de protection UVA mesur\u00e9 in vitro<\/li>\n<\/ul>\n<p><strong>Conseils<\/strong><\/p>\n<ul>\n<li>Appliquer le produit juste avant l&rsquo; exposition.<\/li>\n<li>Renouveler fr\u00e9quemment et g\u00e9n\u00e9reusement l&rsquo; application pour maintenir la protection, surtout apr\u00e8s avoir nag\u00e9, avoir transpir\u00e9 ou vous \u00eatre essuy\u00e9.<\/li>\n<li>Si le produit ne sort plus, agiter puis appuyer sur le tube en actionnant la pompe la t\u00eate en haut.<\/li>\n<\/ul>\n<p><strong>Pr\u00e9cautions d&rsquo; emploi :<\/strong><\/p>\n<ul>\n<li>Usage externe.<\/li>\n<li>Eviter le contour des yeux, en cas de contact, rincer imm\u00e9diatement et abondamment.<\/li>\n<li>Eviter le contact avec les textiles.<\/li>\n<li>L&rsquo; abus de soleil est dangereux.<\/li>\n<li>Un produit solaire ne prot\u00e8ge jamais totalement.<\/li>\n<\/ul>","protected":false},"excerpt":{"rendered":"<p><strong>ANTHELIOS Gel-Cr\u00e8me Toucher Sec anti-brillance SPF 50+<\/strong> &#8211; Tr\u00e8s haute protection solaire visage.<\/p>\n<p>Peau sensible mixte \u00e0 grasse \u00e0 tendance acn\u00e9ique, peau sujette aux intol\u00e9rances solaires, commun\u00e9ment appel\u00e9es allergies solaires.<\/p>\n<p>Pr\u00e9vention des taches pigmentaires dues au soleil (grossesses, photosensibilisations,\u2026) et des dommages cellulaires li\u00e9s aux UV.<\/p>\n<ul>\n<li>Protection solaire avec parfum.<\/li>\n<li>Tr\u00e8s r\u00e9sistant \u00e0 l&rsquo; eau.<\/li>\n<li>Non com\u00e9dog\u00e8ne.<\/li>\n<li>Test\u00e9 sous contr\u00f4le dermatologique.<\/li>\n<li>Sans traces blanches.<\/li>\n<li>R\u00e9sistant \u00e0 l&rsquo; eau.<\/li>\n<li>Non-gras.<\/li>\n<li>Non-collant.<\/li>\n<li>Protection UVA 21<\/li>\n<li>UV = Facteur de protection UVA mesur\u00e9 in vitro<\/li>\n<\/ul>","protected":false},"featured_media":1962,"comment_status":"open","ping_status":"closed","template":"","meta":[],"product_brand":[],"product_cat":[76,130,131],"product_tag":[125],"class_list":{"0":"post-1894","1":"product","2":"type-product","3":"status-publish","4":"has-post-thumbnail","6":"product_cat-soin-visage-f","7":"product_cat-soin-visage-h","8":"product_cat-solaire","9":"product_tag-made-in-france","11":"first","12":"outofstock","13":"shipping-taxable","14":"purchasable","15":"product-type-simple"},"yoast_head":"<!-- This site is optimized with the Yoast SEO plugin v27.3 - https:\/\/yoast.com\/product\/yoast-seo-wordpress\/ -->\n<title>LA ROCHE POSEY ANTHELIOS 50+ - Cosmetic Store<\/title>\n<meta name=\"robots\" content=\"index, follow, max-snippet:-1, max-image-preview:large, max-video-preview:-1\" \/>\n<link rel=\"canonical\" href=\"https:\/\/cosmeticstoredz.com\/ar\/product\/la-roche-posey-anthelios-50\/\" \/>\n<meta property=\"og:locale\" content=\"ar_AR\" \/>\n<meta property=\"og:type\" content=\"article\" \/>\n<meta property=\"og:title\" content=\"LA ROCHE POSEY ANTHELIOS 50+ - Cosmetic Store\" \/>\n<meta property=\"og:description\" content=\"ANTHELIOS Gel-Cr\u00e8me Toucher Sec anti-brillance SPF 50+ - Tr\u00e8s haute protection solaire visage.  Peau sensible mixte \u00e0 grasse \u00e0 tendance acn\u00e9ique, peau sujette aux intol\u00e9rances solaires, commun\u00e9ment appel\u00e9es allergies solaires.  Pr\u00e9vention des taches pigmentaires dues au soleil (grossesses, photosensibilisations,\u2026) et des dommages cellulaires li\u00e9s aux UV.   Protection solaire avec parfum.  Tr\u00e8s r\u00e9sistant \u00e0 l&#039; eau.  Non com\u00e9dog\u00e8ne.  Test\u00e9 sous contr\u00f4le dermatologique.  Sans traces blanches.  R\u00e9sistant \u00e0 l&#039; eau.  Non-gras.  Non-collant.  Protection UVA 21  UV = Facteur de protection UVA mesur\u00e9 in vitro\" \/>\n<meta property=\"og:url\" content=\"https:\/\/cosmeticstoredz.com\/ar\/product\/la-roche-posey-anthelios-50\/\" \/>\n<meta property=\"og:site_name\" content=\"Cosmetic Store\" \/>\n<meta property=\"article:publisher\" content=\"https:\/\/www.facebook.com\/profile.php?id=61564954260683\" \/>\n<meta property=\"article:modified_time\" content=\"2026-04-18T19:18:43+00:00\" \/>\n<meta property=\"og:image\" content=\"https:\/\/cosmeticstoredz.com\/wp-content\/uploads\/2026\/02\/CC-139.png\" \/>\n\t<meta property=\"og:image:width\" content=\"1563\" \/>\n\t<meta property=\"og:image:height\" content=\"1563\" \/>\n\t<meta property=\"og:image:type\" content=\"image\/png\" \/>\n<meta name=\"twitter:card\" content=\"summary_large_image\" \/>\n<meta name=\"twitter:label1\" content=\"\u0648\u0642\u062a \u0627\u0644\u0642\u0631\u0627\u0621\u0629 \u0627\u0644\u0645\u064f\u0642\u062f\u0651\u0631\" \/>\n\t<meta name=\"twitter:data1\" content=\"\u062f\u0642\u064a\u0642\u0629 \u0648\u0627\u062d\u062f\u0629\" \/>\n<script type=\"application\/ld+json\" class=\"yoast-schema-graph\">{\"@context\":\"https:\\\/\\\/schema.org\",\"@graph\":[{\"@type\":\"WebPage\",\"@id\":\"https:\\\/\\\/cosmeticstoredz.com\\\/produit\\\/la-roche-posey-anthelios-50\\\/\",\"url\":\"https:\\\/\\\/cosmeticstoredz.com\\\/produit\\\/la-roche-posey-anthelios-50\\\/\",\"name\":\"LA ROCHE POSEY ANTHELIOS 50+ - Cosmetic Store\",\"isPartOf\":{\"@id\":\"https:\\\/\\\/cosmeticstoredz.com\\\/#website\"},\"primaryImageOfPage\":{\"@id\":\"https:\\\/\\\/cosmeticstoredz.com\\\/produit\\\/la-roche-posey-anthelios-50\\\/#primaryimage\"},\"image\":{\"@id\":\"https:\\\/\\\/cosmeticstoredz.com\\\/produit\\\/la-roche-posey-anthelios-50\\\/#primaryimage\"},\"thumbnailUrl\":\"https:\\\/\\\/cosmeticstoredz.com\\\/wp-content\\\/uploads\\\/2026\\\/02\\\/CC-139.png\",\"datePublished\":\"2026-02-16T08:52:28+00:00\",\"dateModified\":\"2026-04-18T19:18:43+00:00\",\"breadcrumb\":{\"@id\":\"https:\\\/\\\/cosmeticstoredz.com\\\/produit\\\/la-roche-posey-anthelios-50\\\/#breadcrumb\"},\"inLanguage\":\"ar\",\"potentialAction\":[{\"@type\":\"ReadAction\",\"target\":[\"https:\\\/\\\/cosmeticstoredz.com\\\/produit\\\/la-roche-posey-anthelios-50\\\/\"]}]},{\"@type\":\"ImageObject\",\"inLanguage\":\"ar\",\"@id\":\"https:\\\/\\\/cosmeticstoredz.com\\\/produit\\\/la-roche-posey-anthelios-50\\\/#primaryimage\",\"url\":\"https:\\\/\\\/cosmeticstoredz.com\\\/wp-content\\\/uploads\\\/2026\\\/02\\\/CC-139.png\",\"contentUrl\":\"https:\\\/\\\/cosmeticstoredz.com\\\/wp-content\\\/uploads\\\/2026\\\/02\\\/CC-139.png\",\"width\":1563,\"height\":1563},{\"@type\":\"BreadcrumbList\",\"@id\":\"https:\\\/\\\/cosmeticstoredz.com\\\/produit\\\/la-roche-posey-anthelios-50\\\/#breadcrumb\",\"itemListElement\":[{\"@type\":\"ListItem\",\"position\":1,\"name\":\"Accueil\",\"item\":\"https:\\\/\\\/cosmeticstoredz.com\\\/\"},{\"@type\":\"ListItem\",\"position\":2,\"name\":\"Boutique\",\"item\":\"https:\\\/\\\/cosmeticstoredz.com\\\/boutique\\\/\"},{\"@type\":\"ListItem\",\"position\":3,\"name\":\"LA ROCHE POSEY ANTHELIOS 50+\"}]},{\"@type\":\"WebSite\",\"@id\":\"https:\\\/\\\/cosmeticstoredz.com\\\/#website\",\"url\":\"https:\\\/\\\/cosmeticstoredz.com\\\/\",\"name\":\"Cosmetic Store\",\"description\":\"\",\"publisher\":{\"@id\":\"https:\\\/\\\/cosmeticstoredz.com\\\/#organization\"},\"potentialAction\":[{\"@type\":\"SearchAction\",\"target\":{\"@type\":\"EntryPoint\",\"urlTemplate\":\"https:\\\/\\\/cosmeticstoredz.com\\\/?s={search_term_string}\"},\"query-input\":{\"@type\":\"PropertyValueSpecification\",\"valueRequired\":true,\"valueName\":\"search_term_string\"}}],\"inLanguage\":\"ar\"},{\"@type\":\"Organization\",\"@id\":\"https:\\\/\\\/cosmeticstoredz.com\\\/#organization\",\"name\":\"Cosmetic Store\",\"url\":\"https:\\\/\\\/cosmeticstoredz.com\\\/\",\"logo\":{\"@type\":\"ImageObject\",\"inLanguage\":\"ar\",\"@id\":\"https:\\\/\\\/cosmeticstoredz.com\\\/#\\\/schema\\\/logo\\\/image\\\/\",\"url\":\"https:\\\/\\\/cosmeticstoredz.com\\\/wp-content\\\/uploads\\\/2026\\\/02\\\/cropped-LOGO_CS-512x512-1-1-e1771275285345.webp\",\"contentUrl\":\"https:\\\/\\\/cosmeticstoredz.com\\\/wp-content\\\/uploads\\\/2026\\\/02\\\/cropped-LOGO_CS-512x512-1-1-e1771275285345.webp\",\"width\":265,\"height\":319,\"caption\":\"Cosmetic Store\"},\"image\":{\"@id\":\"https:\\\/\\\/cosmeticstoredz.com\\\/#\\\/schema\\\/logo\\\/image\\\/\"},\"sameAs\":[\"https:\\\/\\\/www.facebook.com\\\/profile.php?id=61564954260683\",\"https:\\\/\\\/www.instagram.com\\\/cosmetic.storedz\\\/\"]}]}<\/script>\n<!-- \/ Yoast SEO plugin. -->","yoast_head_json":{"title":"LA ROCHE POSEY ANTHELIOS 50+ - Cosmetic Store","robots":{"index":"index","follow":"follow","max-snippet":"max-snippet:-1","max-image-preview":"max-image-preview:large","max-video-preview":"max-video-preview:-1"},"canonical":"https:\/\/cosmeticstoredz.com\/ar\/product\/la-roche-posey-anthelios-50\/","og_locale":"ar_AR","og_type":"article","og_title":"LA ROCHE POSEY ANTHELIOS 50+ - Cosmetic Store","og_description":"ANTHELIOS Gel-Cr\u00e8me Toucher Sec anti-brillance SPF 50+ - Tr\u00e8s haute protection solaire visage.  Peau sensible mixte \u00e0 grasse \u00e0 tendance acn\u00e9ique, peau sujette aux intol\u00e9rances solaires, commun\u00e9ment appel\u00e9es allergies solaires.  Pr\u00e9vention des taches pigmentaires dues au soleil (grossesses, photosensibilisations,\u2026) et des dommages cellulaires li\u00e9s aux UV.   Protection solaire avec parfum.  Tr\u00e8s r\u00e9sistant \u00e0 l' eau.  Non com\u00e9dog\u00e8ne.  Test\u00e9 sous contr\u00f4le dermatologique.  Sans traces blanches.  R\u00e9sistant \u00e0 l' eau.  Non-gras.  Non-collant.  Protection UVA 21  UV = Facteur de protection UVA mesur\u00e9 in vitro","og_url":"https:\/\/cosmeticstoredz.com\/ar\/product\/la-roche-posey-anthelios-50\/","og_site_name":"Cosmetic Store","article_publisher":"https:\/\/www.facebook.com\/profile.php?id=61564954260683","article_modified_time":"2026-04-18T19:18:43+00:00","og_image":[{"width":1563,"height":1563,"url":"https:\/\/cosmeticstoredz.com\/wp-content\/uploads\/2026\/02\/CC-139.png","type":"image\/png"}],"twitter_card":"summary_large_image","twitter_misc":{"\u0648\u0642\u062a \u0627\u0644\u0642\u0631\u0627\u0621\u0629 \u0627\u0644\u0645\u064f\u0642\u062f\u0651\u0631":"\u062f\u0642\u064a\u0642\u0629 \u0648\u0627\u062d\u062f\u0629"},"schema":{"@context":"https:\/\/schema.org","@graph":[{"@type":"WebPage","@id":"https:\/\/cosmeticstoredz.com\/produit\/la-roche-posey-anthelios-50\/","url":"https:\/\/cosmeticstoredz.com\/produit\/la-roche-posey-anthelios-50\/","name":"LA ROCHE POSEY ANTHELIOS 50+ - Cosmetic Store","isPartOf":{"@id":"https:\/\/cosmeticstoredz.com\/#website"},"primaryImageOfPage":{"@id":"https:\/\/cosmeticstoredz.com\/produit\/la-roche-posey-anthelios-50\/#primaryimage"},"image":{"@id":"https:\/\/cosmeticstoredz.com\/produit\/la-roche-posey-anthelios-50\/#primaryimage"},"thumbnailUrl":"https:\/\/cosmeticstoredz.com\/wp-content\/uploads\/2026\/02\/CC-139.png","datePublished":"2026-02-16T08:52:28+00:00","dateModified":"2026-04-18T19:18:43+00:00","breadcrumb":{"@id":"https:\/\/cosmeticstoredz.com\/produit\/la-roche-posey-anthelios-50\/#breadcrumb"},"inLanguage":"ar","potentialAction":[{"@type":"ReadAction","target":["https:\/\/cosmeticstoredz.com\/produit\/la-roche-posey-anthelios-50\/"]}]},{"@type":"ImageObject","inLanguage":"ar","@id":"https:\/\/cosmeticstoredz.com\/produit\/la-roche-posey-anthelios-50\/#primaryimage","url":"https:\/\/cosmeticstoredz.com\/wp-content\/uploads\/2026\/02\/CC-139.png","contentUrl":"https:\/\/cosmeticstoredz.com\/wp-content\/uploads\/2026\/02\/CC-139.png","width":1563,"height":1563},{"@type":"BreadcrumbList","@id":"https:\/\/cosmeticstoredz.com\/produit\/la-roche-posey-anthelios-50\/#breadcrumb","itemListElement":[{"@type":"ListItem","position":1,"name":"Accueil","item":"https:\/\/cosmeticstoredz.com\/"},{"@type":"ListItem","position":2,"name":"Boutique","item":"https:\/\/cosmeticstoredz.com\/boutique\/"},{"@type":"ListItem","position":3,"name":"LA ROCHE POSEY ANTHELIOS 50+"}]},{"@type":"WebSite","@id":"https:\/\/cosmeticstoredz.com\/#website","url":"https:\/\/cosmeticstoredz.com\/","name":"Cosmetic Store","description":"","publisher":{"@id":"https:\/\/cosmeticstoredz.com\/#organization"},"potentialAction":[{"@type":"SearchAction","target":{"@type":"EntryPoint","urlTemplate":"https:\/\/cosmeticstoredz.com\/?s={search_term_string}"},"query-input":{"@type":"PropertyValueSpecification","valueRequired":true,"valueName":"search_term_string"}}],"inLanguage":"ar"},{"@type":"Organization","@id":"https:\/\/cosmeticstoredz.com\/#organization","name":"Cosmetic Store","url":"https:\/\/cosmeticstoredz.com\/","logo":{"@type":"ImageObject","inLanguage":"ar","@id":"https:\/\/cosmeticstoredz.com\/#\/schema\/logo\/image\/","url":"https:\/\/cosmeticstoredz.com\/wp-content\/uploads\/2026\/02\/cropped-LOGO_CS-512x512-1-1-e1771275285345.webp","contentUrl":"https:\/\/cosmeticstoredz.com\/wp-content\/uploads\/2026\/02\/cropped-LOGO_CS-512x512-1-1-e1771275285345.webp","width":265,"height":319,"caption":"Cosmetic Store"},"image":{"@id":"https:\/\/cosmeticstoredz.com\/#\/schema\/logo\/image\/"},"sameAs":["https:\/\/www.facebook.com\/profile.php?id=61564954260683","https:\/\/www.instagram.com\/cosmetic.storedz\/"]}]}},"_links":{"self":[{"href":"https:\/\/cosmeticstoredz.com\/ar\/wp-json\/wp\/v2\/product\/1894","targetHints":{"allow":["GET"]}}],"collection":[{"href":"https:\/\/cosmeticstoredz.com\/ar\/wp-json\/wp\/v2\/product"}],"about":[{"href":"https:\/\/cosmeticstoredz.com\/ar\/wp-json\/wp\/v2\/types\/product"}],"replies":[{"embeddable":true,"href":"https:\/\/cosmeticstoredz.com\/ar\/wp-json\/wp\/v2\/comments?post=1894"}],"version-history":[{"count":1,"href":"https:\/\/cosmeticstoredz.com\/ar\/wp-json\/wp\/v2\/product\/1894\/revisions"}],"predecessor-version":[{"id":1963,"href":"https:\/\/cosmeticstoredz.com\/ar\/wp-json\/wp\/v2\/product\/1894\/revisions\/1963"}],"wp:featuredmedia":[{"embeddable":true,"href":"https:\/\/cosmeticstoredz.com\/ar\/wp-json\/wp\/v2\/media\/1962"}],"wp:attachment":[{"href":"https:\/\/cosmeticstoredz.com\/ar\/wp-json\/wp\/v2\/media?parent=1894"}],"wp:term":[{"taxonomy":"product_brand","embeddable":true,"href":"https:\/\/cosmeticstoredz.com\/ar\/wp-json\/wp\/v2\/product_brand?post=1894"},{"taxonomy":"product_cat","embeddable":true,"href":"https:\/\/cosmeticstoredz.com\/ar\/wp-json\/wp\/v2\/product_cat?post=1894"},{"taxonomy":"product_tag","embeddable":true,"href":"https:\/\/cosmeticstoredz.com\/ar\/wp-json\/wp\/v2\/product_tag?post=1894"}],"curies":[{"name":"wp","href":"https:\/\/api.w.org\/{rel}","templated":true}]}}