{"id":1892,"date":"2026-02-16T08:52:27","date_gmt":"2026-02-16T08:52:27","guid":{"rendered":"https:\/\/test.fitnessworldgym27.com\/?post_type=product&#038;p=1892"},"modified":"2026-03-30T19:24:29","modified_gmt":"2026-03-30T19:24:29","slug":"la-roche-posay-50-anthelios-uvmune-400-teintee","status":"publish","type":"product","link":"https:\/\/cosmeticstoredz.com\/ar\/product\/la-roche-posay-50-anthelios-uvmune-400-teintee\/","title":{"rendered":"LA ROCHE -POSAY  50+ ANTHELIOS UVMUNE 400 TEINTEE"},"content":{"rendered":"<p><strong>La Roche-PosayAnthelios UVmune 400 Cr\u00e8me Hydratante SPF50+ Teint\u00e9 50 ml<\/strong><\/p>\n<p>La Roche-Posay Anthelios UVmune 400 Cr\u00e8me Hydratante SPF50+ Teint\u00e9 50 ml est une cr\u00e8me hydratante tr\u00e8s haute protection UVA\/UVB, qui aide \u00e0 pr\u00e9venir le stress oxydatif g\u00e9n\u00e9r\u00e9 par les infrarouges et la pollution. Elle prot\u00e8ge des dommages cellulaires profonds.<\/p>\n<p>R\u00e9sistant \u00e0 l&rsquo;eau et \u00e0 la transpiration.<br \/>\nAnti-picotement oculaire.<\/p>\n<p>Sans traces blanches.<\/p>\n<p>Test\u00e9 sous contr\u00f4le dermatologique sur peaux sensibles et r\u00e9actives.<br \/>\nTest\u00e9 sous contr\u00f4le ophtalmologique sur yeux et contours des yeux sensibles.<br \/>\nTest\u00e9 sur porteurs de lentilles de contact.<\/p>\n<p><strong>Conseils d&rsquo;utilisation :<\/strong><\/p>\n<div id=\"type_info_prio_6_1\">\n<p>L&rsquo;abus de soleil est dangereux.<br \/>\nUn produit solaire ne prot\u00e8ge jamais totalement.<\/p>\n<p>Ne pas exposer les b\u00e9b\u00e9s et jeunes enfants.<\/p>\n<p>Appliquer le produit juste avant l&rsquo;exposition.<\/p>\n<p>Renouveler g\u00e9n\u00e9reusement et fr\u00e9quemment, surtout apr\u00e8s avoir nag\u00e9, transpir\u00e9 ou vous \u00eatre essuy\u00e9.<br \/>\nEn cas de contact avec les yeux, les rincer imm\u00e9diatement et abondamment.<\/p>\n<p>\u00c9viter le contact avec les textiles. Si le produit ne sort plus, agiter puis appuyer sur le tube en actionnant la pompe t\u00eate en haut.<\/p>\n<\/div>\n<div class=\"description_indication\"><strong><span class=\"bold\">Indication<\/span><\/strong>\u00a0:\u00a0<span id=\"type_info_prio_6_2_1\">Cr\u00e8me hydratante qui prot\u00e8ge des dommages cellulaires profonds pour les peaux sensibles.<\/span><\/div>\n<p>&nbsp;<\/p>","protected":false},"excerpt":{"rendered":"<p><strong>La Roche-PosayAnthelios UVmune 400 Cr\u00e8me Hydratante SPF50+ Teint\u00e9 50 ml<\/strong><\/p>\n<p>La Roche-Posay Anthelios UVmune 400 Cr\u00e8me Hydratante SPF50+ Teint\u00e9 50 ml est une cr\u00e8me hydratante tr\u00e8s haute protection UVA\/UVB, qui aide \u00e0 pr\u00e9venir le stress oxydatif g\u00e9n\u00e9r\u00e9 par les infrarouges et la pollution. Elle prot\u00e8ge des dommages cellulaires profonds.<\/p>\n<p>R\u00e9sistant \u00e0 l&rsquo;eau et \u00e0 la transpiration.<br \/>\nAnti-picotement oculaire.<\/p>\n<p>Sans traces blanches.<\/p>\n<p>Test\u00e9 sous contr\u00f4le dermatologique sur peaux sensibles et r\u00e9actives.<br \/>\nTest\u00e9 sous contr\u00f4le ophtalmologique sur yeux et contours des yeux sensibles.<br \/>\nTest\u00e9 sur porteurs de lentilles de contact.<\/p>","protected":false},"featured_media":1958,"comment_status":"closed","ping_status":"closed","template":"","meta":[],"product_brand":[],"product_cat":[75,212,76,131],"product_tag":[125],"class_list":{"0":"post-1892","1":"product","2":"type-product","3":"status-publish","4":"has-post-thumbnail","6":"product_cat-femme","7":"product_cat-la-roche-posey","8":"product_cat-soin-visage-f","9":"product_cat-solaire","10":"product_tag-made-in-france","12":"first","13":"outofstock","14":"shipping-taxable","15":"purchasable","16":"product-type-simple"},"_links":{"self":[{"href":"https:\/\/cosmeticstoredz.com\/ar\/wp-json\/wp\/v2\/product\/1892","targetHints":{"allow":["GET"]}}],"collection":[{"href":"https:\/\/cosmeticstoredz.com\/ar\/wp-json\/wp\/v2\/product"}],"about":[{"href":"https:\/\/cosmeticstoredz.com\/ar\/wp-json\/wp\/v2\/types\/product"}],"replies":[{"embeddable":true,"href":"https:\/\/cosmeticstoredz.com\/ar\/wp-json\/wp\/v2\/comments?post=1892"}],"version-history":[{"count":1,"href":"https:\/\/cosmeticstoredz.com\/ar\/wp-json\/wp\/v2\/product\/1892\/revisions"}],"predecessor-version":[{"id":1959,"href":"https:\/\/cosmeticstoredz.com\/ar\/wp-json\/wp\/v2\/product\/1892\/revisions\/1959"}],"wp:featuredmedia":[{"embeddable":true,"href":"https:\/\/cosmeticstoredz.com\/ar\/wp-json\/wp\/v2\/media\/1958"}],"wp:attachment":[{"href":"https:\/\/cosmeticstoredz.com\/ar\/wp-json\/wp\/v2\/media?parent=1892"}],"wp:term":[{"taxonomy":"product_brand","embeddable":true,"href":"https:\/\/cosmeticstoredz.com\/ar\/wp-json\/wp\/v2\/product_brand?post=1892"},{"taxonomy":"product_cat","embeddable":true,"href":"https:\/\/cosmeticstoredz.com\/ar\/wp-json\/wp\/v2\/product_cat?post=1892"},{"taxonomy":"product_tag","embeddable":true,"href":"https:\/\/cosmeticstoredz.com\/ar\/wp-json\/wp\/v2\/product_tag?post=1892"}],"curies":[{"name":"wp","href":"https:\/\/api.w.org\/{rel}","templated":true}]}}