{"id":1859,"date":"2026-02-16T08:52:06","date_gmt":"2026-02-16T08:52:06","guid":{"rendered":"https:\/\/test.fitnessworldgym27.com\/?post_type=product&#038;p=1859"},"modified":"2026-03-30T19:25:20","modified_gmt":"2026-03-30T19:25:20","slug":"loreal-mascara-4d-black","status":"publish","type":"product","link":"https:\/\/cosmeticstoredz.com\/ar\/product\/loreal-mascara-4d-black\/","title":{"rendered":"L&rsquo;OREAL MASCARA 4D BLACK"},"content":{"rendered":"<p class=\"prd_heading\"><strong>Mascara effet 4D False Lash Architect de L&rsquo;Or\u00e9al<\/strong><\/p>\n<ul class=\"list_style\">\n<li>Un mascara puissant qui cr\u00e9e de superbes faux cils avec des effets 4D<\/li>\n<li>Chaque passage donne du volume, de la longueur, de la texture et de la courbure aux cils sans les rigidifier.<\/li>\n<li>Comprend une brosse d&rsquo;architecte avanc\u00e9e qui contient des fibres de nylon longues et fermes de 4 mm.<\/li>\n<li>Recouvre incroyablement chaque cil pour un look audacieux<\/li>\n<li>Pas de taches, pas de grumeaux<\/li>\n<li>Laisse les yeux sensuels et s\u00e9duisants<\/li>\n<\/ul>","protected":false},"excerpt":{"rendered":"<p class=\"prd_heading\"><strong>Mascara effet 4D False Lash Architect de L&rsquo;Or\u00e9al<\/strong><\/p>\n<ul>\n<li><strong>&#8211;<\/strong>\u00a0Mascara qui\u00a0<strong>apporte volume<\/strong> , allongement, texture et galbe.<strong><br \/>\n<\/strong><\/li>\n<li><strong>&#8211;<\/strong>\u00a0L&rsquo;Or\u00e9al Paris cr\u00e9e son premier\u00a0<strong>mascara effet faux cils<\/strong> 4D.<\/li>\n<li>&#8211; Le pouvoir de\u00a0<strong>sculpter les fibres<\/strong>\u00a0pour des cils qui apparaissent\u00a0<strong>volumis\u00e9s, allong\u00e9s, textur\u00e9s, recourb\u00e9s.<\/strong><\/li>\n<\/ul>\n<p><strong>Propri\u00e9t\u00e9s:<\/strong><\/p>\n<p>&#8211; Enrichie en fibres de <strong>4 mm<\/strong>\u00a0, la formule cr\u00e9e l&rsquo;apparence des cils :<strong><br \/>\n&#8211; Moul\u00e9, remodel\u00e9 et sculpt\u00e9.<\/strong><\/p>","protected":false},"featured_media":1929,"comment_status":"closed","ping_status":"closed","template":"","meta":[],"product_brand":[],"product_cat":[153,122,186,126],"product_tag":[209],"class_list":{"0":"post-1859","1":"product","2":"type-product","3":"status-publish","4":"has-post-thumbnail","6":"product_cat-loreal","7":"product_cat-make-up","8":"product_cat-mascara","9":"product_cat-yeux","10":"product_tag-made-in-pays-bas","12":"first","13":"outofstock","14":"shipping-taxable","15":"purchasable","16":"product-type-simple"},"_links":{"self":[{"href":"https:\/\/cosmeticstoredz.com\/ar\/wp-json\/wp\/v2\/product\/1859","targetHints":{"allow":["GET"]}}],"collection":[{"href":"https:\/\/cosmeticstoredz.com\/ar\/wp-json\/wp\/v2\/product"}],"about":[{"href":"https:\/\/cosmeticstoredz.com\/ar\/wp-json\/wp\/v2\/types\/product"}],"replies":[{"embeddable":true,"href":"https:\/\/cosmeticstoredz.com\/ar\/wp-json\/wp\/v2\/comments?post=1859"}],"version-history":[{"count":1,"href":"https:\/\/cosmeticstoredz.com\/ar\/wp-json\/wp\/v2\/product\/1859\/revisions"}],"predecessor-version":[{"id":1930,"href":"https:\/\/cosmeticstoredz.com\/ar\/wp-json\/wp\/v2\/product\/1859\/revisions\/1930"}],"wp:featuredmedia":[{"embeddable":true,"href":"https:\/\/cosmeticstoredz.com\/ar\/wp-json\/wp\/v2\/media\/1929"}],"wp:attachment":[{"href":"https:\/\/cosmeticstoredz.com\/ar\/wp-json\/wp\/v2\/media?parent=1859"}],"wp:term":[{"taxonomy":"product_brand","embeddable":true,"href":"https:\/\/cosmeticstoredz.com\/ar\/wp-json\/wp\/v2\/product_brand?post=1859"},{"taxonomy":"product_cat","embeddable":true,"href":"https:\/\/cosmeticstoredz.com\/ar\/wp-json\/wp\/v2\/product_cat?post=1859"},{"taxonomy":"product_tag","embeddable":true,"href":"https:\/\/cosmeticstoredz.com\/ar\/wp-json\/wp\/v2\/product_tag?post=1859"}],"curies":[{"name":"wp","href":"https:\/\/api.w.org\/{rel}","templated":true}]}}