{"id":1857,"date":"2026-02-16T08:52:06","date_gmt":"2026-02-16T08:52:06","guid":{"rendered":"https:\/\/test.fitnessworldgym27.com\/?post_type=product&#038;p=1857"},"modified":"2026-04-09T16:02:01","modified_gmt":"2026-04-09T16:02:01","slug":"l-oreal-revitalift-laser","status":"publish","type":"product","link":"https:\/\/cosmeticstoredz.com\/ar\/product\/l-oreal-revitalift-laser\/","title":{"rendered":"L oreal revitalift laser"},"content":{"rendered":"<p><strong>L\u2019Or\u00e9al Paris Revitalift Laser x3 Anti-Aging Glycolic Acid Peeling<\/strong><\/p>\n<p>Inspir\u00e9s des proc\u00e9dures dermatologiques de peeling, les Disques Peeling Anti-\u00c2ge Revitalift Laser X3 sont enrichis en acide glycolique pour aider \u00e0 \u00e9liminer les cellules mortes de votre peau, permettre une meilleure absorption de votre soin anti-\u00e2ge quotidien, r\u00e9duire les rides et uniformiser le teint. La haute concentration d&rsquo;acide glycolique contenue dans les Disques Peeling Anti-\u00c2ge permet d&rsquo;affaiblir les liaisons des prot\u00e9ines retenant les cellules mortes \u00e0 la surface de la peau, pour mieux les \u00e9liminer.<\/p>\n<p>R\u00e9sultat: d\u00e8s la premi\u00e8re utilisation la peau est clarifi\u00e9e, plus \u00e9clatante, plus douce et lumineuse. Apr\u00e8s 4 semaines d&rsquo;utilisation le teint est visiblement homog\u00e8ne, la texture de la peau est affin\u00e9e, les rides sont r\u00e9duites, et la peau semble plus jeune.<\/p>","protected":false},"excerpt":{"rendered":"<p><strong>L\u2019Or\u00e9al Paris Revitalift Laser x3 Anti-Aging Glycolic Acid Peeling<\/strong><\/p>\n<p>Inspir\u00e9s des proc\u00e9dures dermatologiques de peeling, les Disques Peeling Anti-\u00c2ge Revitalift Laser X3 sont enrichis en acide glycolique pour aider \u00e0 \u00e9liminer les cellules mortes de votre peau, permettre une meilleure absorption de votre soin anti-\u00e2ge quotidien, r\u00e9duire les rides et uniformiser le teint. La haute concentration d&rsquo;acide glycolique contenue dans les Disques Peeling Anti-\u00c2ge permet d&rsquo;affaiblir les liaisons des prot\u00e9ines retenant les cellules mortes \u00e0 la surface de la peau, pour mieux les \u00e9liminer.<\/p>","protected":false},"featured_media":25940,"comment_status":"closed","ping_status":"closed","template":"","meta":[],"product_brand":[409],"product_cat":[171,75,76],"product_tag":[125],"class_list":{"0":"post-1857","1":"product","2":"type-product","3":"status-publish","4":"has-post-thumbnail","6":"product_brand-loreal","7":"product_cat-creme-anti-age","8":"product_cat-femme","9":"product_cat-soin-visage-f","10":"product_tag-made-in-france","12":"first","13":"instock","14":"shipping-taxable","15":"purchasable","16":"product-type-simple"},"_links":{"self":[{"href":"https:\/\/cosmeticstoredz.com\/ar\/wp-json\/wp\/v2\/product\/1857","targetHints":{"allow":["GET"]}}],"collection":[{"href":"https:\/\/cosmeticstoredz.com\/ar\/wp-json\/wp\/v2\/product"}],"about":[{"href":"https:\/\/cosmeticstoredz.com\/ar\/wp-json\/wp\/v2\/types\/product"}],"replies":[{"embeddable":true,"href":"https:\/\/cosmeticstoredz.com\/ar\/wp-json\/wp\/v2\/comments?post=1857"}],"version-history":[{"count":2,"href":"https:\/\/cosmeticstoredz.com\/ar\/wp-json\/wp\/v2\/product\/1857\/revisions"}],"predecessor-version":[{"id":25901,"href":"https:\/\/cosmeticstoredz.com\/ar\/wp-json\/wp\/v2\/product\/1857\/revisions\/25901"}],"wp:featuredmedia":[{"embeddable":true,"href":"https:\/\/cosmeticstoredz.com\/ar\/wp-json\/wp\/v2\/media\/25940"}],"wp:attachment":[{"href":"https:\/\/cosmeticstoredz.com\/ar\/wp-json\/wp\/v2\/media?parent=1857"}],"wp:term":[{"taxonomy":"product_brand","embeddable":true,"href":"https:\/\/cosmeticstoredz.com\/ar\/wp-json\/wp\/v2\/product_brand?post=1857"},{"taxonomy":"product_cat","embeddable":true,"href":"https:\/\/cosmeticstoredz.com\/ar\/wp-json\/wp\/v2\/product_cat?post=1857"},{"taxonomy":"product_tag","embeddable":true,"href":"https:\/\/cosmeticstoredz.com\/ar\/wp-json\/wp\/v2\/product_tag?post=1857"}],"curies":[{"name":"wp","href":"https:\/\/api.w.org\/{rel}","templated":true}]}}