{"id":1855,"date":"2026-02-16T08:52:06","date_gmt":"2026-02-16T08:52:06","guid":{"rendered":"https:\/\/test.fitnessworldgym27.com\/?post_type=product&#038;p=1855"},"modified":"2026-02-16T08:52:43","modified_gmt":"2026-02-16T08:52:43","slug":"l-oreal-ral-color-riche-matte-344","status":"publish","type":"product","link":"https:\/\/cosmeticstoredz.com\/ar\/product\/l-oreal-ral-color-riche-matte-344\/","title":{"rendered":"L OREAL RAL COLOR RICHE MATTE 344"},"content":{"rendered":"<p><b>L&rsquo;Or\u00e9al\u00a0Rouge A L\u00e8vres Color Riche 344 Crimson Matte Obsession<\/b><\/p>\n<ul>\n<li>Confort extr\u00eame et hydratation : Color Riche, une texture voluptueuse qui gorge vos l\u00e8vres d&rsquo;hydratation et les pr\u00e9serve du dess\u00e8chement pour une couleur mate \u00e9clatante toute la journ\u00e9e.<\/li>\n<li>Matte Addiction : Enrichie en pigments de couleur intenses et en poudres matifiantes, la formule onctueuse couvre vos l\u00e8vres d&rsquo;une couleur mate obs\u00e9dante.<\/li>\n<\/ul>\n<p>&nbsp;<\/p>","protected":false},"excerpt":{"rendered":"<p><b>L&rsquo;Or\u00e9al\u00a0Rouge A L\u00e8vres Color Riche 344 Crimson Matte Obsession<\/b><\/p>\n<ul>\n<li>Confort extr\u00eame et hydratation : Color Riche, une texture voluptueuse qui gorge vos l\u00e8vres d&rsquo;hydratation et les pr\u00e9serve du dess\u00e8chement pour une couleur mate \u00e9clatante toute la journ\u00e9e.<\/li>\n<li>Matte Addiction : Enrichie en pigments de couleur intenses et en poudres matifiantes, la formule onctueuse couvre vos l\u00e8vres d&rsquo;une couleur mate obs\u00e9dante.<\/li>\n<\/ul>","protected":false},"featured_media":1921,"comment_status":"open","ping_status":"closed","template":"","meta":[],"product_brand":[],"product_cat":[205,122,207],"product_tag":[125],"class_list":{"0":"post-1855","1":"product","2":"type-product","3":"status-publish","4":"has-post-thumbnail","6":"product_cat-levres","7":"product_cat-make-up","8":"product_cat-rouge-a-levres","9":"product_tag-made-in-france","11":"first","12":"outofstock","13":"shipping-taxable","14":"purchasable","15":"product-type-simple"},"_links":{"self":[{"href":"https:\/\/cosmeticstoredz.com\/ar\/wp-json\/wp\/v2\/product\/1855","targetHints":{"allow":["GET"]}}],"collection":[{"href":"https:\/\/cosmeticstoredz.com\/ar\/wp-json\/wp\/v2\/product"}],"about":[{"href":"https:\/\/cosmeticstoredz.com\/ar\/wp-json\/wp\/v2\/types\/product"}],"replies":[{"embeddable":true,"href":"https:\/\/cosmeticstoredz.com\/ar\/wp-json\/wp\/v2\/comments?post=1855"}],"version-history":[{"count":1,"href":"https:\/\/cosmeticstoredz.com\/ar\/wp-json\/wp\/v2\/product\/1855\/revisions"}],"predecessor-version":[{"id":1922,"href":"https:\/\/cosmeticstoredz.com\/ar\/wp-json\/wp\/v2\/product\/1855\/revisions\/1922"}],"wp:featuredmedia":[{"embeddable":true,"href":"https:\/\/cosmeticstoredz.com\/ar\/wp-json\/wp\/v2\/media\/1921"}],"wp:attachment":[{"href":"https:\/\/cosmeticstoredz.com\/ar\/wp-json\/wp\/v2\/media?parent=1855"}],"wp:term":[{"taxonomy":"product_brand","embeddable":true,"href":"https:\/\/cosmeticstoredz.com\/ar\/wp-json\/wp\/v2\/product_brand?post=1855"},{"taxonomy":"product_cat","embeddable":true,"href":"https:\/\/cosmeticstoredz.com\/ar\/wp-json\/wp\/v2\/product_cat?post=1855"},{"taxonomy":"product_tag","embeddable":true,"href":"https:\/\/cosmeticstoredz.com\/ar\/wp-json\/wp\/v2\/product_tag?post=1855"}],"curies":[{"name":"wp","href":"https:\/\/api.w.org\/{rel}","templated":true}]}}