{"id":1816,"date":"2026-02-16T08:51:44","date_gmt":"2026-02-16T08:51:44","guid":{"rendered":"https:\/\/test.fitnessworldgym27.com\/?post_type=product&#038;p=1816"},"modified":"2026-04-18T19:20:05","modified_gmt":"2026-04-18T19:20:05","slug":"l-oreal-prof-curl-counteur-soin","status":"publish","type":"product","link":"https:\/\/cosmeticstoredz.com\/ar\/product\/l-oreal-prof-curl-counteur-soin\/","title":{"rendered":"L OREAL PROF CURL COUNTEUR SOIN"},"content":{"rendered":"<p id=\"description\"><b>L&rsquo;Or\u00e9al<\/b><strong>\u00a0Professionnel Serie Expert Curl Contour Soin<\/strong><\/p>\n<p>Cr\u00e8me coiffante pour cheveux boucl\u00e9s ou ondul\u00e9s.\u00a0L&rsquo;Or\u00e9al Professionnel Curl Contour d\u00e9finit la forme des boucles et les prot\u00e8ge des frisottis gr\u00e2ce \u00e0 un film protecteur qui nourrit et maintient les cuticules des cheveux scell\u00e9es.<br \/>\nL&rsquo;Or\u00e9al Professionnel Curl Contour poss\u00e8de la technologie exclusive Hydracell Complex, qui restaure la nutrition du cortex capillaire avec des acides gras et augmente la protection contre la s\u00e9cheresse et les frisottis gr\u00e2ce \u00e0 la fixation du ciment intracellulaire, qui maintient les cuticules ferm\u00e9es plus longtemps.<br \/>\nPendant la journ\u00e9e, gr\u00e2ce \u00e0 la Cr\u00e8me Coiffante Curl Contour de L&rsquo;Or\u00e9al Professionnel, les boucles retrouvent une d\u00e9finition parfaite et un toucher l\u00e9ger, avec un maximum de douceur et de mouvement.<\/p>\n<p><strong>Conseil d&rsquo;application<\/strong><br \/>\nAppliquez la cr\u00e8me coiffante sur cheveux humides, de la longueur jusqu&rsquo;aux pointes, et froissez les m\u00e8ches de bas en haut pour activer les boucles.\u00a0Laissez s\u00e9cher naturellement ou utilisez un s\u00e8che-cheveux avec diffuseur.<\/p>\n<p><strong>R\u00e9sultat<\/strong><br \/>\nBoucles d\u00e9finies et mobiles toute la journ\u00e9e et prot\u00e9g\u00e9es des frisottis et du dess\u00e8chement.<\/p>","protected":false},"excerpt":{"rendered":"<p id=\"description\"><b>L&rsquo;Or\u00e9al<\/b><strong>\u00a0Professionnel Serie Expert Curl Contour Soin<\/strong><\/p>\n<p>Cr\u00e8me coiffante pour cheveux boucl\u00e9s ou ondul\u00e9s.\u00a0L&rsquo;Or\u00e9al Professionnel Curl Contour d\u00e9finit la forme des boucles et les prot\u00e8ge des frisottis gr\u00e2ce \u00e0 un film protecteur qui nourrit et maintient les cuticules des cheveux scell\u00e9es.<br \/>\nL&rsquo;Or\u00e9al Professionnel Curl Contour poss\u00e8de la technologie exclusive Hydracell Complex, qui restaure la nutrition du cortex capillaire avec des acides gras et augmente la protection contre la s\u00e9cheresse et les frisottis gr\u00e2ce \u00e0 la fixation du ciment intracellulaire, qui maintient les cuticules ferm\u00e9es plus longtemps.<br \/>\nPendant la journ\u00e9e, gr\u00e2ce \u00e0 la Cr\u00e8me Coiffante Curl Contour de L&rsquo;Or\u00e9al Professionnel, les boucles retrouvent une d\u00e9finition parfaite et un toucher l\u00e9ger, avec un maximum de douceur et de mouvement.<\/p>","protected":false},"featured_media":1903,"comment_status":"open","ping_status":"closed","template":"","meta":[],"product_brand":[409],"product_cat":[107,75,153,95,92],"product_tag":[125],"class_list":{"0":"post-1816","1":"product","2":"type-product","3":"status-publish","4":"has-post-thumbnail","6":"product_brand-loreal","7":"product_cat-creme-coiffante","8":"product_cat-femme","9":"product_cat-loreal","10":"product_cat-soin-cheveux-f","11":"product_cat-soin-cheveux-h","12":"product_tag-made-in-france","14":"first","15":"outofstock","16":"shipping-taxable","17":"purchasable","18":"product-type-simple"},"yoast_head":"<!-- This site is optimized with the Yoast SEO plugin v27.3 - https:\/\/yoast.com\/product\/yoast-seo-wordpress\/ -->\n<title>L OREAL PROF CURL COUNTEUR SOIN - Cosmetic Store<\/title>\n<meta name=\"robots\" content=\"index, follow, max-snippet:-1, max-image-preview:large, max-video-preview:-1\" \/>\n<link rel=\"canonical\" href=\"https:\/\/cosmeticstoredz.com\/ar\/product\/l-oreal-prof-curl-counteur-soin\/\" \/>\n<meta property=\"og:locale\" content=\"ar_AR\" \/>\n<meta property=\"og:type\" content=\"article\" \/>\n<meta property=\"og:title\" content=\"L OREAL PROF CURL COUNTEUR SOIN - Cosmetic Store\" \/>\n<meta property=\"og:description\" content=\"L&#039;Or\u00e9al\u00a0Professionnel Serie Expert Curl Contour Soin Cr\u00e8me coiffante pour cheveux boucl\u00e9s ou ondul\u00e9s.\u00a0L&#039;Or\u00e9al Professionnel Curl Contour d\u00e9finit la forme des boucles et les prot\u00e8ge des frisottis gr\u00e2ce \u00e0 un film protecteur qui nourrit et maintient les cuticules des cheveux scell\u00e9es. L&#039;Or\u00e9al Professionnel Curl Contour poss\u00e8de la technologie exclusive Hydracell Complex, qui restaure la nutrition du cortex capillaire avec des acides gras et augmente la protection contre la s\u00e9cheresse et les frisottis gr\u00e2ce \u00e0 la fixation du ciment intracellulaire, qui maintient les cuticules ferm\u00e9es plus longtemps. Pendant la journ\u00e9e, gr\u00e2ce \u00e0 la Cr\u00e8me Coiffante Curl Contour de L&#039;Or\u00e9al Professionnel, les boucles retrouvent une d\u00e9finition parfaite et un toucher l\u00e9ger, avec un maximum de douceur et de mouvement.\" \/>\n<meta property=\"og:url\" content=\"https:\/\/cosmeticstoredz.com\/ar\/product\/l-oreal-prof-curl-counteur-soin\/\" \/>\n<meta property=\"og:site_name\" content=\"Cosmetic Store\" \/>\n<meta property=\"article:publisher\" content=\"https:\/\/www.facebook.com\/profile.php?id=61564954260683\" \/>\n<meta property=\"article:modified_time\" content=\"2026-04-18T19:20:05+00:00\" \/>\n<meta property=\"og:image\" content=\"https:\/\/cosmeticstoredz.com\/wp-content\/uploads\/2026\/02\/CC-156.png\" \/>\n\t<meta property=\"og:image:width\" content=\"1563\" \/>\n\t<meta property=\"og:image:height\" content=\"1563\" \/>\n\t<meta property=\"og:image:type\" content=\"image\/png\" \/>\n<meta name=\"twitter:card\" content=\"summary_large_image\" \/>\n<meta name=\"twitter:label1\" content=\"\u0648\u0642\u062a \u0627\u0644\u0642\u0631\u0627\u0621\u0629 \u0627\u0644\u0645\u064f\u0642\u062f\u0651\u0631\" \/>\n\t<meta name=\"twitter:data1\" content=\"\u062f\u0642\u064a\u0642\u0629 \u0648\u0627\u062d\u062f\u0629\" \/>\n<script type=\"application\/ld+json\" class=\"yoast-schema-graph\">{\"@context\":\"https:\\\/\\\/schema.org\",\"@graph\":[{\"@type\":\"WebPage\",\"@id\":\"https:\\\/\\\/cosmeticstoredz.com\\\/produit\\\/l-oreal-prof-curl-counteur-soin\\\/\",\"url\":\"https:\\\/\\\/cosmeticstoredz.com\\\/produit\\\/l-oreal-prof-curl-counteur-soin\\\/\",\"name\":\"L OREAL PROF CURL COUNTEUR SOIN - Cosmetic Store\",\"isPartOf\":{\"@id\":\"https:\\\/\\\/cosmeticstoredz.com\\\/#website\"},\"primaryImageOfPage\":{\"@id\":\"https:\\\/\\\/cosmeticstoredz.com\\\/produit\\\/l-oreal-prof-curl-counteur-soin\\\/#primaryimage\"},\"image\":{\"@id\":\"https:\\\/\\\/cosmeticstoredz.com\\\/produit\\\/l-oreal-prof-curl-counteur-soin\\\/#primaryimage\"},\"thumbnailUrl\":\"https:\\\/\\\/cosmeticstoredz.com\\\/wp-content\\\/uploads\\\/2026\\\/02\\\/CC-156.png\",\"datePublished\":\"2026-02-16T08:51:44+00:00\",\"dateModified\":\"2026-04-18T19:20:05+00:00\",\"breadcrumb\":{\"@id\":\"https:\\\/\\\/cosmeticstoredz.com\\\/produit\\\/l-oreal-prof-curl-counteur-soin\\\/#breadcrumb\"},\"inLanguage\":\"ar\",\"potentialAction\":[{\"@type\":\"ReadAction\",\"target\":[\"https:\\\/\\\/cosmeticstoredz.com\\\/produit\\\/l-oreal-prof-curl-counteur-soin\\\/\"]}]},{\"@type\":\"ImageObject\",\"inLanguage\":\"ar\",\"@id\":\"https:\\\/\\\/cosmeticstoredz.com\\\/produit\\\/l-oreal-prof-curl-counteur-soin\\\/#primaryimage\",\"url\":\"https:\\\/\\\/cosmeticstoredz.com\\\/wp-content\\\/uploads\\\/2026\\\/02\\\/CC-156.png\",\"contentUrl\":\"https:\\\/\\\/cosmeticstoredz.com\\\/wp-content\\\/uploads\\\/2026\\\/02\\\/CC-156.png\",\"width\":1563,\"height\":1563},{\"@type\":\"BreadcrumbList\",\"@id\":\"https:\\\/\\\/cosmeticstoredz.com\\\/produit\\\/l-oreal-prof-curl-counteur-soin\\\/#breadcrumb\",\"itemListElement\":[{\"@type\":\"ListItem\",\"position\":1,\"name\":\"Accueil\",\"item\":\"https:\\\/\\\/cosmeticstoredz.com\\\/\"},{\"@type\":\"ListItem\",\"position\":2,\"name\":\"Boutique\",\"item\":\"https:\\\/\\\/cosmeticstoredz.com\\\/boutique\\\/\"},{\"@type\":\"ListItem\",\"position\":3,\"name\":\"L OREAL PROF CURL COUNTEUR SOIN\"}]},{\"@type\":\"WebSite\",\"@id\":\"https:\\\/\\\/cosmeticstoredz.com\\\/#website\",\"url\":\"https:\\\/\\\/cosmeticstoredz.com\\\/\",\"name\":\"Cosmetic Store\",\"description\":\"\",\"publisher\":{\"@id\":\"https:\\\/\\\/cosmeticstoredz.com\\\/#organization\"},\"potentialAction\":[{\"@type\":\"SearchAction\",\"target\":{\"@type\":\"EntryPoint\",\"urlTemplate\":\"https:\\\/\\\/cosmeticstoredz.com\\\/?s={search_term_string}\"},\"query-input\":{\"@type\":\"PropertyValueSpecification\",\"valueRequired\":true,\"valueName\":\"search_term_string\"}}],\"inLanguage\":\"ar\"},{\"@type\":\"Organization\",\"@id\":\"https:\\\/\\\/cosmeticstoredz.com\\\/#organization\",\"name\":\"Cosmetic Store\",\"url\":\"https:\\\/\\\/cosmeticstoredz.com\\\/\",\"logo\":{\"@type\":\"ImageObject\",\"inLanguage\":\"ar\",\"@id\":\"https:\\\/\\\/cosmeticstoredz.com\\\/#\\\/schema\\\/logo\\\/image\\\/\",\"url\":\"https:\\\/\\\/cosmeticstoredz.com\\\/wp-content\\\/uploads\\\/2026\\\/02\\\/cropped-LOGO_CS-512x512-1-1-e1771275285345.webp\",\"contentUrl\":\"https:\\\/\\\/cosmeticstoredz.com\\\/wp-content\\\/uploads\\\/2026\\\/02\\\/cropped-LOGO_CS-512x512-1-1-e1771275285345.webp\",\"width\":265,\"height\":319,\"caption\":\"Cosmetic Store\"},\"image\":{\"@id\":\"https:\\\/\\\/cosmeticstoredz.com\\\/#\\\/schema\\\/logo\\\/image\\\/\"},\"sameAs\":[\"https:\\\/\\\/www.facebook.com\\\/profile.php?id=61564954260683\",\"https:\\\/\\\/www.instagram.com\\\/cosmetic.storedz\\\/\"]}]}<\/script>\n<!-- \/ Yoast SEO plugin. -->","yoast_head_json":{"title":"L OREAL PROF CURL COUNTEUR SOIN - Cosmetic Store","robots":{"index":"index","follow":"follow","max-snippet":"max-snippet:-1","max-image-preview":"max-image-preview:large","max-video-preview":"max-video-preview:-1"},"canonical":"https:\/\/cosmeticstoredz.com\/ar\/product\/l-oreal-prof-curl-counteur-soin\/","og_locale":"ar_AR","og_type":"article","og_title":"L OREAL PROF CURL COUNTEUR SOIN - Cosmetic Store","og_description":"L'Or\u00e9al\u00a0Professionnel Serie Expert Curl Contour Soin Cr\u00e8me coiffante pour cheveux boucl\u00e9s ou ondul\u00e9s.\u00a0L'Or\u00e9al Professionnel Curl Contour d\u00e9finit la forme des boucles et les prot\u00e8ge des frisottis gr\u00e2ce \u00e0 un film protecteur qui nourrit et maintient les cuticules des cheveux scell\u00e9es. L'Or\u00e9al Professionnel Curl Contour poss\u00e8de la technologie exclusive Hydracell Complex, qui restaure la nutrition du cortex capillaire avec des acides gras et augmente la protection contre la s\u00e9cheresse et les frisottis gr\u00e2ce \u00e0 la fixation du ciment intracellulaire, qui maintient les cuticules ferm\u00e9es plus longtemps. Pendant la journ\u00e9e, gr\u00e2ce \u00e0 la Cr\u00e8me Coiffante Curl Contour de L'Or\u00e9al Professionnel, les boucles retrouvent une d\u00e9finition parfaite et un toucher l\u00e9ger, avec un maximum de douceur et de mouvement.","og_url":"https:\/\/cosmeticstoredz.com\/ar\/product\/l-oreal-prof-curl-counteur-soin\/","og_site_name":"Cosmetic Store","article_publisher":"https:\/\/www.facebook.com\/profile.php?id=61564954260683","article_modified_time":"2026-04-18T19:20:05+00:00","og_image":[{"width":1563,"height":1563,"url":"https:\/\/cosmeticstoredz.com\/wp-content\/uploads\/2026\/02\/CC-156.png","type":"image\/png"}],"twitter_card":"summary_large_image","twitter_misc":{"\u0648\u0642\u062a \u0627\u0644\u0642\u0631\u0627\u0621\u0629 \u0627\u0644\u0645\u064f\u0642\u062f\u0651\u0631":"\u062f\u0642\u064a\u0642\u0629 \u0648\u0627\u062d\u062f\u0629"},"schema":{"@context":"https:\/\/schema.org","@graph":[{"@type":"WebPage","@id":"https:\/\/cosmeticstoredz.com\/produit\/l-oreal-prof-curl-counteur-soin\/","url":"https:\/\/cosmeticstoredz.com\/produit\/l-oreal-prof-curl-counteur-soin\/","name":"L OREAL PROF CURL COUNTEUR SOIN - Cosmetic Store","isPartOf":{"@id":"https:\/\/cosmeticstoredz.com\/#website"},"primaryImageOfPage":{"@id":"https:\/\/cosmeticstoredz.com\/produit\/l-oreal-prof-curl-counteur-soin\/#primaryimage"},"image":{"@id":"https:\/\/cosmeticstoredz.com\/produit\/l-oreal-prof-curl-counteur-soin\/#primaryimage"},"thumbnailUrl":"https:\/\/cosmeticstoredz.com\/wp-content\/uploads\/2026\/02\/CC-156.png","datePublished":"2026-02-16T08:51:44+00:00","dateModified":"2026-04-18T19:20:05+00:00","breadcrumb":{"@id":"https:\/\/cosmeticstoredz.com\/produit\/l-oreal-prof-curl-counteur-soin\/#breadcrumb"},"inLanguage":"ar","potentialAction":[{"@type":"ReadAction","target":["https:\/\/cosmeticstoredz.com\/produit\/l-oreal-prof-curl-counteur-soin\/"]}]},{"@type":"ImageObject","inLanguage":"ar","@id":"https:\/\/cosmeticstoredz.com\/produit\/l-oreal-prof-curl-counteur-soin\/#primaryimage","url":"https:\/\/cosmeticstoredz.com\/wp-content\/uploads\/2026\/02\/CC-156.png","contentUrl":"https:\/\/cosmeticstoredz.com\/wp-content\/uploads\/2026\/02\/CC-156.png","width":1563,"height":1563},{"@type":"BreadcrumbList","@id":"https:\/\/cosmeticstoredz.com\/produit\/l-oreal-prof-curl-counteur-soin\/#breadcrumb","itemListElement":[{"@type":"ListItem","position":1,"name":"Accueil","item":"https:\/\/cosmeticstoredz.com\/"},{"@type":"ListItem","position":2,"name":"Boutique","item":"https:\/\/cosmeticstoredz.com\/boutique\/"},{"@type":"ListItem","position":3,"name":"L OREAL PROF CURL COUNTEUR SOIN"}]},{"@type":"WebSite","@id":"https:\/\/cosmeticstoredz.com\/#website","url":"https:\/\/cosmeticstoredz.com\/","name":"Cosmetic Store","description":"","publisher":{"@id":"https:\/\/cosmeticstoredz.com\/#organization"},"potentialAction":[{"@type":"SearchAction","target":{"@type":"EntryPoint","urlTemplate":"https:\/\/cosmeticstoredz.com\/?s={search_term_string}"},"query-input":{"@type":"PropertyValueSpecification","valueRequired":true,"valueName":"search_term_string"}}],"inLanguage":"ar"},{"@type":"Organization","@id":"https:\/\/cosmeticstoredz.com\/#organization","name":"Cosmetic Store","url":"https:\/\/cosmeticstoredz.com\/","logo":{"@type":"ImageObject","inLanguage":"ar","@id":"https:\/\/cosmeticstoredz.com\/#\/schema\/logo\/image\/","url":"https:\/\/cosmeticstoredz.com\/wp-content\/uploads\/2026\/02\/cropped-LOGO_CS-512x512-1-1-e1771275285345.webp","contentUrl":"https:\/\/cosmeticstoredz.com\/wp-content\/uploads\/2026\/02\/cropped-LOGO_CS-512x512-1-1-e1771275285345.webp","width":265,"height":319,"caption":"Cosmetic Store"},"image":{"@id":"https:\/\/cosmeticstoredz.com\/#\/schema\/logo\/image\/"},"sameAs":["https:\/\/www.facebook.com\/profile.php?id=61564954260683","https:\/\/www.instagram.com\/cosmetic.storedz\/"]}]}},"_links":{"self":[{"href":"https:\/\/cosmeticstoredz.com\/ar\/wp-json\/wp\/v2\/product\/1816","targetHints":{"allow":["GET"]}}],"collection":[{"href":"https:\/\/cosmeticstoredz.com\/ar\/wp-json\/wp\/v2\/product"}],"about":[{"href":"https:\/\/cosmeticstoredz.com\/ar\/wp-json\/wp\/v2\/types\/product"}],"replies":[{"embeddable":true,"href":"https:\/\/cosmeticstoredz.com\/ar\/wp-json\/wp\/v2\/comments?post=1816"}],"version-history":[{"count":1,"href":"https:\/\/cosmeticstoredz.com\/ar\/wp-json\/wp\/v2\/product\/1816\/revisions"}],"predecessor-version":[{"id":1904,"href":"https:\/\/cosmeticstoredz.com\/ar\/wp-json\/wp\/v2\/product\/1816\/revisions\/1904"}],"wp:featuredmedia":[{"embeddable":true,"href":"https:\/\/cosmeticstoredz.com\/ar\/wp-json\/wp\/v2\/media\/1903"}],"wp:attachment":[{"href":"https:\/\/cosmeticstoredz.com\/ar\/wp-json\/wp\/v2\/media?parent=1816"}],"wp:term":[{"taxonomy":"product_brand","embeddable":true,"href":"https:\/\/cosmeticstoredz.com\/ar\/wp-json\/wp\/v2\/product_brand?post=1816"},{"taxonomy":"product_cat","embeddable":true,"href":"https:\/\/cosmeticstoredz.com\/ar\/wp-json\/wp\/v2\/product_cat?post=1816"},{"taxonomy":"product_tag","embeddable":true,"href":"https:\/\/cosmeticstoredz.com\/ar\/wp-json\/wp\/v2\/product_tag?post=1816"}],"curies":[{"name":"wp","href":"https:\/\/api.w.org\/{rel}","templated":true}]}}