{"id":1808,"date":"2026-02-16T08:51:43","date_gmt":"2026-02-16T08:51:43","guid":{"rendered":"https:\/\/test.fitnessworldgym27.com\/?post_type=product&#038;p=1808"},"modified":"2026-05-02T19:01:32","modified_gmt":"2026-05-02T19:01:32","slug":"l-oreal-paris-ral-signature-121-i-choose","status":"publish","type":"product","link":"https:\/\/cosmeticstoredz.com\/ar\/product\/l-oreal-paris-ral-signature-121-i-choose\/","title":{"rendered":"L OREAL PARIS RAL SIGNATURE 121 I CHOOSE"},"content":{"rendered":"<p class=\"product_title entry-title wd-entities-title\"><b>L&rsquo;Or\u00e9al<\/b><strong>\u00a0Rouge Signature Liquid Lipstick 121 I Choose<\/strong><\/p>\n<p><span class=\"a-list-item\">L&rsquo;Or\u00e9al Paris Rouge Signature, rouge \u00e0 l\u00e8vres liquide permanent aux couleurs mates d&rsquo;impact. Encre \u00e0 l\u00e8vres liquide mate longue tenue, Couleur concentr\u00e9e en pigments haute intensit\u00e9 pour un r\u00e9sultat ultra-satur\u00e9 avec une texture si l\u00e9g\u00e8re que vous ne remarquerez pas que vous le portez. Des pigments vibrants au fini mat pour des l\u00e8vres \u00e9clatantes tout au long de la journ\u00e9e.<\/span><\/p>\n<p><span class=\"a-list-item\"><strong>R\u00e9sultats<\/strong> : Des l\u00e8vres \u00e0 la couleur intense et au fini mat<\/span><\/p>\n<p><span class=\"a-list-item\"><strong>Application<\/strong> : Suivre le contour de vos l\u00e8vres gr\u00e2ce \u00e0 l&rsquo;applicateur pour dessiner la bouche, Puis appliquer la texture g\u00e9n\u00e9reusement dans le centre des l\u00e8vres<\/span><\/p>","protected":false},"excerpt":{"rendered":"<p class=\"product_title entry-title wd-entities-title\"><b>L&rsquo;Or\u00e9al<\/b><strong>\u00a0Rouge Signature Liquid Lipstick 121 I Choose<\/strong><\/p>\n<p><span class=\"a-list-item\">L&rsquo;Or\u00e9al Paris Rouge Signature, rouge \u00e0 l\u00e8vres liquide permanent aux couleurs mates d&rsquo;impact. Encre \u00e0 l\u00e8vres liquide mate longue tenue, Couleur concentr\u00e9e en pigments haute intensit\u00e9 pour un r\u00e9sultat ultra-satur\u00e9 avec une texture si l\u00e9g\u00e8re que vous ne remarquerez pas que vous le portez. Des pigments vibrants au fini mat pour des l\u00e8vres \u00e9clatantes tout au long de la journ\u00e9e.<\/span><\/p>","protected":false},"featured_media":1875,"comment_status":"open","ping_status":"closed","template":"","meta":[],"product_brand":[409],"product_cat":[206,153,205,122],"product_tag":[125],"class_list":{"0":"post-1808","1":"product","2":"type-product","3":"status-publish","4":"has-post-thumbnail","6":"product_brand-loreal","7":"product_cat-gloss","8":"product_cat-loreal","9":"product_cat-levres","10":"product_cat-make-up","11":"product_tag-made-in-france","13":"first","14":"outofstock","15":"shipping-taxable","16":"purchasable","17":"product-type-simple"},"yoast_head":"<!-- This site is optimized with the Yoast SEO plugin v27.3 - https:\/\/yoast.com\/product\/yoast-seo-wordpress\/ -->\n<title>L OREAL PARIS RAL SIGNATURE 121 I CHOOSE - Cosmetic Store<\/title>\n<meta name=\"robots\" content=\"index, follow, max-snippet:-1, max-image-preview:large, max-video-preview:-1\" \/>\n<link rel=\"canonical\" href=\"https:\/\/cosmeticstoredz.com\/ar\/product\/l-oreal-paris-ral-signature-121-i-choose\/\" \/>\n<meta property=\"og:locale\" content=\"ar_AR\" \/>\n<meta property=\"og:type\" content=\"article\" \/>\n<meta property=\"og:title\" content=\"L OREAL PARIS RAL SIGNATURE 121 I CHOOSE - Cosmetic Store\" \/>\n<meta property=\"og:description\" content=\"L&#039;Or\u00e9al\u00a0Rouge Signature Liquid Lipstick 121 I Choose L&#039;Or\u00e9al Paris Rouge Signature, rouge \u00e0 l\u00e8vres liquide permanent aux couleurs mates d&#039;impact. Encre \u00e0 l\u00e8vres liquide mate longue tenue, Couleur concentr\u00e9e en pigments haute intensit\u00e9 pour un r\u00e9sultat ultra-satur\u00e9 avec une texture si l\u00e9g\u00e8re que vous ne remarquerez pas que vous le portez. Des pigments vibrants au fini mat pour des l\u00e8vres \u00e9clatantes tout au long de la journ\u00e9e.\" \/>\n<meta property=\"og:url\" content=\"https:\/\/cosmeticstoredz.com\/ar\/product\/l-oreal-paris-ral-signature-121-i-choose\/\" \/>\n<meta property=\"og:site_name\" content=\"Cosmetic Store\" \/>\n<meta property=\"article:publisher\" content=\"https:\/\/www.facebook.com\/profile.php?id=61564954260683\" \/>\n<meta property=\"article:modified_time\" content=\"2026-05-02T19:01:32+00:00\" \/>\n<meta property=\"og:image\" content=\"https:\/\/cosmeticstoredz.com\/wp-content\/uploads\/2026\/02\/CC-144.png\" \/>\n\t<meta property=\"og:image:width\" content=\"500\" \/>\n\t<meta property=\"og:image:height\" content=\"500\" \/>\n\t<meta property=\"og:image:type\" content=\"image\/png\" \/>\n<meta name=\"twitter:card\" content=\"summary_large_image\" \/>\n<meta name=\"twitter:label1\" content=\"\u0648\u0642\u062a \u0627\u0644\u0642\u0631\u0627\u0621\u0629 \u0627\u0644\u0645\u064f\u0642\u062f\u0651\u0631\" \/>\n\t<meta name=\"twitter:data1\" content=\"\u062f\u0642\u064a\u0642\u0629 \u0648\u0627\u062d\u062f\u0629\" \/>\n<script type=\"application\/ld+json\" class=\"yoast-schema-graph\">{\"@context\":\"https:\\\/\\\/schema.org\",\"@graph\":[{\"@type\":\"WebPage\",\"@id\":\"https:\\\/\\\/cosmeticstoredz.com\\\/produit\\\/l-oreal-paris-ral-signature-121-i-choose\\\/\",\"url\":\"https:\\\/\\\/cosmeticstoredz.com\\\/produit\\\/l-oreal-paris-ral-signature-121-i-choose\\\/\",\"name\":\"L OREAL PARIS RAL SIGNATURE 121 I CHOOSE - Cosmetic Store\",\"isPartOf\":{\"@id\":\"https:\\\/\\\/cosmeticstoredz.com\\\/#website\"},\"primaryImageOfPage\":{\"@id\":\"https:\\\/\\\/cosmeticstoredz.com\\\/produit\\\/l-oreal-paris-ral-signature-121-i-choose\\\/#primaryimage\"},\"image\":{\"@id\":\"https:\\\/\\\/cosmeticstoredz.com\\\/produit\\\/l-oreal-paris-ral-signature-121-i-choose\\\/#primaryimage\"},\"thumbnailUrl\":\"https:\\\/\\\/cosmeticstoredz.com\\\/wp-content\\\/uploads\\\/2026\\\/02\\\/CC-144.png\",\"datePublished\":\"2026-02-16T08:51:43+00:00\",\"dateModified\":\"2026-05-02T19:01:32+00:00\",\"breadcrumb\":{\"@id\":\"https:\\\/\\\/cosmeticstoredz.com\\\/produit\\\/l-oreal-paris-ral-signature-121-i-choose\\\/#breadcrumb\"},\"inLanguage\":\"ar\",\"potentialAction\":[{\"@type\":\"ReadAction\",\"target\":[\"https:\\\/\\\/cosmeticstoredz.com\\\/produit\\\/l-oreal-paris-ral-signature-121-i-choose\\\/\"]}]},{\"@type\":\"ImageObject\",\"inLanguage\":\"ar\",\"@id\":\"https:\\\/\\\/cosmeticstoredz.com\\\/produit\\\/l-oreal-paris-ral-signature-121-i-choose\\\/#primaryimage\",\"url\":\"https:\\\/\\\/cosmeticstoredz.com\\\/wp-content\\\/uploads\\\/2026\\\/02\\\/CC-144.png\",\"contentUrl\":\"https:\\\/\\\/cosmeticstoredz.com\\\/wp-content\\\/uploads\\\/2026\\\/02\\\/CC-144.png\",\"width\":500,\"height\":500},{\"@type\":\"BreadcrumbList\",\"@id\":\"https:\\\/\\\/cosmeticstoredz.com\\\/produit\\\/l-oreal-paris-ral-signature-121-i-choose\\\/#breadcrumb\",\"itemListElement\":[{\"@type\":\"ListItem\",\"position\":1,\"name\":\"Accueil\",\"item\":\"https:\\\/\\\/cosmeticstoredz.com\\\/\"},{\"@type\":\"ListItem\",\"position\":2,\"name\":\"Boutique\",\"item\":\"https:\\\/\\\/cosmeticstoredz.com\\\/boutique\\\/\"},{\"@type\":\"ListItem\",\"position\":3,\"name\":\"L OREAL PARIS RAL SIGNATURE 121 I CHOOSE\"}]},{\"@type\":\"WebSite\",\"@id\":\"https:\\\/\\\/cosmeticstoredz.com\\\/#website\",\"url\":\"https:\\\/\\\/cosmeticstoredz.com\\\/\",\"name\":\"Cosmetic Store\",\"description\":\"\",\"publisher\":{\"@id\":\"https:\\\/\\\/cosmeticstoredz.com\\\/#organization\"},\"potentialAction\":[{\"@type\":\"SearchAction\",\"target\":{\"@type\":\"EntryPoint\",\"urlTemplate\":\"https:\\\/\\\/cosmeticstoredz.com\\\/?s={search_term_string}\"},\"query-input\":{\"@type\":\"PropertyValueSpecification\",\"valueRequired\":true,\"valueName\":\"search_term_string\"}}],\"inLanguage\":\"ar\"},{\"@type\":\"Organization\",\"@id\":\"https:\\\/\\\/cosmeticstoredz.com\\\/#organization\",\"name\":\"Cosmetic Store\",\"url\":\"https:\\\/\\\/cosmeticstoredz.com\\\/\",\"logo\":{\"@type\":\"ImageObject\",\"inLanguage\":\"ar\",\"@id\":\"https:\\\/\\\/cosmeticstoredz.com\\\/#\\\/schema\\\/logo\\\/image\\\/\",\"url\":\"https:\\\/\\\/cosmeticstoredz.com\\\/wp-content\\\/uploads\\\/2026\\\/02\\\/cropped-LOGO_CS-512x512-1-1-e1771275285345.webp\",\"contentUrl\":\"https:\\\/\\\/cosmeticstoredz.com\\\/wp-content\\\/uploads\\\/2026\\\/02\\\/cropped-LOGO_CS-512x512-1-1-e1771275285345.webp\",\"width\":265,\"height\":319,\"caption\":\"Cosmetic Store\"},\"image\":{\"@id\":\"https:\\\/\\\/cosmeticstoredz.com\\\/#\\\/schema\\\/logo\\\/image\\\/\"},\"sameAs\":[\"https:\\\/\\\/www.facebook.com\\\/profile.php?id=61564954260683\",\"https:\\\/\\\/www.instagram.com\\\/cosmetic.storedz\\\/\"]}]}<\/script>\n<!-- \/ Yoast SEO plugin. -->","yoast_head_json":{"title":"L OREAL PARIS RAL SIGNATURE 121 I CHOOSE - Cosmetic Store","robots":{"index":"index","follow":"follow","max-snippet":"max-snippet:-1","max-image-preview":"max-image-preview:large","max-video-preview":"max-video-preview:-1"},"canonical":"https:\/\/cosmeticstoredz.com\/ar\/product\/l-oreal-paris-ral-signature-121-i-choose\/","og_locale":"ar_AR","og_type":"article","og_title":"L OREAL PARIS RAL SIGNATURE 121 I CHOOSE - Cosmetic Store","og_description":"L'Or\u00e9al\u00a0Rouge Signature Liquid Lipstick 121 I Choose L'Or\u00e9al Paris Rouge Signature, rouge \u00e0 l\u00e8vres liquide permanent aux couleurs mates d'impact. Encre \u00e0 l\u00e8vres liquide mate longue tenue, Couleur concentr\u00e9e en pigments haute intensit\u00e9 pour un r\u00e9sultat ultra-satur\u00e9 avec une texture si l\u00e9g\u00e8re que vous ne remarquerez pas que vous le portez. Des pigments vibrants au fini mat pour des l\u00e8vres \u00e9clatantes tout au long de la journ\u00e9e.","og_url":"https:\/\/cosmeticstoredz.com\/ar\/product\/l-oreal-paris-ral-signature-121-i-choose\/","og_site_name":"Cosmetic Store","article_publisher":"https:\/\/www.facebook.com\/profile.php?id=61564954260683","article_modified_time":"2026-05-02T19:01:32+00:00","og_image":[{"width":500,"height":500,"url":"https:\/\/cosmeticstoredz.com\/wp-content\/uploads\/2026\/02\/CC-144.png","type":"image\/png"}],"twitter_card":"summary_large_image","twitter_misc":{"\u0648\u0642\u062a \u0627\u0644\u0642\u0631\u0627\u0621\u0629 \u0627\u0644\u0645\u064f\u0642\u062f\u0651\u0631":"\u062f\u0642\u064a\u0642\u0629 \u0648\u0627\u062d\u062f\u0629"},"schema":{"@context":"https:\/\/schema.org","@graph":[{"@type":"WebPage","@id":"https:\/\/cosmeticstoredz.com\/produit\/l-oreal-paris-ral-signature-121-i-choose\/","url":"https:\/\/cosmeticstoredz.com\/produit\/l-oreal-paris-ral-signature-121-i-choose\/","name":"L OREAL PARIS RAL SIGNATURE 121 I CHOOSE - Cosmetic Store","isPartOf":{"@id":"https:\/\/cosmeticstoredz.com\/#website"},"primaryImageOfPage":{"@id":"https:\/\/cosmeticstoredz.com\/produit\/l-oreal-paris-ral-signature-121-i-choose\/#primaryimage"},"image":{"@id":"https:\/\/cosmeticstoredz.com\/produit\/l-oreal-paris-ral-signature-121-i-choose\/#primaryimage"},"thumbnailUrl":"https:\/\/cosmeticstoredz.com\/wp-content\/uploads\/2026\/02\/CC-144.png","datePublished":"2026-02-16T08:51:43+00:00","dateModified":"2026-05-02T19:01:32+00:00","breadcrumb":{"@id":"https:\/\/cosmeticstoredz.com\/produit\/l-oreal-paris-ral-signature-121-i-choose\/#breadcrumb"},"inLanguage":"ar","potentialAction":[{"@type":"ReadAction","target":["https:\/\/cosmeticstoredz.com\/produit\/l-oreal-paris-ral-signature-121-i-choose\/"]}]},{"@type":"ImageObject","inLanguage":"ar","@id":"https:\/\/cosmeticstoredz.com\/produit\/l-oreal-paris-ral-signature-121-i-choose\/#primaryimage","url":"https:\/\/cosmeticstoredz.com\/wp-content\/uploads\/2026\/02\/CC-144.png","contentUrl":"https:\/\/cosmeticstoredz.com\/wp-content\/uploads\/2026\/02\/CC-144.png","width":500,"height":500},{"@type":"BreadcrumbList","@id":"https:\/\/cosmeticstoredz.com\/produit\/l-oreal-paris-ral-signature-121-i-choose\/#breadcrumb","itemListElement":[{"@type":"ListItem","position":1,"name":"Accueil","item":"https:\/\/cosmeticstoredz.com\/"},{"@type":"ListItem","position":2,"name":"Boutique","item":"https:\/\/cosmeticstoredz.com\/boutique\/"},{"@type":"ListItem","position":3,"name":"L OREAL PARIS RAL SIGNATURE 121 I CHOOSE"}]},{"@type":"WebSite","@id":"https:\/\/cosmeticstoredz.com\/#website","url":"https:\/\/cosmeticstoredz.com\/","name":"Cosmetic Store","description":"","publisher":{"@id":"https:\/\/cosmeticstoredz.com\/#organization"},"potentialAction":[{"@type":"SearchAction","target":{"@type":"EntryPoint","urlTemplate":"https:\/\/cosmeticstoredz.com\/?s={search_term_string}"},"query-input":{"@type":"PropertyValueSpecification","valueRequired":true,"valueName":"search_term_string"}}],"inLanguage":"ar"},{"@type":"Organization","@id":"https:\/\/cosmeticstoredz.com\/#organization","name":"Cosmetic Store","url":"https:\/\/cosmeticstoredz.com\/","logo":{"@type":"ImageObject","inLanguage":"ar","@id":"https:\/\/cosmeticstoredz.com\/#\/schema\/logo\/image\/","url":"https:\/\/cosmeticstoredz.com\/wp-content\/uploads\/2026\/02\/cropped-LOGO_CS-512x512-1-1-e1771275285345.webp","contentUrl":"https:\/\/cosmeticstoredz.com\/wp-content\/uploads\/2026\/02\/cropped-LOGO_CS-512x512-1-1-e1771275285345.webp","width":265,"height":319,"caption":"Cosmetic Store"},"image":{"@id":"https:\/\/cosmeticstoredz.com\/#\/schema\/logo\/image\/"},"sameAs":["https:\/\/www.facebook.com\/profile.php?id=61564954260683","https:\/\/www.instagram.com\/cosmetic.storedz\/"]}]}},"_links":{"self":[{"href":"https:\/\/cosmeticstoredz.com\/ar\/wp-json\/wp\/v2\/product\/1808","targetHints":{"allow":["GET"]}}],"collection":[{"href":"https:\/\/cosmeticstoredz.com\/ar\/wp-json\/wp\/v2\/product"}],"about":[{"href":"https:\/\/cosmeticstoredz.com\/ar\/wp-json\/wp\/v2\/types\/product"}],"replies":[{"embeddable":true,"href":"https:\/\/cosmeticstoredz.com\/ar\/wp-json\/wp\/v2\/comments?post=1808"}],"version-history":[{"count":1,"href":"https:\/\/cosmeticstoredz.com\/ar\/wp-json\/wp\/v2\/product\/1808\/revisions"}],"predecessor-version":[{"id":1876,"href":"https:\/\/cosmeticstoredz.com\/ar\/wp-json\/wp\/v2\/product\/1808\/revisions\/1876"}],"wp:featuredmedia":[{"embeddable":true,"href":"https:\/\/cosmeticstoredz.com\/ar\/wp-json\/wp\/v2\/media\/1875"}],"wp:attachment":[{"href":"https:\/\/cosmeticstoredz.com\/ar\/wp-json\/wp\/v2\/media?parent=1808"}],"wp:term":[{"taxonomy":"product_brand","embeddable":true,"href":"https:\/\/cosmeticstoredz.com\/ar\/wp-json\/wp\/v2\/product_brand?post=1808"},{"taxonomy":"product_cat","embeddable":true,"href":"https:\/\/cosmeticstoredz.com\/ar\/wp-json\/wp\/v2\/product_cat?post=1808"},{"taxonomy":"product_tag","embeddable":true,"href":"https:\/\/cosmeticstoredz.com\/ar\/wp-json\/wp\/v2\/product_tag?post=1808"}],"curies":[{"name":"wp","href":"https:\/\/api.w.org\/{rel}","templated":true}]}}