{"id":1773,"date":"2026-02-16T08:51:22","date_gmt":"2026-02-16T08:51:22","guid":{"rendered":"https:\/\/test.fitnessworldgym27.com\/?post_type=product&#038;p=1773"},"modified":"2026-04-18T19:22:50","modified_gmt":"2026-04-18T19:22:50","slug":"l-oreal-paris-ral-les-levre-parisiennes-135","status":"publish","type":"product","link":"https:\/\/cosmeticstoredz.com\/ar\/product\/l-oreal-paris-ral-les-levre-parisiennes-135\/","title":{"rendered":"L OREAL PARIS RAL LES LEVRE PARISIENNES 135"},"content":{"rendered":"<p>\u2022 L&rsquo;Or\u00e9al Paris apporte cette l\u00e8vres bar embl\u00e9matique.<br \/>\n\u2022 Une formule de ma\u00eetre qui donne une couleur intense et onctuosit\u00e9 incomparable.<br \/>\n\u2022 Hydratation et confort sur vos l\u00e8vres.<br \/>\n\u2022 La gamme la plus \u00e9tendue de nuances, de perles \u00e0 la cr\u00e8me, rouge passion pour le nu classique.<\/p>\n<p><strong>Innovation et ingr\u00e9dients:<\/strong><\/p>\n<p>\u2022 Une formule de base qui persiste au fil des ans.<br \/>\n\u2022 Couleurs intenses qui naissent de pigments purs, une gamme de couleurs infinie.<br \/>\n\u2022 Une onctuosit\u00e9 unique gr\u00e2ce \u00e0 la combinaison de l&rsquo;\u00e9glantier, la cire d&rsquo;abeille et des huiles pr\u00e9cieuses.<\/p>\n<p>&nbsp;<\/p>","protected":false},"excerpt":{"rendered":"<p>\u2022 L&rsquo;Or\u00e9al Paris apporte cette l\u00e8vres bar embl\u00e9matique.<br \/>\n\u2022 Une formule de ma\u00eetre qui donne une couleur intense et onctuosit\u00e9 incomparable.<br \/>\n\u2022 Hydratation et confort sur vos l\u00e8vres.<br \/>\n\u2022 La gamme la plus \u00e9tendue de nuances, de perles \u00e0 la cr\u00e8me, rouge passion pour le nu classique.<\/p>","protected":false},"featured_media":1836,"comment_status":"open","ping_status":"closed","template":"","meta":[],"product_brand":[409],"product_cat":[153,205,122,207],"product_tag":[125],"class_list":{"0":"post-1773","1":"product","2":"type-product","3":"status-publish","4":"has-post-thumbnail","6":"product_brand-loreal","7":"product_cat-loreal","8":"product_cat-levres","9":"product_cat-make-up","10":"product_cat-rouge-a-levres","11":"product_tag-made-in-france","13":"first","14":"outofstock","15":"shipping-taxable","16":"purchasable","17":"product-type-simple"},"yoast_head":"<!-- This site is optimized with the Yoast SEO plugin v27.3 - https:\/\/yoast.com\/product\/yoast-seo-wordpress\/ -->\n<title>L OREAL PARIS RAL LES LEVRE PARISIENNES 135 - Cosmetic Store<\/title>\n<meta name=\"robots\" content=\"index, follow, max-snippet:-1, max-image-preview:large, max-video-preview:-1\" \/>\n<link rel=\"canonical\" href=\"https:\/\/cosmeticstoredz.com\/ar\/product\/l-oreal-paris-ral-les-levre-parisiennes-135\/\" \/>\n<meta property=\"og:locale\" content=\"ar_AR\" \/>\n<meta property=\"og:type\" content=\"article\" \/>\n<meta property=\"og:title\" content=\"L OREAL PARIS RAL LES LEVRE PARISIENNES 135 - Cosmetic Store\" \/>\n<meta property=\"og:description\" content=\"\u2022 L&#039;Or\u00e9al Paris apporte cette l\u00e8vres bar embl\u00e9matique. \u2022 Une formule de ma\u00eetre qui donne une couleur intense et onctuosit\u00e9 incomparable. \u2022 Hydratation et confort sur vos l\u00e8vres. \u2022 La gamme la plus \u00e9tendue de nuances, de perles \u00e0 la cr\u00e8me, rouge passion pour le nu classique.\" \/>\n<meta property=\"og:url\" content=\"https:\/\/cosmeticstoredz.com\/ar\/product\/l-oreal-paris-ral-les-levre-parisiennes-135\/\" \/>\n<meta property=\"og:site_name\" content=\"Cosmetic Store\" \/>\n<meta property=\"article:publisher\" content=\"https:\/\/www.facebook.com\/profile.php?id=61564954260683\" \/>\n<meta property=\"article:modified_time\" content=\"2026-04-18T19:22:50+00:00\" \/>\n<meta property=\"og:image\" content=\"https:\/\/cosmeticstoredz.com\/wp-content\/uploads\/2026\/02\/CC-178.png\" \/>\n\t<meta property=\"og:image:width\" content=\"1563\" \/>\n\t<meta property=\"og:image:height\" content=\"1563\" \/>\n\t<meta property=\"og:image:type\" content=\"image\/png\" \/>\n<meta name=\"twitter:card\" content=\"summary_large_image\" \/>\n<script type=\"application\/ld+json\" class=\"yoast-schema-graph\">{\"@context\":\"https:\\\/\\\/schema.org\",\"@graph\":[{\"@type\":\"WebPage\",\"@id\":\"https:\\\/\\\/cosmeticstoredz.com\\\/produit\\\/l-oreal-paris-ral-les-levre-parisiennes-135\\\/\",\"url\":\"https:\\\/\\\/cosmeticstoredz.com\\\/produit\\\/l-oreal-paris-ral-les-levre-parisiennes-135\\\/\",\"name\":\"L OREAL PARIS RAL LES LEVRE PARISIENNES 135 - Cosmetic Store\",\"isPartOf\":{\"@id\":\"https:\\\/\\\/cosmeticstoredz.com\\\/#website\"},\"primaryImageOfPage\":{\"@id\":\"https:\\\/\\\/cosmeticstoredz.com\\\/produit\\\/l-oreal-paris-ral-les-levre-parisiennes-135\\\/#primaryimage\"},\"image\":{\"@id\":\"https:\\\/\\\/cosmeticstoredz.com\\\/produit\\\/l-oreal-paris-ral-les-levre-parisiennes-135\\\/#primaryimage\"},\"thumbnailUrl\":\"https:\\\/\\\/cosmeticstoredz.com\\\/wp-content\\\/uploads\\\/2026\\\/02\\\/CC-178.png\",\"datePublished\":\"2026-02-16T08:51:22+00:00\",\"dateModified\":\"2026-04-18T19:22:50+00:00\",\"breadcrumb\":{\"@id\":\"https:\\\/\\\/cosmeticstoredz.com\\\/produit\\\/l-oreal-paris-ral-les-levre-parisiennes-135\\\/#breadcrumb\"},\"inLanguage\":\"ar\",\"potentialAction\":[{\"@type\":\"ReadAction\",\"target\":[\"https:\\\/\\\/cosmeticstoredz.com\\\/produit\\\/l-oreal-paris-ral-les-levre-parisiennes-135\\\/\"]}]},{\"@type\":\"ImageObject\",\"inLanguage\":\"ar\",\"@id\":\"https:\\\/\\\/cosmeticstoredz.com\\\/produit\\\/l-oreal-paris-ral-les-levre-parisiennes-135\\\/#primaryimage\",\"url\":\"https:\\\/\\\/cosmeticstoredz.com\\\/wp-content\\\/uploads\\\/2026\\\/02\\\/CC-178.png\",\"contentUrl\":\"https:\\\/\\\/cosmeticstoredz.com\\\/wp-content\\\/uploads\\\/2026\\\/02\\\/CC-178.png\",\"width\":1563,\"height\":1563},{\"@type\":\"BreadcrumbList\",\"@id\":\"https:\\\/\\\/cosmeticstoredz.com\\\/produit\\\/l-oreal-paris-ral-les-levre-parisiennes-135\\\/#breadcrumb\",\"itemListElement\":[{\"@type\":\"ListItem\",\"position\":1,\"name\":\"Accueil\",\"item\":\"https:\\\/\\\/cosmeticstoredz.com\\\/\"},{\"@type\":\"ListItem\",\"position\":2,\"name\":\"Boutique\",\"item\":\"https:\\\/\\\/cosmeticstoredz.com\\\/boutique\\\/\"},{\"@type\":\"ListItem\",\"position\":3,\"name\":\"L OREAL PARIS RAL LES LEVRE PARISIENNES 135\"}]},{\"@type\":\"WebSite\",\"@id\":\"https:\\\/\\\/cosmeticstoredz.com\\\/#website\",\"url\":\"https:\\\/\\\/cosmeticstoredz.com\\\/\",\"name\":\"Cosmetic Store\",\"description\":\"\",\"publisher\":{\"@id\":\"https:\\\/\\\/cosmeticstoredz.com\\\/#organization\"},\"potentialAction\":[{\"@type\":\"SearchAction\",\"target\":{\"@type\":\"EntryPoint\",\"urlTemplate\":\"https:\\\/\\\/cosmeticstoredz.com\\\/?s={search_term_string}\"},\"query-input\":{\"@type\":\"PropertyValueSpecification\",\"valueRequired\":true,\"valueName\":\"search_term_string\"}}],\"inLanguage\":\"ar\"},{\"@type\":\"Organization\",\"@id\":\"https:\\\/\\\/cosmeticstoredz.com\\\/#organization\",\"name\":\"Cosmetic Store\",\"url\":\"https:\\\/\\\/cosmeticstoredz.com\\\/\",\"logo\":{\"@type\":\"ImageObject\",\"inLanguage\":\"ar\",\"@id\":\"https:\\\/\\\/cosmeticstoredz.com\\\/#\\\/schema\\\/logo\\\/image\\\/\",\"url\":\"https:\\\/\\\/cosmeticstoredz.com\\\/wp-content\\\/uploads\\\/2026\\\/02\\\/cropped-LOGO_CS-512x512-1-1-e1771275285345.webp\",\"contentUrl\":\"https:\\\/\\\/cosmeticstoredz.com\\\/wp-content\\\/uploads\\\/2026\\\/02\\\/cropped-LOGO_CS-512x512-1-1-e1771275285345.webp\",\"width\":265,\"height\":319,\"caption\":\"Cosmetic Store\"},\"image\":{\"@id\":\"https:\\\/\\\/cosmeticstoredz.com\\\/#\\\/schema\\\/logo\\\/image\\\/\"},\"sameAs\":[\"https:\\\/\\\/www.facebook.com\\\/profile.php?id=61564954260683\",\"https:\\\/\\\/www.instagram.com\\\/cosmetic.storedz\\\/\"]}]}<\/script>\n<!-- \/ Yoast SEO plugin. -->","yoast_head_json":{"title":"L OREAL PARIS RAL LES LEVRE PARISIENNES 135 - Cosmetic Store","robots":{"index":"index","follow":"follow","max-snippet":"max-snippet:-1","max-image-preview":"max-image-preview:large","max-video-preview":"max-video-preview:-1"},"canonical":"https:\/\/cosmeticstoredz.com\/ar\/product\/l-oreal-paris-ral-les-levre-parisiennes-135\/","og_locale":"ar_AR","og_type":"article","og_title":"L OREAL PARIS RAL LES LEVRE PARISIENNES 135 - Cosmetic Store","og_description":"\u2022 L'Or\u00e9al Paris apporte cette l\u00e8vres bar embl\u00e9matique. \u2022 Une formule de ma\u00eetre qui donne une couleur intense et onctuosit\u00e9 incomparable. \u2022 Hydratation et confort sur vos l\u00e8vres. \u2022 La gamme la plus \u00e9tendue de nuances, de perles \u00e0 la cr\u00e8me, rouge passion pour le nu classique.","og_url":"https:\/\/cosmeticstoredz.com\/ar\/product\/l-oreal-paris-ral-les-levre-parisiennes-135\/","og_site_name":"Cosmetic Store","article_publisher":"https:\/\/www.facebook.com\/profile.php?id=61564954260683","article_modified_time":"2026-04-18T19:22:50+00:00","og_image":[{"width":1563,"height":1563,"url":"https:\/\/cosmeticstoredz.com\/wp-content\/uploads\/2026\/02\/CC-178.png","type":"image\/png"}],"twitter_card":"summary_large_image","schema":{"@context":"https:\/\/schema.org","@graph":[{"@type":"WebPage","@id":"https:\/\/cosmeticstoredz.com\/produit\/l-oreal-paris-ral-les-levre-parisiennes-135\/","url":"https:\/\/cosmeticstoredz.com\/produit\/l-oreal-paris-ral-les-levre-parisiennes-135\/","name":"L OREAL PARIS RAL LES LEVRE PARISIENNES 135 - Cosmetic Store","isPartOf":{"@id":"https:\/\/cosmeticstoredz.com\/#website"},"primaryImageOfPage":{"@id":"https:\/\/cosmeticstoredz.com\/produit\/l-oreal-paris-ral-les-levre-parisiennes-135\/#primaryimage"},"image":{"@id":"https:\/\/cosmeticstoredz.com\/produit\/l-oreal-paris-ral-les-levre-parisiennes-135\/#primaryimage"},"thumbnailUrl":"https:\/\/cosmeticstoredz.com\/wp-content\/uploads\/2026\/02\/CC-178.png","datePublished":"2026-02-16T08:51:22+00:00","dateModified":"2026-04-18T19:22:50+00:00","breadcrumb":{"@id":"https:\/\/cosmeticstoredz.com\/produit\/l-oreal-paris-ral-les-levre-parisiennes-135\/#breadcrumb"},"inLanguage":"ar","potentialAction":[{"@type":"ReadAction","target":["https:\/\/cosmeticstoredz.com\/produit\/l-oreal-paris-ral-les-levre-parisiennes-135\/"]}]},{"@type":"ImageObject","inLanguage":"ar","@id":"https:\/\/cosmeticstoredz.com\/produit\/l-oreal-paris-ral-les-levre-parisiennes-135\/#primaryimage","url":"https:\/\/cosmeticstoredz.com\/wp-content\/uploads\/2026\/02\/CC-178.png","contentUrl":"https:\/\/cosmeticstoredz.com\/wp-content\/uploads\/2026\/02\/CC-178.png","width":1563,"height":1563},{"@type":"BreadcrumbList","@id":"https:\/\/cosmeticstoredz.com\/produit\/l-oreal-paris-ral-les-levre-parisiennes-135\/#breadcrumb","itemListElement":[{"@type":"ListItem","position":1,"name":"Accueil","item":"https:\/\/cosmeticstoredz.com\/"},{"@type":"ListItem","position":2,"name":"Boutique","item":"https:\/\/cosmeticstoredz.com\/boutique\/"},{"@type":"ListItem","position":3,"name":"L OREAL PARIS RAL LES LEVRE PARISIENNES 135"}]},{"@type":"WebSite","@id":"https:\/\/cosmeticstoredz.com\/#website","url":"https:\/\/cosmeticstoredz.com\/","name":"Cosmetic Store","description":"","publisher":{"@id":"https:\/\/cosmeticstoredz.com\/#organization"},"potentialAction":[{"@type":"SearchAction","target":{"@type":"EntryPoint","urlTemplate":"https:\/\/cosmeticstoredz.com\/?s={search_term_string}"},"query-input":{"@type":"PropertyValueSpecification","valueRequired":true,"valueName":"search_term_string"}}],"inLanguage":"ar"},{"@type":"Organization","@id":"https:\/\/cosmeticstoredz.com\/#organization","name":"Cosmetic Store","url":"https:\/\/cosmeticstoredz.com\/","logo":{"@type":"ImageObject","inLanguage":"ar","@id":"https:\/\/cosmeticstoredz.com\/#\/schema\/logo\/image\/","url":"https:\/\/cosmeticstoredz.com\/wp-content\/uploads\/2026\/02\/cropped-LOGO_CS-512x512-1-1-e1771275285345.webp","contentUrl":"https:\/\/cosmeticstoredz.com\/wp-content\/uploads\/2026\/02\/cropped-LOGO_CS-512x512-1-1-e1771275285345.webp","width":265,"height":319,"caption":"Cosmetic Store"},"image":{"@id":"https:\/\/cosmeticstoredz.com\/#\/schema\/logo\/image\/"},"sameAs":["https:\/\/www.facebook.com\/profile.php?id=61564954260683","https:\/\/www.instagram.com\/cosmetic.storedz\/"]}]}},"_links":{"self":[{"href":"https:\/\/cosmeticstoredz.com\/ar\/wp-json\/wp\/v2\/product\/1773","targetHints":{"allow":["GET"]}}],"collection":[{"href":"https:\/\/cosmeticstoredz.com\/ar\/wp-json\/wp\/v2\/product"}],"about":[{"href":"https:\/\/cosmeticstoredz.com\/ar\/wp-json\/wp\/v2\/types\/product"}],"replies":[{"embeddable":true,"href":"https:\/\/cosmeticstoredz.com\/ar\/wp-json\/wp\/v2\/comments?post=1773"}],"version-history":[{"count":1,"href":"https:\/\/cosmeticstoredz.com\/ar\/wp-json\/wp\/v2\/product\/1773\/revisions"}],"predecessor-version":[{"id":1837,"href":"https:\/\/cosmeticstoredz.com\/ar\/wp-json\/wp\/v2\/product\/1773\/revisions\/1837"}],"wp:featuredmedia":[{"embeddable":true,"href":"https:\/\/cosmeticstoredz.com\/ar\/wp-json\/wp\/v2\/media\/1836"}],"wp:attachment":[{"href":"https:\/\/cosmeticstoredz.com\/ar\/wp-json\/wp\/v2\/media?parent=1773"}],"wp:term":[{"taxonomy":"product_brand","embeddable":true,"href":"https:\/\/cosmeticstoredz.com\/ar\/wp-json\/wp\/v2\/product_brand?post=1773"},{"taxonomy":"product_cat","embeddable":true,"href":"https:\/\/cosmeticstoredz.com\/ar\/wp-json\/wp\/v2\/product_cat?post=1773"},{"taxonomy":"product_tag","embeddable":true,"href":"https:\/\/cosmeticstoredz.com\/ar\/wp-json\/wp\/v2\/product_tag?post=1773"}],"curies":[{"name":"wp","href":"https:\/\/api.w.org\/{rel}","templated":true}]}}