{"id":1769,"date":"2026-02-16T08:51:22","date_gmt":"2026-02-16T08:51:22","guid":{"rendered":"https:\/\/test.fitnessworldgym27.com\/?post_type=product&#038;p=1769"},"modified":"2026-03-30T19:24:05","modified_gmt":"2026-03-30T19:24:05","slug":"l-oreal-paris-liner-siganture01-noir","status":"publish","type":"product","link":"https:\/\/cosmeticstoredz.com\/ar\/product\/l-oreal-paris-liner-siganture01-noir\/","title":{"rendered":"L OREAL PARIS LINER SIGANTURE01 NOIR"},"content":{"rendered":"<p>Colorez votre regard avec le Crayon liner Signature en teinte 01 Noir cashmere de L&rsquo;Or\u00e9al. Facile d&rsquo;utilisation et pr\u00e9cis, ce crayon liner offre une texture l\u00e9g\u00e8re et agr\u00e9able \u00e0 porter. Pour un maquillage haut en couleurs, un smoky ou une simple touche de couleur au ras des cils, ce liner est l&rsquo;indispensable atout \u00e0 avoir dans sa trousse !<\/p>\n<ul class=\"a-unordered-list a-vertical a-spacing-mini\">\n<li class=\"a-spacing-mini\"><span class=\"a-list-item\">R\u00e9sistant aux taches<\/span><\/li>\n<li class=\"a-spacing-mini\"><span class=\"a-list-item\">Imperm\u00e9able<\/span><\/li>\n<li class=\"a-spacing-mini\"><span class=\"a-list-item\">Couleur riche<\/span><\/li>\n<\/ul>\n<p><strong>B\u00e9n\u00e9fices Beaut\u00e9 : votre regard est mis en valeur en un coup de crayon !<\/strong><\/p>\n<p><strong>ON CRAQUE POUR :<\/strong><\/p>\n<ul>\n<li>-Son incroyable pigmentation<\/li>\n<li>-Sa formule waterproof pour une tenue longue dur\u00e9e<\/li>\n<li>-Son format pratique \u00e0 emmener partout<\/li>\n<\/ul>","protected":false},"excerpt":{"rendered":"<p>Colorez votre regard avec le Crayon liner Signature en teinte 01 Noir cashmere de L&rsquo;Or\u00e9al. Facile d&rsquo;utilisation et pr\u00e9cis, ce crayon liner offre une texture l\u00e9g\u00e8re et agr\u00e9able \u00e0 porter. Pour un maquillage haut en couleurs, un smoky ou une simple touche de couleur au ras des cils, ce liner est l&rsquo;indispensable atout \u00e0 avoir dans sa trousse !<\/p>\n<ul class=\"a-unordered-list a-vertical a-spacing-mini\">\n<li class=\"a-spacing-mini\"><span class=\"a-list-item\">R\u00e9sistant aux taches<\/span><\/li>\n<li class=\"a-spacing-mini\"><span class=\"a-list-item\">Imperm\u00e9able<\/span><\/li>\n<li class=\"a-spacing-mini\"><span class=\"a-list-item\">Couleur riche<\/span><\/li>\n<\/ul>\n<p><strong>B\u00e9n\u00e9fices Beaut\u00e9 : votre regard est mis en valeur en un coup de crayon !<\/strong><\/p>","protected":false},"featured_media":1828,"comment_status":"closed","ping_status":"closed","template":"","meta":[],"product_brand":[],"product_cat":[198,153,122,126],"product_tag":[125],"class_list":{"0":"post-1769","1":"product","2":"type-product","3":"status-publish","4":"has-post-thumbnail","6":"product_cat-eyeliner","7":"product_cat-loreal","8":"product_cat-make-up","9":"product_cat-yeux","10":"product_tag-made-in-france","12":"first","13":"outofstock","14":"sale","15":"shipping-taxable","16":"purchasable","17":"product-type-simple"},"_links":{"self":[{"href":"https:\/\/cosmeticstoredz.com\/ar\/wp-json\/wp\/v2\/product\/1769","targetHints":{"allow":["GET"]}}],"collection":[{"href":"https:\/\/cosmeticstoredz.com\/ar\/wp-json\/wp\/v2\/product"}],"about":[{"href":"https:\/\/cosmeticstoredz.com\/ar\/wp-json\/wp\/v2\/types\/product"}],"replies":[{"embeddable":true,"href":"https:\/\/cosmeticstoredz.com\/ar\/wp-json\/wp\/v2\/comments?post=1769"}],"version-history":[{"count":1,"href":"https:\/\/cosmeticstoredz.com\/ar\/wp-json\/wp\/v2\/product\/1769\/revisions"}],"predecessor-version":[{"id":1829,"href":"https:\/\/cosmeticstoredz.com\/ar\/wp-json\/wp\/v2\/product\/1769\/revisions\/1829"}],"wp:featuredmedia":[{"embeddable":true,"href":"https:\/\/cosmeticstoredz.com\/ar\/wp-json\/wp\/v2\/media\/1828"}],"wp:attachment":[{"href":"https:\/\/cosmeticstoredz.com\/ar\/wp-json\/wp\/v2\/media?parent=1769"}],"wp:term":[{"taxonomy":"product_brand","embeddable":true,"href":"https:\/\/cosmeticstoredz.com\/ar\/wp-json\/wp\/v2\/product_brand?post=1769"},{"taxonomy":"product_cat","embeddable":true,"href":"https:\/\/cosmeticstoredz.com\/ar\/wp-json\/wp\/v2\/product_cat?post=1769"},{"taxonomy":"product_tag","embeddable":true,"href":"https:\/\/cosmeticstoredz.com\/ar\/wp-json\/wp\/v2\/product_tag?post=1769"}],"curies":[{"name":"wp","href":"https:\/\/api.w.org\/{rel}","templated":true}]}}