{"id":1736,"date":"2026-02-16T08:51:01","date_gmt":"2026-02-16T08:51:01","guid":{"rendered":"https:\/\/test.fitnessworldgym27.com\/?post_type=product&#038;p=1736"},"modified":"2026-04-08T12:11:47","modified_gmt":"2026-04-08T12:11:47","slug":"l-oreal-paris-le-gloss-infaillible-cream-102","status":"publish","type":"product","link":"https:\/\/cosmeticstoredz.com\/ar\/product\/l-oreal-paris-le-gloss-infaillible-cream-102\/","title":{"rendered":"L OREAL PARIS LE GLOSS INFAILLIBLE CREAM 102"},"content":{"rendered":"<p>\u2022 BRILLANCE ULTIME ET VOLUME ULTRA-GLAMOUR<br \/>\nEn un seul geste, sa formule, enrichie en acide hyaluronique et vitamine E, apporte une nouvelle brillance et toujours plus de volume pour des l\u00e8vres rebondies fra\u00eechement color\u00e9es.<br \/>\n\u2022 INNOVATION APPLICATEUR GALBE PARFAIT<br \/>\nIn\u00e9dit, sa forme r\u00e9servoir d\u00e9pose sur vos l\u00e8vres la juste dose de gloss. Son embout courb\u00e9 \u00e9pouse parfaitement la forme des l\u00e8vres pour une application facile et pr\u00e9cise.<br \/>\n\u2022 PARFUM ADDICTIF<br \/>\nCraquez pour le parfum gourmand et subtilement sophistiqu\u00e9 de ce gloss.<\/p>\n<p>Formule non collante &amp; non ass\u00e9chante pour une tenue tout en confort.<\/p>\n<p><strong>Conseils D&rsquo;utilisation\u00a0<\/strong><\/p>\n<p>Commencez par suivre le contour de vos l\u00e8vres gr\u00e2ce \u00e0 l&rsquo;applicateur galbe parfait. Appliquez le gloss g\u00e9n\u00e9reusement dans le centre des l\u00e8vres pour un effet encore plus brillant.<\/p>","protected":false},"excerpt":{"rendered":"<p>\u2022 BRILLANCE ULTIME ET VOLUME ULTRA-GLAMOUR<br \/>\nEn un seul geste, sa formule, enrichie en acide hyaluronique et vitamine E, apporte une nouvelle brillance et toujours plus de volume pour des l\u00e8vres rebondies fra\u00eechement color\u00e9es.<br \/>\n\u2022 INNOVATION APPLICATEUR GALBE PARFAIT<br \/>\nIn\u00e9dit, sa forme r\u00e9servoir d\u00e9pose sur vos l\u00e8vres la juste dose de gloss. Son embout courb\u00e9 \u00e9pouse parfaitement la forme des l\u00e8vres pour une application facile et pr\u00e9cise.<br \/>\n\u2022 PARFUM ADDICTIF<br \/>\nCraquez pour le parfum gourmand et subtilement sophistiqu\u00e9 de ce gloss.<\/p>","protected":false},"featured_media":1820,"comment_status":"open","ping_status":"closed","template":"","meta":[],"product_brand":[409],"product_cat":[75,206,153,205,122],"product_tag":[125],"class_list":{"0":"post-1736","1":"product","2":"type-product","3":"status-publish","4":"has-post-thumbnail","6":"product_brand-loreal","7":"product_cat-femme","8":"product_cat-gloss","9":"product_cat-loreal","10":"product_cat-levres","11":"product_cat-make-up","12":"product_tag-made-in-france","14":"first","15":"instock","16":"sale","17":"shipping-taxable","18":"purchasable","19":"product-type-simple"},"yoast_head":"<!-- This site is optimized with the Yoast SEO plugin v27.3 - https:\/\/yoast.com\/product\/yoast-seo-wordpress\/ -->\n<title>L OREAL PARIS LE GLOSS INFAILLIBLE CREAM 102 - Cosmetic Store<\/title>\n<meta name=\"robots\" content=\"index, follow, max-snippet:-1, max-image-preview:large, max-video-preview:-1\" \/>\n<link rel=\"canonical\" href=\"https:\/\/cosmeticstoredz.com\/ar\/product\/l-oreal-paris-le-gloss-infaillible-cream-102\/\" \/>\n<meta property=\"og:locale\" content=\"ar_AR\" \/>\n<meta property=\"og:type\" content=\"article\" \/>\n<meta property=\"og:title\" content=\"L OREAL PARIS LE GLOSS INFAILLIBLE CREAM 102 - Cosmetic Store\" \/>\n<meta property=\"og:description\" content=\"\u2022 BRILLANCE ULTIME ET VOLUME ULTRA-GLAMOUR En un seul geste, sa formule, enrichie en acide hyaluronique et vitamine E, apporte une nouvelle brillance et toujours plus de volume pour des l\u00e8vres rebondies fra\u00eechement color\u00e9es. \u2022 INNOVATION APPLICATEUR GALBE PARFAIT In\u00e9dit, sa forme r\u00e9servoir d\u00e9pose sur vos l\u00e8vres la juste dose de gloss. Son embout courb\u00e9 \u00e9pouse parfaitement la forme des l\u00e8vres pour une application facile et pr\u00e9cise. \u2022 PARFUM ADDICTIF Craquez pour le parfum gourmand et subtilement sophistiqu\u00e9 de ce gloss.\" \/>\n<meta property=\"og:url\" content=\"https:\/\/cosmeticstoredz.com\/ar\/product\/l-oreal-paris-le-gloss-infaillible-cream-102\/\" \/>\n<meta property=\"og:site_name\" content=\"Cosmetic Store\" \/>\n<meta property=\"article:publisher\" content=\"https:\/\/www.facebook.com\/profile.php?id=61564954260683\" \/>\n<meta property=\"article:modified_time\" content=\"2026-04-08T12:11:47+00:00\" \/>\n<meta property=\"og:image\" content=\"https:\/\/cosmeticstoredz.com\/wp-content\/uploads\/2026\/02\/CC-173.png\" \/>\n\t<meta property=\"og:image:width\" content=\"1563\" \/>\n\t<meta property=\"og:image:height\" content=\"1563\" \/>\n\t<meta property=\"og:image:type\" content=\"image\/png\" \/>\n<meta name=\"twitter:card\" content=\"summary_large_image\" \/>\n<meta name=\"twitter:label1\" content=\"\u0648\u0642\u062a \u0627\u0644\u0642\u0631\u0627\u0621\u0629 \u0627\u0644\u0645\u064f\u0642\u062f\u0651\u0631\" \/>\n\t<meta name=\"twitter:data1\" content=\"\u062f\u0642\u064a\u0642\u0629 \u0648\u0627\u062d\u062f\u0629\" \/>\n<script type=\"application\/ld+json\" class=\"yoast-schema-graph\">{\"@context\":\"https:\\\/\\\/schema.org\",\"@graph\":[{\"@type\":\"WebPage\",\"@id\":\"https:\\\/\\\/cosmeticstoredz.com\\\/produit\\\/l-oreal-paris-le-gloss-infaillible-cream-102\\\/\",\"url\":\"https:\\\/\\\/cosmeticstoredz.com\\\/produit\\\/l-oreal-paris-le-gloss-infaillible-cream-102\\\/\",\"name\":\"L OREAL PARIS LE GLOSS INFAILLIBLE CREAM 102 - Cosmetic Store\",\"isPartOf\":{\"@id\":\"https:\\\/\\\/cosmeticstoredz.com\\\/#website\"},\"primaryImageOfPage\":{\"@id\":\"https:\\\/\\\/cosmeticstoredz.com\\\/produit\\\/l-oreal-paris-le-gloss-infaillible-cream-102\\\/#primaryimage\"},\"image\":{\"@id\":\"https:\\\/\\\/cosmeticstoredz.com\\\/produit\\\/l-oreal-paris-le-gloss-infaillible-cream-102\\\/#primaryimage\"},\"thumbnailUrl\":\"https:\\\/\\\/cosmeticstoredz.com\\\/wp-content\\\/uploads\\\/2026\\\/02\\\/CC-173.png\",\"datePublished\":\"2026-02-16T08:51:01+00:00\",\"dateModified\":\"2026-04-08T12:11:47+00:00\",\"breadcrumb\":{\"@id\":\"https:\\\/\\\/cosmeticstoredz.com\\\/produit\\\/l-oreal-paris-le-gloss-infaillible-cream-102\\\/#breadcrumb\"},\"inLanguage\":\"ar\",\"potentialAction\":[{\"@type\":\"ReadAction\",\"target\":[\"https:\\\/\\\/cosmeticstoredz.com\\\/produit\\\/l-oreal-paris-le-gloss-infaillible-cream-102\\\/\"]}]},{\"@type\":\"ImageObject\",\"inLanguage\":\"ar\",\"@id\":\"https:\\\/\\\/cosmeticstoredz.com\\\/produit\\\/l-oreal-paris-le-gloss-infaillible-cream-102\\\/#primaryimage\",\"url\":\"https:\\\/\\\/cosmeticstoredz.com\\\/wp-content\\\/uploads\\\/2026\\\/02\\\/CC-173.png\",\"contentUrl\":\"https:\\\/\\\/cosmeticstoredz.com\\\/wp-content\\\/uploads\\\/2026\\\/02\\\/CC-173.png\",\"width\":1563,\"height\":1563},{\"@type\":\"BreadcrumbList\",\"@id\":\"https:\\\/\\\/cosmeticstoredz.com\\\/produit\\\/l-oreal-paris-le-gloss-infaillible-cream-102\\\/#breadcrumb\",\"itemListElement\":[{\"@type\":\"ListItem\",\"position\":1,\"name\":\"Accueil\",\"item\":\"https:\\\/\\\/cosmeticstoredz.com\\\/\"},{\"@type\":\"ListItem\",\"position\":2,\"name\":\"Boutique\",\"item\":\"https:\\\/\\\/cosmeticstoredz.com\\\/boutique\\\/\"},{\"@type\":\"ListItem\",\"position\":3,\"name\":\"L OREAL PARIS LE GLOSS INFAILLIBLE CREAM 102\"}]},{\"@type\":\"WebSite\",\"@id\":\"https:\\\/\\\/cosmeticstoredz.com\\\/#website\",\"url\":\"https:\\\/\\\/cosmeticstoredz.com\\\/\",\"name\":\"Cosmetic Store\",\"description\":\"\",\"publisher\":{\"@id\":\"https:\\\/\\\/cosmeticstoredz.com\\\/#organization\"},\"potentialAction\":[{\"@type\":\"SearchAction\",\"target\":{\"@type\":\"EntryPoint\",\"urlTemplate\":\"https:\\\/\\\/cosmeticstoredz.com\\\/?s={search_term_string}\"},\"query-input\":{\"@type\":\"PropertyValueSpecification\",\"valueRequired\":true,\"valueName\":\"search_term_string\"}}],\"inLanguage\":\"ar\"},{\"@type\":\"Organization\",\"@id\":\"https:\\\/\\\/cosmeticstoredz.com\\\/#organization\",\"name\":\"Cosmetic Store\",\"url\":\"https:\\\/\\\/cosmeticstoredz.com\\\/\",\"logo\":{\"@type\":\"ImageObject\",\"inLanguage\":\"ar\",\"@id\":\"https:\\\/\\\/cosmeticstoredz.com\\\/#\\\/schema\\\/logo\\\/image\\\/\",\"url\":\"https:\\\/\\\/cosmeticstoredz.com\\\/wp-content\\\/uploads\\\/2026\\\/02\\\/cropped-LOGO_CS-512x512-1-1-e1771275285345.webp\",\"contentUrl\":\"https:\\\/\\\/cosmeticstoredz.com\\\/wp-content\\\/uploads\\\/2026\\\/02\\\/cropped-LOGO_CS-512x512-1-1-e1771275285345.webp\",\"width\":265,\"height\":319,\"caption\":\"Cosmetic Store\"},\"image\":{\"@id\":\"https:\\\/\\\/cosmeticstoredz.com\\\/#\\\/schema\\\/logo\\\/image\\\/\"},\"sameAs\":[\"https:\\\/\\\/www.facebook.com\\\/profile.php?id=61564954260683\",\"https:\\\/\\\/www.instagram.com\\\/cosmetic.storedz\\\/\"]}]}<\/script>\n<!-- \/ Yoast SEO plugin. -->","yoast_head_json":{"title":"L OREAL PARIS LE GLOSS INFAILLIBLE CREAM 102 - Cosmetic Store","robots":{"index":"index","follow":"follow","max-snippet":"max-snippet:-1","max-image-preview":"max-image-preview:large","max-video-preview":"max-video-preview:-1"},"canonical":"https:\/\/cosmeticstoredz.com\/ar\/product\/l-oreal-paris-le-gloss-infaillible-cream-102\/","og_locale":"ar_AR","og_type":"article","og_title":"L OREAL PARIS LE GLOSS INFAILLIBLE CREAM 102 - Cosmetic Store","og_description":"\u2022 BRILLANCE ULTIME ET VOLUME ULTRA-GLAMOUR En un seul geste, sa formule, enrichie en acide hyaluronique et vitamine E, apporte une nouvelle brillance et toujours plus de volume pour des l\u00e8vres rebondies fra\u00eechement color\u00e9es. \u2022 INNOVATION APPLICATEUR GALBE PARFAIT In\u00e9dit, sa forme r\u00e9servoir d\u00e9pose sur vos l\u00e8vres la juste dose de gloss. Son embout courb\u00e9 \u00e9pouse parfaitement la forme des l\u00e8vres pour une application facile et pr\u00e9cise. \u2022 PARFUM ADDICTIF Craquez pour le parfum gourmand et subtilement sophistiqu\u00e9 de ce gloss.","og_url":"https:\/\/cosmeticstoredz.com\/ar\/product\/l-oreal-paris-le-gloss-infaillible-cream-102\/","og_site_name":"Cosmetic Store","article_publisher":"https:\/\/www.facebook.com\/profile.php?id=61564954260683","article_modified_time":"2026-04-08T12:11:47+00:00","og_image":[{"width":1563,"height":1563,"url":"https:\/\/cosmeticstoredz.com\/wp-content\/uploads\/2026\/02\/CC-173.png","type":"image\/png"}],"twitter_card":"summary_large_image","twitter_misc":{"\u0648\u0642\u062a \u0627\u0644\u0642\u0631\u0627\u0621\u0629 \u0627\u0644\u0645\u064f\u0642\u062f\u0651\u0631":"\u062f\u0642\u064a\u0642\u0629 \u0648\u0627\u062d\u062f\u0629"},"schema":{"@context":"https:\/\/schema.org","@graph":[{"@type":"WebPage","@id":"https:\/\/cosmeticstoredz.com\/produit\/l-oreal-paris-le-gloss-infaillible-cream-102\/","url":"https:\/\/cosmeticstoredz.com\/produit\/l-oreal-paris-le-gloss-infaillible-cream-102\/","name":"L OREAL PARIS LE GLOSS INFAILLIBLE CREAM 102 - Cosmetic Store","isPartOf":{"@id":"https:\/\/cosmeticstoredz.com\/#website"},"primaryImageOfPage":{"@id":"https:\/\/cosmeticstoredz.com\/produit\/l-oreal-paris-le-gloss-infaillible-cream-102\/#primaryimage"},"image":{"@id":"https:\/\/cosmeticstoredz.com\/produit\/l-oreal-paris-le-gloss-infaillible-cream-102\/#primaryimage"},"thumbnailUrl":"https:\/\/cosmeticstoredz.com\/wp-content\/uploads\/2026\/02\/CC-173.png","datePublished":"2026-02-16T08:51:01+00:00","dateModified":"2026-04-08T12:11:47+00:00","breadcrumb":{"@id":"https:\/\/cosmeticstoredz.com\/produit\/l-oreal-paris-le-gloss-infaillible-cream-102\/#breadcrumb"},"inLanguage":"ar","potentialAction":[{"@type":"ReadAction","target":["https:\/\/cosmeticstoredz.com\/produit\/l-oreal-paris-le-gloss-infaillible-cream-102\/"]}]},{"@type":"ImageObject","inLanguage":"ar","@id":"https:\/\/cosmeticstoredz.com\/produit\/l-oreal-paris-le-gloss-infaillible-cream-102\/#primaryimage","url":"https:\/\/cosmeticstoredz.com\/wp-content\/uploads\/2026\/02\/CC-173.png","contentUrl":"https:\/\/cosmeticstoredz.com\/wp-content\/uploads\/2026\/02\/CC-173.png","width":1563,"height":1563},{"@type":"BreadcrumbList","@id":"https:\/\/cosmeticstoredz.com\/produit\/l-oreal-paris-le-gloss-infaillible-cream-102\/#breadcrumb","itemListElement":[{"@type":"ListItem","position":1,"name":"Accueil","item":"https:\/\/cosmeticstoredz.com\/"},{"@type":"ListItem","position":2,"name":"Boutique","item":"https:\/\/cosmeticstoredz.com\/boutique\/"},{"@type":"ListItem","position":3,"name":"L OREAL PARIS LE GLOSS INFAILLIBLE CREAM 102"}]},{"@type":"WebSite","@id":"https:\/\/cosmeticstoredz.com\/#website","url":"https:\/\/cosmeticstoredz.com\/","name":"Cosmetic Store","description":"","publisher":{"@id":"https:\/\/cosmeticstoredz.com\/#organization"},"potentialAction":[{"@type":"SearchAction","target":{"@type":"EntryPoint","urlTemplate":"https:\/\/cosmeticstoredz.com\/?s={search_term_string}"},"query-input":{"@type":"PropertyValueSpecification","valueRequired":true,"valueName":"search_term_string"}}],"inLanguage":"ar"},{"@type":"Organization","@id":"https:\/\/cosmeticstoredz.com\/#organization","name":"Cosmetic Store","url":"https:\/\/cosmeticstoredz.com\/","logo":{"@type":"ImageObject","inLanguage":"ar","@id":"https:\/\/cosmeticstoredz.com\/#\/schema\/logo\/image\/","url":"https:\/\/cosmeticstoredz.com\/wp-content\/uploads\/2026\/02\/cropped-LOGO_CS-512x512-1-1-e1771275285345.webp","contentUrl":"https:\/\/cosmeticstoredz.com\/wp-content\/uploads\/2026\/02\/cropped-LOGO_CS-512x512-1-1-e1771275285345.webp","width":265,"height":319,"caption":"Cosmetic Store"},"image":{"@id":"https:\/\/cosmeticstoredz.com\/#\/schema\/logo\/image\/"},"sameAs":["https:\/\/www.facebook.com\/profile.php?id=61564954260683","https:\/\/www.instagram.com\/cosmetic.storedz\/"]}]}},"_links":{"self":[{"href":"https:\/\/cosmeticstoredz.com\/ar\/wp-json\/wp\/v2\/product\/1736","targetHints":{"allow":["GET"]}}],"collection":[{"href":"https:\/\/cosmeticstoredz.com\/ar\/wp-json\/wp\/v2\/product"}],"about":[{"href":"https:\/\/cosmeticstoredz.com\/ar\/wp-json\/wp\/v2\/types\/product"}],"replies":[{"embeddable":true,"href":"https:\/\/cosmeticstoredz.com\/ar\/wp-json\/wp\/v2\/comments?post=1736"}],"version-history":[{"count":1,"href":"https:\/\/cosmeticstoredz.com\/ar\/wp-json\/wp\/v2\/product\/1736\/revisions"}],"predecessor-version":[{"id":1821,"href":"https:\/\/cosmeticstoredz.com\/ar\/wp-json\/wp\/v2\/product\/1736\/revisions\/1821"}],"wp:featuredmedia":[{"embeddable":true,"href":"https:\/\/cosmeticstoredz.com\/ar\/wp-json\/wp\/v2\/media\/1820"}],"wp:attachment":[{"href":"https:\/\/cosmeticstoredz.com\/ar\/wp-json\/wp\/v2\/media?parent=1736"}],"wp:term":[{"taxonomy":"product_brand","embeddable":true,"href":"https:\/\/cosmeticstoredz.com\/ar\/wp-json\/wp\/v2\/product_brand?post=1736"},{"taxonomy":"product_cat","embeddable":true,"href":"https:\/\/cosmeticstoredz.com\/ar\/wp-json\/wp\/v2\/product_cat?post=1736"},{"taxonomy":"product_tag","embeddable":true,"href":"https:\/\/cosmeticstoredz.com\/ar\/wp-json\/wp\/v2\/product_tag?post=1736"}],"curies":[{"name":"wp","href":"https:\/\/api.w.org\/{rel}","templated":true}]}}