{"id":1730,"date":"2026-02-16T08:51:01","date_gmt":"2026-02-16T08:51:01","guid":{"rendered":"https:\/\/test.fitnessworldgym27.com\/?post_type=product&#038;p=1730"},"modified":"2026-03-30T19:24:04","modified_gmt":"2026-03-30T19:24:04","slug":"l-oreal-paris-infaillible-lip-matte-207-wuthering","status":"publish","type":"product","link":"https:\/\/cosmeticstoredz.com\/ar\/product\/l-oreal-paris-infaillible-lip-matte-207-wuthering\/","title":{"rendered":"L OREAL PARIS INFAILLIBLE LIP MATTE 207 WUTHERING"},"content":{"rendered":"<p>Rouges \u00e0 l\u00e8vres liquides Infaillible Lip Paint de L&rsquo;Or\u00e9al Paris avec un effet longue dur\u00e9e sans compromis . Jusqu&rsquo;\u00e0 8 heures de durabilit\u00e9 longue dur\u00e9e sans sensation de bavure. Pigments hautement colorants &#8211; pour une couleur plus expressive et extra satur\u00e9e. Base de fixation douce &#8211; pour une application agr\u00e9able. Un applicateur en mousse professionnel avec une extr\u00e9mit\u00e9 \u00e9troite pour une application simple et pr\u00e9cise.<\/p>\n<ul>\n<li>Contient des pigments intenses,<\/li>\n<li>Dure jusqu&rsquo;\u00e0 8 heures,<\/li>\n<li>Ne tache pas<\/li>\n<li>Donne une couleur extra satur\u00e9e plus prononc\u00e9e,<\/li>\n<li>Fixant doucement la texture ,<\/li>\n<li>Applicateur en mousse professionnel \u00e0 extr\u00e9mit\u00e9 \u00e9troite,<\/li>\n<li>Application facile et pr\u00e9cise,<\/li>\n<li class=\"LC20lb MBeuO DKV0Md\"><strong>207 Wuthering purple<\/strong><\/li>\n<\/ul>\n<p>Appliquer avec l&rsquo;applicateur \u00e0 l\u00e8vres si n\u00e9cessaire.<\/p>","protected":false},"excerpt":{"rendered":"<p>Rouges \u00e0 l\u00e8vres liquides Infaillible Lip Paint de L&rsquo;Or\u00e9al Paris avec un effet longue dur\u00e9e sans compromis . Jusqu&rsquo;\u00e0 8 heures de durabilit\u00e9 longue dur\u00e9e sans sensation de bavure. Pigments hautement colorants &#8211; pour une couleur plus expressive et extra satur\u00e9e. Base de fixation douce &#8211; pour une application agr\u00e9able. Un applicateur en mousse professionnel avec une extr\u00e9mit\u00e9 \u00e9troite pour une application simple et pr\u00e9cise.<\/p>","protected":false},"featured_media":1796,"comment_status":"closed","ping_status":"closed","template":"","meta":[],"product_brand":[409],"product_cat":[75,206,153,205,122,207],"product_tag":[125],"class_list":{"0":"post-1730","1":"product","2":"type-product","3":"status-publish","4":"has-post-thumbnail","6":"product_brand-loreal","7":"product_cat-femme","8":"product_cat-gloss","9":"product_cat-loreal","10":"product_cat-levres","11":"product_cat-make-up","12":"product_cat-rouge-a-levres","13":"product_tag-made-in-france","15":"first","16":"instock","17":"sale","18":"shipping-taxable","19":"purchasable","20":"product-type-simple"},"yoast_head":"<!-- This site is optimized with the Yoast SEO plugin v27.3 - https:\/\/yoast.com\/product\/yoast-seo-wordpress\/ -->\n<title>L OREAL PARIS INFAILLIBLE LIP MATTE 207 WUTHERING - Cosmetic Store<\/title>\n<meta name=\"robots\" content=\"index, follow, max-snippet:-1, max-image-preview:large, max-video-preview:-1\" \/>\n<link rel=\"canonical\" href=\"https:\/\/cosmeticstoredz.com\/ar\/product\/l-oreal-paris-infaillible-lip-matte-207-wuthering\/\" \/>\n<meta property=\"og:locale\" content=\"ar_AR\" \/>\n<meta property=\"og:type\" content=\"article\" \/>\n<meta property=\"og:title\" content=\"L OREAL PARIS INFAILLIBLE LIP MATTE 207 WUTHERING - Cosmetic Store\" \/>\n<meta property=\"og:description\" content=\"Rouges \u00e0 l\u00e8vres liquides Infaillible Lip Paint de L&#039;Or\u00e9al Paris avec un effet longue dur\u00e9e sans compromis . Jusqu&#039;\u00e0 8 heures de durabilit\u00e9 longue dur\u00e9e sans sensation de bavure. Pigments hautement colorants - pour une couleur plus expressive et extra satur\u00e9e. Base de fixation douce - pour une application agr\u00e9able. Un applicateur en mousse professionnel avec une extr\u00e9mit\u00e9 \u00e9troite pour une application simple et pr\u00e9cise.\" \/>\n<meta property=\"og:url\" content=\"https:\/\/cosmeticstoredz.com\/ar\/product\/l-oreal-paris-infaillible-lip-matte-207-wuthering\/\" \/>\n<meta property=\"og:site_name\" content=\"Cosmetic Store\" \/>\n<meta property=\"article:publisher\" content=\"https:\/\/www.facebook.com\/profile.php?id=61564954260683\" \/>\n<meta property=\"article:modified_time\" content=\"2026-03-30T19:24:04+00:00\" \/>\n<meta property=\"og:image\" content=\"https:\/\/cosmeticstoredz.com\/wp-content\/uploads\/2026\/02\/CC-960.png\" \/>\n\t<meta property=\"og:image:width\" content=\"1563\" \/>\n\t<meta property=\"og:image:height\" content=\"1563\" \/>\n\t<meta property=\"og:image:type\" content=\"image\/png\" \/>\n<meta name=\"twitter:card\" content=\"summary_large_image\" \/>\n<meta name=\"twitter:label1\" content=\"\u0648\u0642\u062a \u0627\u0644\u0642\u0631\u0627\u0621\u0629 \u0627\u0644\u0645\u064f\u0642\u062f\u0651\u0631\" \/>\n\t<meta name=\"twitter:data1\" content=\"\u062f\u0642\u064a\u0642\u0629 \u0648\u0627\u062d\u062f\u0629\" \/>\n<script type=\"application\/ld+json\" class=\"yoast-schema-graph\">{\"@context\":\"https:\\\/\\\/schema.org\",\"@graph\":[{\"@type\":\"WebPage\",\"@id\":\"https:\\\/\\\/cosmeticstoredz.com\\\/produit\\\/l-oreal-paris-infaillible-lip-matte-207-wuthering\\\/\",\"url\":\"https:\\\/\\\/cosmeticstoredz.com\\\/produit\\\/l-oreal-paris-infaillible-lip-matte-207-wuthering\\\/\",\"name\":\"L OREAL PARIS INFAILLIBLE LIP MATTE 207 WUTHERING - Cosmetic Store\",\"isPartOf\":{\"@id\":\"https:\\\/\\\/cosmeticstoredz.com\\\/#website\"},\"primaryImageOfPage\":{\"@id\":\"https:\\\/\\\/cosmeticstoredz.com\\\/produit\\\/l-oreal-paris-infaillible-lip-matte-207-wuthering\\\/#primaryimage\"},\"image\":{\"@id\":\"https:\\\/\\\/cosmeticstoredz.com\\\/produit\\\/l-oreal-paris-infaillible-lip-matte-207-wuthering\\\/#primaryimage\"},\"thumbnailUrl\":\"https:\\\/\\\/cosmeticstoredz.com\\\/wp-content\\\/uploads\\\/2026\\\/02\\\/CC-960.png\",\"datePublished\":\"2026-02-16T08:51:01+00:00\",\"dateModified\":\"2026-03-30T19:24:04+00:00\",\"breadcrumb\":{\"@id\":\"https:\\\/\\\/cosmeticstoredz.com\\\/produit\\\/l-oreal-paris-infaillible-lip-matte-207-wuthering\\\/#breadcrumb\"},\"inLanguage\":\"ar\",\"potentialAction\":[{\"@type\":\"ReadAction\",\"target\":[\"https:\\\/\\\/cosmeticstoredz.com\\\/produit\\\/l-oreal-paris-infaillible-lip-matte-207-wuthering\\\/\"]}]},{\"@type\":\"ImageObject\",\"inLanguage\":\"ar\",\"@id\":\"https:\\\/\\\/cosmeticstoredz.com\\\/produit\\\/l-oreal-paris-infaillible-lip-matte-207-wuthering\\\/#primaryimage\",\"url\":\"https:\\\/\\\/cosmeticstoredz.com\\\/wp-content\\\/uploads\\\/2026\\\/02\\\/CC-960.png\",\"contentUrl\":\"https:\\\/\\\/cosmeticstoredz.com\\\/wp-content\\\/uploads\\\/2026\\\/02\\\/CC-960.png\",\"width\":1563,\"height\":1563},{\"@type\":\"BreadcrumbList\",\"@id\":\"https:\\\/\\\/cosmeticstoredz.com\\\/produit\\\/l-oreal-paris-infaillible-lip-matte-207-wuthering\\\/#breadcrumb\",\"itemListElement\":[{\"@type\":\"ListItem\",\"position\":1,\"name\":\"Accueil\",\"item\":\"https:\\\/\\\/cosmeticstoredz.com\\\/\"},{\"@type\":\"ListItem\",\"position\":2,\"name\":\"Boutique\",\"item\":\"https:\\\/\\\/cosmeticstoredz.com\\\/boutique\\\/\"},{\"@type\":\"ListItem\",\"position\":3,\"name\":\"L OREAL PARIS INFAILLIBLE LIP MATTE 207 WUTHERING\"}]},{\"@type\":\"WebSite\",\"@id\":\"https:\\\/\\\/cosmeticstoredz.com\\\/#website\",\"url\":\"https:\\\/\\\/cosmeticstoredz.com\\\/\",\"name\":\"Cosmetic Store\",\"description\":\"\",\"publisher\":{\"@id\":\"https:\\\/\\\/cosmeticstoredz.com\\\/#organization\"},\"potentialAction\":[{\"@type\":\"SearchAction\",\"target\":{\"@type\":\"EntryPoint\",\"urlTemplate\":\"https:\\\/\\\/cosmeticstoredz.com\\\/?s={search_term_string}\"},\"query-input\":{\"@type\":\"PropertyValueSpecification\",\"valueRequired\":true,\"valueName\":\"search_term_string\"}}],\"inLanguage\":\"ar\"},{\"@type\":\"Organization\",\"@id\":\"https:\\\/\\\/cosmeticstoredz.com\\\/#organization\",\"name\":\"Cosmetic Store\",\"url\":\"https:\\\/\\\/cosmeticstoredz.com\\\/\",\"logo\":{\"@type\":\"ImageObject\",\"inLanguage\":\"ar\",\"@id\":\"https:\\\/\\\/cosmeticstoredz.com\\\/#\\\/schema\\\/logo\\\/image\\\/\",\"url\":\"https:\\\/\\\/cosmeticstoredz.com\\\/wp-content\\\/uploads\\\/2026\\\/02\\\/cropped-LOGO_CS-512x512-1-1-e1771275285345.webp\",\"contentUrl\":\"https:\\\/\\\/cosmeticstoredz.com\\\/wp-content\\\/uploads\\\/2026\\\/02\\\/cropped-LOGO_CS-512x512-1-1-e1771275285345.webp\",\"width\":265,\"height\":319,\"caption\":\"Cosmetic Store\"},\"image\":{\"@id\":\"https:\\\/\\\/cosmeticstoredz.com\\\/#\\\/schema\\\/logo\\\/image\\\/\"},\"sameAs\":[\"https:\\\/\\\/www.facebook.com\\\/profile.php?id=61564954260683\",\"https:\\\/\\\/www.instagram.com\\\/cosmetic.storedz\\\/\"]}]}<\/script>\n<!-- \/ Yoast SEO plugin. -->","yoast_head_json":{"title":"L OREAL PARIS INFAILLIBLE LIP MATTE 207 WUTHERING - Cosmetic Store","robots":{"index":"index","follow":"follow","max-snippet":"max-snippet:-1","max-image-preview":"max-image-preview:large","max-video-preview":"max-video-preview:-1"},"canonical":"https:\/\/cosmeticstoredz.com\/ar\/product\/l-oreal-paris-infaillible-lip-matte-207-wuthering\/","og_locale":"ar_AR","og_type":"article","og_title":"L OREAL PARIS INFAILLIBLE LIP MATTE 207 WUTHERING - Cosmetic Store","og_description":"Rouges \u00e0 l\u00e8vres liquides Infaillible Lip Paint de L'Or\u00e9al Paris avec un effet longue dur\u00e9e sans compromis . Jusqu'\u00e0 8 heures de durabilit\u00e9 longue dur\u00e9e sans sensation de bavure. Pigments hautement colorants - pour une couleur plus expressive et extra satur\u00e9e. Base de fixation douce - pour une application agr\u00e9able. Un applicateur en mousse professionnel avec une extr\u00e9mit\u00e9 \u00e9troite pour une application simple et pr\u00e9cise.","og_url":"https:\/\/cosmeticstoredz.com\/ar\/product\/l-oreal-paris-infaillible-lip-matte-207-wuthering\/","og_site_name":"Cosmetic Store","article_publisher":"https:\/\/www.facebook.com\/profile.php?id=61564954260683","article_modified_time":"2026-03-30T19:24:04+00:00","og_image":[{"width":1563,"height":1563,"url":"https:\/\/cosmeticstoredz.com\/wp-content\/uploads\/2026\/02\/CC-960.png","type":"image\/png"}],"twitter_card":"summary_large_image","twitter_misc":{"\u0648\u0642\u062a \u0627\u0644\u0642\u0631\u0627\u0621\u0629 \u0627\u0644\u0645\u064f\u0642\u062f\u0651\u0631":"\u062f\u0642\u064a\u0642\u0629 \u0648\u0627\u062d\u062f\u0629"},"schema":{"@context":"https:\/\/schema.org","@graph":[{"@type":"WebPage","@id":"https:\/\/cosmeticstoredz.com\/produit\/l-oreal-paris-infaillible-lip-matte-207-wuthering\/","url":"https:\/\/cosmeticstoredz.com\/produit\/l-oreal-paris-infaillible-lip-matte-207-wuthering\/","name":"L OREAL PARIS INFAILLIBLE LIP MATTE 207 WUTHERING - Cosmetic Store","isPartOf":{"@id":"https:\/\/cosmeticstoredz.com\/#website"},"primaryImageOfPage":{"@id":"https:\/\/cosmeticstoredz.com\/produit\/l-oreal-paris-infaillible-lip-matte-207-wuthering\/#primaryimage"},"image":{"@id":"https:\/\/cosmeticstoredz.com\/produit\/l-oreal-paris-infaillible-lip-matte-207-wuthering\/#primaryimage"},"thumbnailUrl":"https:\/\/cosmeticstoredz.com\/wp-content\/uploads\/2026\/02\/CC-960.png","datePublished":"2026-02-16T08:51:01+00:00","dateModified":"2026-03-30T19:24:04+00:00","breadcrumb":{"@id":"https:\/\/cosmeticstoredz.com\/produit\/l-oreal-paris-infaillible-lip-matte-207-wuthering\/#breadcrumb"},"inLanguage":"ar","potentialAction":[{"@type":"ReadAction","target":["https:\/\/cosmeticstoredz.com\/produit\/l-oreal-paris-infaillible-lip-matte-207-wuthering\/"]}]},{"@type":"ImageObject","inLanguage":"ar","@id":"https:\/\/cosmeticstoredz.com\/produit\/l-oreal-paris-infaillible-lip-matte-207-wuthering\/#primaryimage","url":"https:\/\/cosmeticstoredz.com\/wp-content\/uploads\/2026\/02\/CC-960.png","contentUrl":"https:\/\/cosmeticstoredz.com\/wp-content\/uploads\/2026\/02\/CC-960.png","width":1563,"height":1563},{"@type":"BreadcrumbList","@id":"https:\/\/cosmeticstoredz.com\/produit\/l-oreal-paris-infaillible-lip-matte-207-wuthering\/#breadcrumb","itemListElement":[{"@type":"ListItem","position":1,"name":"Accueil","item":"https:\/\/cosmeticstoredz.com\/"},{"@type":"ListItem","position":2,"name":"Boutique","item":"https:\/\/cosmeticstoredz.com\/boutique\/"},{"@type":"ListItem","position":3,"name":"L OREAL PARIS INFAILLIBLE LIP MATTE 207 WUTHERING"}]},{"@type":"WebSite","@id":"https:\/\/cosmeticstoredz.com\/#website","url":"https:\/\/cosmeticstoredz.com\/","name":"Cosmetic Store","description":"","publisher":{"@id":"https:\/\/cosmeticstoredz.com\/#organization"},"potentialAction":[{"@type":"SearchAction","target":{"@type":"EntryPoint","urlTemplate":"https:\/\/cosmeticstoredz.com\/?s={search_term_string}"},"query-input":{"@type":"PropertyValueSpecification","valueRequired":true,"valueName":"search_term_string"}}],"inLanguage":"ar"},{"@type":"Organization","@id":"https:\/\/cosmeticstoredz.com\/#organization","name":"Cosmetic Store","url":"https:\/\/cosmeticstoredz.com\/","logo":{"@type":"ImageObject","inLanguage":"ar","@id":"https:\/\/cosmeticstoredz.com\/#\/schema\/logo\/image\/","url":"https:\/\/cosmeticstoredz.com\/wp-content\/uploads\/2026\/02\/cropped-LOGO_CS-512x512-1-1-e1771275285345.webp","contentUrl":"https:\/\/cosmeticstoredz.com\/wp-content\/uploads\/2026\/02\/cropped-LOGO_CS-512x512-1-1-e1771275285345.webp","width":265,"height":319,"caption":"Cosmetic Store"},"image":{"@id":"https:\/\/cosmeticstoredz.com\/#\/schema\/logo\/image\/"},"sameAs":["https:\/\/www.facebook.com\/profile.php?id=61564954260683","https:\/\/www.instagram.com\/cosmetic.storedz\/"]}]}},"_links":{"self":[{"href":"https:\/\/cosmeticstoredz.com\/ar\/wp-json\/wp\/v2\/product\/1730","targetHints":{"allow":["GET"]}}],"collection":[{"href":"https:\/\/cosmeticstoredz.com\/ar\/wp-json\/wp\/v2\/product"}],"about":[{"href":"https:\/\/cosmeticstoredz.com\/ar\/wp-json\/wp\/v2\/types\/product"}],"replies":[{"embeddable":true,"href":"https:\/\/cosmeticstoredz.com\/ar\/wp-json\/wp\/v2\/comments?post=1730"}],"version-history":[{"count":1,"href":"https:\/\/cosmeticstoredz.com\/ar\/wp-json\/wp\/v2\/product\/1730\/revisions"}],"predecessor-version":[{"id":1797,"href":"https:\/\/cosmeticstoredz.com\/ar\/wp-json\/wp\/v2\/product\/1730\/revisions\/1797"}],"wp:featuredmedia":[{"embeddable":true,"href":"https:\/\/cosmeticstoredz.com\/ar\/wp-json\/wp\/v2\/media\/1796"}],"wp:attachment":[{"href":"https:\/\/cosmeticstoredz.com\/ar\/wp-json\/wp\/v2\/media?parent=1730"}],"wp:term":[{"taxonomy":"product_brand","embeddable":true,"href":"https:\/\/cosmeticstoredz.com\/ar\/wp-json\/wp\/v2\/product_brand?post=1730"},{"taxonomy":"product_cat","embeddable":true,"href":"https:\/\/cosmeticstoredz.com\/ar\/wp-json\/wp\/v2\/product_cat?post=1730"},{"taxonomy":"product_tag","embeddable":true,"href":"https:\/\/cosmeticstoredz.com\/ar\/wp-json\/wp\/v2\/product_tag?post=1730"}],"curies":[{"name":"wp","href":"https:\/\/api.w.org\/{rel}","templated":true}]}}