{"id":1727,"date":"2026-02-16T08:51:01","date_gmt":"2026-02-16T08:51:01","guid":{"rendered":"https:\/\/test.fitnessworldgym27.com\/?post_type=product&#038;p=1727"},"modified":"2026-03-30T19:24:04","modified_gmt":"2026-03-30T19:24:04","slug":"l-oreal-paris-infaillible-lip-matte","status":"publish","type":"product","link":"https:\/\/cosmeticstoredz.com\/ar\/product\/l-oreal-paris-infaillible-lip-matte\/","title":{"rendered":"L OREAL PARIS INFAILLIBLE LIP MATTE"},"content":{"rendered":"<p>Rouges \u00e0 l\u00e8vres liquides Infaillible Lip Paint de L&rsquo;Or\u00e9al Paris avec un effet longue dur\u00e9e sans compromis . Jusqu&rsquo;\u00e0 8 heures de durabilit\u00e9 longue dur\u00e9e sans sensation de bavure. Pigments hautement colorants &#8211; pour une couleur plus expressive et extra satur\u00e9e. Base de fixation douce &#8211; pour une application agr\u00e9able. Un applicateur en mousse professionnel avec une extr\u00e9mit\u00e9 \u00e9troite pour une application simple et pr\u00e9cise.<\/p>\n<ul>\n<li>Contient des pigments intenses,<\/li>\n<li>Dure jusqu&rsquo;\u00e0 8 heures,<\/li>\n<li>Ne tache pas<\/li>\n<li>Donne une couleur extra satur\u00e9e plus prononc\u00e9e,<\/li>\n<li>Fixant doucement la texture ,<\/li>\n<li>Applicateur en mousse professionnel \u00e0 extr\u00e9mit\u00e9 \u00e9troite,<\/li>\n<li>Application facile et pr\u00e9cise,<\/li>\n<li class=\"LC20lb MBeuO DKV0Md\"><strong>210 Hollywood Beige<\/strong><\/li>\n<\/ul>\n<p>Appliquer avec l&rsquo;applicateur \u00e0 l\u00e8vres si n\u00e9cessaire.<\/p>","protected":false},"excerpt":{"rendered":"<p>Rouges \u00e0 l\u00e8vres liquides Infaillible Lip Paint de L&rsquo;Or\u00e9al Paris avec un effet longue dur\u00e9e sans compromis . Jusqu&rsquo;\u00e0 8 heures de durabilit\u00e9 longue dur\u00e9e sans sensation de bavure. Pigments hautement colorants &#8211; pour une couleur plus expressive et extra satur\u00e9e. Base de fixation douce &#8211; pour une application agr\u00e9able. Un applicateur en mousse professionnel avec une extr\u00e9mit\u00e9 \u00e9troite pour une application simple et pr\u00e9cise.<\/p>","protected":false},"featured_media":1790,"comment_status":"open","ping_status":"closed","template":"","meta":[],"product_brand":[],"product_cat":[75,206,153,205,122,207],"product_tag":[125],"class_list":{"0":"post-1727","1":"product","2":"type-product","3":"status-publish","4":"has-post-thumbnail","6":"product_cat-femme","7":"product_cat-gloss","8":"product_cat-loreal","9":"product_cat-levres","10":"product_cat-make-up","11":"product_cat-rouge-a-levres","12":"product_tag-made-in-france","14":"first","15":"outofstock","16":"sale","17":"shipping-taxable","18":"purchasable","19":"product-type-simple"},"_links":{"self":[{"href":"https:\/\/cosmeticstoredz.com\/ar\/wp-json\/wp\/v2\/product\/1727","targetHints":{"allow":["GET"]}}],"collection":[{"href":"https:\/\/cosmeticstoredz.com\/ar\/wp-json\/wp\/v2\/product"}],"about":[{"href":"https:\/\/cosmeticstoredz.com\/ar\/wp-json\/wp\/v2\/types\/product"}],"replies":[{"embeddable":true,"href":"https:\/\/cosmeticstoredz.com\/ar\/wp-json\/wp\/v2\/comments?post=1727"}],"version-history":[{"count":1,"href":"https:\/\/cosmeticstoredz.com\/ar\/wp-json\/wp\/v2\/product\/1727\/revisions"}],"predecessor-version":[{"id":1791,"href":"https:\/\/cosmeticstoredz.com\/ar\/wp-json\/wp\/v2\/product\/1727\/revisions\/1791"}],"wp:featuredmedia":[{"embeddable":true,"href":"https:\/\/cosmeticstoredz.com\/ar\/wp-json\/wp\/v2\/media\/1790"}],"wp:attachment":[{"href":"https:\/\/cosmeticstoredz.com\/ar\/wp-json\/wp\/v2\/media?parent=1727"}],"wp:term":[{"taxonomy":"product_brand","embeddable":true,"href":"https:\/\/cosmeticstoredz.com\/ar\/wp-json\/wp\/v2\/product_brand?post=1727"},{"taxonomy":"product_cat","embeddable":true,"href":"https:\/\/cosmeticstoredz.com\/ar\/wp-json\/wp\/v2\/product_cat?post=1727"},{"taxonomy":"product_tag","embeddable":true,"href":"https:\/\/cosmeticstoredz.com\/ar\/wp-json\/wp\/v2\/product_tag?post=1727"}],"curies":[{"name":"wp","href":"https:\/\/api.w.org\/{rel}","templated":true}]}}