{"id":1723,"date":"2026-02-16T08:51:00","date_gmt":"2026-02-16T08:51:00","guid":{"rendered":"https:\/\/test.fitnessworldgym27.com\/?post_type=product&#038;p=1723"},"modified":"2026-03-31T14:43:51","modified_gmt":"2026-03-31T14:43:51","slug":"l-oreal-paris-infaillble-total-cover-pallette","status":"publish","type":"product","link":"https:\/\/cosmeticstoredz.com\/ar\/product\/l-oreal-paris-infaillble-total-cover-pallette\/","title":{"rendered":"L OREAL PARIS INFAILLBLE TOTAL COVER PALLETTE"},"content":{"rendered":"<p>Permet de corriger les diff\u00e9rentes imperfections de la peau. Les nuances beiges couvrent les imperfections, le violet corrige les signes de fatigue et le vert neutralise les rougeurs.<\/p>\n<ul>\n<li><span style=\"color: #333333; font-size: 16px;\">Une palette polyvalente pour les femmes modernes.<\/span><\/li>\n<li>Comprend trois teintes universelles de correcteur et deux teintes correctrices de couleur.<\/li>\n<li>Les nuances anti-cernes unifient le teint et masquent les imperfections cutan\u00e9es.<\/li>\n<li>La teinte lilas aide \u00e0 \u00e9claircir les cernes et le teint terne.<\/li>\n<li>La teinte verte aide \u00e0 neutraliser les rougeurs.<\/li>\n<li>Laisse un teint \u00e9clatant, lisse et impeccable.<\/li>\n<li>La texture transparente permet une couverture modulable et des couches multicolores.<\/li>\n<li>Dispose d&rsquo;une formule richement pigment\u00e9e qui offre une couverture compl\u00e8te et une tenue longue dur\u00e9e.<\/li>\n<\/ul>","protected":false},"excerpt":{"rendered":"<p>Permet de corriger les diff\u00e9rentes imperfections de la peau. Les nuances beiges couvrent les imperfections, le violet corrige les signes de fatigue et le vert neutralise les rougeurs.<\/p>\n<ul>\n<li><span style=\"color: #333333; font-size: 16px;\">Une palette polyvalente pour les femmes modernes.<\/span><\/li>\n<li>Comprend trois teintes universelles de correcteur et deux teintes correctrices de couleur.<\/li>\n<li>Les nuances anti-cernes unifient le teint et masquent les imperfections cutan\u00e9es.<\/li>\n<li>La teinte lilas aide \u00e0 \u00e9claircir les cernes et le teint terne.<\/li>\n<li>La teinte verte aide \u00e0 neutraliser les rougeurs.<\/li>\n<li>Laisse un teint \u00e9clatant, lisse et impeccable.<\/li>\n<li>La texture transparente permet une couverture modulable et des couches multicolores.<\/li>\n<li>Dispose d&rsquo;une formule richement pigment\u00e9e qui offre une couverture compl\u00e8te et une tenue longue dur\u00e9e.<\/li>\n<\/ul>","protected":false},"featured_media":1782,"comment_status":"closed","ping_status":"closed","template":"","meta":[],"product_brand":[409],"product_cat":[75,153,122,204,199,123],"product_tag":[125],"class_list":{"0":"post-1723","1":"product","2":"type-product","3":"status-publish","4":"has-post-thumbnail","6":"product_brand-loreal","7":"product_cat-femme","8":"product_cat-loreal","9":"product_cat-make-up","10":"product_cat-palette-maquillage","11":"product_cat-palette-teint","12":"product_cat-teint","13":"product_tag-made-in-france","15":"first","16":"outofstock","17":"sale","18":"shipping-taxable","19":"purchasable","20":"product-type-simple"},"yoast_head":"<!-- This site is optimized with the Yoast SEO plugin v27.3 - https:\/\/yoast.com\/product\/yoast-seo-wordpress\/ -->\n<title>L OREAL PARIS INFAILLBLE TOTAL COVER PALLETTE - Cosmetic Store<\/title>\n<meta name=\"robots\" content=\"index, follow, max-snippet:-1, max-image-preview:large, max-video-preview:-1\" \/>\n<link rel=\"canonical\" href=\"https:\/\/cosmeticstoredz.com\/ar\/product\/l-oreal-paris-infaillble-total-cover-pallette\/\" \/>\n<meta property=\"og:locale\" content=\"ar_AR\" \/>\n<meta property=\"og:type\" content=\"article\" \/>\n<meta property=\"og:title\" content=\"L OREAL PARIS INFAILLBLE TOTAL COVER PALLETTE - Cosmetic Store\" \/>\n<meta property=\"og:description\" content=\"Permet de corriger les diff\u00e9rentes imperfections de la peau. Les nuances beiges couvrent les imperfections, le violet corrige les signes de fatigue et le vert neutralise les rougeurs.   Une palette polyvalente pour les femmes modernes.  Comprend trois teintes universelles de correcteur et deux teintes correctrices de couleur.  Les nuances anti-cernes unifient le teint et masquent les imperfections cutan\u00e9es.  La teinte lilas aide \u00e0 \u00e9claircir les cernes et le teint terne.  La teinte verte aide \u00e0 neutraliser les rougeurs.  Laisse un teint \u00e9clatant, lisse et impeccable.  La texture transparente permet une couverture modulable et des couches multicolores.  Dispose d&#039;une formule richement pigment\u00e9e qui offre une couverture compl\u00e8te et une tenue longue dur\u00e9e.\" \/>\n<meta property=\"og:url\" content=\"https:\/\/cosmeticstoredz.com\/ar\/product\/l-oreal-paris-infaillble-total-cover-pallette\/\" \/>\n<meta property=\"og:site_name\" content=\"Cosmetic Store\" \/>\n<meta property=\"article:publisher\" content=\"https:\/\/www.facebook.com\/profile.php?id=61564954260683\" \/>\n<meta property=\"article:modified_time\" content=\"2026-03-31T14:43:51+00:00\" \/>\n<meta property=\"og:image\" content=\"https:\/\/cosmeticstoredz.com\/wp-content\/uploads\/2026\/02\/CC-964.png\" \/>\n\t<meta property=\"og:image:width\" content=\"1563\" \/>\n\t<meta property=\"og:image:height\" content=\"1563\" \/>\n\t<meta property=\"og:image:type\" content=\"image\/png\" \/>\n<meta name=\"twitter:card\" content=\"summary_large_image\" \/>\n<meta name=\"twitter:label1\" content=\"\u0648\u0642\u062a \u0627\u0644\u0642\u0631\u0627\u0621\u0629 \u0627\u0644\u0645\u064f\u0642\u062f\u0651\u0631\" \/>\n\t<meta name=\"twitter:data1\" content=\"\u062f\u0642\u064a\u0642\u0629 \u0648\u0627\u062d\u062f\u0629\" \/>\n<script type=\"application\/ld+json\" class=\"yoast-schema-graph\">{\"@context\":\"https:\\\/\\\/schema.org\",\"@graph\":[{\"@type\":\"WebPage\",\"@id\":\"https:\\\/\\\/cosmeticstoredz.com\\\/produit\\\/l-oreal-paris-infaillble-total-cover-pallette\\\/\",\"url\":\"https:\\\/\\\/cosmeticstoredz.com\\\/produit\\\/l-oreal-paris-infaillble-total-cover-pallette\\\/\",\"name\":\"L OREAL PARIS INFAILLBLE TOTAL COVER PALLETTE - Cosmetic Store\",\"isPartOf\":{\"@id\":\"https:\\\/\\\/cosmeticstoredz.com\\\/#website\"},\"primaryImageOfPage\":{\"@id\":\"https:\\\/\\\/cosmeticstoredz.com\\\/produit\\\/l-oreal-paris-infaillble-total-cover-pallette\\\/#primaryimage\"},\"image\":{\"@id\":\"https:\\\/\\\/cosmeticstoredz.com\\\/produit\\\/l-oreal-paris-infaillble-total-cover-pallette\\\/#primaryimage\"},\"thumbnailUrl\":\"https:\\\/\\\/cosmeticstoredz.com\\\/wp-content\\\/uploads\\\/2026\\\/02\\\/CC-964.png\",\"datePublished\":\"2026-02-16T08:51:00+00:00\",\"dateModified\":\"2026-03-31T14:43:51+00:00\",\"breadcrumb\":{\"@id\":\"https:\\\/\\\/cosmeticstoredz.com\\\/produit\\\/l-oreal-paris-infaillble-total-cover-pallette\\\/#breadcrumb\"},\"inLanguage\":\"ar\",\"potentialAction\":[{\"@type\":\"ReadAction\",\"target\":[\"https:\\\/\\\/cosmeticstoredz.com\\\/produit\\\/l-oreal-paris-infaillble-total-cover-pallette\\\/\"]}]},{\"@type\":\"ImageObject\",\"inLanguage\":\"ar\",\"@id\":\"https:\\\/\\\/cosmeticstoredz.com\\\/produit\\\/l-oreal-paris-infaillble-total-cover-pallette\\\/#primaryimage\",\"url\":\"https:\\\/\\\/cosmeticstoredz.com\\\/wp-content\\\/uploads\\\/2026\\\/02\\\/CC-964.png\",\"contentUrl\":\"https:\\\/\\\/cosmeticstoredz.com\\\/wp-content\\\/uploads\\\/2026\\\/02\\\/CC-964.png\",\"width\":1563,\"height\":1563},{\"@type\":\"BreadcrumbList\",\"@id\":\"https:\\\/\\\/cosmeticstoredz.com\\\/produit\\\/l-oreal-paris-infaillble-total-cover-pallette\\\/#breadcrumb\",\"itemListElement\":[{\"@type\":\"ListItem\",\"position\":1,\"name\":\"Accueil\",\"item\":\"https:\\\/\\\/cosmeticstoredz.com\\\/\"},{\"@type\":\"ListItem\",\"position\":2,\"name\":\"Boutique\",\"item\":\"https:\\\/\\\/cosmeticstoredz.com\\\/boutique\\\/\"},{\"@type\":\"ListItem\",\"position\":3,\"name\":\"L OREAL PARIS INFAILLBLE TOTAL COVER PALLETTE\"}]},{\"@type\":\"WebSite\",\"@id\":\"https:\\\/\\\/cosmeticstoredz.com\\\/#website\",\"url\":\"https:\\\/\\\/cosmeticstoredz.com\\\/\",\"name\":\"Cosmetic Store\",\"description\":\"\",\"publisher\":{\"@id\":\"https:\\\/\\\/cosmeticstoredz.com\\\/#organization\"},\"potentialAction\":[{\"@type\":\"SearchAction\",\"target\":{\"@type\":\"EntryPoint\",\"urlTemplate\":\"https:\\\/\\\/cosmeticstoredz.com\\\/?s={search_term_string}\"},\"query-input\":{\"@type\":\"PropertyValueSpecification\",\"valueRequired\":true,\"valueName\":\"search_term_string\"}}],\"inLanguage\":\"ar\"},{\"@type\":\"Organization\",\"@id\":\"https:\\\/\\\/cosmeticstoredz.com\\\/#organization\",\"name\":\"Cosmetic Store\",\"url\":\"https:\\\/\\\/cosmeticstoredz.com\\\/\",\"logo\":{\"@type\":\"ImageObject\",\"inLanguage\":\"ar\",\"@id\":\"https:\\\/\\\/cosmeticstoredz.com\\\/#\\\/schema\\\/logo\\\/image\\\/\",\"url\":\"https:\\\/\\\/cosmeticstoredz.com\\\/wp-content\\\/uploads\\\/2026\\\/02\\\/cropped-LOGO_CS-512x512-1-1-e1771275285345.webp\",\"contentUrl\":\"https:\\\/\\\/cosmeticstoredz.com\\\/wp-content\\\/uploads\\\/2026\\\/02\\\/cropped-LOGO_CS-512x512-1-1-e1771275285345.webp\",\"width\":265,\"height\":319,\"caption\":\"Cosmetic Store\"},\"image\":{\"@id\":\"https:\\\/\\\/cosmeticstoredz.com\\\/#\\\/schema\\\/logo\\\/image\\\/\"},\"sameAs\":[\"https:\\\/\\\/www.facebook.com\\\/profile.php?id=61564954260683\",\"https:\\\/\\\/www.instagram.com\\\/cosmetic.storedz\\\/\"]}]}<\/script>\n<!-- \/ Yoast SEO plugin. -->","yoast_head_json":{"title":"L OREAL PARIS INFAILLBLE TOTAL COVER PALLETTE - Cosmetic Store","robots":{"index":"index","follow":"follow","max-snippet":"max-snippet:-1","max-image-preview":"max-image-preview:large","max-video-preview":"max-video-preview:-1"},"canonical":"https:\/\/cosmeticstoredz.com\/ar\/product\/l-oreal-paris-infaillble-total-cover-pallette\/","og_locale":"ar_AR","og_type":"article","og_title":"L OREAL PARIS INFAILLBLE TOTAL COVER PALLETTE - Cosmetic Store","og_description":"Permet de corriger les diff\u00e9rentes imperfections de la peau. Les nuances beiges couvrent les imperfections, le violet corrige les signes de fatigue et le vert neutralise les rougeurs.   Une palette polyvalente pour les femmes modernes.  Comprend trois teintes universelles de correcteur et deux teintes correctrices de couleur.  Les nuances anti-cernes unifient le teint et masquent les imperfections cutan\u00e9es.  La teinte lilas aide \u00e0 \u00e9claircir les cernes et le teint terne.  La teinte verte aide \u00e0 neutraliser les rougeurs.  Laisse un teint \u00e9clatant, lisse et impeccable.  La texture transparente permet une couverture modulable et des couches multicolores.  Dispose d'une formule richement pigment\u00e9e qui offre une couverture compl\u00e8te et une tenue longue dur\u00e9e.","og_url":"https:\/\/cosmeticstoredz.com\/ar\/product\/l-oreal-paris-infaillble-total-cover-pallette\/","og_site_name":"Cosmetic Store","article_publisher":"https:\/\/www.facebook.com\/profile.php?id=61564954260683","article_modified_time":"2026-03-31T14:43:51+00:00","og_image":[{"width":1563,"height":1563,"url":"https:\/\/cosmeticstoredz.com\/wp-content\/uploads\/2026\/02\/CC-964.png","type":"image\/png"}],"twitter_card":"summary_large_image","twitter_misc":{"\u0648\u0642\u062a \u0627\u0644\u0642\u0631\u0627\u0621\u0629 \u0627\u0644\u0645\u064f\u0642\u062f\u0651\u0631":"\u062f\u0642\u064a\u0642\u0629 \u0648\u0627\u062d\u062f\u0629"},"schema":{"@context":"https:\/\/schema.org","@graph":[{"@type":"WebPage","@id":"https:\/\/cosmeticstoredz.com\/produit\/l-oreal-paris-infaillble-total-cover-pallette\/","url":"https:\/\/cosmeticstoredz.com\/produit\/l-oreal-paris-infaillble-total-cover-pallette\/","name":"L OREAL PARIS INFAILLBLE TOTAL COVER PALLETTE - Cosmetic Store","isPartOf":{"@id":"https:\/\/cosmeticstoredz.com\/#website"},"primaryImageOfPage":{"@id":"https:\/\/cosmeticstoredz.com\/produit\/l-oreal-paris-infaillble-total-cover-pallette\/#primaryimage"},"image":{"@id":"https:\/\/cosmeticstoredz.com\/produit\/l-oreal-paris-infaillble-total-cover-pallette\/#primaryimage"},"thumbnailUrl":"https:\/\/cosmeticstoredz.com\/wp-content\/uploads\/2026\/02\/CC-964.png","datePublished":"2026-02-16T08:51:00+00:00","dateModified":"2026-03-31T14:43:51+00:00","breadcrumb":{"@id":"https:\/\/cosmeticstoredz.com\/produit\/l-oreal-paris-infaillble-total-cover-pallette\/#breadcrumb"},"inLanguage":"ar","potentialAction":[{"@type":"ReadAction","target":["https:\/\/cosmeticstoredz.com\/produit\/l-oreal-paris-infaillble-total-cover-pallette\/"]}]},{"@type":"ImageObject","inLanguage":"ar","@id":"https:\/\/cosmeticstoredz.com\/produit\/l-oreal-paris-infaillble-total-cover-pallette\/#primaryimage","url":"https:\/\/cosmeticstoredz.com\/wp-content\/uploads\/2026\/02\/CC-964.png","contentUrl":"https:\/\/cosmeticstoredz.com\/wp-content\/uploads\/2026\/02\/CC-964.png","width":1563,"height":1563},{"@type":"BreadcrumbList","@id":"https:\/\/cosmeticstoredz.com\/produit\/l-oreal-paris-infaillble-total-cover-pallette\/#breadcrumb","itemListElement":[{"@type":"ListItem","position":1,"name":"Accueil","item":"https:\/\/cosmeticstoredz.com\/"},{"@type":"ListItem","position":2,"name":"Boutique","item":"https:\/\/cosmeticstoredz.com\/boutique\/"},{"@type":"ListItem","position":3,"name":"L OREAL PARIS INFAILLBLE TOTAL COVER PALLETTE"}]},{"@type":"WebSite","@id":"https:\/\/cosmeticstoredz.com\/#website","url":"https:\/\/cosmeticstoredz.com\/","name":"Cosmetic Store","description":"","publisher":{"@id":"https:\/\/cosmeticstoredz.com\/#organization"},"potentialAction":[{"@type":"SearchAction","target":{"@type":"EntryPoint","urlTemplate":"https:\/\/cosmeticstoredz.com\/?s={search_term_string}"},"query-input":{"@type":"PropertyValueSpecification","valueRequired":true,"valueName":"search_term_string"}}],"inLanguage":"ar"},{"@type":"Organization","@id":"https:\/\/cosmeticstoredz.com\/#organization","name":"Cosmetic Store","url":"https:\/\/cosmeticstoredz.com\/","logo":{"@type":"ImageObject","inLanguage":"ar","@id":"https:\/\/cosmeticstoredz.com\/#\/schema\/logo\/image\/","url":"https:\/\/cosmeticstoredz.com\/wp-content\/uploads\/2026\/02\/cropped-LOGO_CS-512x512-1-1-e1771275285345.webp","contentUrl":"https:\/\/cosmeticstoredz.com\/wp-content\/uploads\/2026\/02\/cropped-LOGO_CS-512x512-1-1-e1771275285345.webp","width":265,"height":319,"caption":"Cosmetic Store"},"image":{"@id":"https:\/\/cosmeticstoredz.com\/#\/schema\/logo\/image\/"},"sameAs":["https:\/\/www.facebook.com\/profile.php?id=61564954260683","https:\/\/www.instagram.com\/cosmetic.storedz\/"]}]}},"_links":{"self":[{"href":"https:\/\/cosmeticstoredz.com\/ar\/wp-json\/wp\/v2\/product\/1723","targetHints":{"allow":["GET"]}}],"collection":[{"href":"https:\/\/cosmeticstoredz.com\/ar\/wp-json\/wp\/v2\/product"}],"about":[{"href":"https:\/\/cosmeticstoredz.com\/ar\/wp-json\/wp\/v2\/types\/product"}],"replies":[{"embeddable":true,"href":"https:\/\/cosmeticstoredz.com\/ar\/wp-json\/wp\/v2\/comments?post=1723"}],"version-history":[{"count":1,"href":"https:\/\/cosmeticstoredz.com\/ar\/wp-json\/wp\/v2\/product\/1723\/revisions"}],"predecessor-version":[{"id":1783,"href":"https:\/\/cosmeticstoredz.com\/ar\/wp-json\/wp\/v2\/product\/1723\/revisions\/1783"}],"wp:featuredmedia":[{"embeddable":true,"href":"https:\/\/cosmeticstoredz.com\/ar\/wp-json\/wp\/v2\/media\/1782"}],"wp:attachment":[{"href":"https:\/\/cosmeticstoredz.com\/ar\/wp-json\/wp\/v2\/media?parent=1723"}],"wp:term":[{"taxonomy":"product_brand","embeddable":true,"href":"https:\/\/cosmeticstoredz.com\/ar\/wp-json\/wp\/v2\/product_brand?post=1723"},{"taxonomy":"product_cat","embeddable":true,"href":"https:\/\/cosmeticstoredz.com\/ar\/wp-json\/wp\/v2\/product_cat?post=1723"},{"taxonomy":"product_tag","embeddable":true,"href":"https:\/\/cosmeticstoredz.com\/ar\/wp-json\/wp\/v2\/product_tag?post=1723"}],"curies":[{"name":"wp","href":"https:\/\/api.w.org\/{rel}","templated":true}]}}