{"id":1719,"date":"2026-02-16T08:51:00","date_gmt":"2026-02-16T08:51:00","guid":{"rendered":"https:\/\/test.fitnessworldgym27.com\/?post_type=product&#038;p=1719"},"modified":"2026-02-16T21:45:21","modified_gmt":"2026-02-16T21:45:21","slug":"l-oreal-mascara-lash-sensation-luscious-noir-gb-nu","status":"publish","type":"product","link":"https:\/\/cosmeticstoredz.com\/ar\/product\/l-oreal-mascara-lash-sensation-luscious-noir-gb-nu\/","title":{"rendered":"L OREAL MASCARA LASH SENSATION LUSCIOUS NOIR GB NU"},"content":{"rendered":"<p><strong>Lash Sensational Luscious<\/strong> de chez Maybelline est un mascara \u00e9paississant vous permettant d\u2019avoir des cils plus volumineux et un regard plus attractif\u00a0!<\/p>\n<ul>\n<li>Couleur\u00a0: noir intense<\/li>\n<li>Augmente le volume des cils<\/li>\n<li>Epaissit les cils<\/li>\n<li>Enveloppe tous les cils m\u00eame les plus courts<\/li>\n<\/ul>\n<p>La formule du mascara est enrichie en huiles nourrissantes qui nourrissent les cils. Les huiles d\u2019Argan, de rose sauvage, de Carthame rendent les cils visiblement plus \u00e9pais et plus volumineux.<\/p>\n<p><strong>Utilisation\u00a0:<\/strong>\u00a0appliquer le mascara avec des mouvements zigzag des racines jusqu\u2019aux pointes des cils. Pour avoir l\u2019effet faux-cils, appliquer une deuxi\u00e8me couche de mascara sur les cils secs.<\/p>\n<p><strong>R\u00e9sultat:<\/strong>\u00a0cils plus volumineux et plus \u00e9pais en quelques minutes!<\/p>\n<p>Nous recommandons l\u2019utilisation de ce produit avec d\u2019autres de la m\u00eame marque pour un maquillage impeccable.<\/p>\n<p><strong>Maybelline<\/strong> est une marque am\u00e9ricaine, leader mondiale dans le monde des cosm\u00e9tiques. Elle offre des produits aux formules innovantes et aux derni\u00e8res nuances, toujours en ligne avec les nouvelles tendances avec le but de proposer des maquillages sensuels et naturels.<\/p>","protected":false},"excerpt":{"rendered":"<p><strong>Lash Sensational Luscious<\/strong> de chez Maybelline est un mascara \u00e9paississant vous permettant d\u2019avoir des cils plus volumineux et un regard plus attractif\u00a0!<\/p>\n<ul>\n<li>Couleur\u00a0: noir intense<\/li>\n<li>Augmente le volume des cils<\/li>\n<li>Epaissit les cils<\/li>\n<li>Enveloppe tous les cils m\u00eame les plus courts<\/li>\n<\/ul>\n<p>La formule du mascara est enrichie en huiles nourrissantes qui nourrissent les cils. Les huiles d\u2019Argan, de rose sauvage, de Carthame rendent les cils visiblement plus \u00e9pais et plus volumineux.<\/p>","protected":false},"featured_media":1760,"comment_status":"open","ping_status":"closed","template":"","meta":[],"product_brand":[409,410],"product_cat":[75,153,122,186,126],"product_tag":[125],"class_list":{"0":"post-1719","1":"product","2":"type-product","3":"status-publish","4":"has-post-thumbnail","6":"product_brand-loreal","7":"product_brand-maybelline","8":"product_cat-femme","9":"product_cat-loreal","10":"product_cat-make-up","11":"product_cat-mascara","12":"product_cat-yeux","13":"product_tag-made-in-france","15":"first","16":"outofstock","17":"shipping-taxable","18":"purchasable","19":"product-type-simple"},"yoast_head":"<!-- This site is optimized with the Yoast SEO plugin v27.3 - https:\/\/yoast.com\/product\/yoast-seo-wordpress\/ -->\n<title>L OREAL MASCARA LASH SENSATION LUSCIOUS NOIR GB NU - Cosmetic Store<\/title>\n<meta name=\"robots\" content=\"index, follow, max-snippet:-1, max-image-preview:large, max-video-preview:-1\" \/>\n<link rel=\"canonical\" href=\"https:\/\/cosmeticstoredz.com\/ar\/product\/l-oreal-mascara-lash-sensation-luscious-noir-gb-nu\/\" \/>\n<meta property=\"og:locale\" content=\"ar_AR\" \/>\n<meta property=\"og:type\" content=\"article\" \/>\n<meta property=\"og:title\" content=\"L OREAL MASCARA LASH SENSATION LUSCIOUS NOIR GB NU - Cosmetic Store\" \/>\n<meta property=\"og:description\" content=\"Lash Sensational Luscious de chez Maybelline est un mascara \u00e9paississant vous permettant d\u2019avoir des cils plus volumineux et un regard plus attractif\u00a0!   Couleur\u00a0: noir intense  Augmente le volume des cils  Epaissit les cils  Enveloppe tous les cils m\u00eame les plus courts  La formule du mascara est enrichie en huiles nourrissantes qui nourrissent les cils. Les huiles d\u2019Argan, de rose sauvage, de Carthame rendent les cils visiblement plus \u00e9pais et plus volumineux.\" \/>\n<meta property=\"og:url\" content=\"https:\/\/cosmeticstoredz.com\/ar\/product\/l-oreal-mascara-lash-sensation-luscious-noir-gb-nu\/\" \/>\n<meta property=\"og:site_name\" content=\"Cosmetic Store\" \/>\n<meta property=\"article:publisher\" content=\"https:\/\/www.facebook.com\/profile.php?id=61564954260683\" \/>\n<meta property=\"article:modified_time\" content=\"2026-02-16T21:45:21+00:00\" \/>\n<meta property=\"og:image\" content=\"https:\/\/cosmeticstoredz.com\/wp-content\/uploads\/2026\/02\/CC-191.png\" \/>\n\t<meta property=\"og:image:width\" content=\"1563\" \/>\n\t<meta property=\"og:image:height\" content=\"1563\" \/>\n\t<meta property=\"og:image:type\" content=\"image\/png\" \/>\n<meta name=\"twitter:card\" content=\"summary_large_image\" \/>\n<meta name=\"twitter:label1\" content=\"\u0648\u0642\u062a \u0627\u0644\u0642\u0631\u0627\u0621\u0629 \u0627\u0644\u0645\u064f\u0642\u062f\u0651\u0631\" \/>\n\t<meta name=\"twitter:data1\" content=\"\u062f\u0642\u064a\u0642\u0629 \u0648\u0627\u062d\u062f\u0629\" \/>\n<script type=\"application\/ld+json\" class=\"yoast-schema-graph\">{\"@context\":\"https:\\\/\\\/schema.org\",\"@graph\":[{\"@type\":\"WebPage\",\"@id\":\"https:\\\/\\\/cosmeticstoredz.com\\\/produit\\\/l-oreal-mascara-lash-sensation-luscious-noir-gb-nu\\\/\",\"url\":\"https:\\\/\\\/cosmeticstoredz.com\\\/produit\\\/l-oreal-mascara-lash-sensation-luscious-noir-gb-nu\\\/\",\"name\":\"L OREAL MASCARA LASH SENSATION LUSCIOUS NOIR GB NU - Cosmetic Store\",\"isPartOf\":{\"@id\":\"https:\\\/\\\/cosmeticstoredz.com\\\/#website\"},\"primaryImageOfPage\":{\"@id\":\"https:\\\/\\\/cosmeticstoredz.com\\\/produit\\\/l-oreal-mascara-lash-sensation-luscious-noir-gb-nu\\\/#primaryimage\"},\"image\":{\"@id\":\"https:\\\/\\\/cosmeticstoredz.com\\\/produit\\\/l-oreal-mascara-lash-sensation-luscious-noir-gb-nu\\\/#primaryimage\"},\"thumbnailUrl\":\"https:\\\/\\\/cosmeticstoredz.com\\\/wp-content\\\/uploads\\\/2026\\\/02\\\/CC-191.png\",\"datePublished\":\"2026-02-16T08:51:00+00:00\",\"dateModified\":\"2026-02-16T21:45:21+00:00\",\"breadcrumb\":{\"@id\":\"https:\\\/\\\/cosmeticstoredz.com\\\/produit\\\/l-oreal-mascara-lash-sensation-luscious-noir-gb-nu\\\/#breadcrumb\"},\"inLanguage\":\"ar\",\"potentialAction\":[{\"@type\":\"ReadAction\",\"target\":[\"https:\\\/\\\/cosmeticstoredz.com\\\/produit\\\/l-oreal-mascara-lash-sensation-luscious-noir-gb-nu\\\/\"]}]},{\"@type\":\"ImageObject\",\"inLanguage\":\"ar\",\"@id\":\"https:\\\/\\\/cosmeticstoredz.com\\\/produit\\\/l-oreal-mascara-lash-sensation-luscious-noir-gb-nu\\\/#primaryimage\",\"url\":\"https:\\\/\\\/cosmeticstoredz.com\\\/wp-content\\\/uploads\\\/2026\\\/02\\\/CC-191.png\",\"contentUrl\":\"https:\\\/\\\/cosmeticstoredz.com\\\/wp-content\\\/uploads\\\/2026\\\/02\\\/CC-191.png\",\"width\":1563,\"height\":1563},{\"@type\":\"BreadcrumbList\",\"@id\":\"https:\\\/\\\/cosmeticstoredz.com\\\/produit\\\/l-oreal-mascara-lash-sensation-luscious-noir-gb-nu\\\/#breadcrumb\",\"itemListElement\":[{\"@type\":\"ListItem\",\"position\":1,\"name\":\"Accueil\",\"item\":\"https:\\\/\\\/cosmeticstoredz.com\\\/\"},{\"@type\":\"ListItem\",\"position\":2,\"name\":\"Boutique\",\"item\":\"https:\\\/\\\/cosmeticstoredz.com\\\/boutique\\\/\"},{\"@type\":\"ListItem\",\"position\":3,\"name\":\"L OREAL MASCARA LASH SENSATION LUSCIOUS NOIR GB NU\"}]},{\"@type\":\"WebSite\",\"@id\":\"https:\\\/\\\/cosmeticstoredz.com\\\/#website\",\"url\":\"https:\\\/\\\/cosmeticstoredz.com\\\/\",\"name\":\"Cosmetic Store\",\"description\":\"\",\"publisher\":{\"@id\":\"https:\\\/\\\/cosmeticstoredz.com\\\/#organization\"},\"potentialAction\":[{\"@type\":\"SearchAction\",\"target\":{\"@type\":\"EntryPoint\",\"urlTemplate\":\"https:\\\/\\\/cosmeticstoredz.com\\\/?s={search_term_string}\"},\"query-input\":{\"@type\":\"PropertyValueSpecification\",\"valueRequired\":true,\"valueName\":\"search_term_string\"}}],\"inLanguage\":\"ar\"},{\"@type\":\"Organization\",\"@id\":\"https:\\\/\\\/cosmeticstoredz.com\\\/#organization\",\"name\":\"Cosmetic Store\",\"url\":\"https:\\\/\\\/cosmeticstoredz.com\\\/\",\"logo\":{\"@type\":\"ImageObject\",\"inLanguage\":\"ar\",\"@id\":\"https:\\\/\\\/cosmeticstoredz.com\\\/#\\\/schema\\\/logo\\\/image\\\/\",\"url\":\"https:\\\/\\\/cosmeticstoredz.com\\\/wp-content\\\/uploads\\\/2026\\\/02\\\/cropped-LOGO_CS-512x512-1-1-e1771275285345.webp\",\"contentUrl\":\"https:\\\/\\\/cosmeticstoredz.com\\\/wp-content\\\/uploads\\\/2026\\\/02\\\/cropped-LOGO_CS-512x512-1-1-e1771275285345.webp\",\"width\":265,\"height\":319,\"caption\":\"Cosmetic Store\"},\"image\":{\"@id\":\"https:\\\/\\\/cosmeticstoredz.com\\\/#\\\/schema\\\/logo\\\/image\\\/\"},\"sameAs\":[\"https:\\\/\\\/www.facebook.com\\\/profile.php?id=61564954260683\",\"https:\\\/\\\/www.instagram.com\\\/cosmetic.storedz\\\/\"]}]}<\/script>\n<!-- \/ Yoast SEO plugin. -->","yoast_head_json":{"title":"L OREAL MASCARA LASH SENSATION LUSCIOUS NOIR GB NU - Cosmetic Store","robots":{"index":"index","follow":"follow","max-snippet":"max-snippet:-1","max-image-preview":"max-image-preview:large","max-video-preview":"max-video-preview:-1"},"canonical":"https:\/\/cosmeticstoredz.com\/ar\/product\/l-oreal-mascara-lash-sensation-luscious-noir-gb-nu\/","og_locale":"ar_AR","og_type":"article","og_title":"L OREAL MASCARA LASH SENSATION LUSCIOUS NOIR GB NU - Cosmetic Store","og_description":"Lash Sensational Luscious de chez Maybelline est un mascara \u00e9paississant vous permettant d\u2019avoir des cils plus volumineux et un regard plus attractif\u00a0!   Couleur\u00a0: noir intense  Augmente le volume des cils  Epaissit les cils  Enveloppe tous les cils m\u00eame les plus courts  La formule du mascara est enrichie en huiles nourrissantes qui nourrissent les cils. Les huiles d\u2019Argan, de rose sauvage, de Carthame rendent les cils visiblement plus \u00e9pais et plus volumineux.","og_url":"https:\/\/cosmeticstoredz.com\/ar\/product\/l-oreal-mascara-lash-sensation-luscious-noir-gb-nu\/","og_site_name":"Cosmetic Store","article_publisher":"https:\/\/www.facebook.com\/profile.php?id=61564954260683","article_modified_time":"2026-02-16T21:45:21+00:00","og_image":[{"width":1563,"height":1563,"url":"https:\/\/cosmeticstoredz.com\/wp-content\/uploads\/2026\/02\/CC-191.png","type":"image\/png"}],"twitter_card":"summary_large_image","twitter_misc":{"\u0648\u0642\u062a \u0627\u0644\u0642\u0631\u0627\u0621\u0629 \u0627\u0644\u0645\u064f\u0642\u062f\u0651\u0631":"\u062f\u0642\u064a\u0642\u0629 \u0648\u0627\u062d\u062f\u0629"},"schema":{"@context":"https:\/\/schema.org","@graph":[{"@type":"WebPage","@id":"https:\/\/cosmeticstoredz.com\/produit\/l-oreal-mascara-lash-sensation-luscious-noir-gb-nu\/","url":"https:\/\/cosmeticstoredz.com\/produit\/l-oreal-mascara-lash-sensation-luscious-noir-gb-nu\/","name":"L OREAL MASCARA LASH SENSATION LUSCIOUS NOIR GB NU - Cosmetic Store","isPartOf":{"@id":"https:\/\/cosmeticstoredz.com\/#website"},"primaryImageOfPage":{"@id":"https:\/\/cosmeticstoredz.com\/produit\/l-oreal-mascara-lash-sensation-luscious-noir-gb-nu\/#primaryimage"},"image":{"@id":"https:\/\/cosmeticstoredz.com\/produit\/l-oreal-mascara-lash-sensation-luscious-noir-gb-nu\/#primaryimage"},"thumbnailUrl":"https:\/\/cosmeticstoredz.com\/wp-content\/uploads\/2026\/02\/CC-191.png","datePublished":"2026-02-16T08:51:00+00:00","dateModified":"2026-02-16T21:45:21+00:00","breadcrumb":{"@id":"https:\/\/cosmeticstoredz.com\/produit\/l-oreal-mascara-lash-sensation-luscious-noir-gb-nu\/#breadcrumb"},"inLanguage":"ar","potentialAction":[{"@type":"ReadAction","target":["https:\/\/cosmeticstoredz.com\/produit\/l-oreal-mascara-lash-sensation-luscious-noir-gb-nu\/"]}]},{"@type":"ImageObject","inLanguage":"ar","@id":"https:\/\/cosmeticstoredz.com\/produit\/l-oreal-mascara-lash-sensation-luscious-noir-gb-nu\/#primaryimage","url":"https:\/\/cosmeticstoredz.com\/wp-content\/uploads\/2026\/02\/CC-191.png","contentUrl":"https:\/\/cosmeticstoredz.com\/wp-content\/uploads\/2026\/02\/CC-191.png","width":1563,"height":1563},{"@type":"BreadcrumbList","@id":"https:\/\/cosmeticstoredz.com\/produit\/l-oreal-mascara-lash-sensation-luscious-noir-gb-nu\/#breadcrumb","itemListElement":[{"@type":"ListItem","position":1,"name":"Accueil","item":"https:\/\/cosmeticstoredz.com\/"},{"@type":"ListItem","position":2,"name":"Boutique","item":"https:\/\/cosmeticstoredz.com\/boutique\/"},{"@type":"ListItem","position":3,"name":"L OREAL MASCARA LASH SENSATION LUSCIOUS NOIR GB NU"}]},{"@type":"WebSite","@id":"https:\/\/cosmeticstoredz.com\/#website","url":"https:\/\/cosmeticstoredz.com\/","name":"Cosmetic Store","description":"","publisher":{"@id":"https:\/\/cosmeticstoredz.com\/#organization"},"potentialAction":[{"@type":"SearchAction","target":{"@type":"EntryPoint","urlTemplate":"https:\/\/cosmeticstoredz.com\/?s={search_term_string}"},"query-input":{"@type":"PropertyValueSpecification","valueRequired":true,"valueName":"search_term_string"}}],"inLanguage":"ar"},{"@type":"Organization","@id":"https:\/\/cosmeticstoredz.com\/#organization","name":"Cosmetic Store","url":"https:\/\/cosmeticstoredz.com\/","logo":{"@type":"ImageObject","inLanguage":"ar","@id":"https:\/\/cosmeticstoredz.com\/#\/schema\/logo\/image\/","url":"https:\/\/cosmeticstoredz.com\/wp-content\/uploads\/2026\/02\/cropped-LOGO_CS-512x512-1-1-e1771275285345.webp","contentUrl":"https:\/\/cosmeticstoredz.com\/wp-content\/uploads\/2026\/02\/cropped-LOGO_CS-512x512-1-1-e1771275285345.webp","width":265,"height":319,"caption":"Cosmetic Store"},"image":{"@id":"https:\/\/cosmeticstoredz.com\/#\/schema\/logo\/image\/"},"sameAs":["https:\/\/www.facebook.com\/profile.php?id=61564954260683","https:\/\/www.instagram.com\/cosmetic.storedz\/"]}]}},"_links":{"self":[{"href":"https:\/\/cosmeticstoredz.com\/ar\/wp-json\/wp\/v2\/product\/1719","targetHints":{"allow":["GET"]}}],"collection":[{"href":"https:\/\/cosmeticstoredz.com\/ar\/wp-json\/wp\/v2\/product"}],"about":[{"href":"https:\/\/cosmeticstoredz.com\/ar\/wp-json\/wp\/v2\/types\/product"}],"replies":[{"embeddable":true,"href":"https:\/\/cosmeticstoredz.com\/ar\/wp-json\/wp\/v2\/comments?post=1719"}],"version-history":[{"count":1,"href":"https:\/\/cosmeticstoredz.com\/ar\/wp-json\/wp\/v2\/product\/1719\/revisions"}],"predecessor-version":[{"id":1761,"href":"https:\/\/cosmeticstoredz.com\/ar\/wp-json\/wp\/v2\/product\/1719\/revisions\/1761"}],"wp:featuredmedia":[{"embeddable":true,"href":"https:\/\/cosmeticstoredz.com\/ar\/wp-json\/wp\/v2\/media\/1760"}],"wp:attachment":[{"href":"https:\/\/cosmeticstoredz.com\/ar\/wp-json\/wp\/v2\/media?parent=1719"}],"wp:term":[{"taxonomy":"product_brand","embeddable":true,"href":"https:\/\/cosmeticstoredz.com\/ar\/wp-json\/wp\/v2\/product_brand?post=1719"},{"taxonomy":"product_cat","embeddable":true,"href":"https:\/\/cosmeticstoredz.com\/ar\/wp-json\/wp\/v2\/product_cat?post=1719"},{"taxonomy":"product_tag","embeddable":true,"href":"https:\/\/cosmeticstoredz.com\/ar\/wp-json\/wp\/v2\/product_tag?post=1719"}],"curies":[{"name":"wp","href":"https:\/\/api.w.org\/{rel}","templated":true}]}}