{"id":1674,"date":"2026-02-16T08:50:38","date_gmt":"2026-02-16T08:50:38","guid":{"rendered":"https:\/\/test.fitnessworldgym27.com\/?post_type=product&#038;p=1674"},"modified":"2026-04-18T19:23:07","modified_gmt":"2026-04-18T19:23:07","slug":"loreal-paris-infallible-24h-more-than-concealer-322","status":"publish","type":"product","link":"https:\/\/cosmeticstoredz.com\/ar\/product\/loreal-paris-infallible-24h-more-than-concealer-322\/","title":{"rendered":"L&rsquo;OREAL PARIS INFALLIBLE 24H MORE THAN CONCEALER 322"},"content":{"rendered":"<p><b>Le dernier correcteur opaque L&rsquo;Or\u00e9al Paris pour vous<\/b><br \/>\n&#8211; Super couvrant, finition super naturelle<br \/>\n&#8211; Couverture 24h de vos sacs sous les yeux, ou couverture int\u00e9grale pour les d\u00e9placements<br \/>\n&#8211; Correcteur Jumbo: applicateur extra large pour couvrir les cernes et les imperfections en une seule fois<\/p>\n<p><b>Description du produit<\/b><br \/>\nL&rsquo;<strong>Infaillible More Than Concealer 322<\/strong> de la collection Infaillible de L&rsquo;Or\u00e9al Paris vous offre une couverture ultra-couvrante des cernes et autres imperfections jusqu&rsquo;\u00e0 24 heures. Le nouveau correcteur anti-cernes a une couvrance intense qui assure un fini mat impeccable. Utilisez l&rsquo;<strong>Infaillible More Than Concealer<\/strong> comme correcteur ou comme stick contouring. Maintenant disponible en 9 couleurs!<\/p>\n<p><b>Le r\u00e9sultat<\/b><br \/>\nFaites l&rsquo;exp\u00e9rience d&rsquo;une couverture maximale en une seule couche pour couvrir les sacs, les cicatrices d&rsquo;acn\u00e9, les imperfections et les d\u00e9colorations de la peau. La formule imperm\u00e9able et non grasse ne coule pas, ne se d\u00e9colore pas et ne s&rsquo;\u00e9caille pas, de sorte que vous b\u00e9n\u00e9ficiez d&rsquo;une couverture uniforme jusqu&rsquo;\u00e0 24 heures.<\/p>\n<p><b>Comment utiliser<\/b><br \/>\nAppliquez le correcteur avec l&rsquo;applicateur sur les cernes, les poches sous les yeux et autres imperfections. Appliquez le correcteur en triangle sous chaque \u0153il pour mieux masquer les cernes. Utilisez le bout des doigts, un pinceau ou une \u00e9ponge \u00e0 maquillage pour m\u00e9langer le correcteur couvrant dans la peau.<\/p>","protected":false},"excerpt":{"rendered":"<p>L&rsquo;<strong>Infaillible More Than Concealer 322<\/strong> de la collection Infaillible de L&rsquo;Or\u00e9al Paris vous offre une couverture ultra-couvrante des cernes et autres imperfections jusqu&rsquo;\u00e0 24 heures. Le nouveau correcteur anti-cernes a une couvrance intense qui assure un fini mat impeccable. Utilisez l&rsquo;<strong>Infaillible More Than Concealer<\/strong> comme correcteur ou comme stick contouring. Maintenant disponible en 9 couleurs!<\/p>","protected":false},"featured_media":1749,"comment_status":"open","ping_status":"closed","template":"","meta":[],"product_brand":[409],"product_cat":[201,75,153,122,123],"product_tag":[125],"class_list":{"0":"post-1674","1":"product","2":"type-product","3":"status-publish","4":"has-post-thumbnail","6":"product_brand-loreal","7":"product_cat-anti-cerne-et-correcteur","8":"product_cat-femme","9":"product_cat-loreal","10":"product_cat-make-up","11":"product_cat-teint","12":"product_tag-made-in-france","14":"first","15":"outofstock","16":"shipping-taxable","17":"purchasable","18":"product-type-simple"},"yoast_head":"<!-- This site is optimized with the Yoast SEO plugin v27.3 - https:\/\/yoast.com\/product\/yoast-seo-wordpress\/ -->\n<title>L&#039;OREAL PARIS INFALLIBLE 24H MORE THAN CONCEALER 322 - Cosmetic Store<\/title>\n<meta name=\"robots\" content=\"index, follow, max-snippet:-1, max-image-preview:large, max-video-preview:-1\" \/>\n<link rel=\"canonical\" href=\"https:\/\/cosmeticstoredz.com\/ar\/product\/loreal-paris-infallible-24h-more-than-concealer-322\/\" \/>\n<meta property=\"og:locale\" content=\"ar_AR\" \/>\n<meta property=\"og:type\" content=\"article\" \/>\n<meta property=\"og:title\" content=\"L&#039;OREAL PARIS INFALLIBLE 24H MORE THAN CONCEALER 322 - Cosmetic Store\" \/>\n<meta property=\"og:description\" content=\"L&#039;Infaillible More Than Concealer 322 de la collection Infaillible de L&#039;Or\u00e9al Paris vous offre une couverture ultra-couvrante des cernes et autres imperfections jusqu&#039;\u00e0 24 heures. Le nouveau correcteur anti-cernes a une couvrance intense qui assure un fini mat impeccable. Utilisez l&#039;Infaillible More Than Concealer comme correcteur ou comme stick contouring. Maintenant disponible en 9 couleurs!\" \/>\n<meta property=\"og:url\" content=\"https:\/\/cosmeticstoredz.com\/ar\/product\/loreal-paris-infallible-24h-more-than-concealer-322\/\" \/>\n<meta property=\"og:site_name\" content=\"Cosmetic Store\" \/>\n<meta property=\"article:publisher\" content=\"https:\/\/www.facebook.com\/profile.php?id=61564954260683\" \/>\n<meta property=\"article:modified_time\" content=\"2026-04-18T19:23:07+00:00\" \/>\n<meta property=\"og:image\" content=\"https:\/\/cosmeticstoredz.com\/wp-content\/uploads\/2026\/02\/Ajouter-un-titre-2024-08-13T124619.417.png\" \/>\n\t<meta property=\"og:image:width\" content=\"500\" \/>\n\t<meta property=\"og:image:height\" content=\"500\" \/>\n\t<meta property=\"og:image:type\" content=\"image\/png\" \/>\n<meta name=\"twitter:card\" content=\"summary_large_image\" \/>\n<meta name=\"twitter:label1\" content=\"\u0648\u0642\u062a \u0627\u0644\u0642\u0631\u0627\u0621\u0629 \u0627\u0644\u0645\u064f\u0642\u062f\u0651\u0631\" \/>\n\t<meta name=\"twitter:data1\" content=\"\u062f\u0642\u064a\u0642\u0629 \u0648\u0627\u062d\u062f\u0629\" \/>\n<script type=\"application\/ld+json\" class=\"yoast-schema-graph\">{\"@context\":\"https:\\\/\\\/schema.org\",\"@graph\":[{\"@type\":\"WebPage\",\"@id\":\"https:\\\/\\\/cosmeticstoredz.com\\\/produit\\\/loreal-paris-infallible-24h-more-than-concealer-322\\\/\",\"url\":\"https:\\\/\\\/cosmeticstoredz.com\\\/produit\\\/loreal-paris-infallible-24h-more-than-concealer-322\\\/\",\"name\":\"L'OREAL PARIS INFALLIBLE 24H MORE THAN CONCEALER 322 - Cosmetic Store\",\"isPartOf\":{\"@id\":\"https:\\\/\\\/cosmeticstoredz.com\\\/#website\"},\"primaryImageOfPage\":{\"@id\":\"https:\\\/\\\/cosmeticstoredz.com\\\/produit\\\/loreal-paris-infallible-24h-more-than-concealer-322\\\/#primaryimage\"},\"image\":{\"@id\":\"https:\\\/\\\/cosmeticstoredz.com\\\/produit\\\/loreal-paris-infallible-24h-more-than-concealer-322\\\/#primaryimage\"},\"thumbnailUrl\":\"https:\\\/\\\/cosmeticstoredz.com\\\/wp-content\\\/uploads\\\/2026\\\/02\\\/Ajouter-un-titre-2024-08-13T124619.417.png\",\"datePublished\":\"2026-02-16T08:50:38+00:00\",\"dateModified\":\"2026-04-18T19:23:07+00:00\",\"breadcrumb\":{\"@id\":\"https:\\\/\\\/cosmeticstoredz.com\\\/produit\\\/loreal-paris-infallible-24h-more-than-concealer-322\\\/#breadcrumb\"},\"inLanguage\":\"ar\",\"potentialAction\":[{\"@type\":\"ReadAction\",\"target\":[\"https:\\\/\\\/cosmeticstoredz.com\\\/produit\\\/loreal-paris-infallible-24h-more-than-concealer-322\\\/\"]}]},{\"@type\":\"ImageObject\",\"inLanguage\":\"ar\",\"@id\":\"https:\\\/\\\/cosmeticstoredz.com\\\/produit\\\/loreal-paris-infallible-24h-more-than-concealer-322\\\/#primaryimage\",\"url\":\"https:\\\/\\\/cosmeticstoredz.com\\\/wp-content\\\/uploads\\\/2026\\\/02\\\/Ajouter-un-titre-2024-08-13T124619.417.png\",\"contentUrl\":\"https:\\\/\\\/cosmeticstoredz.com\\\/wp-content\\\/uploads\\\/2026\\\/02\\\/Ajouter-un-titre-2024-08-13T124619.417.png\",\"width\":500,\"height\":500},{\"@type\":\"BreadcrumbList\",\"@id\":\"https:\\\/\\\/cosmeticstoredz.com\\\/produit\\\/loreal-paris-infallible-24h-more-than-concealer-322\\\/#breadcrumb\",\"itemListElement\":[{\"@type\":\"ListItem\",\"position\":1,\"name\":\"Accueil\",\"item\":\"https:\\\/\\\/cosmeticstoredz.com\\\/\"},{\"@type\":\"ListItem\",\"position\":2,\"name\":\"Boutique\",\"item\":\"https:\\\/\\\/cosmeticstoredz.com\\\/boutique\\\/\"},{\"@type\":\"ListItem\",\"position\":3,\"name\":\"L&rsquo;OREAL PARIS INFALLIBLE 24H MORE THAN CONCEALER 322\"}]},{\"@type\":\"WebSite\",\"@id\":\"https:\\\/\\\/cosmeticstoredz.com\\\/#website\",\"url\":\"https:\\\/\\\/cosmeticstoredz.com\\\/\",\"name\":\"Cosmetic Store\",\"description\":\"\",\"publisher\":{\"@id\":\"https:\\\/\\\/cosmeticstoredz.com\\\/#organization\"},\"potentialAction\":[{\"@type\":\"SearchAction\",\"target\":{\"@type\":\"EntryPoint\",\"urlTemplate\":\"https:\\\/\\\/cosmeticstoredz.com\\\/?s={search_term_string}\"},\"query-input\":{\"@type\":\"PropertyValueSpecification\",\"valueRequired\":true,\"valueName\":\"search_term_string\"}}],\"inLanguage\":\"ar\"},{\"@type\":\"Organization\",\"@id\":\"https:\\\/\\\/cosmeticstoredz.com\\\/#organization\",\"name\":\"Cosmetic Store\",\"url\":\"https:\\\/\\\/cosmeticstoredz.com\\\/\",\"logo\":{\"@type\":\"ImageObject\",\"inLanguage\":\"ar\",\"@id\":\"https:\\\/\\\/cosmeticstoredz.com\\\/#\\\/schema\\\/logo\\\/image\\\/\",\"url\":\"https:\\\/\\\/cosmeticstoredz.com\\\/wp-content\\\/uploads\\\/2026\\\/02\\\/cropped-LOGO_CS-512x512-1-1-e1771275285345.webp\",\"contentUrl\":\"https:\\\/\\\/cosmeticstoredz.com\\\/wp-content\\\/uploads\\\/2026\\\/02\\\/cropped-LOGO_CS-512x512-1-1-e1771275285345.webp\",\"width\":265,\"height\":319,\"caption\":\"Cosmetic Store\"},\"image\":{\"@id\":\"https:\\\/\\\/cosmeticstoredz.com\\\/#\\\/schema\\\/logo\\\/image\\\/\"},\"sameAs\":[\"https:\\\/\\\/www.facebook.com\\\/profile.php?id=61564954260683\",\"https:\\\/\\\/www.instagram.com\\\/cosmetic.storedz\\\/\"]}]}<\/script>\n<!-- \/ Yoast SEO plugin. -->","yoast_head_json":{"title":"L'OREAL PARIS INFALLIBLE 24H MORE THAN CONCEALER 322 - Cosmetic Store","robots":{"index":"index","follow":"follow","max-snippet":"max-snippet:-1","max-image-preview":"max-image-preview:large","max-video-preview":"max-video-preview:-1"},"canonical":"https:\/\/cosmeticstoredz.com\/ar\/product\/loreal-paris-infallible-24h-more-than-concealer-322\/","og_locale":"ar_AR","og_type":"article","og_title":"L'OREAL PARIS INFALLIBLE 24H MORE THAN CONCEALER 322 - Cosmetic Store","og_description":"L'Infaillible More Than Concealer 322 de la collection Infaillible de L'Or\u00e9al Paris vous offre une couverture ultra-couvrante des cernes et autres imperfections jusqu'\u00e0 24 heures. Le nouveau correcteur anti-cernes a une couvrance intense qui assure un fini mat impeccable. Utilisez l'Infaillible More Than Concealer comme correcteur ou comme stick contouring. Maintenant disponible en 9 couleurs!","og_url":"https:\/\/cosmeticstoredz.com\/ar\/product\/loreal-paris-infallible-24h-more-than-concealer-322\/","og_site_name":"Cosmetic Store","article_publisher":"https:\/\/www.facebook.com\/profile.php?id=61564954260683","article_modified_time":"2026-04-18T19:23:07+00:00","og_image":[{"width":500,"height":500,"url":"https:\/\/cosmeticstoredz.com\/wp-content\/uploads\/2026\/02\/Ajouter-un-titre-2024-08-13T124619.417.png","type":"image\/png"}],"twitter_card":"summary_large_image","twitter_misc":{"\u0648\u0642\u062a \u0627\u0644\u0642\u0631\u0627\u0621\u0629 \u0627\u0644\u0645\u064f\u0642\u062f\u0651\u0631":"\u062f\u0642\u064a\u0642\u0629 \u0648\u0627\u062d\u062f\u0629"},"schema":{"@context":"https:\/\/schema.org","@graph":[{"@type":"WebPage","@id":"https:\/\/cosmeticstoredz.com\/produit\/loreal-paris-infallible-24h-more-than-concealer-322\/","url":"https:\/\/cosmeticstoredz.com\/produit\/loreal-paris-infallible-24h-more-than-concealer-322\/","name":"L'OREAL PARIS INFALLIBLE 24H MORE THAN CONCEALER 322 - Cosmetic Store","isPartOf":{"@id":"https:\/\/cosmeticstoredz.com\/#website"},"primaryImageOfPage":{"@id":"https:\/\/cosmeticstoredz.com\/produit\/loreal-paris-infallible-24h-more-than-concealer-322\/#primaryimage"},"image":{"@id":"https:\/\/cosmeticstoredz.com\/produit\/loreal-paris-infallible-24h-more-than-concealer-322\/#primaryimage"},"thumbnailUrl":"https:\/\/cosmeticstoredz.com\/wp-content\/uploads\/2026\/02\/Ajouter-un-titre-2024-08-13T124619.417.png","datePublished":"2026-02-16T08:50:38+00:00","dateModified":"2026-04-18T19:23:07+00:00","breadcrumb":{"@id":"https:\/\/cosmeticstoredz.com\/produit\/loreal-paris-infallible-24h-more-than-concealer-322\/#breadcrumb"},"inLanguage":"ar","potentialAction":[{"@type":"ReadAction","target":["https:\/\/cosmeticstoredz.com\/produit\/loreal-paris-infallible-24h-more-than-concealer-322\/"]}]},{"@type":"ImageObject","inLanguage":"ar","@id":"https:\/\/cosmeticstoredz.com\/produit\/loreal-paris-infallible-24h-more-than-concealer-322\/#primaryimage","url":"https:\/\/cosmeticstoredz.com\/wp-content\/uploads\/2026\/02\/Ajouter-un-titre-2024-08-13T124619.417.png","contentUrl":"https:\/\/cosmeticstoredz.com\/wp-content\/uploads\/2026\/02\/Ajouter-un-titre-2024-08-13T124619.417.png","width":500,"height":500},{"@type":"BreadcrumbList","@id":"https:\/\/cosmeticstoredz.com\/produit\/loreal-paris-infallible-24h-more-than-concealer-322\/#breadcrumb","itemListElement":[{"@type":"ListItem","position":1,"name":"Accueil","item":"https:\/\/cosmeticstoredz.com\/"},{"@type":"ListItem","position":2,"name":"Boutique","item":"https:\/\/cosmeticstoredz.com\/boutique\/"},{"@type":"ListItem","position":3,"name":"L&rsquo;OREAL PARIS INFALLIBLE 24H MORE THAN CONCEALER 322"}]},{"@type":"WebSite","@id":"https:\/\/cosmeticstoredz.com\/#website","url":"https:\/\/cosmeticstoredz.com\/","name":"Cosmetic Store","description":"","publisher":{"@id":"https:\/\/cosmeticstoredz.com\/#organization"},"potentialAction":[{"@type":"SearchAction","target":{"@type":"EntryPoint","urlTemplate":"https:\/\/cosmeticstoredz.com\/?s={search_term_string}"},"query-input":{"@type":"PropertyValueSpecification","valueRequired":true,"valueName":"search_term_string"}}],"inLanguage":"ar"},{"@type":"Organization","@id":"https:\/\/cosmeticstoredz.com\/#organization","name":"Cosmetic Store","url":"https:\/\/cosmeticstoredz.com\/","logo":{"@type":"ImageObject","inLanguage":"ar","@id":"https:\/\/cosmeticstoredz.com\/#\/schema\/logo\/image\/","url":"https:\/\/cosmeticstoredz.com\/wp-content\/uploads\/2026\/02\/cropped-LOGO_CS-512x512-1-1-e1771275285345.webp","contentUrl":"https:\/\/cosmeticstoredz.com\/wp-content\/uploads\/2026\/02\/cropped-LOGO_CS-512x512-1-1-e1771275285345.webp","width":265,"height":319,"caption":"Cosmetic Store"},"image":{"@id":"https:\/\/cosmeticstoredz.com\/#\/schema\/logo\/image\/"},"sameAs":["https:\/\/www.facebook.com\/profile.php?id=61564954260683","https:\/\/www.instagram.com\/cosmetic.storedz\/"]}]}},"_links":{"self":[{"href":"https:\/\/cosmeticstoredz.com\/ar\/wp-json\/wp\/v2\/product\/1674","targetHints":{"allow":["GET"]}}],"collection":[{"href":"https:\/\/cosmeticstoredz.com\/ar\/wp-json\/wp\/v2\/product"}],"about":[{"href":"https:\/\/cosmeticstoredz.com\/ar\/wp-json\/wp\/v2\/types\/product"}],"replies":[{"embeddable":true,"href":"https:\/\/cosmeticstoredz.com\/ar\/wp-json\/wp\/v2\/comments?post=1674"}],"version-history":[{"count":1,"href":"https:\/\/cosmeticstoredz.com\/ar\/wp-json\/wp\/v2\/product\/1674\/revisions"}],"predecessor-version":[{"id":1750,"href":"https:\/\/cosmeticstoredz.com\/ar\/wp-json\/wp\/v2\/product\/1674\/revisions\/1750"}],"wp:featuredmedia":[{"embeddable":true,"href":"https:\/\/cosmeticstoredz.com\/ar\/wp-json\/wp\/v2\/media\/1749"}],"wp:attachment":[{"href":"https:\/\/cosmeticstoredz.com\/ar\/wp-json\/wp\/v2\/media?parent=1674"}],"wp:term":[{"taxonomy":"product_brand","embeddable":true,"href":"https:\/\/cosmeticstoredz.com\/ar\/wp-json\/wp\/v2\/product_brand?post=1674"},{"taxonomy":"product_cat","embeddable":true,"href":"https:\/\/cosmeticstoredz.com\/ar\/wp-json\/wp\/v2\/product_cat?post=1674"},{"taxonomy":"product_tag","embeddable":true,"href":"https:\/\/cosmeticstoredz.com\/ar\/wp-json\/wp\/v2\/product_tag?post=1674"}],"curies":[{"name":"wp","href":"https:\/\/api.w.org\/{rel}","templated":true}]}}