{"id":1670,"date":"2026-02-16T08:50:38","date_gmt":"2026-02-16T08:50:38","guid":{"rendered":"https:\/\/test.fitnessworldgym27.com\/?post_type=product&#038;p=1670"},"modified":"2026-04-18T19:20:02","modified_gmt":"2026-04-18T19:20:02","slug":"l-oreal-gel-netoyant-rose","status":"publish","type":"product","link":"https:\/\/cosmeticstoredz.com\/ar\/product\/l-oreal-gel-netoyant-rose\/","title":{"rendered":"L OREAL GEL NETOYANT ROSE"},"content":{"rendered":"<p><strong>Caract\u00e9ristiques du gel nettoyant visage L&rsquo;Or\u00e9al rose normal \u00e0 mixte 150 ml :<\/strong><\/p>\n<ul>\n<li>Pas d&rsquo;alcool<\/li>\n<li>Adoucissant et rafra\u00eechissant pour la peau<\/li>\n<li>Convient pour un usage quotidien<\/li>\n<li>\u00c9quilibrer la peau<\/li>\n<li>Nettoyer les pores de la peau<\/li>\n<li>Approuv\u00e9 par des tests cutan\u00e9s<\/li>\n<li>Contient des extraits de rose et de lotus<\/li>\n<li>Pouvoir nettoyant en profondeur de la peau<\/li>\n<li>Convient aux peaux normales et mixtes<\/li>\n<\/ul>","protected":false},"excerpt":{"rendered":"<p><strong>Caract\u00e9ristiques du gel nettoyant visage L&rsquo;Or\u00e9al rose normal \u00e0 mixte 150 ml :<\/strong><\/p>\n<ul>\n<li>Pas d&rsquo;alcool<\/li>\n<li>Adoucissant et rafra\u00eechissant pour la peau<\/li>\n<li>Convient pour un usage quotidien<\/li>\n<li>\u00c9quilibrer la peau<\/li>\n<li>Nettoyer les pores de la peau<\/li>\n<li>Approuv\u00e9 par des tests cutan\u00e9s<\/li>\n<li>Contient des extraits de rose et de lotus<\/li>\n<li>Pouvoir nettoyant en profondeur de la peau<\/li>\n<li>Convient aux peaux normales et mixtes<\/li>\n<\/ul>","protected":false},"featured_media":1741,"comment_status":"open","ping_status":"closed","template":"","meta":[],"product_brand":[409],"product_cat":[75,89,153,76],"product_tag":[125],"class_list":{"0":"post-1670","1":"product","2":"type-product","3":"status-publish","4":"has-post-thumbnail","6":"product_brand-loreal","7":"product_cat-femme","8":"product_cat-gel-nettoyant-f-gel-nettoyant-f","9":"product_cat-loreal","10":"product_cat-soin-visage-f","11":"product_tag-made-in-france","13":"first","14":"outofstock","15":"shipping-taxable","16":"purchasable","17":"product-type-simple"},"yoast_head":"<!-- This site is optimized with the Yoast SEO plugin v27.3 - https:\/\/yoast.com\/product\/yoast-seo-wordpress\/ -->\n<title>L OREAL GEL NETOYANT ROSE - Cosmetic Store<\/title>\n<meta name=\"robots\" content=\"index, follow, max-snippet:-1, max-image-preview:large, max-video-preview:-1\" \/>\n<link rel=\"canonical\" href=\"https:\/\/cosmeticstoredz.com\/ar\/product\/l-oreal-gel-netoyant-rose\/\" \/>\n<meta property=\"og:locale\" content=\"ar_AR\" \/>\n<meta property=\"og:type\" content=\"article\" \/>\n<meta property=\"og:title\" content=\"L OREAL GEL NETOYANT ROSE - Cosmetic Store\" \/>\n<meta property=\"og:description\" content=\"Caract\u00e9ristiques du gel nettoyant visage L&#039;Or\u00e9al rose normal \u00e0 mixte 150 ml :   Pas d&#039;alcool  Adoucissant et rafra\u00eechissant pour la peau  Convient pour un usage quotidien  \u00c9quilibrer la peau  Nettoyer les pores de la peau  Approuv\u00e9 par des tests cutan\u00e9s  Contient des extraits de rose et de lotus  Pouvoir nettoyant en profondeur de la peau  Convient aux peaux normales et mixtes\" \/>\n<meta property=\"og:url\" content=\"https:\/\/cosmeticstoredz.com\/ar\/product\/l-oreal-gel-netoyant-rose\/\" \/>\n<meta property=\"og:site_name\" content=\"Cosmetic Store\" \/>\n<meta property=\"article:publisher\" content=\"https:\/\/www.facebook.com\/profile.php?id=61564954260683\" \/>\n<meta property=\"article:modified_time\" content=\"2026-04-18T19:20:02+00:00\" \/>\n<meta property=\"og:image\" content=\"https:\/\/cosmeticstoredz.com\/wp-content\/uploads\/2026\/02\/CC-218.png\" \/>\n\t<meta property=\"og:image:width\" content=\"1563\" \/>\n\t<meta property=\"og:image:height\" content=\"1563\" \/>\n\t<meta property=\"og:image:type\" content=\"image\/png\" \/>\n<meta name=\"twitter:card\" content=\"summary_large_image\" \/>\n<script type=\"application\/ld+json\" class=\"yoast-schema-graph\">{\"@context\":\"https:\\\/\\\/schema.org\",\"@graph\":[{\"@type\":\"WebPage\",\"@id\":\"https:\\\/\\\/cosmeticstoredz.com\\\/produit\\\/l-oreal-gel-netoyant-rose\\\/\",\"url\":\"https:\\\/\\\/cosmeticstoredz.com\\\/produit\\\/l-oreal-gel-netoyant-rose\\\/\",\"name\":\"L OREAL GEL NETOYANT ROSE - Cosmetic Store\",\"isPartOf\":{\"@id\":\"https:\\\/\\\/cosmeticstoredz.com\\\/#website\"},\"primaryImageOfPage\":{\"@id\":\"https:\\\/\\\/cosmeticstoredz.com\\\/produit\\\/l-oreal-gel-netoyant-rose\\\/#primaryimage\"},\"image\":{\"@id\":\"https:\\\/\\\/cosmeticstoredz.com\\\/produit\\\/l-oreal-gel-netoyant-rose\\\/#primaryimage\"},\"thumbnailUrl\":\"https:\\\/\\\/cosmeticstoredz.com\\\/wp-content\\\/uploads\\\/2026\\\/02\\\/CC-218.png\",\"datePublished\":\"2026-02-16T08:50:38+00:00\",\"dateModified\":\"2026-04-18T19:20:02+00:00\",\"breadcrumb\":{\"@id\":\"https:\\\/\\\/cosmeticstoredz.com\\\/produit\\\/l-oreal-gel-netoyant-rose\\\/#breadcrumb\"},\"inLanguage\":\"ar\",\"potentialAction\":[{\"@type\":\"ReadAction\",\"target\":[\"https:\\\/\\\/cosmeticstoredz.com\\\/produit\\\/l-oreal-gel-netoyant-rose\\\/\"]}]},{\"@type\":\"ImageObject\",\"inLanguage\":\"ar\",\"@id\":\"https:\\\/\\\/cosmeticstoredz.com\\\/produit\\\/l-oreal-gel-netoyant-rose\\\/#primaryimage\",\"url\":\"https:\\\/\\\/cosmeticstoredz.com\\\/wp-content\\\/uploads\\\/2026\\\/02\\\/CC-218.png\",\"contentUrl\":\"https:\\\/\\\/cosmeticstoredz.com\\\/wp-content\\\/uploads\\\/2026\\\/02\\\/CC-218.png\",\"width\":1563,\"height\":1563},{\"@type\":\"BreadcrumbList\",\"@id\":\"https:\\\/\\\/cosmeticstoredz.com\\\/produit\\\/l-oreal-gel-netoyant-rose\\\/#breadcrumb\",\"itemListElement\":[{\"@type\":\"ListItem\",\"position\":1,\"name\":\"Accueil\",\"item\":\"https:\\\/\\\/cosmeticstoredz.com\\\/\"},{\"@type\":\"ListItem\",\"position\":2,\"name\":\"Boutique\",\"item\":\"https:\\\/\\\/cosmeticstoredz.com\\\/boutique\\\/\"},{\"@type\":\"ListItem\",\"position\":3,\"name\":\"L OREAL GEL NETOYANT ROSE\"}]},{\"@type\":\"WebSite\",\"@id\":\"https:\\\/\\\/cosmeticstoredz.com\\\/#website\",\"url\":\"https:\\\/\\\/cosmeticstoredz.com\\\/\",\"name\":\"Cosmetic Store\",\"description\":\"\",\"publisher\":{\"@id\":\"https:\\\/\\\/cosmeticstoredz.com\\\/#organization\"},\"potentialAction\":[{\"@type\":\"SearchAction\",\"target\":{\"@type\":\"EntryPoint\",\"urlTemplate\":\"https:\\\/\\\/cosmeticstoredz.com\\\/?s={search_term_string}\"},\"query-input\":{\"@type\":\"PropertyValueSpecification\",\"valueRequired\":true,\"valueName\":\"search_term_string\"}}],\"inLanguage\":\"ar\"},{\"@type\":\"Organization\",\"@id\":\"https:\\\/\\\/cosmeticstoredz.com\\\/#organization\",\"name\":\"Cosmetic Store\",\"url\":\"https:\\\/\\\/cosmeticstoredz.com\\\/\",\"logo\":{\"@type\":\"ImageObject\",\"inLanguage\":\"ar\",\"@id\":\"https:\\\/\\\/cosmeticstoredz.com\\\/#\\\/schema\\\/logo\\\/image\\\/\",\"url\":\"https:\\\/\\\/cosmeticstoredz.com\\\/wp-content\\\/uploads\\\/2026\\\/02\\\/cropped-LOGO_CS-512x512-1-1-e1771275285345.webp\",\"contentUrl\":\"https:\\\/\\\/cosmeticstoredz.com\\\/wp-content\\\/uploads\\\/2026\\\/02\\\/cropped-LOGO_CS-512x512-1-1-e1771275285345.webp\",\"width\":265,\"height\":319,\"caption\":\"Cosmetic Store\"},\"image\":{\"@id\":\"https:\\\/\\\/cosmeticstoredz.com\\\/#\\\/schema\\\/logo\\\/image\\\/\"},\"sameAs\":[\"https:\\\/\\\/www.facebook.com\\\/profile.php?id=61564954260683\",\"https:\\\/\\\/www.instagram.com\\\/cosmetic.storedz\\\/\"]}]}<\/script>\n<!-- \/ Yoast SEO plugin. -->","yoast_head_json":{"title":"L OREAL GEL NETOYANT ROSE - Cosmetic Store","robots":{"index":"index","follow":"follow","max-snippet":"max-snippet:-1","max-image-preview":"max-image-preview:large","max-video-preview":"max-video-preview:-1"},"canonical":"https:\/\/cosmeticstoredz.com\/ar\/product\/l-oreal-gel-netoyant-rose\/","og_locale":"ar_AR","og_type":"article","og_title":"L OREAL GEL NETOYANT ROSE - Cosmetic Store","og_description":"Caract\u00e9ristiques du gel nettoyant visage L'Or\u00e9al rose normal \u00e0 mixte 150 ml :   Pas d'alcool  Adoucissant et rafra\u00eechissant pour la peau  Convient pour un usage quotidien  \u00c9quilibrer la peau  Nettoyer les pores de la peau  Approuv\u00e9 par des tests cutan\u00e9s  Contient des extraits de rose et de lotus  Pouvoir nettoyant en profondeur de la peau  Convient aux peaux normales et mixtes","og_url":"https:\/\/cosmeticstoredz.com\/ar\/product\/l-oreal-gel-netoyant-rose\/","og_site_name":"Cosmetic Store","article_publisher":"https:\/\/www.facebook.com\/profile.php?id=61564954260683","article_modified_time":"2026-04-18T19:20:02+00:00","og_image":[{"width":1563,"height":1563,"url":"https:\/\/cosmeticstoredz.com\/wp-content\/uploads\/2026\/02\/CC-218.png","type":"image\/png"}],"twitter_card":"summary_large_image","schema":{"@context":"https:\/\/schema.org","@graph":[{"@type":"WebPage","@id":"https:\/\/cosmeticstoredz.com\/produit\/l-oreal-gel-netoyant-rose\/","url":"https:\/\/cosmeticstoredz.com\/produit\/l-oreal-gel-netoyant-rose\/","name":"L OREAL GEL NETOYANT ROSE - Cosmetic Store","isPartOf":{"@id":"https:\/\/cosmeticstoredz.com\/#website"},"primaryImageOfPage":{"@id":"https:\/\/cosmeticstoredz.com\/produit\/l-oreal-gel-netoyant-rose\/#primaryimage"},"image":{"@id":"https:\/\/cosmeticstoredz.com\/produit\/l-oreal-gel-netoyant-rose\/#primaryimage"},"thumbnailUrl":"https:\/\/cosmeticstoredz.com\/wp-content\/uploads\/2026\/02\/CC-218.png","datePublished":"2026-02-16T08:50:38+00:00","dateModified":"2026-04-18T19:20:02+00:00","breadcrumb":{"@id":"https:\/\/cosmeticstoredz.com\/produit\/l-oreal-gel-netoyant-rose\/#breadcrumb"},"inLanguage":"ar","potentialAction":[{"@type":"ReadAction","target":["https:\/\/cosmeticstoredz.com\/produit\/l-oreal-gel-netoyant-rose\/"]}]},{"@type":"ImageObject","inLanguage":"ar","@id":"https:\/\/cosmeticstoredz.com\/produit\/l-oreal-gel-netoyant-rose\/#primaryimage","url":"https:\/\/cosmeticstoredz.com\/wp-content\/uploads\/2026\/02\/CC-218.png","contentUrl":"https:\/\/cosmeticstoredz.com\/wp-content\/uploads\/2026\/02\/CC-218.png","width":1563,"height":1563},{"@type":"BreadcrumbList","@id":"https:\/\/cosmeticstoredz.com\/produit\/l-oreal-gel-netoyant-rose\/#breadcrumb","itemListElement":[{"@type":"ListItem","position":1,"name":"Accueil","item":"https:\/\/cosmeticstoredz.com\/"},{"@type":"ListItem","position":2,"name":"Boutique","item":"https:\/\/cosmeticstoredz.com\/boutique\/"},{"@type":"ListItem","position":3,"name":"L OREAL GEL NETOYANT ROSE"}]},{"@type":"WebSite","@id":"https:\/\/cosmeticstoredz.com\/#website","url":"https:\/\/cosmeticstoredz.com\/","name":"Cosmetic Store","description":"","publisher":{"@id":"https:\/\/cosmeticstoredz.com\/#organization"},"potentialAction":[{"@type":"SearchAction","target":{"@type":"EntryPoint","urlTemplate":"https:\/\/cosmeticstoredz.com\/?s={search_term_string}"},"query-input":{"@type":"PropertyValueSpecification","valueRequired":true,"valueName":"search_term_string"}}],"inLanguage":"ar"},{"@type":"Organization","@id":"https:\/\/cosmeticstoredz.com\/#organization","name":"Cosmetic Store","url":"https:\/\/cosmeticstoredz.com\/","logo":{"@type":"ImageObject","inLanguage":"ar","@id":"https:\/\/cosmeticstoredz.com\/#\/schema\/logo\/image\/","url":"https:\/\/cosmeticstoredz.com\/wp-content\/uploads\/2026\/02\/cropped-LOGO_CS-512x512-1-1-e1771275285345.webp","contentUrl":"https:\/\/cosmeticstoredz.com\/wp-content\/uploads\/2026\/02\/cropped-LOGO_CS-512x512-1-1-e1771275285345.webp","width":265,"height":319,"caption":"Cosmetic Store"},"image":{"@id":"https:\/\/cosmeticstoredz.com\/#\/schema\/logo\/image\/"},"sameAs":["https:\/\/www.facebook.com\/profile.php?id=61564954260683","https:\/\/www.instagram.com\/cosmetic.storedz\/"]}]}},"_links":{"self":[{"href":"https:\/\/cosmeticstoredz.com\/ar\/wp-json\/wp\/v2\/product\/1670","targetHints":{"allow":["GET"]}}],"collection":[{"href":"https:\/\/cosmeticstoredz.com\/ar\/wp-json\/wp\/v2\/product"}],"about":[{"href":"https:\/\/cosmeticstoredz.com\/ar\/wp-json\/wp\/v2\/types\/product"}],"replies":[{"embeddable":true,"href":"https:\/\/cosmeticstoredz.com\/ar\/wp-json\/wp\/v2\/comments?post=1670"}],"version-history":[{"count":1,"href":"https:\/\/cosmeticstoredz.com\/ar\/wp-json\/wp\/v2\/product\/1670\/revisions"}],"predecessor-version":[{"id":1742,"href":"https:\/\/cosmeticstoredz.com\/ar\/wp-json\/wp\/v2\/product\/1670\/revisions\/1742"}],"wp:featuredmedia":[{"embeddable":true,"href":"https:\/\/cosmeticstoredz.com\/ar\/wp-json\/wp\/v2\/media\/1741"}],"wp:attachment":[{"href":"https:\/\/cosmeticstoredz.com\/ar\/wp-json\/wp\/v2\/media?parent=1670"}],"wp:term":[{"taxonomy":"product_brand","embeddable":true,"href":"https:\/\/cosmeticstoredz.com\/ar\/wp-json\/wp\/v2\/product_brand?post=1670"},{"taxonomy":"product_cat","embeddable":true,"href":"https:\/\/cosmeticstoredz.com\/ar\/wp-json\/wp\/v2\/product_cat?post=1670"},{"taxonomy":"product_tag","embeddable":true,"href":"https:\/\/cosmeticstoredz.com\/ar\/wp-json\/wp\/v2\/product_tag?post=1670"}],"curies":[{"name":"wp","href":"https:\/\/api.w.org\/{rel}","templated":true}]}}