{"id":1669,"date":"2026-02-16T08:50:38","date_gmt":"2026-02-16T08:50:38","guid":{"rendered":"https:\/\/test.fitnessworldgym27.com\/?post_type=product&#038;p=1669"},"modified":"2026-03-30T19:25:19","modified_gmt":"2026-03-30T19:25:19","slug":"l-oreal-eye-kit","status":"publish","type":"product","link":"https:\/\/cosmeticstoredz.com\/ar\/product\/l-oreal-eye-kit\/","title":{"rendered":"L OREAL EYE KIT"},"content":{"rendered":"<p>L&rsquo;Or\u00e9al Paradise Mascara, Eyeliner Noir et Palette de Fards \u00e0 Paupi\u00e8res Paris Electric Nights Eye Kit Trio Giftset.<\/p>\n<p>Le coffret cadeau trio comprend les trois favoris suivants de L&rsquo;Or\u00e9al pour un regard spectaculaire\u00a0:<\/p>\n<ul>\n<li><strong>Mascara L&rsquo;Or\u00e9al Paradis x 1<\/strong><\/li>\n<li><strong>Eyeliner L&rsquo;or\u00e9al Superliner en noir x 1,<\/strong><\/li>\n<li><strong>L&rsquo;Or\u00e9al Petite Palette Fard \u00e0 Paupi\u00e8res en Maximalist x 1<\/strong><\/li>\n<\/ul>","protected":false},"excerpt":{"rendered":"<p>L&rsquo;Or\u00e9al Paradise Mascara, Eyeliner Noir et Palette de Fards \u00e0 Paupi\u00e8res Paris Electric Nights Eye Kit Trio Giftset.<\/p>\n<p>Le coffret cadeau trio comprend les trois favoris suivants de L&rsquo;Or\u00e9al pour un regard spectaculaire\u00a0:<\/p>\n<ul>\n<li><strong>Mascara L&rsquo;Or\u00e9al Paradis x 1<\/strong><\/li>\n<li><strong>Eyeliner L&rsquo;or\u00e9al Superliner en noir x 1,<\/strong><\/li>\n<li><strong>L&rsquo;Or\u00e9al Petite Palette Fard \u00e0 Paupi\u00e8res en Maximalist x 1<\/strong><\/li>\n<\/ul>","protected":false},"featured_media":1739,"comment_status":"open","ping_status":"closed","template":"","meta":[],"product_brand":[],"product_cat":[198,153,122,186,199,123,126],"product_tag":[125],"class_list":{"0":"post-1669","1":"product","2":"type-product","3":"status-publish","4":"has-post-thumbnail","6":"product_cat-eyeliner","7":"product_cat-loreal","8":"product_cat-make-up","9":"product_cat-mascara","10":"product_cat-palette-teint","11":"product_cat-teint","12":"product_cat-yeux","13":"product_tag-made-in-france","15":"first","16":"outofstock","17":"shipping-taxable","18":"purchasable","19":"product-type-simple"},"_links":{"self":[{"href":"https:\/\/cosmeticstoredz.com\/ar\/wp-json\/wp\/v2\/product\/1669","targetHints":{"allow":["GET"]}}],"collection":[{"href":"https:\/\/cosmeticstoredz.com\/ar\/wp-json\/wp\/v2\/product"}],"about":[{"href":"https:\/\/cosmeticstoredz.com\/ar\/wp-json\/wp\/v2\/types\/product"}],"replies":[{"embeddable":true,"href":"https:\/\/cosmeticstoredz.com\/ar\/wp-json\/wp\/v2\/comments?post=1669"}],"version-history":[{"count":1,"href":"https:\/\/cosmeticstoredz.com\/ar\/wp-json\/wp\/v2\/product\/1669\/revisions"}],"predecessor-version":[{"id":1740,"href":"https:\/\/cosmeticstoredz.com\/ar\/wp-json\/wp\/v2\/product\/1669\/revisions\/1740"}],"wp:featuredmedia":[{"embeddable":true,"href":"https:\/\/cosmeticstoredz.com\/ar\/wp-json\/wp\/v2\/media\/1739"}],"wp:attachment":[{"href":"https:\/\/cosmeticstoredz.com\/ar\/wp-json\/wp\/v2\/media?parent=1669"}],"wp:term":[{"taxonomy":"product_brand","embeddable":true,"href":"https:\/\/cosmeticstoredz.com\/ar\/wp-json\/wp\/v2\/product_brand?post=1669"},{"taxonomy":"product_cat","embeddable":true,"href":"https:\/\/cosmeticstoredz.com\/ar\/wp-json\/wp\/v2\/product_cat?post=1669"},{"taxonomy":"product_tag","embeddable":true,"href":"https:\/\/cosmeticstoredz.com\/ar\/wp-json\/wp\/v2\/product_tag?post=1669"}],"curies":[{"name":"wp","href":"https:\/\/api.w.org\/{rel}","templated":true}]}}