{"id":1665,"date":"2026-02-16T08:50:38","date_gmt":"2026-02-16T08:50:38","guid":{"rendered":"https:\/\/test.fitnessworldgym27.com\/?post_type=product&#038;p=1665"},"modified":"2026-03-30T19:25:19","modified_gmt":"2026-03-30T19:25:19","slug":"kiko-mascara-mood-boost","status":"publish","type":"product","link":"https:\/\/cosmeticstoredz.com\/ar\/product\/kiko-mascara-mood-boost\/","title":{"rendered":"KIKO MASCARA MOOD BOOST"},"content":{"rendered":"<div class=\"container m-t-30 m-b-80 m-b-30-sm m-t-10-xs\">\n<div class=\"row is-grid m-t-30\">\n<div class=\"cell-12\">\n<div class=\"product-description pallette_2 no_bg\">\n<div class=\"tabs product_tabs js-tabs is-active-container is-data-tabs-hover\" data-tabs-container=\"\">\n<div class=\"tabs-box\" data-tab-box=\"tabs\">\n<div class=\"tabs-target editor is-tab-active\" data-tab-target=\"description\">\n<p>Mascara avec double applicateur pour 3 effets : volume, boucle et panoramique.\u00a0Couleur noire riche.<\/p>\n<p><strong>Id\u00e9al pour :<\/strong><br \/>\nr\u00e9aliser jusqu&rsquo;\u00e0 trois effets diff\u00e9rents avec le m\u00eame produit !<\/p>\n<p>&#8211; Effet augmentant le volume<br \/>\n&#8211; Effet recourb\u00e9 et allongeant<br \/>\n&#8211; Effet panoramique<\/p>\n<p><strong>Sa particularit\u00e9 est que :<\/strong><br \/>\n&#8211; un tube pratique avec\u00a0\u00a0<strong>un double applicateur<\/strong>\u00a0\u00a0vous permet de cr\u00e9er chaque jour un nouveau regard qui correspond \u00e0 votre humeur !<br \/>\n&#8211; la brosse en forme de sablier donne aux cils\u00a0\u00a0<strong>un effet volumineux, et la brosse courb\u00e9e cr\u00e9e un effet d&rsquo;allongement et de recourbement.\u00a0<\/strong>La combinaison de deux pinceaux cr\u00e9e\u00a0\u00a0<strong>un look panoramique<\/strong>\u00a0\u00a0.<br \/>\n&#8211; gr\u00e2ce \u00e0 la texture \u00e9lastique et aux brosses en fibres, les deux extr\u00e9mit\u00e9s du mascara peuvent \u00eatre appliqu\u00e9es sur toute la longueur des cils ou superpos\u00e9es sans cr\u00e9er de grumeaux ni alourdir les cils<\/p>\n<\/div>\n<\/div>\n<\/div>\n<\/div>\n<\/div>\n<\/div>\n<\/div>","protected":false},"excerpt":{"rendered":"<p>Mascara avec double applicateur pour 3 effets : volume, boucle et panoramique.\u00a0Couleur noire riche.<\/p>\n<p><strong>Id\u00e9al pour :<\/strong><br \/>\nr\u00e9aliser jusqu&rsquo;\u00e0 trois effets diff\u00e9rents avec le m\u00eame produit !<\/p>\n<p>&#8211; Effet augmentant le volume<br \/>\n&#8211; Effet recourb\u00e9 et allongeant<br \/>\n&#8211; Effet panoramique<\/p>\n<p><strong>Sa particularit\u00e9 est que :<\/strong><br \/>\n&#8211; un tube pratique avec\u00a0\u00a0<strong>un double applicateur<\/strong>\u00a0\u00a0vous permet de cr\u00e9er chaque jour un nouveau regard qui correspond \u00e0 votre humeur !<br \/>\n&#8211; la brosse en forme de sablier donne aux cils\u00a0\u00a0<strong>un effet volumineux, et la brosse courb\u00e9e cr\u00e9e un effet d&rsquo;allongement et de recourbement.\u00a0<\/strong>La combinaison de deux pinceaux cr\u00e9e\u00a0\u00a0<strong>un look panoramique<\/strong>\u00a0\u00a0.<br \/>\n&#8211; gr\u00e2ce \u00e0 la texture \u00e9lastique et aux brosses en fibres, les deux extr\u00e9mit\u00e9s du mascara peuvent \u00eatre appliqu\u00e9es sur toute la longueur des cils ou superpos\u00e9es sans cr\u00e9er de grumeaux ni alourdir les cils<\/p>","protected":false},"featured_media":1711,"comment_status":"open","ping_status":"closed","template":"","meta":[],"product_brand":[],"product_cat":[197,122,186,126],"product_tag":[170],"class_list":{"0":"post-1665","1":"product","2":"type-product","3":"status-publish","4":"has-post-thumbnail","6":"product_cat-kiko","7":"product_cat-make-up","8":"product_cat-mascara","9":"product_cat-yeux","10":"product_tag-made-in-italie","12":"first","13":"outofstock","14":"shipping-taxable","15":"purchasable","16":"product-type-simple"},"_links":{"self":[{"href":"https:\/\/cosmeticstoredz.com\/ar\/wp-json\/wp\/v2\/product\/1665","targetHints":{"allow":["GET"]}}],"collection":[{"href":"https:\/\/cosmeticstoredz.com\/ar\/wp-json\/wp\/v2\/product"}],"about":[{"href":"https:\/\/cosmeticstoredz.com\/ar\/wp-json\/wp\/v2\/types\/product"}],"replies":[{"embeddable":true,"href":"https:\/\/cosmeticstoredz.com\/ar\/wp-json\/wp\/v2\/comments?post=1665"}],"version-history":[{"count":1,"href":"https:\/\/cosmeticstoredz.com\/ar\/wp-json\/wp\/v2\/product\/1665\/revisions"}],"predecessor-version":[{"id":1712,"href":"https:\/\/cosmeticstoredz.com\/ar\/wp-json\/wp\/v2\/product\/1665\/revisions\/1712"}],"wp:featuredmedia":[{"embeddable":true,"href":"https:\/\/cosmeticstoredz.com\/ar\/wp-json\/wp\/v2\/media\/1711"}],"wp:attachment":[{"href":"https:\/\/cosmeticstoredz.com\/ar\/wp-json\/wp\/v2\/media?parent=1665"}],"wp:term":[{"taxonomy":"product_brand","embeddable":true,"href":"https:\/\/cosmeticstoredz.com\/ar\/wp-json\/wp\/v2\/product_brand?post=1665"},{"taxonomy":"product_cat","embeddable":true,"href":"https:\/\/cosmeticstoredz.com\/ar\/wp-json\/wp\/v2\/product_cat?post=1665"},{"taxonomy":"product_tag","embeddable":true,"href":"https:\/\/cosmeticstoredz.com\/ar\/wp-json\/wp\/v2\/product_tag?post=1665"}],"curies":[{"name":"wp","href":"https:\/\/api.w.org\/{rel}","templated":true}]}}