{"id":1664,"date":"2026-02-16T08:50:38","date_gmt":"2026-02-16T08:50:38","guid":{"rendered":"https:\/\/test.fitnessworldgym27.com\/?post_type=product&#038;p=1664"},"modified":"2026-03-30T19:25:19","modified_gmt":"2026-03-30T19:25:19","slug":"kiko-mascara-luxurious-lashes","status":"publish","type":"product","link":"https:\/\/cosmeticstoredz.com\/ar\/product\/kiko-mascara-luxurious-lashes\/","title":{"rendered":"KIKO MASCARA LUXURIOUS LASHES"},"content":{"rendered":"<p>Mascara effet cils remodel\u00e9s Un nouveau geste de beaut\u00e9 sophistiqu\u00e9 pour des cils complets d\u00e9finis et sculpt\u00e9s avec un aspect pelucheux. Le maxi applicateur avec \u00ab\u00a0adh\u00e9rence totale\u00a0\u00bb, en synergie avec la texture glissante et cr\u00e9meuse du mascara, capture chaque cil, am\u00e9liorant son volume et sa d\u00e9finition. La racine. Le contour de votre regard s&rsquo;ouvre imm\u00e9diatement, acqu\u00e9rant une courbe et une d\u00e9finition absolues. Cette formulation unique avec des sph\u00e8res de collag\u00e8ne et d&rsquo;acide hyaluronique hydrate et prot\u00e8ge la structure des cils, les rendant flexibles et extraordinairement doux.\u00a0Un m\u00e9lange s\u00e9lectionn\u00e9 de cires v\u00e9g\u00e9tales combin\u00e9es \u00e0 des polym\u00e8res filmog\u00e8nes cr\u00e9e une fine gaine \u00e9lastique couvrant toute la longueur des cils. Pour le luxe d&rsquo;un look qui ne permet pas d&rsquo;imperfections..<\/p>\n<p><strong>Application<\/strong><\/p>\n<p>Positionnez l&rsquo;applicateur \u00e0 la base des cils.\u00a0En partant du centre, appliquez le mascara dans un mouvement en zigzag de la base \u00e0 la pointe. Ensuite, utilisez la pointe du pinceau pour appliquer le mascara.\u00a0Enfin, appliquez le mascara sur les cils inf\u00e9rieurs. R\u00e9p\u00e9tez jusqu&rsquo;\u00e0 ce que vous ayez atteint le volume et l&rsquo;intensit\u00e9 souhait\u00e9s.\u00a0Pour un maquillage plus intense, concentrez-vous sur la base des cils. L\u2019effet volume sera instantan\u00e9.<\/p>\n<p>&nbsp;<\/p>","protected":false},"excerpt":{"rendered":"<p>Mascara effet cils remodel\u00e9s Un nouveau geste de beaut\u00e9 sophistiqu\u00e9 pour des cils complets d\u00e9finis et sculpt\u00e9s avec un aspect pelucheux. Le maxi applicateur avec \u00ab\u00a0adh\u00e9rence totale\u00a0\u00bb, en synergie avec la texture glissante et cr\u00e9meuse du mascara, capture chaque cil, am\u00e9liorant son volume et sa d\u00e9finition. La racine. Le contour de votre regard s&rsquo;ouvre imm\u00e9diatement, acqu\u00e9rant une courbe et une d\u00e9finition absolues. Cette formulation unique avec des sph\u00e8res de collag\u00e8ne et d&rsquo;acide hyaluronique hydrate et prot\u00e8ge la structure des cils, les rendant flexibles et extraordinairement doux.\u00a0Un m\u00e9lange s\u00e9lectionn\u00e9 de cires v\u00e9g\u00e9tales combin\u00e9es \u00e0 des polym\u00e8res filmog\u00e8nes cr\u00e9e une fine gaine \u00e9lastique couvrant toute la longueur des cils. Pour le luxe d&rsquo;un look qui ne permet pas d&rsquo;imperfections..<\/p>","protected":false},"featured_media":1709,"comment_status":"open","ping_status":"closed","template":"","meta":[],"product_brand":[],"product_cat":[197,122,186,126],"product_tag":[170],"class_list":{"0":"post-1664","1":"product","2":"type-product","3":"status-publish","4":"has-post-thumbnail","6":"product_cat-kiko","7":"product_cat-make-up","8":"product_cat-mascara","9":"product_cat-yeux","10":"product_tag-made-in-italie","12":"first","13":"outofstock","14":"shipping-taxable","15":"purchasable","16":"product-type-simple"},"yoast_head":"<!-- This site is optimized with the Yoast SEO plugin v27.3 - https:\/\/yoast.com\/product\/yoast-seo-wordpress\/ -->\n<title>KIKO MASCARA LUXURIOUS LASHES - Cosmetic Store<\/title>\n<meta name=\"robots\" content=\"index, follow, max-snippet:-1, max-image-preview:large, max-video-preview:-1\" \/>\n<link rel=\"canonical\" href=\"https:\/\/cosmeticstoredz.com\/ar\/product\/kiko-mascara-luxurious-lashes\/\" \/>\n<meta property=\"og:locale\" content=\"ar_AR\" \/>\n<meta property=\"og:type\" content=\"article\" \/>\n<meta property=\"og:title\" content=\"KIKO MASCARA LUXURIOUS LASHES - Cosmetic Store\" \/>\n<meta property=\"og:description\" content=\"Mascara effet cils remodel\u00e9s Un nouveau geste de beaut\u00e9 sophistiqu\u00e9 pour des cils complets d\u00e9finis et sculpt\u00e9s avec un aspect pelucheux. Le maxi applicateur avec \u00ab\u00a0adh\u00e9rence totale\u00a0\u00bb, en synergie avec la texture glissante et cr\u00e9meuse du mascara, capture chaque cil, am\u00e9liorant son volume et sa d\u00e9finition. La racine. Le contour de votre regard s&#039;ouvre imm\u00e9diatement, acqu\u00e9rant une courbe et une d\u00e9finition absolues. Cette formulation unique avec des sph\u00e8res de collag\u00e8ne et d&#039;acide hyaluronique hydrate et prot\u00e8ge la structure des cils, les rendant flexibles et extraordinairement doux.\u00a0Un m\u00e9lange s\u00e9lectionn\u00e9 de cires v\u00e9g\u00e9tales combin\u00e9es \u00e0 des polym\u00e8res filmog\u00e8nes cr\u00e9e une fine gaine \u00e9lastique couvrant toute la longueur des cils. Pour le luxe d&#039;un look qui ne permet pas d&#039;imperfections..\" \/>\n<meta property=\"og:url\" content=\"https:\/\/cosmeticstoredz.com\/ar\/product\/kiko-mascara-luxurious-lashes\/\" \/>\n<meta property=\"og:site_name\" content=\"Cosmetic Store\" \/>\n<meta property=\"article:publisher\" content=\"https:\/\/www.facebook.com\/profile.php?id=61564954260683\" \/>\n<meta property=\"article:modified_time\" content=\"2026-03-30T19:25:19+00:00\" \/>\n<meta property=\"og:image\" content=\"https:\/\/cosmeticstoredz.com\/wp-content\/uploads\/2026\/02\/CC-213.png\" \/>\n\t<meta property=\"og:image:width\" content=\"1563\" \/>\n\t<meta property=\"og:image:height\" content=\"1563\" \/>\n\t<meta property=\"og:image:type\" content=\"image\/png\" \/>\n<meta name=\"twitter:card\" content=\"summary_large_image\" \/>\n<meta name=\"twitter:label1\" content=\"\u0648\u0642\u062a \u0627\u0644\u0642\u0631\u0627\u0621\u0629 \u0627\u0644\u0645\u064f\u0642\u062f\u0651\u0631\" \/>\n\t<meta name=\"twitter:data1\" content=\"\u062f\u0642\u064a\u0642\u0629 \u0648\u0627\u062d\u062f\u0629\" \/>\n<script type=\"application\/ld+json\" class=\"yoast-schema-graph\">{\"@context\":\"https:\\\/\\\/schema.org\",\"@graph\":[{\"@type\":\"WebPage\",\"@id\":\"https:\\\/\\\/cosmeticstoredz.com\\\/produit\\\/kiko-mascara-luxurious-lashes\\\/\",\"url\":\"https:\\\/\\\/cosmeticstoredz.com\\\/produit\\\/kiko-mascara-luxurious-lashes\\\/\",\"name\":\"KIKO MASCARA LUXURIOUS LASHES - Cosmetic Store\",\"isPartOf\":{\"@id\":\"https:\\\/\\\/cosmeticstoredz.com\\\/#website\"},\"primaryImageOfPage\":{\"@id\":\"https:\\\/\\\/cosmeticstoredz.com\\\/produit\\\/kiko-mascara-luxurious-lashes\\\/#primaryimage\"},\"image\":{\"@id\":\"https:\\\/\\\/cosmeticstoredz.com\\\/produit\\\/kiko-mascara-luxurious-lashes\\\/#primaryimage\"},\"thumbnailUrl\":\"https:\\\/\\\/cosmeticstoredz.com\\\/wp-content\\\/uploads\\\/2026\\\/02\\\/CC-213.png\",\"datePublished\":\"2026-02-16T08:50:38+00:00\",\"dateModified\":\"2026-03-30T19:25:19+00:00\",\"breadcrumb\":{\"@id\":\"https:\\\/\\\/cosmeticstoredz.com\\\/produit\\\/kiko-mascara-luxurious-lashes\\\/#breadcrumb\"},\"inLanguage\":\"ar\",\"potentialAction\":[{\"@type\":\"ReadAction\",\"target\":[\"https:\\\/\\\/cosmeticstoredz.com\\\/produit\\\/kiko-mascara-luxurious-lashes\\\/\"]}]},{\"@type\":\"ImageObject\",\"inLanguage\":\"ar\",\"@id\":\"https:\\\/\\\/cosmeticstoredz.com\\\/produit\\\/kiko-mascara-luxurious-lashes\\\/#primaryimage\",\"url\":\"https:\\\/\\\/cosmeticstoredz.com\\\/wp-content\\\/uploads\\\/2026\\\/02\\\/CC-213.png\",\"contentUrl\":\"https:\\\/\\\/cosmeticstoredz.com\\\/wp-content\\\/uploads\\\/2026\\\/02\\\/CC-213.png\",\"width\":1563,\"height\":1563},{\"@type\":\"BreadcrumbList\",\"@id\":\"https:\\\/\\\/cosmeticstoredz.com\\\/produit\\\/kiko-mascara-luxurious-lashes\\\/#breadcrumb\",\"itemListElement\":[{\"@type\":\"ListItem\",\"position\":1,\"name\":\"Accueil\",\"item\":\"https:\\\/\\\/cosmeticstoredz.com\\\/\"},{\"@type\":\"ListItem\",\"position\":2,\"name\":\"Boutique\",\"item\":\"https:\\\/\\\/cosmeticstoredz.com\\\/boutique\\\/\"},{\"@type\":\"ListItem\",\"position\":3,\"name\":\"KIKO MASCARA LUXURIOUS LASHES\"}]},{\"@type\":\"WebSite\",\"@id\":\"https:\\\/\\\/cosmeticstoredz.com\\\/#website\",\"url\":\"https:\\\/\\\/cosmeticstoredz.com\\\/\",\"name\":\"Cosmetic Store\",\"description\":\"\",\"publisher\":{\"@id\":\"https:\\\/\\\/cosmeticstoredz.com\\\/#organization\"},\"potentialAction\":[{\"@type\":\"SearchAction\",\"target\":{\"@type\":\"EntryPoint\",\"urlTemplate\":\"https:\\\/\\\/cosmeticstoredz.com\\\/?s={search_term_string}\"},\"query-input\":{\"@type\":\"PropertyValueSpecification\",\"valueRequired\":true,\"valueName\":\"search_term_string\"}}],\"inLanguage\":\"ar\"},{\"@type\":\"Organization\",\"@id\":\"https:\\\/\\\/cosmeticstoredz.com\\\/#organization\",\"name\":\"Cosmetic Store\",\"url\":\"https:\\\/\\\/cosmeticstoredz.com\\\/\",\"logo\":{\"@type\":\"ImageObject\",\"inLanguage\":\"ar\",\"@id\":\"https:\\\/\\\/cosmeticstoredz.com\\\/#\\\/schema\\\/logo\\\/image\\\/\",\"url\":\"https:\\\/\\\/cosmeticstoredz.com\\\/wp-content\\\/uploads\\\/2026\\\/02\\\/cropped-LOGO_CS-512x512-1-1-e1771275285345.webp\",\"contentUrl\":\"https:\\\/\\\/cosmeticstoredz.com\\\/wp-content\\\/uploads\\\/2026\\\/02\\\/cropped-LOGO_CS-512x512-1-1-e1771275285345.webp\",\"width\":265,\"height\":319,\"caption\":\"Cosmetic Store\"},\"image\":{\"@id\":\"https:\\\/\\\/cosmeticstoredz.com\\\/#\\\/schema\\\/logo\\\/image\\\/\"},\"sameAs\":[\"https:\\\/\\\/www.facebook.com\\\/profile.php?id=61564954260683\",\"https:\\\/\\\/www.instagram.com\\\/cosmetic.storedz\\\/\"]}]}<\/script>\n<!-- \/ Yoast SEO plugin. -->","yoast_head_json":{"title":"KIKO MASCARA LUXURIOUS LASHES - Cosmetic Store","robots":{"index":"index","follow":"follow","max-snippet":"max-snippet:-1","max-image-preview":"max-image-preview:large","max-video-preview":"max-video-preview:-1"},"canonical":"https:\/\/cosmeticstoredz.com\/ar\/product\/kiko-mascara-luxurious-lashes\/","og_locale":"ar_AR","og_type":"article","og_title":"KIKO MASCARA LUXURIOUS LASHES - Cosmetic Store","og_description":"Mascara effet cils remodel\u00e9s Un nouveau geste de beaut\u00e9 sophistiqu\u00e9 pour des cils complets d\u00e9finis et sculpt\u00e9s avec un aspect pelucheux. Le maxi applicateur avec \u00ab\u00a0adh\u00e9rence totale\u00a0\u00bb, en synergie avec la texture glissante et cr\u00e9meuse du mascara, capture chaque cil, am\u00e9liorant son volume et sa d\u00e9finition. La racine. Le contour de votre regard s'ouvre imm\u00e9diatement, acqu\u00e9rant une courbe et une d\u00e9finition absolues. Cette formulation unique avec des sph\u00e8res de collag\u00e8ne et d'acide hyaluronique hydrate et prot\u00e8ge la structure des cils, les rendant flexibles et extraordinairement doux.\u00a0Un m\u00e9lange s\u00e9lectionn\u00e9 de cires v\u00e9g\u00e9tales combin\u00e9es \u00e0 des polym\u00e8res filmog\u00e8nes cr\u00e9e une fine gaine \u00e9lastique couvrant toute la longueur des cils. Pour le luxe d'un look qui ne permet pas d'imperfections..","og_url":"https:\/\/cosmeticstoredz.com\/ar\/product\/kiko-mascara-luxurious-lashes\/","og_site_name":"Cosmetic Store","article_publisher":"https:\/\/www.facebook.com\/profile.php?id=61564954260683","article_modified_time":"2026-03-30T19:25:19+00:00","og_image":[{"width":1563,"height":1563,"url":"https:\/\/cosmeticstoredz.com\/wp-content\/uploads\/2026\/02\/CC-213.png","type":"image\/png"}],"twitter_card":"summary_large_image","twitter_misc":{"\u0648\u0642\u062a \u0627\u0644\u0642\u0631\u0627\u0621\u0629 \u0627\u0644\u0645\u064f\u0642\u062f\u0651\u0631":"\u062f\u0642\u064a\u0642\u0629 \u0648\u0627\u062d\u062f\u0629"},"schema":{"@context":"https:\/\/schema.org","@graph":[{"@type":"WebPage","@id":"https:\/\/cosmeticstoredz.com\/produit\/kiko-mascara-luxurious-lashes\/","url":"https:\/\/cosmeticstoredz.com\/produit\/kiko-mascara-luxurious-lashes\/","name":"KIKO MASCARA LUXURIOUS LASHES - Cosmetic Store","isPartOf":{"@id":"https:\/\/cosmeticstoredz.com\/#website"},"primaryImageOfPage":{"@id":"https:\/\/cosmeticstoredz.com\/produit\/kiko-mascara-luxurious-lashes\/#primaryimage"},"image":{"@id":"https:\/\/cosmeticstoredz.com\/produit\/kiko-mascara-luxurious-lashes\/#primaryimage"},"thumbnailUrl":"https:\/\/cosmeticstoredz.com\/wp-content\/uploads\/2026\/02\/CC-213.png","datePublished":"2026-02-16T08:50:38+00:00","dateModified":"2026-03-30T19:25:19+00:00","breadcrumb":{"@id":"https:\/\/cosmeticstoredz.com\/produit\/kiko-mascara-luxurious-lashes\/#breadcrumb"},"inLanguage":"ar","potentialAction":[{"@type":"ReadAction","target":["https:\/\/cosmeticstoredz.com\/produit\/kiko-mascara-luxurious-lashes\/"]}]},{"@type":"ImageObject","inLanguage":"ar","@id":"https:\/\/cosmeticstoredz.com\/produit\/kiko-mascara-luxurious-lashes\/#primaryimage","url":"https:\/\/cosmeticstoredz.com\/wp-content\/uploads\/2026\/02\/CC-213.png","contentUrl":"https:\/\/cosmeticstoredz.com\/wp-content\/uploads\/2026\/02\/CC-213.png","width":1563,"height":1563},{"@type":"BreadcrumbList","@id":"https:\/\/cosmeticstoredz.com\/produit\/kiko-mascara-luxurious-lashes\/#breadcrumb","itemListElement":[{"@type":"ListItem","position":1,"name":"Accueil","item":"https:\/\/cosmeticstoredz.com\/"},{"@type":"ListItem","position":2,"name":"Boutique","item":"https:\/\/cosmeticstoredz.com\/boutique\/"},{"@type":"ListItem","position":3,"name":"KIKO MASCARA LUXURIOUS LASHES"}]},{"@type":"WebSite","@id":"https:\/\/cosmeticstoredz.com\/#website","url":"https:\/\/cosmeticstoredz.com\/","name":"Cosmetic Store","description":"","publisher":{"@id":"https:\/\/cosmeticstoredz.com\/#organization"},"potentialAction":[{"@type":"SearchAction","target":{"@type":"EntryPoint","urlTemplate":"https:\/\/cosmeticstoredz.com\/?s={search_term_string}"},"query-input":{"@type":"PropertyValueSpecification","valueRequired":true,"valueName":"search_term_string"}}],"inLanguage":"ar"},{"@type":"Organization","@id":"https:\/\/cosmeticstoredz.com\/#organization","name":"Cosmetic Store","url":"https:\/\/cosmeticstoredz.com\/","logo":{"@type":"ImageObject","inLanguage":"ar","@id":"https:\/\/cosmeticstoredz.com\/#\/schema\/logo\/image\/","url":"https:\/\/cosmeticstoredz.com\/wp-content\/uploads\/2026\/02\/cropped-LOGO_CS-512x512-1-1-e1771275285345.webp","contentUrl":"https:\/\/cosmeticstoredz.com\/wp-content\/uploads\/2026\/02\/cropped-LOGO_CS-512x512-1-1-e1771275285345.webp","width":265,"height":319,"caption":"Cosmetic Store"},"image":{"@id":"https:\/\/cosmeticstoredz.com\/#\/schema\/logo\/image\/"},"sameAs":["https:\/\/www.facebook.com\/profile.php?id=61564954260683","https:\/\/www.instagram.com\/cosmetic.storedz\/"]}]}},"_links":{"self":[{"href":"https:\/\/cosmeticstoredz.com\/ar\/wp-json\/wp\/v2\/product\/1664","targetHints":{"allow":["GET"]}}],"collection":[{"href":"https:\/\/cosmeticstoredz.com\/ar\/wp-json\/wp\/v2\/product"}],"about":[{"href":"https:\/\/cosmeticstoredz.com\/ar\/wp-json\/wp\/v2\/types\/product"}],"replies":[{"embeddable":true,"href":"https:\/\/cosmeticstoredz.com\/ar\/wp-json\/wp\/v2\/comments?post=1664"}],"version-history":[{"count":1,"href":"https:\/\/cosmeticstoredz.com\/ar\/wp-json\/wp\/v2\/product\/1664\/revisions"}],"predecessor-version":[{"id":1710,"href":"https:\/\/cosmeticstoredz.com\/ar\/wp-json\/wp\/v2\/product\/1664\/revisions\/1710"}],"wp:featuredmedia":[{"embeddable":true,"href":"https:\/\/cosmeticstoredz.com\/ar\/wp-json\/wp\/v2\/media\/1709"}],"wp:attachment":[{"href":"https:\/\/cosmeticstoredz.com\/ar\/wp-json\/wp\/v2\/media?parent=1664"}],"wp:term":[{"taxonomy":"product_brand","embeddable":true,"href":"https:\/\/cosmeticstoredz.com\/ar\/wp-json\/wp\/v2\/product_brand?post=1664"},{"taxonomy":"product_cat","embeddable":true,"href":"https:\/\/cosmeticstoredz.com\/ar\/wp-json\/wp\/v2\/product_cat?post=1664"},{"taxonomy":"product_tag","embeddable":true,"href":"https:\/\/cosmeticstoredz.com\/ar\/wp-json\/wp\/v2\/product_tag?post=1664"}],"curies":[{"name":"wp","href":"https:\/\/api.w.org\/{rel}","templated":true}]}}