{"id":1663,"date":"2026-02-16T08:50:38","date_gmt":"2026-02-16T08:50:38","guid":{"rendered":"https:\/\/test.fitnessworldgym27.com\/?post_type=product&#038;p=1663"},"modified":"2026-03-30T19:25:19","modified_gmt":"2026-03-30T19:25:19","slug":"kiko-mascara-lost-in-amalfi","status":"publish","type":"product","link":"https:\/\/cosmeticstoredz.com\/ar\/product\/kiko-mascara-lost-in-amalfi\/","title":{"rendered":"KIKO MASCARA LOST IN AMALFI"},"content":{"rendered":"<p>Mascara volumateur panoramique dans un emballage exclusif\u00a0<strong>Click and Go<\/strong>\u00a0avec un riche fini volumateur noir qui dure jusqu&rsquo;\u00e0 24 heures.\u00a0Apporte id\u00e9alement de la profondeur au regard et sublime les cils tout au long de la journ\u00e9e avec un effet volume intense, du premier clignement du matin au dernier clignement du soir.<\/p>\n<p><strong>Particularit\u00e9s :<\/strong><\/p>\n<ul>\n<li>Un emballage innovant dot\u00e9 de la technologie pratique \u00ab\u00a0clic\u00a0\u00bb permet une utilisation rapide et efficace partout<\/li>\n<li>Une brosse en fibres permet de r\u00e9partir la texture sur les cils sans laisser de grumeaux ni d&rsquo;irr\u00e9gularit\u00e9s.<\/li>\n<li>La formule est bas\u00e9e sur un m\u00e9lange de cires et de polym\u00e8res et garantit une durabilit\u00e9 jusqu&rsquo;\u00e0 24 heures<\/li>\n<li>Enrichi en extrait de fleur de calendula<\/li>\n<li>Efficacit\u00e9 test\u00e9e<\/li>\n<\/ul>\n<p><strong>Application :<\/strong><\/p>\n<p>Placez l&rsquo;applicateur \u00e0 la base des cils.\u00a0En partant du centre, d\u00e9placez-vous en zigzag vers les bords.\u00a0Enfin, appliquez sur les cils inf\u00e9rieurs.\u00a0Appliquer une ou plusieurs fois jusqu&rsquo;\u00e0 ce que le volume et l&rsquo;intensit\u00e9 souhait\u00e9s soient obtenus.\u00a0Le r\u00e9sultat : L&rsquo;effet de volume et de longueur pour cr\u00e9er un look spectaculaire et impeccable pendant 24 heures.\u00a0La formule sp\u00e9ciale garantit un r\u00e9sultat hautement professionnel et dure jusqu&rsquo;\u00e0 24 heures.<\/p>","protected":false},"excerpt":{"rendered":"<p>Mascara volumateur panoramique dans un emballage exclusif\u00a0<strong>Click and Go<\/strong>\u00a0avec un riche fini volumateur noir qui dure jusqu&rsquo;\u00e0 24 heures.\u00a0Apporte id\u00e9alement de la profondeur au regard et sublime les cils tout au long de la journ\u00e9e avec un effet volume intense, du premier clignement du matin au dernier clignement du soir.<\/p>\n<p><strong>Particularit\u00e9s :<\/strong><\/p>\n<ul>\n<li>Un emballage innovant dot\u00e9 de la technologie pratique \u00ab\u00a0clic\u00a0\u00bb permet une utilisation rapide et efficace partout<\/li>\n<li>Une brosse en fibres permet de r\u00e9partir la texture sur les cils sans laisser de grumeaux ni d&rsquo;irr\u00e9gularit\u00e9s.<\/li>\n<li>La formule est bas\u00e9e sur un m\u00e9lange de cires et de polym\u00e8res et garantit une durabilit\u00e9 jusqu&rsquo;\u00e0 24 heures<\/li>\n<li>Enrichi en extrait de fleur de calendula<\/li>\n<li>Efficacit\u00e9 test\u00e9e<\/li>\n<\/ul>","protected":false},"featured_media":1707,"comment_status":"open","ping_status":"closed","template":"","meta":[],"product_brand":[],"product_cat":[197,122,186,126],"product_tag":[170],"class_list":{"0":"post-1663","1":"product","2":"type-product","3":"status-publish","4":"has-post-thumbnail","6":"product_cat-kiko","7":"product_cat-make-up","8":"product_cat-mascara","9":"product_cat-yeux","10":"product_tag-made-in-italie","12":"first","13":"outofstock","14":"shipping-taxable","15":"purchasable","16":"product-type-simple"},"yoast_head":"<!-- This site is optimized with the Yoast SEO plugin v27.3 - https:\/\/yoast.com\/product\/yoast-seo-wordpress\/ -->\n<title>KIKO MASCARA LOST IN AMALFI - Cosmetic Store<\/title>\n<meta name=\"robots\" content=\"index, follow, max-snippet:-1, max-image-preview:large, max-video-preview:-1\" \/>\n<link rel=\"canonical\" href=\"https:\/\/cosmeticstoredz.com\/ar\/product\/kiko-mascara-lost-in-amalfi\/\" \/>\n<meta property=\"og:locale\" content=\"ar_AR\" \/>\n<meta property=\"og:type\" content=\"article\" \/>\n<meta property=\"og:title\" content=\"KIKO MASCARA LOST IN AMALFI - Cosmetic Store\" \/>\n<meta property=\"og:description\" content=\"Mascara volumateur panoramique dans un emballage exclusif\u00a0Click and Go\u00a0avec un riche fini volumateur noir qui dure jusqu&#039;\u00e0 24 heures.\u00a0Apporte id\u00e9alement de la profondeur au regard et sublime les cils tout au long de la journ\u00e9e avec un effet volume intense, du premier clignement du matin au dernier clignement du soir.  Particularit\u00e9s :   Un emballage innovant dot\u00e9 de la technologie pratique \u00ab\u00a0clic\u00a0\u00bb permet une utilisation rapide et efficace partout  Une brosse en fibres permet de r\u00e9partir la texture sur les cils sans laisser de grumeaux ni d&#039;irr\u00e9gularit\u00e9s.  La formule est bas\u00e9e sur un m\u00e9lange de cires et de polym\u00e8res et garantit une durabilit\u00e9 jusqu&#039;\u00e0 24 heures  Enrichi en extrait de fleur de calendula  Efficacit\u00e9 test\u00e9e\" \/>\n<meta property=\"og:url\" content=\"https:\/\/cosmeticstoredz.com\/ar\/product\/kiko-mascara-lost-in-amalfi\/\" \/>\n<meta property=\"og:site_name\" content=\"Cosmetic Store\" \/>\n<meta property=\"article:publisher\" content=\"https:\/\/www.facebook.com\/profile.php?id=61564954260683\" \/>\n<meta property=\"article:modified_time\" content=\"2026-03-30T19:25:19+00:00\" \/>\n<meta property=\"og:image\" content=\"https:\/\/cosmeticstoredz.com\/wp-content\/uploads\/2026\/02\/CC-214.png\" \/>\n\t<meta property=\"og:image:width\" content=\"1563\" \/>\n\t<meta property=\"og:image:height\" content=\"1563\" \/>\n\t<meta property=\"og:image:type\" content=\"image\/png\" \/>\n<meta name=\"twitter:card\" content=\"summary_large_image\" \/>\n<meta name=\"twitter:label1\" content=\"\u0648\u0642\u062a \u0627\u0644\u0642\u0631\u0627\u0621\u0629 \u0627\u0644\u0645\u064f\u0642\u062f\u0651\u0631\" \/>\n\t<meta name=\"twitter:data1\" content=\"\u062f\u0642\u064a\u0642\u0629 \u0648\u0627\u062d\u062f\u0629\" \/>\n<script type=\"application\/ld+json\" class=\"yoast-schema-graph\">{\"@context\":\"https:\\\/\\\/schema.org\",\"@graph\":[{\"@type\":\"WebPage\",\"@id\":\"https:\\\/\\\/cosmeticstoredz.com\\\/produit\\\/kiko-mascara-lost-in-amalfi\\\/\",\"url\":\"https:\\\/\\\/cosmeticstoredz.com\\\/produit\\\/kiko-mascara-lost-in-amalfi\\\/\",\"name\":\"KIKO MASCARA LOST IN AMALFI - Cosmetic Store\",\"isPartOf\":{\"@id\":\"https:\\\/\\\/cosmeticstoredz.com\\\/#website\"},\"primaryImageOfPage\":{\"@id\":\"https:\\\/\\\/cosmeticstoredz.com\\\/produit\\\/kiko-mascara-lost-in-amalfi\\\/#primaryimage\"},\"image\":{\"@id\":\"https:\\\/\\\/cosmeticstoredz.com\\\/produit\\\/kiko-mascara-lost-in-amalfi\\\/#primaryimage\"},\"thumbnailUrl\":\"https:\\\/\\\/cosmeticstoredz.com\\\/wp-content\\\/uploads\\\/2026\\\/02\\\/CC-214.png\",\"datePublished\":\"2026-02-16T08:50:38+00:00\",\"dateModified\":\"2026-03-30T19:25:19+00:00\",\"breadcrumb\":{\"@id\":\"https:\\\/\\\/cosmeticstoredz.com\\\/produit\\\/kiko-mascara-lost-in-amalfi\\\/#breadcrumb\"},\"inLanguage\":\"ar\",\"potentialAction\":[{\"@type\":\"ReadAction\",\"target\":[\"https:\\\/\\\/cosmeticstoredz.com\\\/produit\\\/kiko-mascara-lost-in-amalfi\\\/\"]}]},{\"@type\":\"ImageObject\",\"inLanguage\":\"ar\",\"@id\":\"https:\\\/\\\/cosmeticstoredz.com\\\/produit\\\/kiko-mascara-lost-in-amalfi\\\/#primaryimage\",\"url\":\"https:\\\/\\\/cosmeticstoredz.com\\\/wp-content\\\/uploads\\\/2026\\\/02\\\/CC-214.png\",\"contentUrl\":\"https:\\\/\\\/cosmeticstoredz.com\\\/wp-content\\\/uploads\\\/2026\\\/02\\\/CC-214.png\",\"width\":1563,\"height\":1563},{\"@type\":\"BreadcrumbList\",\"@id\":\"https:\\\/\\\/cosmeticstoredz.com\\\/produit\\\/kiko-mascara-lost-in-amalfi\\\/#breadcrumb\",\"itemListElement\":[{\"@type\":\"ListItem\",\"position\":1,\"name\":\"Accueil\",\"item\":\"https:\\\/\\\/cosmeticstoredz.com\\\/\"},{\"@type\":\"ListItem\",\"position\":2,\"name\":\"Boutique\",\"item\":\"https:\\\/\\\/cosmeticstoredz.com\\\/boutique\\\/\"},{\"@type\":\"ListItem\",\"position\":3,\"name\":\"KIKO MASCARA LOST IN AMALFI\"}]},{\"@type\":\"WebSite\",\"@id\":\"https:\\\/\\\/cosmeticstoredz.com\\\/#website\",\"url\":\"https:\\\/\\\/cosmeticstoredz.com\\\/\",\"name\":\"Cosmetic Store\",\"description\":\"\",\"publisher\":{\"@id\":\"https:\\\/\\\/cosmeticstoredz.com\\\/#organization\"},\"potentialAction\":[{\"@type\":\"SearchAction\",\"target\":{\"@type\":\"EntryPoint\",\"urlTemplate\":\"https:\\\/\\\/cosmeticstoredz.com\\\/?s={search_term_string}\"},\"query-input\":{\"@type\":\"PropertyValueSpecification\",\"valueRequired\":true,\"valueName\":\"search_term_string\"}}],\"inLanguage\":\"ar\"},{\"@type\":\"Organization\",\"@id\":\"https:\\\/\\\/cosmeticstoredz.com\\\/#organization\",\"name\":\"Cosmetic Store\",\"url\":\"https:\\\/\\\/cosmeticstoredz.com\\\/\",\"logo\":{\"@type\":\"ImageObject\",\"inLanguage\":\"ar\",\"@id\":\"https:\\\/\\\/cosmeticstoredz.com\\\/#\\\/schema\\\/logo\\\/image\\\/\",\"url\":\"https:\\\/\\\/cosmeticstoredz.com\\\/wp-content\\\/uploads\\\/2026\\\/02\\\/cropped-LOGO_CS-512x512-1-1-e1771275285345.webp\",\"contentUrl\":\"https:\\\/\\\/cosmeticstoredz.com\\\/wp-content\\\/uploads\\\/2026\\\/02\\\/cropped-LOGO_CS-512x512-1-1-e1771275285345.webp\",\"width\":265,\"height\":319,\"caption\":\"Cosmetic Store\"},\"image\":{\"@id\":\"https:\\\/\\\/cosmeticstoredz.com\\\/#\\\/schema\\\/logo\\\/image\\\/\"},\"sameAs\":[\"https:\\\/\\\/www.facebook.com\\\/profile.php?id=61564954260683\",\"https:\\\/\\\/www.instagram.com\\\/cosmetic.storedz\\\/\"]}]}<\/script>\n<!-- \/ Yoast SEO plugin. -->","yoast_head_json":{"title":"KIKO MASCARA LOST IN AMALFI - Cosmetic Store","robots":{"index":"index","follow":"follow","max-snippet":"max-snippet:-1","max-image-preview":"max-image-preview:large","max-video-preview":"max-video-preview:-1"},"canonical":"https:\/\/cosmeticstoredz.com\/ar\/product\/kiko-mascara-lost-in-amalfi\/","og_locale":"ar_AR","og_type":"article","og_title":"KIKO MASCARA LOST IN AMALFI - Cosmetic Store","og_description":"Mascara volumateur panoramique dans un emballage exclusif\u00a0Click and Go\u00a0avec un riche fini volumateur noir qui dure jusqu'\u00e0 24 heures.\u00a0Apporte id\u00e9alement de la profondeur au regard et sublime les cils tout au long de la journ\u00e9e avec un effet volume intense, du premier clignement du matin au dernier clignement du soir.  Particularit\u00e9s :   Un emballage innovant dot\u00e9 de la technologie pratique \u00ab\u00a0clic\u00a0\u00bb permet une utilisation rapide et efficace partout  Une brosse en fibres permet de r\u00e9partir la texture sur les cils sans laisser de grumeaux ni d'irr\u00e9gularit\u00e9s.  La formule est bas\u00e9e sur un m\u00e9lange de cires et de polym\u00e8res et garantit une durabilit\u00e9 jusqu'\u00e0 24 heures  Enrichi en extrait de fleur de calendula  Efficacit\u00e9 test\u00e9e","og_url":"https:\/\/cosmeticstoredz.com\/ar\/product\/kiko-mascara-lost-in-amalfi\/","og_site_name":"Cosmetic Store","article_publisher":"https:\/\/www.facebook.com\/profile.php?id=61564954260683","article_modified_time":"2026-03-30T19:25:19+00:00","og_image":[{"width":1563,"height":1563,"url":"https:\/\/cosmeticstoredz.com\/wp-content\/uploads\/2026\/02\/CC-214.png","type":"image\/png"}],"twitter_card":"summary_large_image","twitter_misc":{"\u0648\u0642\u062a \u0627\u0644\u0642\u0631\u0627\u0621\u0629 \u0627\u0644\u0645\u064f\u0642\u062f\u0651\u0631":"\u062f\u0642\u064a\u0642\u0629 \u0648\u0627\u062d\u062f\u0629"},"schema":{"@context":"https:\/\/schema.org","@graph":[{"@type":"WebPage","@id":"https:\/\/cosmeticstoredz.com\/produit\/kiko-mascara-lost-in-amalfi\/","url":"https:\/\/cosmeticstoredz.com\/produit\/kiko-mascara-lost-in-amalfi\/","name":"KIKO MASCARA LOST IN AMALFI - Cosmetic Store","isPartOf":{"@id":"https:\/\/cosmeticstoredz.com\/#website"},"primaryImageOfPage":{"@id":"https:\/\/cosmeticstoredz.com\/produit\/kiko-mascara-lost-in-amalfi\/#primaryimage"},"image":{"@id":"https:\/\/cosmeticstoredz.com\/produit\/kiko-mascara-lost-in-amalfi\/#primaryimage"},"thumbnailUrl":"https:\/\/cosmeticstoredz.com\/wp-content\/uploads\/2026\/02\/CC-214.png","datePublished":"2026-02-16T08:50:38+00:00","dateModified":"2026-03-30T19:25:19+00:00","breadcrumb":{"@id":"https:\/\/cosmeticstoredz.com\/produit\/kiko-mascara-lost-in-amalfi\/#breadcrumb"},"inLanguage":"ar","potentialAction":[{"@type":"ReadAction","target":["https:\/\/cosmeticstoredz.com\/produit\/kiko-mascara-lost-in-amalfi\/"]}]},{"@type":"ImageObject","inLanguage":"ar","@id":"https:\/\/cosmeticstoredz.com\/produit\/kiko-mascara-lost-in-amalfi\/#primaryimage","url":"https:\/\/cosmeticstoredz.com\/wp-content\/uploads\/2026\/02\/CC-214.png","contentUrl":"https:\/\/cosmeticstoredz.com\/wp-content\/uploads\/2026\/02\/CC-214.png","width":1563,"height":1563},{"@type":"BreadcrumbList","@id":"https:\/\/cosmeticstoredz.com\/produit\/kiko-mascara-lost-in-amalfi\/#breadcrumb","itemListElement":[{"@type":"ListItem","position":1,"name":"Accueil","item":"https:\/\/cosmeticstoredz.com\/"},{"@type":"ListItem","position":2,"name":"Boutique","item":"https:\/\/cosmeticstoredz.com\/boutique\/"},{"@type":"ListItem","position":3,"name":"KIKO MASCARA LOST IN AMALFI"}]},{"@type":"WebSite","@id":"https:\/\/cosmeticstoredz.com\/#website","url":"https:\/\/cosmeticstoredz.com\/","name":"Cosmetic Store","description":"","publisher":{"@id":"https:\/\/cosmeticstoredz.com\/#organization"},"potentialAction":[{"@type":"SearchAction","target":{"@type":"EntryPoint","urlTemplate":"https:\/\/cosmeticstoredz.com\/?s={search_term_string}"},"query-input":{"@type":"PropertyValueSpecification","valueRequired":true,"valueName":"search_term_string"}}],"inLanguage":"ar"},{"@type":"Organization","@id":"https:\/\/cosmeticstoredz.com\/#organization","name":"Cosmetic Store","url":"https:\/\/cosmeticstoredz.com\/","logo":{"@type":"ImageObject","inLanguage":"ar","@id":"https:\/\/cosmeticstoredz.com\/#\/schema\/logo\/image\/","url":"https:\/\/cosmeticstoredz.com\/wp-content\/uploads\/2026\/02\/cropped-LOGO_CS-512x512-1-1-e1771275285345.webp","contentUrl":"https:\/\/cosmeticstoredz.com\/wp-content\/uploads\/2026\/02\/cropped-LOGO_CS-512x512-1-1-e1771275285345.webp","width":265,"height":319,"caption":"Cosmetic Store"},"image":{"@id":"https:\/\/cosmeticstoredz.com\/#\/schema\/logo\/image\/"},"sameAs":["https:\/\/www.facebook.com\/profile.php?id=61564954260683","https:\/\/www.instagram.com\/cosmetic.storedz\/"]}]}},"_links":{"self":[{"href":"https:\/\/cosmeticstoredz.com\/ar\/wp-json\/wp\/v2\/product\/1663","targetHints":{"allow":["GET"]}}],"collection":[{"href":"https:\/\/cosmeticstoredz.com\/ar\/wp-json\/wp\/v2\/product"}],"about":[{"href":"https:\/\/cosmeticstoredz.com\/ar\/wp-json\/wp\/v2\/types\/product"}],"replies":[{"embeddable":true,"href":"https:\/\/cosmeticstoredz.com\/ar\/wp-json\/wp\/v2\/comments?post=1663"}],"version-history":[{"count":1,"href":"https:\/\/cosmeticstoredz.com\/ar\/wp-json\/wp\/v2\/product\/1663\/revisions"}],"predecessor-version":[{"id":1708,"href":"https:\/\/cosmeticstoredz.com\/ar\/wp-json\/wp\/v2\/product\/1663\/revisions\/1708"}],"wp:featuredmedia":[{"embeddable":true,"href":"https:\/\/cosmeticstoredz.com\/ar\/wp-json\/wp\/v2\/media\/1707"}],"wp:attachment":[{"href":"https:\/\/cosmeticstoredz.com\/ar\/wp-json\/wp\/v2\/media?parent=1663"}],"wp:term":[{"taxonomy":"product_brand","embeddable":true,"href":"https:\/\/cosmeticstoredz.com\/ar\/wp-json\/wp\/v2\/product_brand?post=1663"},{"taxonomy":"product_cat","embeddable":true,"href":"https:\/\/cosmeticstoredz.com\/ar\/wp-json\/wp\/v2\/product_cat?post=1663"},{"taxonomy":"product_tag","embeddable":true,"href":"https:\/\/cosmeticstoredz.com\/ar\/wp-json\/wp\/v2\/product_tag?post=1663"}],"curies":[{"name":"wp","href":"https:\/\/api.w.org\/{rel}","templated":true}]}}