{"id":1662,"date":"2026-02-16T08:50:38","date_gmt":"2026-02-16T08:50:38","guid":{"rendered":"https:\/\/test.fitnessworldgym27.com\/?post_type=product&#038;p=1662"},"modified":"2026-03-31T16:14:54","modified_gmt":"2026-03-31T16:14:54","slug":"kiko-mascara-blossoming-beauty","status":"publish","type":"product","link":"https:\/\/cosmeticstoredz.com\/ar\/product\/kiko-mascara-blossoming-beauty\/","title":{"rendered":"KIKO MASCARA BLOSSOMING BEAUTY"},"content":{"rendered":"<p><strong>Mascara 3-en-1 Kiko Milano Blossoming Beauty &#8211; 10 ml<\/strong><\/p>\n<p>Mascara noir 3-en-1 avec double applicateur, longue tenue jusqu&rsquo;\u00e0 12h*.<\/p>\n<p><strong>Id\u00e9al pour :<\/strong><br \/>\nobtenir jusqu&rsquo;\u00e0 trois r\u00e9sultats diff\u00e9rents et surprenants, avec un seul produit.<br \/>\n&#8211; Effet volume<br \/>\n&#8211; Effet courbure et allongement<br \/>\n&#8211; L&rsquo;effet volume panoramique avec la combinaison des deux c\u00f4t\u00e9s<\/p>\n<p><strong>est particulier car :<\/strong><br \/>\n&#8211; son format innovant avec double applicateur facilite l&rsquo;obtention de diff\u00e9rents looks de regard ;<br \/>\n&#8211; gr\u00e2ce \u00e0 sa texture \u00e9lastique, aux brosses en fibres en forme de sablier et \u00e0 la brosse courb\u00e9e, le mascara peut \u00eatre \u00e9tal\u00e9 sur toute la longueur des cils ou superpos\u00e9, sans laisser de grumeaux ni alourdir ;<br \/>\n&#8211; la brosse courb\u00e9e donne un effet courb\u00e9 et de la longueur aux cils, tandis que la brosse sablier les rehausse d&rsquo;un effet volume.\u00a0Les deux pinceaux combin\u00e9s donnent un aspect panoramique et un effet volume.<\/p>\n<div class=\"text producttext\"><\/div>","protected":false},"excerpt":{"rendered":"<p><strong>Mascara 3-en-1 Kiko Milano Blossoming Beauty &#8211; 10 ml<\/strong><\/p>\n<p>Mascara noir 3-en-1 avec double applicateur, longue tenue jusqu&rsquo;\u00e0 12h*.<\/p>\n<p><strong>Id\u00e9al pour :<\/strong><br \/>\nobtenir jusqu&rsquo;\u00e0 trois r\u00e9sultats diff\u00e9rents et surprenants, avec un seul produit.<br \/>\n&#8211; Effet volume<br \/>\n&#8211; Effet courbure et allongement<br \/>\n&#8211; L&rsquo;effet volume panoramique avec la combinaison des deux c\u00f4t\u00e9s<\/p>\n<p><strong>est particulier car :<\/strong><br \/>\n&#8211; son format innovant avec double applicateur facilite l&rsquo;obtention de diff\u00e9rents looks de regard ;<br \/>\n&#8211; gr\u00e2ce \u00e0 sa texture \u00e9lastique, aux brosses en fibres en forme de sablier et \u00e0 la brosse courb\u00e9e, le mascara peut \u00eatre \u00e9tal\u00e9 sur toute la longueur des cils ou superpos\u00e9, sans laisser de grumeaux ni alourdir ;<br \/>\n&#8211; la brosse courb\u00e9e donne un effet courb\u00e9 et de la longueur aux cils, tandis que la brosse sablier les rehausse d&rsquo;un effet volume.\u00a0Les deux pinceaux combin\u00e9s donnent un aspect panoramique et un effet volume.<\/p>\n<div class=\"text producttext\"><\/div>","protected":false},"featured_media":1705,"comment_status":"open","ping_status":"closed","template":"","meta":[],"product_brand":[],"product_cat":[197,122,186,126],"product_tag":[170],"class_list":{"0":"post-1662","1":"product","2":"type-product","3":"status-publish","4":"has-post-thumbnail","6":"product_cat-kiko","7":"product_cat-make-up","8":"product_cat-mascara","9":"product_cat-yeux","10":"product_tag-made-in-italie","12":"first","13":"outofstock","14":"shipping-taxable","15":"purchasable","16":"product-type-simple"},"_links":{"self":[{"href":"https:\/\/cosmeticstoredz.com\/ar\/wp-json\/wp\/v2\/product\/1662","targetHints":{"allow":["GET"]}}],"collection":[{"href":"https:\/\/cosmeticstoredz.com\/ar\/wp-json\/wp\/v2\/product"}],"about":[{"href":"https:\/\/cosmeticstoredz.com\/ar\/wp-json\/wp\/v2\/types\/product"}],"replies":[{"embeddable":true,"href":"https:\/\/cosmeticstoredz.com\/ar\/wp-json\/wp\/v2\/comments?post=1662"}],"version-history":[{"count":1,"href":"https:\/\/cosmeticstoredz.com\/ar\/wp-json\/wp\/v2\/product\/1662\/revisions"}],"predecessor-version":[{"id":1706,"href":"https:\/\/cosmeticstoredz.com\/ar\/wp-json\/wp\/v2\/product\/1662\/revisions\/1706"}],"wp:featuredmedia":[{"embeddable":true,"href":"https:\/\/cosmeticstoredz.com\/ar\/wp-json\/wp\/v2\/media\/1705"}],"wp:attachment":[{"href":"https:\/\/cosmeticstoredz.com\/ar\/wp-json\/wp\/v2\/media?parent=1662"}],"wp:term":[{"taxonomy":"product_brand","embeddable":true,"href":"https:\/\/cosmeticstoredz.com\/ar\/wp-json\/wp\/v2\/product_brand?post=1662"},{"taxonomy":"product_cat","embeddable":true,"href":"https:\/\/cosmeticstoredz.com\/ar\/wp-json\/wp\/v2\/product_cat?post=1662"},{"taxonomy":"product_tag","embeddable":true,"href":"https:\/\/cosmeticstoredz.com\/ar\/wp-json\/wp\/v2\/product_tag?post=1662"}],"curies":[{"name":"wp","href":"https:\/\/api.w.org\/{rel}","templated":true}]}}