{"id":1661,"date":"2026-02-16T08:50:38","date_gmt":"2026-02-16T08:50:38","guid":{"rendered":"https:\/\/test.fitnessworldgym27.com\/?post_type=product&#038;p=1661"},"modified":"2026-03-30T19:26:55","modified_gmt":"2026-03-30T19:26:55","slug":"kiko-mascara-unmeasurable-length","status":"publish","type":"product","link":"https:\/\/cosmeticstoredz.com\/ar\/product\/kiko-mascara-unmeasurable-length\/","title":{"rendered":"KIKO MASCARA  UNMEASURABLE LENGTH"},"content":{"rendered":"<p>Texture onctueuse, liquide, non agglom\u00e9rante, intensit\u00e9 r\u00e9glable, facile \u00e0 appliquer.\u00a0Les cils ne collent pas ensemble.<\/p>\n<p><strong>Quelles sont ses caract\u00e9ristiques ?<\/strong><br \/>\n\u2013 la formule contient des fibres de ma\u00efs triangulaires qui allongent les cils pour un look spectaculaire ;<br \/>\n\u2013 la formule est \u00e9galement enrichie de diverses cires florales qui prot\u00e8gent les cils et apportent de l&rsquo;onctuosit\u00e9 \u00e0 la texture ;<br \/>\n\u2013 une brosse innovante \u00e0 3 sph\u00e8res compos\u00e9e de diff\u00e9rentes fibres a \u00e9t\u00e9 cr\u00e9\u00e9e sp\u00e9cialement pour KIKO : la partie centrale aux poils doux recouvre parfaitement les cils, tandis que la pointe aux poils plus durs colore et d\u00e9finit les cils plus courts ;<br \/>\n\u2013 un flacon au design particulier aux lignes courbes et \u00e9l\u00e9gantes.\u00a0La couleur or clair et la finition m\u00e9tallis\u00e9e rappellent les m\u00e9taux pr\u00e9cieux. Un produit cosm\u00e9tique unique et efficace pour votre beaut\u00e9.<\/p>\n<p>Le produit a pass\u00e9 avec succ\u00e8s les tests ophtalmologiques.<\/p>","protected":false},"excerpt":{"rendered":"<p>Texture onctueuse, liquide, non agglom\u00e9rante, intensit\u00e9 r\u00e9glable, facile \u00e0 appliquer.\u00a0Les cils ne collent pas ensemble.<\/p>\n<p><strong>Quelles sont ses caract\u00e9ristiques ?<\/strong><br \/>\n\u2013 la formule contient des fibres de ma\u00efs triangulaires qui allongent les cils pour un look spectaculaire ;<br \/>\n\u2013 la formule est \u00e9galement enrichie de diverses cires florales qui prot\u00e8gent les cils et apportent de l&rsquo;onctuosit\u00e9 \u00e0 la texture ;<br \/>\n\u2013 une brosse innovante \u00e0 3 sph\u00e8res compos\u00e9e de diff\u00e9rentes fibres a \u00e9t\u00e9 cr\u00e9\u00e9e sp\u00e9cialement pour KIKO : la partie centrale aux poils doux recouvre parfaitement les cils, tandis que la pointe aux poils plus durs colore et d\u00e9finit les cils plus courts ;<br \/>\n\u2013 un flacon au design particulier aux lignes courbes et \u00e9l\u00e9gantes.\u00a0La couleur or clair et la finition m\u00e9tallis\u00e9e rappellent les m\u00e9taux pr\u00e9cieux. Un produit cosm\u00e9tique unique et efficace pour votre beaut\u00e9.<\/p>\n<p>Le produit a pass\u00e9 avec succ\u00e8s les tests ophtalmologiques.<\/p>","protected":false},"featured_media":1703,"comment_status":"open","ping_status":"closed","template":"","meta":[],"product_brand":[],"product_cat":[197,122,186,126],"product_tag":[170],"class_list":{"0":"post-1661","1":"product","2":"type-product","3":"status-publish","4":"has-post-thumbnail","6":"product_cat-kiko","7":"product_cat-make-up","8":"product_cat-mascara","9":"product_cat-yeux","10":"product_tag-made-in-italie","12":"first","13":"outofstock","14":"shipping-taxable","15":"purchasable","16":"product-type-simple"},"_links":{"self":[{"href":"https:\/\/cosmeticstoredz.com\/ar\/wp-json\/wp\/v2\/product\/1661","targetHints":{"allow":["GET"]}}],"collection":[{"href":"https:\/\/cosmeticstoredz.com\/ar\/wp-json\/wp\/v2\/product"}],"about":[{"href":"https:\/\/cosmeticstoredz.com\/ar\/wp-json\/wp\/v2\/types\/product"}],"replies":[{"embeddable":true,"href":"https:\/\/cosmeticstoredz.com\/ar\/wp-json\/wp\/v2\/comments?post=1661"}],"version-history":[{"count":2,"href":"https:\/\/cosmeticstoredz.com\/ar\/wp-json\/wp\/v2\/product\/1661\/revisions"}],"predecessor-version":[{"id":25747,"href":"https:\/\/cosmeticstoredz.com\/ar\/wp-json\/wp\/v2\/product\/1661\/revisions\/25747"}],"wp:featuredmedia":[{"embeddable":true,"href":"https:\/\/cosmeticstoredz.com\/ar\/wp-json\/wp\/v2\/media\/1703"}],"wp:attachment":[{"href":"https:\/\/cosmeticstoredz.com\/ar\/wp-json\/wp\/v2\/media?parent=1661"}],"wp:term":[{"taxonomy":"product_brand","embeddable":true,"href":"https:\/\/cosmeticstoredz.com\/ar\/wp-json\/wp\/v2\/product_brand?post=1661"},{"taxonomy":"product_cat","embeddable":true,"href":"https:\/\/cosmeticstoredz.com\/ar\/wp-json\/wp\/v2\/product_cat?post=1661"},{"taxonomy":"product_tag","embeddable":true,"href":"https:\/\/cosmeticstoredz.com\/ar\/wp-json\/wp\/v2\/product_tag?post=1661"}],"curies":[{"name":"wp","href":"https:\/\/api.w.org\/{rel}","templated":true}]}}