{"id":1624,"date":"2026-02-16T08:50:16","date_gmt":"2026-02-16T08:50:16","guid":{"rendered":"https:\/\/test.fitnessworldgym27.com\/?post_type=product&#038;p=1624"},"modified":"2026-03-30T19:25:19","modified_gmt":"2026-03-30T19:25:19","slug":"kemei-2024","status":"publish","type":"product","link":"https:\/\/cosmeticstoredz.com\/ar\/product\/kemei-2024\/","title":{"rendered":"KEMEI 2024"},"content":{"rendered":"<p>Rasoir <strong>Kemei<\/strong>, pour un rasage parfait, une heure d&rsquo;utilisation par charge, lavable et imperm\u00e9able, avec deux lames pour deux syst\u00e8mes de rasage diff\u00e9rents<\/p>","protected":false},"excerpt":{"rendered":"<p>Rasoir <strong>Kemei<\/strong>, pour un rasage parfait, une heure d&rsquo;utilisation par charge, lavable et imperm\u00e9able, avec deux lames pour deux syst\u00e8mes de rasage diff\u00e9rents<\/p>","protected":false},"featured_media":1701,"comment_status":"open","ping_status":"closed","template":"","meta":[],"product_brand":[],"product_cat":[117,99],"product_tag":[196],"class_list":{"0":"post-1624","1":"product","2":"type-product","3":"status-publish","4":"has-post-thumbnail","6":"product_cat-accessoires","7":"product_cat-epilation","8":"product_tag-made-in-china","10":"first","11":"instock","12":"shipping-taxable","13":"purchasable","14":"product-type-simple"},"_links":{"self":[{"href":"https:\/\/cosmeticstoredz.com\/ar\/wp-json\/wp\/v2\/product\/1624","targetHints":{"allow":["GET"]}}],"collection":[{"href":"https:\/\/cosmeticstoredz.com\/ar\/wp-json\/wp\/v2\/product"}],"about":[{"href":"https:\/\/cosmeticstoredz.com\/ar\/wp-json\/wp\/v2\/types\/product"}],"replies":[{"embeddable":true,"href":"https:\/\/cosmeticstoredz.com\/ar\/wp-json\/wp\/v2\/comments?post=1624"}],"version-history":[{"count":1,"href":"https:\/\/cosmeticstoredz.com\/ar\/wp-json\/wp\/v2\/product\/1624\/revisions"}],"predecessor-version":[{"id":1702,"href":"https:\/\/cosmeticstoredz.com\/ar\/wp-json\/wp\/v2\/product\/1624\/revisions\/1702"}],"wp:featuredmedia":[{"embeddable":true,"href":"https:\/\/cosmeticstoredz.com\/ar\/wp-json\/wp\/v2\/media\/1701"}],"wp:attachment":[{"href":"https:\/\/cosmeticstoredz.com\/ar\/wp-json\/wp\/v2\/media?parent=1624"}],"wp:term":[{"taxonomy":"product_brand","embeddable":true,"href":"https:\/\/cosmeticstoredz.com\/ar\/wp-json\/wp\/v2\/product_brand?post=1624"},{"taxonomy":"product_cat","embeddable":true,"href":"https:\/\/cosmeticstoredz.com\/ar\/wp-json\/wp\/v2\/product_cat?post=1624"},{"taxonomy":"product_tag","embeddable":true,"href":"https:\/\/cosmeticstoredz.com\/ar\/wp-json\/wp\/v2\/product_tag?post=1624"}],"curies":[{"name":"wp","href":"https:\/\/api.w.org\/{rel}","templated":true}]}}