{"id":1621,"date":"2026-02-16T08:50:16","date_gmt":"2026-02-16T08:50:16","guid":{"rendered":"https:\/\/test.fitnessworldgym27.com\/?post_type=product&#038;p=1621"},"modified":"2026-03-30T19:25:19","modified_gmt":"2026-03-30T19:25:19","slug":"johnsons-lait-bebe-200ml","status":"publish","type":"product","link":"https:\/\/cosmeticstoredz.com\/ar\/product\/johnsons-lait-bebe-200ml\/","title":{"rendered":"JOHNSONS LAIT BEBE 200ML"},"content":{"rendered":"<p>La lotion douce pour <strong>b\u00e9b\u00e9 Johnson&rsquo;s<\/strong> contient le parfum frais traditionnel pour b\u00e9b\u00e9 et est hypoallerg\u00e9nique. Elle adoucit, apaise et nourrit la peau d\u00e9licate de b\u00e9b\u00e9 pendant 24 heures.\u00a0Id\u00e9al pour les enfants et les adultes aussi.<\/p>\n<p><strong>Caract\u00e9ristiques:<\/strong><\/p>\n<ul>\n<li>Formule douce scientifiquement prouv\u00e9e sp\u00e9cialement con\u00e7ue pour la peau d\u00e9licate de b\u00e9b\u00e9<\/li>\n<li>Enrichi en huile de coco<\/li>\n<li>Hydrate la peau d\u00e9licate de votre b\u00e9b\u00e9 24 heures sur 24<\/li>\n<li>Laisse la peau de votre b\u00e9b\u00e9 douce et lisse apr\u00e8s une seule utilisation<\/li>\n<li>Il est non allergique et ne contient ni colorants ni parab\u00e8nes.<\/li>\n<\/ul>\n<p><strong>Comment et quand l&rsquo;utiliser<\/strong> : \u00c9talez-le d\u00e9licatement sur tout le corps de votre enfant pour hydrater sa peau d\u00e9licate.<\/p>\n<p><strong>Conseil de s\u00e9curit\u00e9<\/strong> : Pour usage externe uniquement.\u00a0Tenir hors de port\u00e9e des enfants.\u00a0Conserver dans un endroit sec \u00e0 l&rsquo;abri du solei<\/p>\n<p><b>Ingr\u00e9dients<\/b><strong>\u00a0:\u00a0<\/strong>Aqua, glycerin, isopropyl palmitate, glyceryl stearate, cetyl alcohol, cetearyl alcohol, cocos nucifera (coconut) oil, dimethicone, ethylhexyglycerin, palmitic acid, stearic acid, polysorbate 20, p-anisic acid, titanium dioxide, magnesium aluminium silicate, carbomer, xanthan gum, sodiul hydroxide, potassium bitartrate, phenoxyethanol, parfum.<\/p>","protected":false},"excerpt":{"rendered":"<p>La lotion douce pour <strong>b\u00e9b\u00e9 Johnson&rsquo;s<\/strong> contient le parfum frais traditionnel pour b\u00e9b\u00e9 et est hypoallerg\u00e9nique. Elle adoucit, apaise et nourrit la peau d\u00e9licate de b\u00e9b\u00e9 pendant 24 heures.\u00a0Id\u00e9al pour les enfants et les adultes aussi.<\/p>\n<p><strong>Caract\u00e9ristiques:<\/strong><\/p>\n<ul>\n<li>Formule douce scientifiquement prouv\u00e9e sp\u00e9cialement con\u00e7ue pour la peau d\u00e9licate de b\u00e9b\u00e9<\/li>\n<li>Enrichi en huile de coco<\/li>\n<li>Hydrate la peau d\u00e9licate de votre b\u00e9b\u00e9 24 heures sur 24<\/li>\n<li>Laisse la peau de votre b\u00e9b\u00e9 douce et lisse apr\u00e8s une seule utilisation<\/li>\n<li>Il est non allergique et ne contient ni colorants ni parab\u00e8nes.<\/li>\n<\/ul>","protected":false},"featured_media":1695,"comment_status":"open","ping_status":"closed","template":"","meta":[],"product_brand":[],"product_cat":[97,195,98],"product_tag":[125],"class_list":{"0":"post-1621","1":"product","2":"type-product","3":"status-publish","4":"has-post-thumbnail","6":"product_cat-bebe","7":"product_cat-johnsons","8":"product_cat-lait-de-corps","9":"product_tag-made-in-france","11":"first","12":"outofstock","13":"shipping-taxable","14":"purchasable","15":"product-type-simple"},"_links":{"self":[{"href":"https:\/\/cosmeticstoredz.com\/ar\/wp-json\/wp\/v2\/product\/1621","targetHints":{"allow":["GET"]}}],"collection":[{"href":"https:\/\/cosmeticstoredz.com\/ar\/wp-json\/wp\/v2\/product"}],"about":[{"href":"https:\/\/cosmeticstoredz.com\/ar\/wp-json\/wp\/v2\/types\/product"}],"replies":[{"embeddable":true,"href":"https:\/\/cosmeticstoredz.com\/ar\/wp-json\/wp\/v2\/comments?post=1621"}],"version-history":[{"count":1,"href":"https:\/\/cosmeticstoredz.com\/ar\/wp-json\/wp\/v2\/product\/1621\/revisions"}],"predecessor-version":[{"id":1696,"href":"https:\/\/cosmeticstoredz.com\/ar\/wp-json\/wp\/v2\/product\/1621\/revisions\/1696"}],"wp:featuredmedia":[{"embeddable":true,"href":"https:\/\/cosmeticstoredz.com\/ar\/wp-json\/wp\/v2\/media\/1695"}],"wp:attachment":[{"href":"https:\/\/cosmeticstoredz.com\/ar\/wp-json\/wp\/v2\/media?parent=1621"}],"wp:term":[{"taxonomy":"product_brand","embeddable":true,"href":"https:\/\/cosmeticstoredz.com\/ar\/wp-json\/wp\/v2\/product_brand?post=1621"},{"taxonomy":"product_cat","embeddable":true,"href":"https:\/\/cosmeticstoredz.com\/ar\/wp-json\/wp\/v2\/product_cat?post=1621"},{"taxonomy":"product_tag","embeddable":true,"href":"https:\/\/cosmeticstoredz.com\/ar\/wp-json\/wp\/v2\/product_tag?post=1621"}],"curies":[{"name":"wp","href":"https:\/\/api.w.org\/{rel}","templated":true}]}}