{"id":1620,"date":"2026-02-16T08:50:16","date_gmt":"2026-02-16T08:50:16","guid":{"rendered":"https:\/\/test.fitnessworldgym27.com\/?post_type=product&#038;p=1620"},"modified":"2026-03-30T19:26:54","modified_gmt":"2026-03-30T19:26:54","slug":"johnsons-bebe-shp-200ml","status":"publish","type":"product","link":"https:\/\/cosmeticstoredz.com\/ar\/product\/johnsons-bebe-shp-200ml\/","title":{"rendered":"JOHNSONS BEBE SHP 200ML"},"content":{"rendered":"<p>Le <strong>Shampooing Johnson&rsquo;s 200 ml<\/strong> est compos\u00e9 d&rsquo;une formule No More Tears aussi douce pour les yeux de votre b\u00e9b\u00e9 que l&rsquo;eau pure.<\/p>\n<ul>\n<li>Sans colorants, parab\u00e8nes, phtalates, sulfates et alcool.<\/li>\n<li>Nettoie en douceur les cheveux et le cuir chevelu d\u00e9licat de votre b\u00e9b\u00e9.<\/li>\n<li>Laisse les cheveux de votre b\u00e9b\u00e9 doux, brillants, sains, propres et faciles \u00e0 coiffer.<\/li>\n<li>Non allerg\u00e8ne et pH neutre<\/li>\n<li>Test\u00e9 par des p\u00e9diatres et des dermatologue<\/li>\n<\/ul>\n<p><strong>Mode d&#8217;emploi<\/strong> : appliquez le shampooing sur le cuir chevelu mouill\u00e9 de votre b\u00e9b\u00e9, massez doucement et rincez bien.<\/p>","protected":false},"excerpt":{"rendered":"<p>Le <strong>Shampooing Johnson&rsquo;s 200 ml<\/strong> est compos\u00e9 d&rsquo;une formule No More Tears aussi douce pour les yeux de votre b\u00e9b\u00e9 que l&rsquo;eau pure.<\/p>\n<ul>\n<li>Sans colorants, parab\u00e8nes, phtalates, sulfates et alcool.<\/li>\n<li>Nettoie en douceur les cheveux et le cuir chevelu d\u00e9licat de votre b\u00e9b\u00e9.<\/li>\n<li>Laisse les cheveux de votre b\u00e9b\u00e9 doux, brillants, sains, propres et faciles \u00e0 coiffer.<\/li>\n<li>Non allerg\u00e8ne et pH neutre<\/li>\n<li>Test\u00e9 par des p\u00e9diatres et des dermatologue<\/li>\n<\/ul>","protected":false},"featured_media":1693,"comment_status":"open","ping_status":"closed","template":"","meta":[],"product_brand":[],"product_cat":[97,195,105],"product_tag":[125],"class_list":{"0":"post-1620","1":"product","2":"type-product","3":"status-publish","4":"has-post-thumbnail","6":"product_cat-bebe","7":"product_cat-johnsons","8":"product_cat-shampoing","9":"product_tag-made-in-france","11":"first","12":"instock","13":"shipping-taxable","14":"purchasable","15":"product-type-simple"},"yoast_head":"<!-- This site is optimized with the Yoast SEO plugin v27.3 - https:\/\/yoast.com\/product\/yoast-seo-wordpress\/ -->\n<title>JOHNSONS BEBE SHP 200ML - Cosmetic Store<\/title>\n<meta name=\"robots\" content=\"index, follow, max-snippet:-1, max-image-preview:large, max-video-preview:-1\" \/>\n<link rel=\"canonical\" href=\"https:\/\/cosmeticstoredz.com\/ar\/product\/johnsons-bebe-shp-200ml\/\" \/>\n<meta property=\"og:locale\" content=\"ar_AR\" \/>\n<meta property=\"og:type\" content=\"article\" \/>\n<meta property=\"og:title\" content=\"JOHNSONS BEBE SHP 200ML - Cosmetic Store\" \/>\n<meta property=\"og:description\" content=\"Le Shampooing Johnson&#039;s 200 ml est compos\u00e9 d&#039;une formule No More Tears aussi douce pour les yeux de votre b\u00e9b\u00e9 que l&#039;eau pure.   Sans colorants, parab\u00e8nes, phtalates, sulfates et alcool.  Nettoie en douceur les cheveux et le cuir chevelu d\u00e9licat de votre b\u00e9b\u00e9.  Laisse les cheveux de votre b\u00e9b\u00e9 doux, brillants, sains, propres et faciles \u00e0 coiffer.  Non allerg\u00e8ne et pH neutre  Test\u00e9 par des p\u00e9diatres et des dermatologue\" \/>\n<meta property=\"og:url\" content=\"https:\/\/cosmeticstoredz.com\/ar\/product\/johnsons-bebe-shp-200ml\/\" \/>\n<meta property=\"og:site_name\" content=\"Cosmetic Store\" \/>\n<meta property=\"article:publisher\" content=\"https:\/\/www.facebook.com\/profile.php?id=61564954260683\" \/>\n<meta property=\"article:modified_time\" content=\"2026-03-30T19:26:54+00:00\" \/>\n<meta property=\"og:image\" content=\"https:\/\/cosmeticstoredz.com\/wp-content\/uploads\/2026\/02\/CC-238.png\" \/>\n\t<meta property=\"og:image:width\" content=\"500\" \/>\n\t<meta property=\"og:image:height\" content=\"500\" \/>\n\t<meta property=\"og:image:type\" content=\"image\/png\" \/>\n<meta name=\"twitter:card\" content=\"summary_large_image\" \/>\n<script type=\"application\/ld+json\" class=\"yoast-schema-graph\">{\"@context\":\"https:\\\/\\\/schema.org\",\"@graph\":[{\"@type\":\"WebPage\",\"@id\":\"https:\\\/\\\/cosmeticstoredz.com\\\/produit\\\/johnsons-bebe-shp-200ml\\\/\",\"url\":\"https:\\\/\\\/cosmeticstoredz.com\\\/produit\\\/johnsons-bebe-shp-200ml\\\/\",\"name\":\"JOHNSONS BEBE SHP 200ML - Cosmetic Store\",\"isPartOf\":{\"@id\":\"https:\\\/\\\/cosmeticstoredz.com\\\/#website\"},\"primaryImageOfPage\":{\"@id\":\"https:\\\/\\\/cosmeticstoredz.com\\\/produit\\\/johnsons-bebe-shp-200ml\\\/#primaryimage\"},\"image\":{\"@id\":\"https:\\\/\\\/cosmeticstoredz.com\\\/produit\\\/johnsons-bebe-shp-200ml\\\/#primaryimage\"},\"thumbnailUrl\":\"https:\\\/\\\/cosmeticstoredz.com\\\/wp-content\\\/uploads\\\/2026\\\/02\\\/CC-238.png\",\"datePublished\":\"2026-02-16T08:50:16+00:00\",\"dateModified\":\"2026-03-30T19:26:54+00:00\",\"breadcrumb\":{\"@id\":\"https:\\\/\\\/cosmeticstoredz.com\\\/produit\\\/johnsons-bebe-shp-200ml\\\/#breadcrumb\"},\"inLanguage\":\"ar\",\"potentialAction\":[{\"@type\":\"ReadAction\",\"target\":[\"https:\\\/\\\/cosmeticstoredz.com\\\/produit\\\/johnsons-bebe-shp-200ml\\\/\"]}]},{\"@type\":\"ImageObject\",\"inLanguage\":\"ar\",\"@id\":\"https:\\\/\\\/cosmeticstoredz.com\\\/produit\\\/johnsons-bebe-shp-200ml\\\/#primaryimage\",\"url\":\"https:\\\/\\\/cosmeticstoredz.com\\\/wp-content\\\/uploads\\\/2026\\\/02\\\/CC-238.png\",\"contentUrl\":\"https:\\\/\\\/cosmeticstoredz.com\\\/wp-content\\\/uploads\\\/2026\\\/02\\\/CC-238.png\",\"width\":500,\"height\":500},{\"@type\":\"BreadcrumbList\",\"@id\":\"https:\\\/\\\/cosmeticstoredz.com\\\/produit\\\/johnsons-bebe-shp-200ml\\\/#breadcrumb\",\"itemListElement\":[{\"@type\":\"ListItem\",\"position\":1,\"name\":\"Accueil\",\"item\":\"https:\\\/\\\/cosmeticstoredz.com\\\/\"},{\"@type\":\"ListItem\",\"position\":2,\"name\":\"Boutique\",\"item\":\"https:\\\/\\\/cosmeticstoredz.com\\\/boutique\\\/\"},{\"@type\":\"ListItem\",\"position\":3,\"name\":\"JOHNSONS BEBE SHP 200ML\"}]},{\"@type\":\"WebSite\",\"@id\":\"https:\\\/\\\/cosmeticstoredz.com\\\/#website\",\"url\":\"https:\\\/\\\/cosmeticstoredz.com\\\/\",\"name\":\"Cosmetic Store\",\"description\":\"\",\"publisher\":{\"@id\":\"https:\\\/\\\/cosmeticstoredz.com\\\/#organization\"},\"potentialAction\":[{\"@type\":\"SearchAction\",\"target\":{\"@type\":\"EntryPoint\",\"urlTemplate\":\"https:\\\/\\\/cosmeticstoredz.com\\\/?s={search_term_string}\"},\"query-input\":{\"@type\":\"PropertyValueSpecification\",\"valueRequired\":true,\"valueName\":\"search_term_string\"}}],\"inLanguage\":\"ar\"},{\"@type\":\"Organization\",\"@id\":\"https:\\\/\\\/cosmeticstoredz.com\\\/#organization\",\"name\":\"Cosmetic Store\",\"url\":\"https:\\\/\\\/cosmeticstoredz.com\\\/\",\"logo\":{\"@type\":\"ImageObject\",\"inLanguage\":\"ar\",\"@id\":\"https:\\\/\\\/cosmeticstoredz.com\\\/#\\\/schema\\\/logo\\\/image\\\/\",\"url\":\"https:\\\/\\\/cosmeticstoredz.com\\\/wp-content\\\/uploads\\\/2026\\\/02\\\/cropped-LOGO_CS-512x512-1-1-e1771275285345.webp\",\"contentUrl\":\"https:\\\/\\\/cosmeticstoredz.com\\\/wp-content\\\/uploads\\\/2026\\\/02\\\/cropped-LOGO_CS-512x512-1-1-e1771275285345.webp\",\"width\":265,\"height\":319,\"caption\":\"Cosmetic Store\"},\"image\":{\"@id\":\"https:\\\/\\\/cosmeticstoredz.com\\\/#\\\/schema\\\/logo\\\/image\\\/\"},\"sameAs\":[\"https:\\\/\\\/www.facebook.com\\\/profile.php?id=61564954260683\",\"https:\\\/\\\/www.instagram.com\\\/cosmetic.storedz\\\/\"]}]}<\/script>\n<!-- \/ Yoast SEO plugin. -->","yoast_head_json":{"title":"JOHNSONS BEBE SHP 200ML - Cosmetic Store","robots":{"index":"index","follow":"follow","max-snippet":"max-snippet:-1","max-image-preview":"max-image-preview:large","max-video-preview":"max-video-preview:-1"},"canonical":"https:\/\/cosmeticstoredz.com\/ar\/product\/johnsons-bebe-shp-200ml\/","og_locale":"ar_AR","og_type":"article","og_title":"JOHNSONS BEBE SHP 200ML - Cosmetic Store","og_description":"Le Shampooing Johnson's 200 ml est compos\u00e9 d'une formule No More Tears aussi douce pour les yeux de votre b\u00e9b\u00e9 que l'eau pure.   Sans colorants, parab\u00e8nes, phtalates, sulfates et alcool.  Nettoie en douceur les cheveux et le cuir chevelu d\u00e9licat de votre b\u00e9b\u00e9.  Laisse les cheveux de votre b\u00e9b\u00e9 doux, brillants, sains, propres et faciles \u00e0 coiffer.  Non allerg\u00e8ne et pH neutre  Test\u00e9 par des p\u00e9diatres et des dermatologue","og_url":"https:\/\/cosmeticstoredz.com\/ar\/product\/johnsons-bebe-shp-200ml\/","og_site_name":"Cosmetic Store","article_publisher":"https:\/\/www.facebook.com\/profile.php?id=61564954260683","article_modified_time":"2026-03-30T19:26:54+00:00","og_image":[{"width":500,"height":500,"url":"https:\/\/cosmeticstoredz.com\/wp-content\/uploads\/2026\/02\/CC-238.png","type":"image\/png"}],"twitter_card":"summary_large_image","schema":{"@context":"https:\/\/schema.org","@graph":[{"@type":"WebPage","@id":"https:\/\/cosmeticstoredz.com\/produit\/johnsons-bebe-shp-200ml\/","url":"https:\/\/cosmeticstoredz.com\/produit\/johnsons-bebe-shp-200ml\/","name":"JOHNSONS BEBE SHP 200ML - Cosmetic Store","isPartOf":{"@id":"https:\/\/cosmeticstoredz.com\/#website"},"primaryImageOfPage":{"@id":"https:\/\/cosmeticstoredz.com\/produit\/johnsons-bebe-shp-200ml\/#primaryimage"},"image":{"@id":"https:\/\/cosmeticstoredz.com\/produit\/johnsons-bebe-shp-200ml\/#primaryimage"},"thumbnailUrl":"https:\/\/cosmeticstoredz.com\/wp-content\/uploads\/2026\/02\/CC-238.png","datePublished":"2026-02-16T08:50:16+00:00","dateModified":"2026-03-30T19:26:54+00:00","breadcrumb":{"@id":"https:\/\/cosmeticstoredz.com\/produit\/johnsons-bebe-shp-200ml\/#breadcrumb"},"inLanguage":"ar","potentialAction":[{"@type":"ReadAction","target":["https:\/\/cosmeticstoredz.com\/produit\/johnsons-bebe-shp-200ml\/"]}]},{"@type":"ImageObject","inLanguage":"ar","@id":"https:\/\/cosmeticstoredz.com\/produit\/johnsons-bebe-shp-200ml\/#primaryimage","url":"https:\/\/cosmeticstoredz.com\/wp-content\/uploads\/2026\/02\/CC-238.png","contentUrl":"https:\/\/cosmeticstoredz.com\/wp-content\/uploads\/2026\/02\/CC-238.png","width":500,"height":500},{"@type":"BreadcrumbList","@id":"https:\/\/cosmeticstoredz.com\/produit\/johnsons-bebe-shp-200ml\/#breadcrumb","itemListElement":[{"@type":"ListItem","position":1,"name":"Accueil","item":"https:\/\/cosmeticstoredz.com\/"},{"@type":"ListItem","position":2,"name":"Boutique","item":"https:\/\/cosmeticstoredz.com\/boutique\/"},{"@type":"ListItem","position":3,"name":"JOHNSONS BEBE SHP 200ML"}]},{"@type":"WebSite","@id":"https:\/\/cosmeticstoredz.com\/#website","url":"https:\/\/cosmeticstoredz.com\/","name":"Cosmetic Store","description":"","publisher":{"@id":"https:\/\/cosmeticstoredz.com\/#organization"},"potentialAction":[{"@type":"SearchAction","target":{"@type":"EntryPoint","urlTemplate":"https:\/\/cosmeticstoredz.com\/?s={search_term_string}"},"query-input":{"@type":"PropertyValueSpecification","valueRequired":true,"valueName":"search_term_string"}}],"inLanguage":"ar"},{"@type":"Organization","@id":"https:\/\/cosmeticstoredz.com\/#organization","name":"Cosmetic Store","url":"https:\/\/cosmeticstoredz.com\/","logo":{"@type":"ImageObject","inLanguage":"ar","@id":"https:\/\/cosmeticstoredz.com\/#\/schema\/logo\/image\/","url":"https:\/\/cosmeticstoredz.com\/wp-content\/uploads\/2026\/02\/cropped-LOGO_CS-512x512-1-1-e1771275285345.webp","contentUrl":"https:\/\/cosmeticstoredz.com\/wp-content\/uploads\/2026\/02\/cropped-LOGO_CS-512x512-1-1-e1771275285345.webp","width":265,"height":319,"caption":"Cosmetic Store"},"image":{"@id":"https:\/\/cosmeticstoredz.com\/#\/schema\/logo\/image\/"},"sameAs":["https:\/\/www.facebook.com\/profile.php?id=61564954260683","https:\/\/www.instagram.com\/cosmetic.storedz\/"]}]}},"_links":{"self":[{"href":"https:\/\/cosmeticstoredz.com\/ar\/wp-json\/wp\/v2\/product\/1620","targetHints":{"allow":["GET"]}}],"collection":[{"href":"https:\/\/cosmeticstoredz.com\/ar\/wp-json\/wp\/v2\/product"}],"about":[{"href":"https:\/\/cosmeticstoredz.com\/ar\/wp-json\/wp\/v2\/types\/product"}],"replies":[{"embeddable":true,"href":"https:\/\/cosmeticstoredz.com\/ar\/wp-json\/wp\/v2\/comments?post=1620"}],"version-history":[{"count":1,"href":"https:\/\/cosmeticstoredz.com\/ar\/wp-json\/wp\/v2\/product\/1620\/revisions"}],"predecessor-version":[{"id":1694,"href":"https:\/\/cosmeticstoredz.com\/ar\/wp-json\/wp\/v2\/product\/1620\/revisions\/1694"}],"wp:featuredmedia":[{"embeddable":true,"href":"https:\/\/cosmeticstoredz.com\/ar\/wp-json\/wp\/v2\/media\/1693"}],"wp:attachment":[{"href":"https:\/\/cosmeticstoredz.com\/ar\/wp-json\/wp\/v2\/media?parent=1620"}],"wp:term":[{"taxonomy":"product_brand","embeddable":true,"href":"https:\/\/cosmeticstoredz.com\/ar\/wp-json\/wp\/v2\/product_brand?post=1620"},{"taxonomy":"product_cat","embeddable":true,"href":"https:\/\/cosmeticstoredz.com\/ar\/wp-json\/wp\/v2\/product_cat?post=1620"},{"taxonomy":"product_tag","embeddable":true,"href":"https:\/\/cosmeticstoredz.com\/ar\/wp-json\/wp\/v2\/product_tag?post=1620"}],"curies":[{"name":"wp","href":"https:\/\/api.w.org\/{rel}","templated":true}]}}