{"id":1617,"date":"2026-02-16T08:50:16","date_gmt":"2026-02-16T08:50:16","guid":{"rendered":"https:\/\/test.fitnessworldgym27.com\/?post_type=product&#038;p=1617"},"modified":"2026-03-30T19:26:53","modified_gmt":"2026-03-30T19:26:53","slug":"johnson-baby-edc-bleu","status":"publish","type":"product","link":"https:\/\/cosmeticstoredz.com\/ar\/product\/johnson-baby-edc-bleu\/","title":{"rendered":"JOHNSON BABY EDC BLEU"},"content":{"rendered":"<div class=\"product-detials__desc\" data-shrink-height=\"300\">\n<p><b>Cologne pour b\u00e9b\u00e9 Morning Dew de Johnson&rsquo;s 200 ml\u00a0:<\/b><\/p>\n<p>JOHNSON\u2019S Baby a con\u00e7u l\u2019eau de Cologne Morning Dew pour donner \u00e0 votre b\u00e9b\u00e9 une touche de fra\u00eecheur, \u00e0 tout moment de la journ\u00e9e.<\/p>\n<p>Cette eau de toilette pour b\u00e9b\u00e9 a un parfum doux et frais avec une agr\u00e9able combinaison de notes florales et d\u2019agrumes.<\/p>\n<ul>\n<li>Formule douce scientifiquement prouv\u00e9e sp\u00e9cialement con\u00e7ue pour la peau d\u00e9licate de b\u00e9b\u00e9 avec un parfum de ros\u00e9e du matin<\/li>\n<li>Il contient des brises oc\u00e9aniques pour une fra\u00eecheur longue dur\u00e9e<\/li>\n<li>Test\u00e9 par des p\u00e9diatres et des dermatologues<\/li>\n<\/ul>\n<p>&nbsp;<\/p>\n<\/div>","protected":false},"excerpt":{"rendered":"<p><b>Cologne pour b\u00e9b\u00e9 Morning Dew de Johnson&rsquo;s 200 ml\u00a0:<\/b><\/p>\n<p>JOHNSON\u2019S Baby a con\u00e7u l\u2019eau de Cologne Morning Dew pour donner \u00e0 votre b\u00e9b\u00e9 une touche de fra\u00eecheur, \u00e0 tout moment de la journ\u00e9e.<\/p>\n<p>Cette eau de toilette pour b\u00e9b\u00e9 a un parfum doux et frais avec une agr\u00e9able combinaison de notes florales et d\u2019agrumes.<\/p>\n<ul>\n<li>Formule douce scientifiquement prouv\u00e9e sp\u00e9cialement con\u00e7ue pour la peau d\u00e9licate de b\u00e9b\u00e9 avec un parfum de ros\u00e9e du matin<\/li>\n<li>Il contient des brises oc\u00e9aniques pour une fra\u00eecheur longue dur\u00e9e<\/li>\n<li>Test\u00e9 par des p\u00e9diatres et des dermatologues<\/li>\n<\/ul>","protected":false},"featured_media":1687,"comment_status":"open","ping_status":"closed","template":"","meta":[],"product_brand":[],"product_cat":[97,104,195],"product_tag":[112],"class_list":{"0":"post-1617","1":"product","2":"type-product","3":"status-publish","4":"has-post-thumbnail","6":"product_cat-bebe","7":"product_cat-eau-de-cologne","8":"product_cat-johnsons","9":"product_tag-made-in-uae","11":"first","12":"outofstock","13":"shipping-taxable","14":"purchasable","15":"product-type-simple"},"_links":{"self":[{"href":"https:\/\/cosmeticstoredz.com\/ar\/wp-json\/wp\/v2\/product\/1617","targetHints":{"allow":["GET"]}}],"collection":[{"href":"https:\/\/cosmeticstoredz.com\/ar\/wp-json\/wp\/v2\/product"}],"about":[{"href":"https:\/\/cosmeticstoredz.com\/ar\/wp-json\/wp\/v2\/types\/product"}],"replies":[{"embeddable":true,"href":"https:\/\/cosmeticstoredz.com\/ar\/wp-json\/wp\/v2\/comments?post=1617"}],"version-history":[{"count":1,"href":"https:\/\/cosmeticstoredz.com\/ar\/wp-json\/wp\/v2\/product\/1617\/revisions"}],"predecessor-version":[{"id":1688,"href":"https:\/\/cosmeticstoredz.com\/ar\/wp-json\/wp\/v2\/product\/1617\/revisions\/1688"}],"wp:featuredmedia":[{"embeddable":true,"href":"https:\/\/cosmeticstoredz.com\/ar\/wp-json\/wp\/v2\/media\/1687"}],"wp:attachment":[{"href":"https:\/\/cosmeticstoredz.com\/ar\/wp-json\/wp\/v2\/media?parent=1617"}],"wp:term":[{"taxonomy":"product_brand","embeddable":true,"href":"https:\/\/cosmeticstoredz.com\/ar\/wp-json\/wp\/v2\/product_brand?post=1617"},{"taxonomy":"product_cat","embeddable":true,"href":"https:\/\/cosmeticstoredz.com\/ar\/wp-json\/wp\/v2\/product_cat?post=1617"},{"taxonomy":"product_tag","embeddable":true,"href":"https:\/\/cosmeticstoredz.com\/ar\/wp-json\/wp\/v2\/product_tag?post=1617"}],"curies":[{"name":"wp","href":"https:\/\/api.w.org\/{rel}","templated":true}]}}