{"id":1614,"date":"2026-02-16T08:50:16","date_gmt":"2026-02-16T08:50:16","guid":{"rendered":"https:\/\/test.fitnessworldgym27.com\/?post_type=product&#038;p=1614"},"modified":"2026-03-30T19:25:17","modified_gmt":"2026-03-30T19:25:17","slug":"huile-johson-200ml","status":"publish","type":"product","link":"https:\/\/cosmeticstoredz.com\/ar\/product\/huile-johson-200ml\/","title":{"rendered":"HUILE JOHSON 200ML"},"content":{"rendered":"<p>Donnez un massage \u00e0 votre b\u00e9b\u00e9 avec une huile douce et hydratante pour tisser des liens avec lui. Id\u00e9ale pour la routine du dodo, entre les changements de couche ou imm\u00e9diatement apr\u00e8s un bain, <strong>l\u2019huile pour b\u00e9b\u00e9s JOHNSON\u2019S<\/strong>\u00ae\u00a0retient jusqu\u2019\u00e0 10 fois plus d\u2019hydratation sur la peau mouill\u00e9e qu\u2019une lotion traditionnelle en retiendrait sur la peau s\u00e8che. Elle est parfaite pour masser la peau d\u00e9licate de b\u00e9b\u00e9 et lui conf\u00e9rer douceur et souplesse.<\/p>\n<p>Sans parab\u00e8nes, phtalates, sulfates ni colorants<\/p>\n<ul>\n<li>Test\u00e9e par des dermatologues<\/li>\n<li>Notre formule hypoallerg\u00e9nique est con\u00e7ue pour \u00eatre douce, jamais irritante<\/li>\n<li>Notre formule \u00e0 la douceur \u00e9prouv\u00e9e en clinique est sp\u00e9cialement con\u00e7ue pour la peau d\u00e9licate de b\u00e9b\u00e9<\/li>\n<li>Sans parab\u00e8nes, phtalates, sulfates ni colorants<\/li>\n<\/ul>\n<p>Notre huile pour b\u00e9b\u00e9s convient aussi aux adultes! Obtenez-en tous les bienfaits :<\/p>\n<ul>\n<li>La formule apaise les zones de peau s\u00e8che et r\u00eache<\/li>\n<li>La peau devient alors incroyablement douce et lisse au toucher, comme celle de b\u00e9b\u00e9<\/li>\n<\/ul>\n<p><strong>MODE D\u2019EMPLOI :<\/strong>\u00a0Appliquer sur la peau humide de b\u00e9b\u00e9 apr\u00e8s le bain, en massant d\u00e9licatement pour laisser une sensation de douceur. Donne de meilleurs r\u00e9sultats sur la peau humide que sur la peau s\u00e8che.<\/p>\n<p><strong>CONSEILS DE S\u00c9CURIT\u00c9 : Pour usage externe seulement.<\/strong> En cas d\u2019\u00e9ruption cutan\u00e9e, cesser l\u2019emploi. Garder hors de la port\u00e9e des enfants .<\/p>","protected":false},"excerpt":{"rendered":"<p>Donnez un massage \u00e0 votre b\u00e9b\u00e9 avec une huile douce et hydratante pour tisser des liens avec lui. Id\u00e9ale pour la routine du dodo, entre les changements de couche ou imm\u00e9diatement apr\u00e8s un bain, <strong>l\u2019huile pour b\u00e9b\u00e9s JOHNSON\u2019S<\/strong>\u00ae\u00a0retient jusqu\u2019\u00e0 10 fois plus d\u2019hydratation sur la peau mouill\u00e9e qu\u2019une lotion traditionnelle en retiendrait sur la peau s\u00e8che. Elle est parfaite pour masser la peau d\u00e9licate de b\u00e9b\u00e9 et lui conf\u00e9rer douceur et souplesse.<\/p>\n<p>Sans parab\u00e8nes, phtalates, sulfates ni colorants<\/p>","protected":false},"featured_media":1681,"comment_status":"open","ping_status":"closed","template":"","meta":[],"product_brand":[],"product_cat":[97,194,195],"product_tag":[125],"class_list":{"0":"post-1614","1":"product","2":"type-product","3":"status-publish","4":"has-post-thumbnail","6":"product_cat-bebe","7":"product_cat-huile-de-massage-bebe","8":"product_cat-johnsons","9":"product_tag-made-in-france","11":"first","12":"outofstock","13":"shipping-taxable","14":"purchasable","15":"product-type-simple"},"_links":{"self":[{"href":"https:\/\/cosmeticstoredz.com\/ar\/wp-json\/wp\/v2\/product\/1614","targetHints":{"allow":["GET"]}}],"collection":[{"href":"https:\/\/cosmeticstoredz.com\/ar\/wp-json\/wp\/v2\/product"}],"about":[{"href":"https:\/\/cosmeticstoredz.com\/ar\/wp-json\/wp\/v2\/types\/product"}],"replies":[{"embeddable":true,"href":"https:\/\/cosmeticstoredz.com\/ar\/wp-json\/wp\/v2\/comments?post=1614"}],"version-history":[{"count":1,"href":"https:\/\/cosmeticstoredz.com\/ar\/wp-json\/wp\/v2\/product\/1614\/revisions"}],"predecessor-version":[{"id":1682,"href":"https:\/\/cosmeticstoredz.com\/ar\/wp-json\/wp\/v2\/product\/1614\/revisions\/1682"}],"wp:featuredmedia":[{"embeddable":true,"href":"https:\/\/cosmeticstoredz.com\/ar\/wp-json\/wp\/v2\/media\/1681"}],"wp:attachment":[{"href":"https:\/\/cosmeticstoredz.com\/ar\/wp-json\/wp\/v2\/media?parent=1614"}],"wp:term":[{"taxonomy":"product_brand","embeddable":true,"href":"https:\/\/cosmeticstoredz.com\/ar\/wp-json\/wp\/v2\/product_brand?post=1614"},{"taxonomy":"product_cat","embeddable":true,"href":"https:\/\/cosmeticstoredz.com\/ar\/wp-json\/wp\/v2\/product_cat?post=1614"},{"taxonomy":"product_tag","embeddable":true,"href":"https:\/\/cosmeticstoredz.com\/ar\/wp-json\/wp\/v2\/product_tag?post=1614"}],"curies":[{"name":"wp","href":"https:\/\/api.w.org\/{rel}","templated":true}]}}