{"id":1609,"date":"2026-02-16T08:50:16","date_gmt":"2026-02-16T08:50:16","guid":{"rendered":"https:\/\/test.fitnessworldgym27.com\/?post_type=product&#038;p=1609"},"modified":"2026-03-30T19:25:17","modified_gmt":"2026-03-30T19:25:17","slug":"hair-food-masque-papaye","status":"publish","type":"product","link":"https:\/\/cosmeticstoredz.com\/ar\/product\/hair-food-masque-papaye\/","title":{"rendered":"HAIR FOOD MASQUE PAPAYE"},"content":{"rendered":"<p>Mettez fin une fois pour toutes aux cheveux ab\u00eem\u00e9s par la couleur avec <strong>Garnier Fructis Goji Hair Food<\/strong>. Le masque capillaire Garnier Hair Food, additionn\u00e9 de Goji et d&rsquo;huiles v\u00e9g\u00e9tales, soigne efficacement et en douceur les cheveux color\u00e9s et leur redonne leur couleur \u00e9clatante d&rsquo;origine. Garnier Fructis Goji contient 98% de substances naturelles et est totalement exempt de parab\u00e8nes , de silicone et de colorants artificiels. Avec le masque Hair Food, vous d\u00e9couvrirez le pouvoir du Goji sur vos propres cheveux et retrouverez leur vitalit\u00e9 perdue.<\/p>\n<ul>\n<li>&#8211; avec du Goji pour redonner une couleur \u00e9clatante<\/li>\n<li>&#8211; masque, revitalisant et soin sans rin\u00e7age 3 en 1<\/li>\n<li>&#8211; Le masque <strong>Garnier Hair Food<\/strong> contient 98% d&rsquo;ingr\u00e9dients naturels<\/li>\n<li>&#8211; de par sa composition, il convient \u00e9galement aux v\u00e9g\u00e9taliens<\/li>\n<li>&#8211; ne contient pas de parab\u00e8nes , de silicone ou colorants artificiels<\/li>\n<\/ul>\n<p>Le masque <strong>Fructis Goji<\/strong> d&rsquo;une contenance de 390 ml prend vraiment parfaitement soin des cheveux color\u00e9s gr\u00e2ce \u00e0 sa triple utilisation. Garnier Hair Food peut \u00eatre utilis\u00e9 comme apr\u00e8s-shampoing, masque de soin ou comme traitement sans rin\u00e7age. C&rsquo;est enti\u00e8rement \u00e0 vous et \u00e0 vos options de temps de d\u00e9cider quelle m\u00e9thode vous convient le mieux. Dans tous les cas, vous pouvez vous attendre \u00e0 des cheveux brillants et \u00e9blouissants avec le masque Fructis Hair Food.<\/p>\n<p><strong>Utilisez 3 options<\/strong> :<\/p>\n<ul>\n<li>1. Baume capillaire &#8211; appliquer sur cheveux mouill\u00e9s et rincer.<\/li>\n<li>2. Masque capillaire &#8211; appliquer sur cheveux mouill\u00e9s, laisser agir 3 minutes et rincer abondamment.<\/li>\n<li>3. Soin sans rin\u00e7age &#8211; appliquer une petite quantit\u00e9 sur les longueurs de cheveux secs ou mouill\u00e9s.<\/li>\n<\/ul>","protected":false},"excerpt":{"rendered":"<p>Mettez fin une fois pour toutes aux cheveux ab\u00eem\u00e9s par la couleur avec <strong>Garnier Fructis Goji Hair Food<\/strong>. Le masque capillaire Garnier Hair Food, additionn\u00e9 de Goji et d&rsquo;huiles v\u00e9g\u00e9tales, soigne efficacement et en douceur les cheveux color\u00e9s et leur redonne leur couleur \u00e9clatante d&rsquo;origine. Garnier Fructis Goji contient 98% de substances naturelles et est totalement exempt de parab\u00e8nes , de silicone et de colorants artificiels. Avec le masque Hair Food, vous d\u00e9couvrirez le pouvoir du Goji sur vos propres cheveux et retrouverez leur vitalit\u00e9 perdue.<\/p>\n<ul>\n<li>&#8211; avec du Goji pour redonner une couleur \u00e9clatante<\/li>\n<li>&#8211; masque, revitalisant et soin sans rin\u00e7age 3 en 1<\/li>\n<li>&#8211; Le masque <strong>Garnier Hair Food<\/strong> contient 98% d&rsquo;ingr\u00e9dients naturels<\/li>\n<li>&#8211; de par sa composition, il convient \u00e9galement aux v\u00e9g\u00e9taliens<\/li>\n<li>&#8211; ne contient pas de parab\u00e8nes , de silicone ou colorants artificiels<\/li>\n<\/ul>","protected":false},"featured_media":1653,"comment_status":"open","ping_status":"closed","template":"","meta":[],"product_brand":[],"product_cat":[75,191,155,95],"product_tag":[125],"class_list":{"0":"post-1609","1":"product","2":"type-product","3":"status-publish","4":"has-post-thumbnail","6":"product_cat-femme","7":"product_cat-garnier","8":"product_cat-masque","9":"product_cat-soin-cheveux-f","10":"product_tag-made-in-france","12":"first","13":"outofstock","14":"shipping-taxable","15":"purchasable","16":"product-type-simple"},"_links":{"self":[{"href":"https:\/\/cosmeticstoredz.com\/ar\/wp-json\/wp\/v2\/product\/1609","targetHints":{"allow":["GET"]}}],"collection":[{"href":"https:\/\/cosmeticstoredz.com\/ar\/wp-json\/wp\/v2\/product"}],"about":[{"href":"https:\/\/cosmeticstoredz.com\/ar\/wp-json\/wp\/v2\/types\/product"}],"replies":[{"embeddable":true,"href":"https:\/\/cosmeticstoredz.com\/ar\/wp-json\/wp\/v2\/comments?post=1609"}],"version-history":[{"count":1,"href":"https:\/\/cosmeticstoredz.com\/ar\/wp-json\/wp\/v2\/product\/1609\/revisions"}],"predecessor-version":[{"id":1654,"href":"https:\/\/cosmeticstoredz.com\/ar\/wp-json\/wp\/v2\/product\/1609\/revisions\/1654"}],"wp:featuredmedia":[{"embeddable":true,"href":"https:\/\/cosmeticstoredz.com\/ar\/wp-json\/wp\/v2\/media\/1653"}],"wp:attachment":[{"href":"https:\/\/cosmeticstoredz.com\/ar\/wp-json\/wp\/v2\/media?parent=1609"}],"wp:term":[{"taxonomy":"product_brand","embeddable":true,"href":"https:\/\/cosmeticstoredz.com\/ar\/wp-json\/wp\/v2\/product_brand?post=1609"},{"taxonomy":"product_cat","embeddable":true,"href":"https:\/\/cosmeticstoredz.com\/ar\/wp-json\/wp\/v2\/product_cat?post=1609"},{"taxonomy":"product_tag","embeddable":true,"href":"https:\/\/cosmeticstoredz.com\/ar\/wp-json\/wp\/v2\/product_tag?post=1609"}],"curies":[{"name":"wp","href":"https:\/\/api.w.org\/{rel}","templated":true}]}}