{"id":1572,"date":"2026-02-16T08:49:55","date_gmt":"2026-02-16T08:49:55","guid":{"rendered":"https:\/\/test.fitnessworldgym27.com\/?post_type=product&#038;p=1572"},"modified":"2026-03-30T19:25:17","modified_gmt":"2026-03-30T19:25:17","slug":"garnier-ultra-doux-shampoing-gingembre","status":"publish","type":"product","link":"https:\/\/cosmeticstoredz.com\/ar\/product\/garnier-ultra-doux-shampoing-gingembre\/","title":{"rendered":"GARNIER ULTRA DOUX SHAMPOING GINGEMBRE"},"content":{"rendered":"<p><strong>RACINE DE GINGEMBRE BIO &amp; MIEL D&rsquo;ACACIA POUR CHEVEUX TERNES ET AFFAIBLIS.<\/strong><\/p>\n<p>V\u00e9ritable recette de r\u00e9paration pour les cheveux affaiblis et ab\u00eem\u00e9s, le shampooing Garnier Ultra Doux associe la Racine de Gingembre Bio r\u00e9colt\u00e9e au c\u0153ur de l&rsquo;Inde : un tr\u00e9sor de vitalit\u00e9 pour des cheveux revigor\u00e9s et revitalis\u00e9s de la racine jusqu\u2019aux pointes, au Miel d&rsquo;Acacia : nectar mill\u00e9naire, reconnu pour sa douceur et ses vertus nourrissantes.<\/p>\n<p>Sans silicone pour un toucher naturel, sa texture cr\u00e9meuse enveloppe vos cheveux de soin sans les alourdir.<br \/>\nSon parfum subtil et \u00e9pic\u00e9 vous fera passer un moment de plaisir r\u00e9confortant.<\/p>\n<p>R\u00e9sultat : intens\u00e9ment renforc\u00e9s, vos cheveux sont pleins de vie : plus brillants et plus faciles \u00e0 coiffer.<\/p>\n<p><strong>Application :\u00a0<\/strong><\/p>\n<p>1) Versez une noisette de shampooing dans vos mains.<br \/>\n2) Appliquez le shampooing sur cheveux mouill\u00e9s.<br \/>\n3) R\u00e9partissez le produit sur les longueurs et \u00e9mulsionnez pendant 1 minute en massant le cuir chevelu<br \/>\n4) Rincez abondamment.<\/p>\n<p>Les listes d\u2019ingr\u00e9dients entrant dans la composition des produits de notre marque sont r\u00e9guli\u00e8rement mises \u00e0 jour. Avant d\u2019utiliser un produit de notre marque, vous \u00eates invit\u00e9s \u00e0 lire la liste d\u2019ingr\u00e9dients figurant sur son emballage afin de vous assurer que les ingr\u00e9dients sont adapt\u00e9s \u00e0 votre utilisation personnelle.<\/p>\n<div id=\"gtx-trans\"><\/div>","protected":false},"excerpt":{"rendered":"<p>Pour apporter r\u00e9paration aux cheveux affaiblis et ab\u00eem\u00e9s, Garnier Ultra Doux a con\u00e7u une v\u00e9ritable recette revitalisante \u00e0 la racine de Gingembre Bio et au Miel d\u2019Acacia.<\/p>","protected":false},"featured_media":1643,"comment_status":"open","ping_status":"closed","template":"","meta":[],"product_brand":[],"product_cat":[75,191,72,111,159,95,92],"product_tag":[125],"class_list":{"0":"post-1572","1":"product","2":"type-product","3":"status-publish","4":"has-post-thumbnail","6":"product_cat-femme","7":"product_cat-garnier","8":"product_cat-homme","9":"product_cat-shampoing-f","10":"product_cat-shampoing-h","11":"product_cat-soin-cheveux-f","12":"product_cat-soin-cheveux-h","13":"product_tag-made-in-france","15":"first","16":"outofstock","17":"shipping-taxable","18":"purchasable","19":"product-type-simple"},"_links":{"self":[{"href":"https:\/\/cosmeticstoredz.com\/ar\/wp-json\/wp\/v2\/product\/1572","targetHints":{"allow":["GET"]}}],"collection":[{"href":"https:\/\/cosmeticstoredz.com\/ar\/wp-json\/wp\/v2\/product"}],"about":[{"href":"https:\/\/cosmeticstoredz.com\/ar\/wp-json\/wp\/v2\/types\/product"}],"replies":[{"embeddable":true,"href":"https:\/\/cosmeticstoredz.com\/ar\/wp-json\/wp\/v2\/comments?post=1572"}],"version-history":[{"count":1,"href":"https:\/\/cosmeticstoredz.com\/ar\/wp-json\/wp\/v2\/product\/1572\/revisions"}],"predecessor-version":[{"id":1644,"href":"https:\/\/cosmeticstoredz.com\/ar\/wp-json\/wp\/v2\/product\/1572\/revisions\/1644"}],"wp:featuredmedia":[{"embeddable":true,"href":"https:\/\/cosmeticstoredz.com\/ar\/wp-json\/wp\/v2\/media\/1643"}],"wp:attachment":[{"href":"https:\/\/cosmeticstoredz.com\/ar\/wp-json\/wp\/v2\/media?parent=1572"}],"wp:term":[{"taxonomy":"product_brand","embeddable":true,"href":"https:\/\/cosmeticstoredz.com\/ar\/wp-json\/wp\/v2\/product_brand?post=1572"},{"taxonomy":"product_cat","embeddable":true,"href":"https:\/\/cosmeticstoredz.com\/ar\/wp-json\/wp\/v2\/product_cat?post=1572"},{"taxonomy":"product_tag","embeddable":true,"href":"https:\/\/cosmeticstoredz.com\/ar\/wp-json\/wp\/v2\/product_tag?post=1572"}],"curies":[{"name":"wp","href":"https:\/\/api.w.org\/{rel}","templated":true}]}}