{"id":1571,"date":"2026-02-16T08:49:54","date_gmt":"2026-02-16T08:49:54","guid":{"rendered":"https:\/\/test.fitnessworldgym27.com\/?post_type=product&#038;p=1571"},"modified":"2026-03-30T19:25:17","modified_gmt":"2026-03-30T19:25:17","slug":"garnier-ultra-doux-shampoing-extrait-de-tilleul","status":"publish","type":"product","link":"https:\/\/cosmeticstoredz.com\/ar\/product\/garnier-ultra-doux-shampoing-extrait-de-tilleul\/","title":{"rendered":"GARNIER ULTRA DOUX SHAMPOING EXTRAIT DE TILLEUL"},"content":{"rendered":"<p>Pour apporter douceur et brillance aux cheveux normaux, <strong>Garnier Ultra Doux<\/strong> a con\u00e7u une v\u00e9ritable recette de vitalit\u00e9 \u00e0 l\u2019Extrait de Tilleul.<br \/>\nV\u00e9ritable recette de vitalit\u00e9 pour les cheveux normaux, le shampooing Garnier Ultra DOUX associe le Tilleul, reconnu pour ses qualit\u00e9s adoucissantes et sa richesse en huiles essentielles, \u00e0 une texture pure et moussante qui n&rsquo;alourdit pas vos cheveux.<br \/>\nFormul\u00e9 sans silicone.<br \/>\nL\u2019extr\u00eame douceur puis\u00e9e au c\u0153ur des plantes.<br \/>\nLe tilleul est un arbre majestueux, de 15 \u00e0 40 m de hauteur, \u00e0 la long\u00e9vit\u00e9 exceptionnelle (jusqu\u2019\u00e0 5 si\u00e8cles). Ses feuilles et ses fleurs tr\u00e8s odorantes sont utilis\u00e9es pour pr\u00e9parer des infusions calmantes et relaxantes. Elles ont aussi des vertus d\u00e9toxifiantes et r\u00e9\u00e9quilibrantes.<br \/>\nRiches en glucosides, en huiles, en gommes, en chlorophylle et en vitamine C, ce sont de v\u00e9ritables r\u00e9servoirs d\u2019\u00e9nergie !<br \/>\nConcentr\u00e9 de vitalit\u00e9, l\u2019Extrait de tilleul apporte force et douceur aux cheveux.<\/p>\n<p><strong>R\u00e9sultat :<\/strong> Vos cheveux sont brillants et font le plein de vitalit\u00e9. Ils retrouvent toute leur \u00e9nergie et leur douceur au toucher.<\/p>\n<p><strong>Application :\u00a0<\/strong><\/p>\n<p>1) Brossez-vous les cheveux avant le shampooing.<br \/>\n2) Versez une noisette de shampooing dans vos mains.<br \/>\n3) Appliquez le shampooing sur cheveux mouill\u00e9s.<br \/>\n4) R\u00e9partissez le produit sur l\u2019ensemble de la chevelure et \u00e9mulsionnez pendant 1 minute en massant le cuir chevelu.<br \/>\n5) Rincez abondamment jusqu&rsquo;\u00e0 ce que vos cheveux \u00ab crissent \u00bb sous les doigts.<br \/>\nEn cas de contact avec les yeux, les rincer imm\u00e9diatement.<\/p>\n<p>&nbsp;<\/p>","protected":false},"excerpt":{"rendered":"<p>\u00c0 L&rsquo;EXTRAIT DE TILLEUL POUR LES CHEVEUX NORMAUX<br \/>\nV\u00e9ritable recette de vitalit\u00e9 pour les cheveux normaux, le shampooing Garnier Ultra DOUX associe le Tilleul, reconnu pour ses qualit\u00e9s adoucissantes et sa richesse en huiles essentielles, \u00e0 une texture pure et moussante qui n\u2019alourdit pas vos cheveux.<\/p>","protected":false},"featured_media":1641,"comment_status":"open","ping_status":"closed","template":"","meta":[],"product_brand":[],"product_cat":[75,191,72,111,159,95,92],"product_tag":[125],"class_list":{"0":"post-1571","1":"product","2":"type-product","3":"status-publish","4":"has-post-thumbnail","6":"product_cat-femme","7":"product_cat-garnier","8":"product_cat-homme","9":"product_cat-shampoing-f","10":"product_cat-shampoing-h","11":"product_cat-soin-cheveux-f","12":"product_cat-soin-cheveux-h","13":"product_tag-made-in-france","15":"first","16":"outofstock","17":"shipping-taxable","18":"purchasable","19":"product-type-simple"},"_links":{"self":[{"href":"https:\/\/cosmeticstoredz.com\/ar\/wp-json\/wp\/v2\/product\/1571","targetHints":{"allow":["GET"]}}],"collection":[{"href":"https:\/\/cosmeticstoredz.com\/ar\/wp-json\/wp\/v2\/product"}],"about":[{"href":"https:\/\/cosmeticstoredz.com\/ar\/wp-json\/wp\/v2\/types\/product"}],"replies":[{"embeddable":true,"href":"https:\/\/cosmeticstoredz.com\/ar\/wp-json\/wp\/v2\/comments?post=1571"}],"version-history":[{"count":1,"href":"https:\/\/cosmeticstoredz.com\/ar\/wp-json\/wp\/v2\/product\/1571\/revisions"}],"predecessor-version":[{"id":1642,"href":"https:\/\/cosmeticstoredz.com\/ar\/wp-json\/wp\/v2\/product\/1571\/revisions\/1642"}],"wp:featuredmedia":[{"embeddable":true,"href":"https:\/\/cosmeticstoredz.com\/ar\/wp-json\/wp\/v2\/media\/1641"}],"wp:attachment":[{"href":"https:\/\/cosmeticstoredz.com\/ar\/wp-json\/wp\/v2\/media?parent=1571"}],"wp:term":[{"taxonomy":"product_brand","embeddable":true,"href":"https:\/\/cosmeticstoredz.com\/ar\/wp-json\/wp\/v2\/product_brand?post=1571"},{"taxonomy":"product_cat","embeddable":true,"href":"https:\/\/cosmeticstoredz.com\/ar\/wp-json\/wp\/v2\/product_cat?post=1571"},{"taxonomy":"product_tag","embeddable":true,"href":"https:\/\/cosmeticstoredz.com\/ar\/wp-json\/wp\/v2\/product_tag?post=1571"}],"curies":[{"name":"wp","href":"https:\/\/api.w.org\/{rel}","templated":true}]}}