{"id":15678,"date":"2025-12-20T14:30:03","date_gmt":"2025-12-20T14:30:03","guid":{"rendered":"https:\/\/test.fitnessworldgym27.com\/?post_type=product&#038;p=15678"},"modified":"2026-03-30T19:24:10","modified_gmt":"2026-03-30T19:24:10","slug":"sabiona-huile-de-figue-de-barbarie","status":"publish","type":"product","link":"https:\/\/cosmeticstoredz.com\/ar\/product\/sabiona-huile-de-figue-de-barbarie\/","title":{"rendered":"SABIONA HUILE DE FIGUE DE BARBARIE"},"content":{"rendered":"<p>L&rsquo;<strong class=\"Yjhzub\" data-complete=\"true\" data-processed=\"true\">Huile de Figue de Barbarie de la marque Sabiona<\/strong>\u00a0<mark class=\"HxTRcb\" data-complete=\"true\" data-sae=\"\">est pris\u00e9e pour ses vertus\u00a0<strong class=\"Yjhzub\" data-complete=\"true\">anti-\u00e2ge<\/strong>\u00a0exceptionnelles, son pouvoir\u00a0<strong class=\"Yjhzub\" data-complete=\"true\">hydratant<\/strong>\u00a0et sa capacit\u00e9 \u00e0\u00a0<strong class=\"Yjhzub\" data-complete=\"true\">raffermir la peau<\/strong><\/mark>. Elle est riche en vitamine E et en acide linol\u00e9ique, ce qui contribue \u00e0 retarder l&rsquo;apparition des rides et \u00e0 redonner de l&rsquo;\u00e9clat au teint<\/p>","protected":false},"excerpt":{"rendered":"<p>L&rsquo;Huile de Figue de Barbarie de la marque Sabiona\u00a0est pris\u00e9e pour ses vertus\u00a0anti-\u00e2ge\u00a0exceptionnelles, son pouvoir\u00a0hydratant\u00a0et sa capacit\u00e9 \u00e0\u00a0raffermir la peau.<\/p>","protected":false},"featured_media":23643,"comment_status":"closed","ping_status":"closed","template":"","meta":[],"product_brand":[],"product_cat":[171,129,293,76],"product_tag":[],"class_list":{"0":"post-15678","1":"product","2":"type-product","3":"status-publish","4":"has-post-thumbnail","6":"product_cat-creme-anti-age","7":"product_cat-creme-hydratante-fv","8":"product_cat-sabiona","9":"product_cat-soin-visage-f","11":"first","12":"instock","13":"sale","14":"shipping-taxable","15":"purchasable","16":"product-type-simple"},"_links":{"self":[{"href":"https:\/\/cosmeticstoredz.com\/ar\/wp-json\/wp\/v2\/product\/15678","targetHints":{"allow":["GET"]}}],"collection":[{"href":"https:\/\/cosmeticstoredz.com\/ar\/wp-json\/wp\/v2\/product"}],"about":[{"href":"https:\/\/cosmeticstoredz.com\/ar\/wp-json\/wp\/v2\/types\/product"}],"replies":[{"embeddable":true,"href":"https:\/\/cosmeticstoredz.com\/ar\/wp-json\/wp\/v2\/comments?post=15678"}],"version-history":[{"count":1,"href":"https:\/\/cosmeticstoredz.com\/ar\/wp-json\/wp\/v2\/product\/15678\/revisions"}],"predecessor-version":[{"id":23644,"href":"https:\/\/cosmeticstoredz.com\/ar\/wp-json\/wp\/v2\/product\/15678\/revisions\/23644"}],"wp:featuredmedia":[{"embeddable":true,"href":"https:\/\/cosmeticstoredz.com\/ar\/wp-json\/wp\/v2\/media\/23643"}],"wp:attachment":[{"href":"https:\/\/cosmeticstoredz.com\/ar\/wp-json\/wp\/v2\/media?parent=15678"}],"wp:term":[{"taxonomy":"product_brand","embeddable":true,"href":"https:\/\/cosmeticstoredz.com\/ar\/wp-json\/wp\/v2\/product_brand?post=15678"},{"taxonomy":"product_cat","embeddable":true,"href":"https:\/\/cosmeticstoredz.com\/ar\/wp-json\/wp\/v2\/product_cat?post=15678"},{"taxonomy":"product_tag","embeddable":true,"href":"https:\/\/cosmeticstoredz.com\/ar\/wp-json\/wp\/v2\/product_tag?post=15678"}],"curies":[{"name":"wp","href":"https:\/\/api.w.org\/{rel}","templated":true}]}}