{"id":15676,"date":"2025-12-20T14:29:59","date_gmt":"2025-12-20T14:29:59","guid":{"rendered":"https:\/\/test.fitnessworldgym27.com\/?post_type=product&#038;p=15676"},"modified":"2026-03-30T19:24:10","modified_gmt":"2026-03-30T19:24:10","slug":"sabiona-masque-cheveux-250ml-elimines-les-pellicules-les-champignons-et-les-demangeasons","status":"publish","type":"product","link":"https:\/\/cosmeticstoredz.com\/ar\/product\/sabiona-masque-cheveux-250ml-elimines-les-pellicules-les-champignons-et-les-demangeasons\/","title":{"rendered":"SABIONA MASQUE CHEVEUX 250ML ELIMINES LES PELLICULES LES CHAMPIGNONS ET LES DEMANGEASONS"},"content":{"rendered":"<div class=\"Y3BBE\" data-sfc-cp=\"\" data-hveid=\"CAEIAhAA\" data-processed=\"true\" data-complete=\"true\">Le\u00a0<strong class=\"Yjhzub\" data-complete=\"true\" data-processed=\"true\">Sabiona Masque Cheveux (250 ml)<\/strong> est un soin cibl\u00e9 con\u00e7u pour purifier le cuir chevelu et traiter les affections capillaires courantes,Calme les irritations et r\u00e9duit l&rsquo;envie de se gratter, ce qui pr\u00e9vient l&rsquo;aggravation de l&rsquo;\u00e9tat du cuir chevelu.<\/div>","protected":false},"excerpt":{"rendered":"<p>Le\u00a0Sabiona Masque Cheveux (250 ml) est un soin cibl\u00e9 con\u00e7u pour purifier le cuir chevelu et traiter les affections capillaires<\/p>","protected":false},"featured_media":23639,"comment_status":"closed","ping_status":"closed","template":"","meta":[],"product_brand":[],"product_cat":[75,293,95],"product_tag":[],"class_list":{"0":"post-15676","1":"product","2":"type-product","3":"status-publish","4":"has-post-thumbnail","6":"product_cat-femme","7":"product_cat-sabiona","8":"product_cat-soin-cheveux-f","10":"first","11":"outofstock","12":"sale","13":"shipping-taxable","14":"purchasable","15":"product-type-simple"},"_links":{"self":[{"href":"https:\/\/cosmeticstoredz.com\/ar\/wp-json\/wp\/v2\/product\/15676","targetHints":{"allow":["GET"]}}],"collection":[{"href":"https:\/\/cosmeticstoredz.com\/ar\/wp-json\/wp\/v2\/product"}],"about":[{"href":"https:\/\/cosmeticstoredz.com\/ar\/wp-json\/wp\/v2\/types\/product"}],"replies":[{"embeddable":true,"href":"https:\/\/cosmeticstoredz.com\/ar\/wp-json\/wp\/v2\/comments?post=15676"}],"version-history":[{"count":1,"href":"https:\/\/cosmeticstoredz.com\/ar\/wp-json\/wp\/v2\/product\/15676\/revisions"}],"predecessor-version":[{"id":23640,"href":"https:\/\/cosmeticstoredz.com\/ar\/wp-json\/wp\/v2\/product\/15676\/revisions\/23640"}],"wp:featuredmedia":[{"embeddable":true,"href":"https:\/\/cosmeticstoredz.com\/ar\/wp-json\/wp\/v2\/media\/23639"}],"wp:attachment":[{"href":"https:\/\/cosmeticstoredz.com\/ar\/wp-json\/wp\/v2\/media?parent=15676"}],"wp:term":[{"taxonomy":"product_brand","embeddable":true,"href":"https:\/\/cosmeticstoredz.com\/ar\/wp-json\/wp\/v2\/product_brand?post=15676"},{"taxonomy":"product_cat","embeddable":true,"href":"https:\/\/cosmeticstoredz.com\/ar\/wp-json\/wp\/v2\/product_cat?post=15676"},{"taxonomy":"product_tag","embeddable":true,"href":"https:\/\/cosmeticstoredz.com\/ar\/wp-json\/wp\/v2\/product_tag?post=15676"}],"curies":[{"name":"wp","href":"https:\/\/api.w.org\/{rel}","templated":true}]}}