{"id":15672,"date":"2025-12-20T14:29:59","date_gmt":"2025-12-20T14:29:59","guid":{"rendered":"https:\/\/test.fitnessworldgym27.com\/?post_type=product&#038;p=15672"},"modified":"2026-03-30T19:24:10","modified_gmt":"2026-03-30T19:24:10","slug":"sabiona-savon-naturel-a-lencens-anti-rides-80g","status":"publish","type":"product","link":"https:\/\/cosmeticstoredz.com\/ar\/product\/sabiona-savon-naturel-a-lencens-anti-rides-80g\/","title":{"rendered":"SABIONA SAVON NATUREL A L&rsquo;ENCENS  ANTI RIDES 80G"},"content":{"rendered":"<p>Le\u00a0<strong class=\"Yjhzub\" data-complete=\"true\" data-processed=\"true\">Sabiona Savon Naturel \u00e0 l&rsquo;Encens Anti-Rides<\/strong>\u00a0<mark class=\"HxTRcb\" data-complete=\"true\" data-sae=\"\">utilise l&rsquo;<strong class=\"Yjhzub\" data-complete=\"true\">encens Oliban pur<\/strong>\u00a0(aussi appel\u00e9 encens y\u00e9m\u00e9nite ou\u00a0<em class=\"eujQNb\" data-complete=\"true\">Boswellia carterii<\/em>) comme ingr\u00e9dient principal pour ses puissantes propri\u00e9t\u00e9s r\u00e9g\u00e9n\u00e9rantes et raffermissantes<\/mark>.<\/p>","protected":false},"excerpt":{"rendered":"<p>Le\u00a0Sabiona Savon Naturel \u00e0 l&rsquo;Encens Anti-Rides\u00a0utilise l&rsquo;encens Oliban pur\u00a0(aussi appel\u00e9 encens y\u00e9m\u00e9nite ou\u00a0Boswellia carterii) comme ingr\u00e9dient principal pour ses puissantes<\/p>","protected":false},"featured_media":23631,"comment_status":"closed","ping_status":"closed","template":"","meta":[],"product_brand":[],"product_cat":[293,103,76],"product_tag":[],"class_list":{"0":"post-15672","1":"product","2":"type-product","3":"status-publish","4":"has-post-thumbnail","6":"product_cat-sabiona","7":"product_cat-savon-soin-visage-f","8":"product_cat-soin-visage-f","10":"first","11":"outofstock","12":"sale","13":"shipping-taxable","14":"purchasable","15":"product-type-simple"},"_links":{"self":[{"href":"https:\/\/cosmeticstoredz.com\/ar\/wp-json\/wp\/v2\/product\/15672","targetHints":{"allow":["GET"]}}],"collection":[{"href":"https:\/\/cosmeticstoredz.com\/ar\/wp-json\/wp\/v2\/product"}],"about":[{"href":"https:\/\/cosmeticstoredz.com\/ar\/wp-json\/wp\/v2\/types\/product"}],"replies":[{"embeddable":true,"href":"https:\/\/cosmeticstoredz.com\/ar\/wp-json\/wp\/v2\/comments?post=15672"}],"version-history":[{"count":1,"href":"https:\/\/cosmeticstoredz.com\/ar\/wp-json\/wp\/v2\/product\/15672\/revisions"}],"predecessor-version":[{"id":23632,"href":"https:\/\/cosmeticstoredz.com\/ar\/wp-json\/wp\/v2\/product\/15672\/revisions\/23632"}],"wp:featuredmedia":[{"embeddable":true,"href":"https:\/\/cosmeticstoredz.com\/ar\/wp-json\/wp\/v2\/media\/23631"}],"wp:attachment":[{"href":"https:\/\/cosmeticstoredz.com\/ar\/wp-json\/wp\/v2\/media?parent=15672"}],"wp:term":[{"taxonomy":"product_brand","embeddable":true,"href":"https:\/\/cosmeticstoredz.com\/ar\/wp-json\/wp\/v2\/product_brand?post=15672"},{"taxonomy":"product_cat","embeddable":true,"href":"https:\/\/cosmeticstoredz.com\/ar\/wp-json\/wp\/v2\/product_cat?post=15672"},{"taxonomy":"product_tag","embeddable":true,"href":"https:\/\/cosmeticstoredz.com\/ar\/wp-json\/wp\/v2\/product_tag?post=15672"}],"curies":[{"name":"wp","href":"https:\/\/api.w.org\/{rel}","templated":true}]}}